{"id":3411,"date":"2017-12-18T18:33:33","date_gmt":"2017-12-18T18:33:33","guid":{"rendered":"http:\/\/biblian.is\/gudbrandsbiblia\/jesaja-38-kafli\/"},"modified":"2017-12-18T18:33:33","modified_gmt":"2017-12-18T18:33:33","slug":"jesaja-38-kafli","status":"publish","type":"page","link":"https:\/\/biblian.is\/gudbrandsbiblia\/jesaja-38-kafli\/","title":{"rendered":"Jesaja 38. kafli"},"content":{"rendered":"<p>XXXVIII.<\/p>\n<p>\u00c1 \u00feeim t\u00edma var\u00f0 Ezechia dau\u00f0sj\u00fakur. Og sp\u00e1ma\u00f0urinn Esaias sonur Amos kom til hans og sag\u00f0i honum: &#8222;\u00deetta segir Drottinn: R\u00e1\u00f0stafa \u00fe\u00fa \u00fe\u00ednu h\u00fasi \u00fea\u00f0 \u00fe\u00fa munt deyja og ekki lifa.&#8220; \u00de\u00e1 sneri Ezechia s\u00ednu andliti til veggjar og ba\u00f0 til Drottins og sag\u00f0i: &#8222;Minnstu, Drottinn, \u00e1 \u00fea\u00f0 hvernin a\u00f0 eg hefi gengi\u00f0 fyrir \u00fe\u00e9r \u00ed sannleika me\u00f0 fullkomnu hjarta og \u00fea\u00f0 gj\u00f6rt hva\u00f0 \u00fe\u00e9r hefur l\u00edka\u00f0.&#8220; Og Ezechia gr\u00e9t mj\u00f6g.<\/p>\n<p>\t\u00de\u00e1 ske\u00f0i or\u00f0 Drottins til Esaia og sag\u00f0i: &#8222;Far \u00fe\u00fa og seg Ezechia: So segir Drottinn Gu\u00f0 \u00fe\u00edns f\u00f6\u00f0urs Dav\u00ed\u00f0s: Eg hefi heyrt \u00fe\u00edna b\u00e6n og s\u00e9\u00f0 \u00fe\u00edn t\u00e1raf\u00f6ll. Sj\u00e1 \u00fe\u00fa, a\u00f0 eg vil lengja \u00fe\u00edna l\u00edfdaga um fimmt\u00e1n \u00e1r og vil \u00feig samt me\u00f0 \u00feessari borg frelsa af hendi k\u00f3ngsins \u00ed Assyria. \u00dev\u00ed a\u00f0 eg vil vernd veita \u00feessari borg. Og \u00fea\u00f0 skal \u00fe\u00e9r til teikns vera af Drottni a\u00f0 Drottinn mun \u00fea\u00f0 sama gj\u00f6ra hva\u00f0 hann hefur tala\u00f0. <span class=\"athugasemd\" title=\"Teikn e\u00f0ur merki\">[<\/span> Sj\u00e1 n\u00fa, eg mun skuggann \u00e1 s\u00f3larsk\u00edfunni Akas l\u00e1ta aftur um t\u00edu strik til baka ganga yfir hver e\u00f0 hann hefur \u00e1\u00f0ur gengi\u00f0 so \u00fea\u00f0 s\u00f3lin skal ganga um t\u00edu l\u00ednur til baka aftur \u00e1 s\u00f3larsk\u00edfunni yfir hverjar a\u00f0 h\u00fan er \u00fe\u00f3 \u00e1\u00f0ur gengin.&#8220;<\/p>\n<p>\t\u00deetta er s\u00fa ritningin Ezechia k\u00f3ngsins J\u00fada \u00fe\u00e1 e\u00f0 hann haf\u00f0i sj\u00fakur veri\u00f0 og var heilbrig\u00f0ur vor\u00f0inn af krankd\u00e6minu: <span class=\"athugasemd\" title=\"\u00deakkargj\u00f6r\u00f0 Ezechie\">[<\/span> <\/p>\n<p>\tEg sag\u00f0a: N\u00fa hl\u00fdt eg a\u00f0 fara til heljar portdyra, \u00fe\u00e1 minn t\u00edmi var \u00fati, \u00fe\u00e1 eg hug\u00f0i m\u00e9r \u00fe\u00f3 lengur a\u00f0 lifa.<\/p>\n<p>\t\u00c9g sag\u00f0a: N\u00fa m\u00e1 eg ekki lengur sj\u00e1 Drottin, j\u00e1 \u00feann Drottin \u00ed landinu \u00feeirra lifendu. N\u00fa m\u00e1 eg ekki meir sj\u00e1 \u00fe\u00e1 menn, eigi hj\u00e1 \u00feeim lifa sem s\u00edna \u00e6fi \u00fatlifa.<\/p>\n<p>\tM\u00edn \u00e6vi er li\u00f0in og fr\u00e1 m\u00e9r \u00ed burt svipt so sem anna\u00f0 fj\u00e1rmannahreysi og eg sl\u00edt m\u00edna l\u00edfdaga \u00ed burtu l\u00edka sem vefjarma\u00f0ur.<\/p>\n<p>\tHann <span class=\"athugasemd\" title=\"a \/ S\u00fdgur) \/ \u00fea\u00f0 eg hverki hefi eftir m\u00e1tt n\u00e9 megn, sem og einnin hinn \u00e1gjarni \u00fats\u00fdgur \u00fe\u00e1 f\u00e1t\u00e6ku \u00ed landinu\">[<\/span> \u00feurrs\u00fdgur mig upp, \u00fe\u00fa endar minn dag \u00fat \u00e1\u00f0ur en kveldar.<\/p>\n<p>\tEg hugsa\u00f0i: M\u00e6tta eg enn l\u00edfa allt til morgins! En hann \u00ed sundurkramdi \u00ed m\u00e9r \u00f6ll m\u00edn bein l\u00edka sem anna\u00f0 le\u00f3n. \u00dev\u00ed a\u00f0 \u00fe\u00fa \u00fatendar daginn vi\u00f0 mig \u00e1\u00f0ur en kveldar.<\/p>\n<p>\tEg t\u00edsta sem tranan og svalan og stundi l\u00edka sem d\u00fafa, m\u00edn augu vildu \u00fatspringa, Drottinn, eg l\u00ed\u00f0 \u00e1nau\u00f0, lina \u00fe\u00fa m\u00e9r.<\/p>\n<p>\t\u00d3 hversu gla\u00f0v\u00e6r vil eg tala me\u00f0 \u00fev\u00ed a\u00f0 hann hefur tilsagt m\u00e9r \u00fea\u00f0 og gj\u00f6rir \u00fea\u00f0 einnin, \u00fear fyrir vil eg alla m\u00edna l\u00edfdaga for\u00f0ast fyrir svoddan harmkv\u00e6lingu minnar s\u00e1lu.<\/p>\n<p>\tDrottinn, <span class=\"athugasemd\" title=\"b \/ (\u00dear \u00fat af) \/ \u00dea\u00f0 er, af sl\u00edku \u00fe\u00ednu fyrirheiti og \u00fe\u00ednu or\u00f0i en eigi af vorum m\u00e6tti n\u00e9 krafti\">[<\/span> \u00fear \u00fat af lifum v\u00e9r og \u00fea\u00f0 l\u00edfi\u00f0 m\u00edns anda stendur me\u00f0 \u00f6llu \u00ed \u00fev\u00ed sama \u00fea\u00f0 \u00fe\u00fa l\u00e9st mig sofna \u00fat af og l\u00edfga\u00f0ir mig.<\/p>\n<p>\tSj\u00e1 \u00fe\u00fa, um huggan var eg mj\u00f6g angurbitinn en hjartanlega \u00fe\u00e1 hefir \u00fe\u00fa a\u00f0 \u00fe\u00e9r teki\u00f0 m\u00edna s\u00e1lu so a\u00f0 h\u00fan fordjarfa\u00f0ist ei. \u00dev\u00ed a\u00f0 \u00fe\u00fa fleygir \u00f6llum m\u00ednum syndum \u00e1 bak \u00fe\u00e9r aftur.<\/p>\n<p>\t\u00dev\u00ed a\u00f0 helv\u00edti\u00f0 \u00fea\u00f0 lofar \u00feig ekki, so pr\u00edsar \u00feig og ekki dau\u00f0inn og \u00feeir sem ofanst\u00edga \u00ed gr\u00f6fina v\u00e6nta ekki upp \u00e1 \u00feinn sannleika<\/p>\n<p>\theldur alleinasta \u00feeir sem lifa \u00fe\u00e1 lofa \u00feig, so sem a\u00f0 n\u00fa gj\u00f6ri eg. Fa\u00f0irinn mun b\u00f6rnunum kunnan gj\u00f6ra \u00feinn sannleika.<\/p>\n<p>\tDrottinn, hj\u00e1lpa \u00fe\u00fa m\u00e9r, \u00fe\u00e1 viljum v\u00e9r spila m\u00edna lofs\u00f6ngva so lengi v\u00e9r lifum \u00ed h\u00fasi Drottins.&#8220;<\/p>\n<p>\tOg Esaias skipa\u00f0i a\u00f0 taka pl\u00e1stur af f\u00edkjum og leggja yfir hans s\u00e1r so a\u00f0 hann yr\u00f0i heilbrig\u00f0ur. En Ezechia sag\u00f0i: &#8222;Hv\u00edl\u00edkt teikn er \u00fea\u00f0 a\u00f0 eg megi uppganga \u00ed h\u00fas Drottins?&#8220;<\/p>\n","protected":false},"excerpt":{"rendered":"<p>XXXVIII. \u00c1 \u00feeim t\u00edma var\u00f0 Ezechia dau\u00f0sj\u00fakur. Og sp\u00e1ma\u00f0urinn Esaias sonur Amos kom til hans og sag\u00f0i honum: &#8222;\u00deetta segir Drottinn: R\u00e1\u00f0stafa \u00fe\u00fa \u00fe\u00ednu h\u00fasi \u00fea\u00f0 \u00fe\u00fa munt deyja og ekki lifa.&#8220; \u00de\u00e1 sneri Ezechia s\u00ednu andliti til veggjar og ba\u00f0 til Drottins og sag\u00f0i: &#8222;Minnstu, Drottinn, \u00e1 \u00fea\u00f0 hvernin a\u00f0 eg hefi gengi\u00f0 fyrir \u00fe\u00e9r \u00ed sannleika me\u00f0 fullkomnu hjarta og \u00fea\u00f0 gj\u00f6rt hva\u00f0 \u00fe\u00e9r hefur l\u00edka\u00f0.&#8220; Og Ezechia gr\u00e9t mj\u00f6g. \u00de\u00e1 ske\u00f0i or\u00f0 Drottins til Esaia og sag\u00f0i: &#8222;Far \u00fe\u00fa og seg Ezechia: So segir Drottinn Gu\u00f0 \u00fe\u00edns f\u00f6\u00f0urs Dav\u00ed\u00f0s: Eg hefi heyrt \u00fe\u00edna b\u00e6n og s\u00e9\u00f0 \u00fe\u00edn <a href=\"https:\/\/biblian.is\/gudbrandsbiblia\/jesaja-38-kafli\/\"> [&#8230;]<\/a><\/p>\n","protected":false},"author":1,"featured_media":0,"parent":0,"menu_order":0,"comment_status":"open","ping_status":"open","template":"bibliukaflar.php","meta":{"footnotes":""},"class_list":["post-3411","page","type-page","status-publish","hentry"],"_links":{"self":[{"href":"https:\/\/biblian.is\/gudbrandsbiblia\/wp-json\/wp\/v2\/pages\/3411","targetHints":{"allow":["GET"]}}],"collection":[{"href":"https:\/\/biblian.is\/gudbrandsbiblia\/wp-json\/wp\/v2\/pages"}],"about":[{"href":"https:\/\/biblian.is\/gudbrandsbiblia\/wp-json\/wp\/v2\/types\/page"}],"author":[{"embeddable":true,"href":"https:\/\/biblian.is\/gudbrandsbiblia\/wp-json\/wp\/v2\/users\/1"}],"replies":[{"embeddable":true,"href":"https:\/\/biblian.is\/gudbrandsbiblia\/wp-json\/wp\/v2\/comments?post=3411"}],"version-history":[{"count":0,"href":"https:\/\/biblian.is\/gudbrandsbiblia\/wp-json\/wp\/v2\/pages\/3411\/revisions"}],"wp:attachment":[{"href":"https:\/\/biblian.is\/gudbrandsbiblia\/wp-json\/wp\/v2\/media?parent=3411"}],"curies":[{"name":"wp","href":"https:\/\/api.w.org\/{rel}","templated":true}]}}