{"id":3409,"date":"2017-12-18T18:33:33","date_gmt":"2017-12-18T18:33:33","guid":{"rendered":"http:\/\/biblian.is\/gudbrandsbiblia\/jesaja-36-kafli\/"},"modified":"2017-12-18T18:33:33","modified_gmt":"2017-12-18T18:33:33","slug":"jesaja-36-kafli","status":"publish","type":"page","link":"https:\/\/biblian.is\/gudbrandsbiblia\/jesaja-36-kafli\/","title":{"rendered":"Jesaja 36. kafli"},"content":{"rendered":"<p>XXXVI.<\/p>\n<p>Og \u00fea\u00f0 ske\u00f0i so \u00e1 \u00fev\u00ed fj\u00f3rt\u00e1nda \u00e1ri k\u00f3ngsins Ezechias \u00fea\u00f0 k\u00f3ngurinn af Assyria, Senaker\u00edb, dr\u00f3 upp \u00ed m\u00f3ti \u00f6llum borgum \u00ed J\u00fada og yfirvann \u00fe\u00e6r. <span class=\"athugasemd\" title=\"Senaker\u00edb\">[<\/span> Og k\u00f3ngurinn af Assyria sendi <span class=\"athugasemd\" title=\"a \/ Rabsake) \/ \u00fe\u00fd\u00f0ist \u00e6\u00f0sti skenkjari \u00e1 norr\u00e6nu\">[<\/span> Rabsake fr\u00e1 Lak\u00eds til Jer\u00fasalem til k\u00f3ngsins Ezechia me\u00f0 mikla magt og hann nam sta\u00f0ar vi\u00f0 \u00fe\u00e6r vatsrennurnar hins efsta d\u00edkisins vi\u00f0 veginn hj\u00e1 akrinum litarans.<\/p>\n<p>\tOg Eljak\u00edm sonur Hilk\u00eda hofmeistarinn og Sebna canzelerinn og J\u00f3a sonur Assaf skrifarinn gengu \u00fat til hans. Og Rabsake sag\u00f0i til \u00feeirra: &#8222;Segi\u00f0 \u00feetta Ezechia: So segir s\u00e1 hinn mikli k\u00f3ngur, s\u00e1 k\u00f3ngurinn af Assyria: Hva\u00f0a traust er \u00fea\u00f0 e\u00f0 \u00fe\u00fa treystir upp \u00e1? Eg held a\u00f0 \u00fe\u00fa l\u00e6tur so umtelja fyrir \u00fe\u00e9r sem \u00fe\u00fa hafir r\u00e1\u00f0 e\u00f0ur magt til a\u00f0 berjast. Upp \u00e1 hvern treystir \u00fe\u00fa \u00fe\u00e1? A\u00f0 \u00fe\u00fa ert fallinn fr\u00e1 m\u00e9r, treystir \u00fe\u00fa upp \u00e1 \u00feann \u00ed sundurbrotna reyrstafinn Egyptalands? Hver helst ef a\u00f0 nokkur sty\u00f0ur sig \u00fear upp \u00e1 \u00fe\u00e1 gengur hann inn \u00ed hans h\u00f6nd og \u00ed gegnumstingur hana, so gj\u00f6rir fara\u00f3 k\u00f3ngur Egyptalands \u00f6llum \u00feeim sem upp \u00e1 hann treysta. En viltu segja m\u00e9r: V\u00e9r treystum upp \u00e1 Drottin Gu\u00f0 vorn? Hvert er hann ekki s\u00e1 hvers h\u00e6\u00f0ir og \u00f6lturu a\u00f0 Ezechia hefur ni\u00f0urbroti\u00f0 og sagt so til J\u00fada og Jer\u00fasalem: fyrir \u00feessu altari skulu \u00fe\u00e9r tilbi\u00f0ja?<\/p>\n<p>\tN\u00fa vel, \u00fe\u00e1 reyndu til vi\u00f0 minn herra, k\u00f3nginn af Assyria. Eg vil gefa \u00fe\u00e9r tv\u00f6 \u00fe\u00fasund hesta, l\u00e1ttu sj\u00e1 til hv\u00f6rt \u00fe\u00fa kannt hj\u00e1 \u00fe\u00e9r a\u00f0 f\u00e1 \u00fe\u00e1 sem \u00fear upp \u00e1 r\u00ed\u00f0a. Hvernin viltu \u00fe\u00e1 bl\u00edfa fyrir einum h\u00f6fu\u00f0smanni hins minnsta \u00fe\u00e9nara m\u00edns herra? Og \u00fe\u00fa treystir upp \u00e1 Egyptaland fyrir sakir \u00feeirra hervagna og riddarali\u00f0s. \u00dear me\u00f0 meinar \u00fe\u00fa a\u00f0 eg hafi \u00e1n Drottins uppdregi\u00f0 \u00ed \u00feetta land til a\u00f0 fordjarfa \u00fea\u00f0? J\u00e1, Drottinn sag\u00f0i til m\u00edn: Far \u00fe\u00fa upp \u00ed \u00fea\u00f0 land og fordjarfa \u00fea\u00f0.&#8220;<\/p>\n<p>\tEn Eljak\u00edm og Sebena og J\u00f3a s\u00f6g\u00f0u til Rabsake: &#8222;Tala \u00fe\u00fa vi\u00f0 \u00fe\u00edna \u00fej\u00f3nustumenn s\u00fdrlenskt tungum\u00e1l \u00fea\u00f0 v\u00e9r skiljum \u00fea\u00f0 fullvel og tala ekki vi\u00f0 oss Gy\u00f0ingam\u00e1l fyrir eyrum f\u00f3lksins sem upp \u00e1 m\u00farnum er.&#8220; \u00de\u00e1 sag\u00f0i Rabsake: &#8222;Hvort meinar \u00fe\u00fa \u00fea\u00f0 minn herra hafi sent mig til \u00fe\u00edns herra a\u00f0eins e\u00f0a til \u00fe\u00edn sl\u00edkum or\u00f0um a\u00f0 tala og ekki miklu framar til \u00feeirra manna sem \u00fear upp \u00e1 m\u00farnum sitja so a\u00f0 \u00feeir me\u00f0 y\u00f0ur \u00e9ti sinn eigin \u00ferekk og drekki sitt eigi\u00f0 \u00fevag?&#8220; Og Rabsake st\u00f3\u00f0 og kalla\u00f0i me\u00f0 h\u00e1rri raust \u00e1 Gy\u00f0ingatungu og sag\u00f0i: &#8222;Heyri\u00f0 \u00feau or\u00f0in hins mikla k\u00f3ngsins af Assyria: So segir k\u00f3ngurinn: L\u00e1ti\u00f0 ekki Ezechiam t\u00e6la y\u00f0ur \u00fea\u00f0 hann kann ekki a\u00f0 frelsa y\u00f0ur. Og l\u00e1ti\u00f0 ekki Ezechiam gefa y\u00f0ur of miki\u00f0 traust upp \u00e1 Drottinn \u00fea\u00f0 hann segir: Drottinn mun frelsa y\u00f0ur og \u00feessi borg mun ekki gefin ver\u00f0a \u00ed hendur k\u00f3ngsins af Assyria. Hl\u00fd\u00f0i\u00f0 ekki Ezechia \u00fev\u00ed a\u00f0 svo segir k\u00f3ngurinn af Assyria:<\/p>\n<p>\tGj\u00f6ri\u00f0 m\u00e9r \u00fea\u00f0 til vilja og gangi\u00f0 \u00fat til m\u00edn, \u00fe\u00e1 skulu \u00fe\u00e9r, hver y\u00f0ar sem einn, af s\u00ednum v\u00ednvi\u00f0i og s\u00ednu f\u00edkjutr\u00e9 \u00e9ta og \u00far s\u00ednum vatsbrunnum drekka \u00feanga\u00f0 til a\u00f0 eg kem og flyt y\u00f0ur \u00fat \u00ed eitt land \u00fea\u00f0 l\u00edka er sem y\u00f0vart land, \u00fea\u00f0 land sem n\u00f3g korn og n\u00fdtt v\u00edn er inni, \u00fea\u00f0 land sem n\u00f3g brau\u00f0 og v\u00edngar\u00f0ar eru inni. L\u00e1ti\u00f0 ekki Ezechiam telja um fyrir y\u00f0ur \u00fear hann segir: Drottinn mun frelsa oss. Hafa nokku\u00f0 gu\u00f0ir hei\u00f0inna \u00fej\u00f3\u00f0a frelsa\u00f0 hver sitt land af hendi k\u00f3ngsins \u00ed Assyria? Hvar eru \u00feeir gu\u00f0irnir til Hamat og Arpad? Hvar eru \u00feeir gu\u00f0irnir Sefarva\u00edm? Hafa \u00feeir nokku\u00f0 frelsa\u00f0 Samariam af minni hendi? Hverjir gu\u00f0ir af \u00feessum \u00f6llum hafa frelsa\u00f0 sitt land af minni hendi so \u00fea\u00f0 Drottinn skyldi frelsa Jer\u00fasalem af minni hendi?&#8220; <span class=\"athugasemd\" title=\"Supra x.\">[<\/span> <\/p>\n<p>\tEn \u00feeir \u00fe\u00f6g\u00f0u og sv\u00f6ru\u00f0u honum \u00f6ngu \u00fev\u00ed a\u00f0 k\u00f3ngurinn haf\u00f0i so bo\u00f0i\u00f0 og sagt: &#8222;Svari\u00f0 honum \u00f6ngu.&#8220; \u00de\u00e1 komu \u00feeir Eljak\u00edm sonur Hilk\u00eda hofmeistarinn og Sebna canzelerinn og J\u00f3a sonur Assaf skrifarinn me\u00f0 sundurrifnum kl\u00e6\u00f0um og framt\u00f6ldu honum \u00feau or\u00f0in Rabsake. <span class=\"athugasemd\" title=\"til Ezechiam\">[<\/span><\/p>\n","protected":false},"excerpt":{"rendered":"<p>XXXVI. Og \u00fea\u00f0 ske\u00f0i so \u00e1 \u00fev\u00ed fj\u00f3rt\u00e1nda \u00e1ri k\u00f3ngsins Ezechias \u00fea\u00f0 k\u00f3ngurinn af Assyria, Senaker\u00edb, dr\u00f3 upp \u00ed m\u00f3ti \u00f6llum borgum \u00ed J\u00fada og yfirvann \u00fe\u00e6r. [ Og k\u00f3ngurinn af Assyria sendi [ Rabsake fr\u00e1 Lak\u00eds til Jer\u00fasalem til k\u00f3ngsins Ezechia me\u00f0 mikla magt og hann nam sta\u00f0ar vi\u00f0 \u00fe\u00e6r vatsrennurnar hins efsta d\u00edkisins vi\u00f0 veginn hj\u00e1 akrinum litarans. Og Eljak\u00edm sonur Hilk\u00eda hofmeistarinn og Sebna canzelerinn og J\u00f3a sonur Assaf skrifarinn gengu \u00fat til hans. Og Rabsake sag\u00f0i til \u00feeirra: &#8222;Segi\u00f0 \u00feetta Ezechia: So segir s\u00e1 hinn mikli k\u00f3ngur, s\u00e1 k\u00f3ngurinn af Assyria: Hva\u00f0a traust er \u00fea\u00f0 e\u00f0 <a href=\"https:\/\/biblian.is\/gudbrandsbiblia\/jesaja-36-kafli\/\"> [&#8230;]<\/a><\/p>\n","protected":false},"author":1,"featured_media":0,"parent":0,"menu_order":0,"comment_status":"open","ping_status":"open","template":"bibliukaflar.php","meta":{"footnotes":""},"class_list":["post-3409","page","type-page","status-publish","hentry"],"_links":{"self":[{"href":"https:\/\/biblian.is\/gudbrandsbiblia\/wp-json\/wp\/v2\/pages\/3409","targetHints":{"allow":["GET"]}}],"collection":[{"href":"https:\/\/biblian.is\/gudbrandsbiblia\/wp-json\/wp\/v2\/pages"}],"about":[{"href":"https:\/\/biblian.is\/gudbrandsbiblia\/wp-json\/wp\/v2\/types\/page"}],"author":[{"embeddable":true,"href":"https:\/\/biblian.is\/gudbrandsbiblia\/wp-json\/wp\/v2\/users\/1"}],"replies":[{"embeddable":true,"href":"https:\/\/biblian.is\/gudbrandsbiblia\/wp-json\/wp\/v2\/comments?post=3409"}],"version-history":[{"count":0,"href":"https:\/\/biblian.is\/gudbrandsbiblia\/wp-json\/wp\/v2\/pages\/3409\/revisions"}],"wp:attachment":[{"href":"https:\/\/biblian.is\/gudbrandsbiblia\/wp-json\/wp\/v2\/media?parent=3409"}],"curies":[{"name":"wp","href":"https:\/\/api.w.org\/{rel}","templated":true}]}}