{"id":3408,"date":"2017-12-18T18:33:33","date_gmt":"2017-12-18T18:33:33","guid":{"rendered":"http:\/\/biblian.is\/gudbrandsbiblia\/jesaja-35-kafli\/"},"modified":"2017-12-18T18:33:33","modified_gmt":"2017-12-18T18:33:33","slug":"jesaja-35-kafli","status":"publish","type":"page","link":"https:\/\/biblian.is\/gudbrandsbiblia\/jesaja-35-kafli\/","title":{"rendered":"Jesaja 35. kafli"},"content":{"rendered":"<p>XXXV.<\/p>\n<p>En s\u00fa ey\u00f0im\u00f6rkin og \u00f3bygg\u00f0in mun lystileg vera og sl\u00e9ttlendi\u00f0 mun gle\u00f0ilegt standa og bl\u00f3mgast l\u00edka sem liljugras, \u00fea\u00f0 mun bl\u00f3mgast og gle\u00f0ilegt standa \u00ed alls kyns fryg\u00f0 og f\u00f6gnu\u00f0i. <span class=\"athugasemd\" title=\"Sp\u00e1d\u00f3mur af kallan kristilegs safna\u00f0ar \u00fat af Gy\u00f0ingum og hei\u00f0ingjum\">[<\/span> \u00dev\u00ed a\u00f0 d\u00fdr\u00f0in Libani er \u00fev\u00ed gefin og pr\u00fd\u00f0in Karmels og Saron, \u00feeir sj\u00e1 \u00fe\u00e1 d\u00fdr\u00f0arvegsemd Drottins, \u00fe\u00e1 feur\u00f0arpr\u00fd\u00f0ina vors Gu\u00f0s.<\/p>\n<p>\tStyrki\u00f0 l\u00fanar hendur og endurl\u00edfgi\u00f0 \u00feau veiklu\u00f0u kn\u00e9n. Segi\u00f0 \u00feeim efabl\u00f6ndnum hj\u00f6rtum: &#8222;Veri\u00f0 hughraustir \u00ed huganum og veri\u00f0 ei \u00f3ttaslegnir. Sj\u00e1i\u00f0 a\u00f0 y\u00f0var Gu\u00f0 kemur a\u00f0 hefna, Gu\u00f0 s\u00e1 e\u00f0 endurgeldur, hann kemur og hj\u00e1lpar y\u00f0ur.&#8220; <span class=\"athugasemd\" title=\"Math. xii. Luc. vy.\">[<\/span> \u00de\u00e1 munu augu blindra uppl\u00fakast og eyrun daufra opnu\u00f0 ver\u00f0a. <span class=\"athugasemd\" title=\"Sp\u00e1d\u00f3mur \u00fat af r\u00edkinu Christi\">[<\/span> \u00de\u00e1 mun hinn halti upp st\u00f6kkva sem hj\u00f6rtur og tungan hins m\u00e1llausa mun lofsyngja. \u00dev\u00ed a\u00f0 \u00fear munu vatsr\u00e1sir \u00ed ey\u00f0im\u00f6rkinni hinga\u00f0 og \u00feanga\u00f0 flj\u00f3ta og vatsl\u00e6kirnir um sl\u00e9ttlendi\u00f0 og hvar e\u00f0 \u00e1\u00f0ur hefur veri\u00f0 h\u00f6r\u00f0 grund \u00fear skulu n\u00fa st\u00f6\u00f0uv\u00f6tn vera og hvar e\u00f0 \u00feurrlendi\u00f0 hefur veri\u00f0 \u00fear skulu uppsprettubrunnar vera. \u00dear e\u00f0 \u00e1\u00f0ur fyrri hafa h\u00f6ggormar legi\u00f0 \u00fear skal gras, r\u00f6r og st\u00f6r standa. Og \u00fear mun braut og <span class=\"athugasemd\" title=\"a \/ Vegur \/ Tr\u00fain \u00e1 Christum\">[<\/span> vegur vera hver e\u00f0 kallast mun s\u00e1 hinn heilagi vegurinn, \u00fear enginn saurugur mun upp \u00e1 ganga. Og s\u00e1 hinn sami mun vera fyrir \u00fe\u00e1 inu s\u00f6mu so a\u00f0 \u00feeir gangi \u00fear upp \u00e1 so \u00fea\u00f0 einnin hinir f\u00e1v\u00edsu kunni ekki a\u00f0 villast. \u00dear mun ekkert le\u00f3n vera og ekkert illskud\u00fdr mun \u00fear upp \u00e1 ganga n\u00e9 \u00fear fundi\u00f0 ver\u00f0a heldur mun \u00fear fr\u00ed og uggalaust ganga mega. \u00deeir hinir endurkeyptu Drottins munu aftur sn\u00faa og til S\u00edon koma me\u00f0 lofs\u00f6ngum. Eil\u00edf gle\u00f0i mun vera yfir \u00feeirra h\u00f6f\u00f0um, gle\u00f0i og f\u00f6gnu\u00f0 munu \u00feeir h\u00f6ndla en hrygg\u00f0 og sorg mun hlj\u00f3ta \u00ed burt a\u00f0 v\u00edkja.<\/p>\n","protected":false},"excerpt":{"rendered":"<p>XXXV. En s\u00fa ey\u00f0im\u00f6rkin og \u00f3bygg\u00f0in mun lystileg vera og sl\u00e9ttlendi\u00f0 mun gle\u00f0ilegt standa og bl\u00f3mgast l\u00edka sem liljugras, \u00fea\u00f0 mun bl\u00f3mgast og gle\u00f0ilegt standa \u00ed alls kyns fryg\u00f0 og f\u00f6gnu\u00f0i. [ \u00dev\u00ed a\u00f0 d\u00fdr\u00f0in Libani er \u00fev\u00ed gefin og pr\u00fd\u00f0in Karmels og Saron, \u00feeir sj\u00e1 \u00fe\u00e1 d\u00fdr\u00f0arvegsemd Drottins, \u00fe\u00e1 feur\u00f0arpr\u00fd\u00f0ina vors Gu\u00f0s. Styrki\u00f0 l\u00fanar hendur og endurl\u00edfgi\u00f0 \u00feau veiklu\u00f0u kn\u00e9n. Segi\u00f0 \u00feeim efabl\u00f6ndnum hj\u00f6rtum: &#8222;Veri\u00f0 hughraustir \u00ed huganum og veri\u00f0 ei \u00f3ttaslegnir. Sj\u00e1i\u00f0 a\u00f0 y\u00f0var Gu\u00f0 kemur a\u00f0 hefna, Gu\u00f0 s\u00e1 e\u00f0 endurgeldur, hann kemur og hj\u00e1lpar y\u00f0ur.&#8220; [ \u00de\u00e1 munu augu blindra uppl\u00fakast og eyrun daufra opnu\u00f0 ver\u00f0a. <a href=\"https:\/\/biblian.is\/gudbrandsbiblia\/jesaja-35-kafli\/\"> [&#8230;]<\/a><\/p>\n","protected":false},"author":1,"featured_media":0,"parent":0,"menu_order":0,"comment_status":"open","ping_status":"open","template":"bibliukaflar.php","meta":{"footnotes":""},"class_list":["post-3408","page","type-page","status-publish","hentry"],"_links":{"self":[{"href":"https:\/\/biblian.is\/gudbrandsbiblia\/wp-json\/wp\/v2\/pages\/3408","targetHints":{"allow":["GET"]}}],"collection":[{"href":"https:\/\/biblian.is\/gudbrandsbiblia\/wp-json\/wp\/v2\/pages"}],"about":[{"href":"https:\/\/biblian.is\/gudbrandsbiblia\/wp-json\/wp\/v2\/types\/page"}],"author":[{"embeddable":true,"href":"https:\/\/biblian.is\/gudbrandsbiblia\/wp-json\/wp\/v2\/users\/1"}],"replies":[{"embeddable":true,"href":"https:\/\/biblian.is\/gudbrandsbiblia\/wp-json\/wp\/v2\/comments?post=3408"}],"version-history":[{"count":0,"href":"https:\/\/biblian.is\/gudbrandsbiblia\/wp-json\/wp\/v2\/pages\/3408\/revisions"}],"wp:attachment":[{"href":"https:\/\/biblian.is\/gudbrandsbiblia\/wp-json\/wp\/v2\/media?parent=3408"}],"curies":[{"name":"wp","href":"https:\/\/api.w.org\/{rel}","templated":true}]}}