{"id":3407,"date":"2017-12-18T18:33:33","date_gmt":"2017-12-18T18:33:33","guid":{"rendered":"http:\/\/biblian.is\/gudbrandsbiblia\/jesaja-34-kafli\/"},"modified":"2017-12-18T18:33:33","modified_gmt":"2017-12-18T18:33:33","slug":"jesaja-34-kafli","status":"publish","type":"page","link":"https:\/\/biblian.is\/gudbrandsbiblia\/jesaja-34-kafli\/","title":{"rendered":"Jesaja 34. kafli"},"content":{"rendered":"<p>XXXIIII.<\/p>\n<p>Komi\u00f0 hinga\u00f0, \u00fe\u00e9r hei\u00f0nar \u00fej\u00f3\u00f0ir, og heyri\u00f0 til, \u00fe\u00e9r f\u00f3lki\u00f0 hyggi\u00f0 a\u00f0 \u00fev\u00ed. <span class=\"athugasemd\" title=\"\u00c1minning\">[<\/span> J\u00f6r\u00f0in h\u00fan heyri og hva\u00f0 \u00fear er inni, veraldarkringlan me\u00f0 hennar \u00e1v\u00f6xtum. \u00dev\u00ed a\u00f0 Drottinn er rei\u00f0ur upp \u00e1 allar hei\u00f0nar \u00fej\u00f3\u00f0ir og gramur upp \u00e1 allt \u00feeirra herli\u00f0. Hann mun form\u00e6la \u00feeim og ofurselja til dr\u00e1psins. Og \u00feeirra hinir \u00ed hel slegnu munu \u00ed burt kasta\u00f0 ver\u00f0a og af \u00feeirra l\u00edk\u00f6mum mun \u00f3\u00feefur upp koma og fj\u00f6llin munu flj\u00f3ta af \u00feeirra bl\u00f3\u00f0i og allt \u00fea\u00f0 <span class=\"athugasemd\" title=\"a \/ Herli\u00f0) \/ So kallar hann Gy\u00f0ingaf\u00f3lk me\u00f0 \u00feeirra gu\u00f0legri emb\u00e6ttis \u00fej\u00f3nustugj\u00f6r\u00f0 hvar af \u00feeir h\u00e9ldu sig sem himneskt f\u00f3lk hj\u00e1 hei\u00f0ingjum\">[<\/span> herli\u00f0 himinsins mun forrotna og himinninn mun til samans brotinn ver\u00f0a l\u00edka sem anna\u00f0 brek og allur hans herskari mun upp\u00feorna, l\u00edka sem anna\u00f0 laufbla\u00f0 upp\u00feornar \u00e1 v\u00ednvi\u00f0i og so sem eitt \u00feurrt laufbla\u00f0 \u00e1 f\u00edkjutr\u00e9nu. \u00dev\u00ed a\u00f0 mitt sver\u00f0 er drukki\u00f0 \u00e1 himnum og sj\u00e1 \u00fe\u00fa, \u00fea\u00f0 mun ofanst\u00edga yfir Ed\u00f3m og yfir \u00fea\u00f0 b\u00f6lva\u00f0a f\u00f3lki\u00f0 til straffs.<\/p>\n<p>\t\u00dea\u00f0 sver\u00f0 Drottins er fullt me\u00f0 bl\u00f3\u00f0 og \u00feykkt af feiti, af bl\u00f3\u00f0inu lambanna og hafranna, af n\u00fdrnafeitinni hr\u00fatanna. \u00dev\u00ed a\u00f0 Drottinn heldur eitt mannslag til Bosra og eitt miki\u00f0 manndr\u00e1p \u00ed landinu Ed\u00f3m. \u00dear ver\u00f0a einhyrningarnir me\u00f0ur \u00feeim undir a\u00f0 krj\u00fapa og ungneytin me\u00f0ur \u00feeim feitu nautum. \u00dev\u00ed a\u00f0 \u00feeirra land mun drukki\u00f0 ver\u00f0a af bl\u00f3\u00f0i og \u00feeirra j\u00f6r\u00f0 b\u00f3lgin ver\u00f0a af feiti. \u00dev\u00ed a\u00f0 \u00fea\u00f0 er s\u00e1 hefndardagur Drottins og \u00e1ri\u00f0 endurgjaldsins, a\u00f0 hefna S\u00edon, \u00fear munu \u00feeirra l\u00e6kir ver\u00f0a a\u00f0 biki og \u00feeirra j\u00f6r\u00f0 a\u00f0 brennisteini. J\u00e1 \u00feeirra land mun a\u00f0 brennanda biki ver\u00f0a \u00fea\u00f0 hverki mun slokkna daga n\u00e9 n\u00e6tur heldur mun eil\u00edfleg sv\u00e6la upp af \u00fev\u00ed ganga og um aldur og \u00e6vi mun \u00fea\u00f0 \u00ed ey\u00f0i vera so a\u00f0 \u00fear mun enginn \u00ed gegnum fer\u00f0ast a\u00f0 eil\u00edfu heldur skal \u00fea\u00f0 eignast reyrdrummur og og tindsv\u00edn, n\u00e1ttuglur og hrafnar skulu \u00fear b\u00faa.<\/p>\n<p>\t\u00dev\u00ed a\u00f0 hann mun draga \u00fear yfir einn m\u00e6li\u00fer\u00e1\u00f0 so a\u00f0 \u00fea\u00f0 \u00ed ey\u00f0i ver\u00f0i og eitt m\u00e6likefli til forey\u00f0slu so a\u00f0 \u00feeirra hinir e\u00f0albornu kallist herrar sem ekkert land eiga og allir \u00feeirra h\u00f6f\u00f0ingjar hafi einn enda. <span class=\"athugasemd\" title=\"Eftir \u00fe\u00e1 seinustu forey\u00f0slu Jer\u00fasalem skal ein eil\u00edf forey\u00f0ing bl\u00edfa\">[<\/span> Og \u00fear munu \u00feyrnar uppvaxa \u00ed \u00feeirra herbergjum, netlur og illgresi \u00ed \u00feeirra borgum og mun vera eitt b\u00e6li eiturdrekanna og grashagi str\u00fassfuglanna og \u00fear munu til samans hlaupa draugar og skr\u00edmsl og eitt tr\u00f6l mun \u00fear \u00f6\u00f0ru m\u00e6ta, \u00f3v\u00e6ttir munu einnin \u00fear sitt b\u00e6li hafa og s\u00edna hv\u00edld \u00fear finna, \u00fear mun og einnin tindsv\u00edni\u00f0 hrei\u00f0ra sig, leggja og \u00fatklekja undir \u00feess skugga, so munu og einnin hr\u00e6fuglarnir \u00fear til samans koma. <span class=\"athugasemd\" title=\"Esaj. xiy.\">[<\/span> <\/p>\n<p>\tLeiti\u00f0 n\u00fa \u00ed b\u00f3k Drottins og lesi\u00f0 og \u00fear mun ekki \u00ed einu af \u00feessu brestur vera og \u00fear mun einnin ekki neitt missast, hvorki hitt n\u00e9 \u00feetta. \u00dev\u00ed a\u00f0 hann er \u00fea\u00f0 sem fyrir minn munn b\u00fd\u00f0ur og hans andi er \u00fea\u00f0 sem \u00fea\u00f0 til samans f\u00e6rir. Hann sendir hlutfalli\u00f0 yfir \u00fe\u00e1 og hans h\u00f6nd \u00fatskiptir m\u00e6lirnum \u00e1 milli \u00feeirra so a\u00f0 \u00feeir eignist \u00fea\u00f0 \u00fear inni a\u00f0 eil\u00edfu og bl\u00edfi \u00fear inni um aldur og \u00e6vi.<\/p>\n","protected":false},"excerpt":{"rendered":"<p>XXXIIII. Komi\u00f0 hinga\u00f0, \u00fe\u00e9r hei\u00f0nar \u00fej\u00f3\u00f0ir, og heyri\u00f0 til, \u00fe\u00e9r f\u00f3lki\u00f0 hyggi\u00f0 a\u00f0 \u00fev\u00ed. [ J\u00f6r\u00f0in h\u00fan heyri og hva\u00f0 \u00fear er inni, veraldarkringlan me\u00f0 hennar \u00e1v\u00f6xtum. \u00dev\u00ed a\u00f0 Drottinn er rei\u00f0ur upp \u00e1 allar hei\u00f0nar \u00fej\u00f3\u00f0ir og gramur upp \u00e1 allt \u00feeirra herli\u00f0. Hann mun form\u00e6la \u00feeim og ofurselja til dr\u00e1psins. Og \u00feeirra hinir \u00ed hel slegnu munu \u00ed burt kasta\u00f0 ver\u00f0a og af \u00feeirra l\u00edk\u00f6mum mun \u00f3\u00feefur upp koma og fj\u00f6llin munu flj\u00f3ta af \u00feeirra bl\u00f3\u00f0i og allt \u00fea\u00f0 [ herli\u00f0 himinsins mun forrotna og himinninn mun til samans brotinn ver\u00f0a l\u00edka sem anna\u00f0 brek og allur hans <a href=\"https:\/\/biblian.is\/gudbrandsbiblia\/jesaja-34-kafli\/\"> [&#8230;]<\/a><\/p>\n","protected":false},"author":1,"featured_media":0,"parent":0,"menu_order":0,"comment_status":"open","ping_status":"open","template":"bibliukaflar.php","meta":{"footnotes":""},"class_list":["post-3407","page","type-page","status-publish","hentry"],"_links":{"self":[{"href":"https:\/\/biblian.is\/gudbrandsbiblia\/wp-json\/wp\/v2\/pages\/3407","targetHints":{"allow":["GET"]}}],"collection":[{"href":"https:\/\/biblian.is\/gudbrandsbiblia\/wp-json\/wp\/v2\/pages"}],"about":[{"href":"https:\/\/biblian.is\/gudbrandsbiblia\/wp-json\/wp\/v2\/types\/page"}],"author":[{"embeddable":true,"href":"https:\/\/biblian.is\/gudbrandsbiblia\/wp-json\/wp\/v2\/users\/1"}],"replies":[{"embeddable":true,"href":"https:\/\/biblian.is\/gudbrandsbiblia\/wp-json\/wp\/v2\/comments?post=3407"}],"version-history":[{"count":0,"href":"https:\/\/biblian.is\/gudbrandsbiblia\/wp-json\/wp\/v2\/pages\/3407\/revisions"}],"wp:attachment":[{"href":"https:\/\/biblian.is\/gudbrandsbiblia\/wp-json\/wp\/v2\/media?parent=3407"}],"curies":[{"name":"wp","href":"https:\/\/api.w.org\/{rel}","templated":true}]}}