{"id":3405,"date":"2017-12-18T18:33:33","date_gmt":"2017-12-18T18:33:33","guid":{"rendered":"http:\/\/biblian.is\/gudbrandsbiblia\/jesaja-32-kafli\/"},"modified":"2017-12-18T18:33:33","modified_gmt":"2017-12-18T18:33:33","slug":"jesaja-32-kafli","status":"publish","type":"page","link":"https:\/\/biblian.is\/gudbrandsbiblia\/jesaja-32-kafli\/","title":{"rendered":"Jesaja 32. kafli"},"content":{"rendered":"<p>XXXII.<\/p>\n<p>Sj\u00e1 \u00fe\u00fa, \u00fear mun einn k\u00f3ngur r\u00edkja r\u00e9ttv\u00edsina til a\u00f0 upphefja og h\u00f6f\u00f0ingjar munu \u00fear drottna r\u00e9ttindin a\u00f0 efla so a\u00f0 hver ma\u00f0ur mun ver\u00f0a so sem s\u00e1 e\u00f0 fyrir vindi er forvara\u00f0ur og so sem s\u00e1 e\u00f0 fyrir steypiregni er innibyrg\u00f0ur, so sem vatsl\u00e6kur \u00e1 \u00feurrlendi og so sem skuggi mikils hellubjargs \u00ed \u00feurru landi. Og augu \u00feeirra sem sj\u00e1 munu ekki l\u00e1ta blinda sig og eyru \u00feeirra sem til heyra munu g\u00e6ta a\u00f0 \u00fev\u00ed og \u00feeir sem \u00f3frams\u00fdnir eru munu hyggindi l\u00e6ra og tungan \u00feeirra sem stama mun sk\u00fdrt og skili\u00f0 tala. Einn heimskur ma\u00f0ur mun ekki lengur h\u00f6f\u00f0ingi kallast n\u00e9 \u00e1gjarn ma\u00f0ur einn herra kalla\u00f0ur ver\u00f0a. \u00dev\u00ed a\u00f0 hinn heimski segir \u00fat af heimskunni og hans hjarta umgengst me\u00f0 \u00f3g\u00e6funni so a\u00f0 hann uppbyrji hr\u00e6sni og pr\u00e9diki villud\u00f3m af Drottni upp \u00e1 \u00fea\u00f0 a\u00f0 hann \u00fathungri \u00fe\u00e6r hungru\u00f0u s\u00e1lir og banni hinum \u00feyrsta a\u00f0 drekka. \u00dev\u00ed a\u00f0 stj\u00f3rnan hins \u00e1gjarna er \u00f6ngum nytsamleg \u00fev\u00ed hann finnur upp \u00e1 pretti til fordj\u00f6rfunar f\u00e1r\u00e1\u00f0um, me\u00f0 f\u00f6lskum or\u00f0um \u00fe\u00e1 e\u00f0 hann skal tala r\u00e9ttindi vegna hins f\u00e1t\u00e6ka. En \u00feeir h\u00f6f\u00f0ingjar munu \u00fea\u00f0 hugsa sem h\u00f6f\u00f0ingjum h\u00e6fir og bl\u00edfa \u00fear vi\u00f0.<\/p>\n<p>\tStandi\u00f0 upp, \u00fe\u00e9r stoltar kvinnur, heyri\u00f0 m\u00edna raust, \u00fe\u00e9r sem so athugalausar eru. L\u00e1ti\u00f0 y\u00f0ur \u00ed eyrum lo\u00f0a m\u00edna r\u00e6\u00f0u. <span class=\"athugasemd\" title=\"Ein i\u00f0ranar\u00e1minning\">[<\/span> \u00dea\u00f0 er um eitt \u00e1r og dag a\u00f0 gj\u00f6ra, \u00fe\u00e1 munu \u00fe\u00e9r hinar ugglausu af hr\u00e6\u00f0slu skj\u00e1lfa. \u00dev\u00ed a\u00f0 \u00fear ver\u00f0ur engin v\u00ednyrkja, \u00fear ver\u00f0ur og engin innsafnan. Hryggist, \u00fe\u00e9r drambs\u00f6mu konur, skj\u00e1lfi\u00f0, \u00fe\u00e9r hinar athugalausu, \u00fear er fyrir h\u00f6ndum af kl\u00e6\u00f0um a\u00f0 fara, allsberum a\u00f0 vera og a\u00f0 uppstytta sig um s\u00ednar lendar. Harmur mun vera akursins vegna, j\u00e1 vegna \u00feess lystilega akursins, vegna \u00feess hins frj\u00f3sama v\u00edngar\u00f0sins, \u00fev\u00ed a\u00f0 \u00e1 akurl\u00f6ndum f\u00f3lks m\u00edns munu uppvaxa \u00feyrnar og illgresi, \u00fear a\u00f0 auk upp \u00e1 \u00f6llum gle\u00f0ih\u00fasum hinnar gla\u00f0v\u00e6ru borgar. \u00dev\u00ed a\u00f0 tignarherbergin munu yfirgefin ver\u00f0a og s\u00e1 borgarm\u00fagurinn mun a\u00f0 \u00f6ngu ver\u00f0a so a\u00f0 \u00feeir turnarnir og \u00feau sterku v\u00edgi ver\u00f0i jar\u00f0gryfjur \u00e6vinlega og villid\u00fdranna fagna\u00f0arsta\u00f0ur, hjar\u00f0arinnar grashagi.<\/p>\n<p>\t\u00deanga\u00f0 til so lengi \u00fea\u00f0 yfir oss \u00fathelltur ver\u00f0ur s\u00e1 andi \u00fat af h\u00e6\u00f0unum, \u00fe\u00e1 mun ey\u00f0im\u00f6rkin a\u00f0 akri ver\u00f0a og akurinn fyri sk\u00f3g reikna\u00f0ur ver\u00f0a og r\u00e9tturinn mun \u00ed ey\u00f0im\u00f6rkinni byggja og r\u00e9ttl\u00e6ti\u00f0 \u00e1 akrinum \u00fear fyrir vatn. <span class=\"athugasemd\" title=\"J\u00f3hann. y. \/ R\u00edki\u00f0 Christi\">[<\/span> Og r\u00e9ttl\u00e6tisins \u00e1v\u00f6xtur mun fri\u00f0urinn vera og \u00feess r\u00e9ttl\u00e6tisins nytsemi mun vera eil\u00edfleg kyrr\u00f0 og \u00f6ruggleiki so \u00fea\u00f0 mitt f\u00f3lk mun b\u00faa \u00ed h\u00fasum fri\u00f0arins, \u00ed \u00f6ruggri byggingu og \u00e1g\u00e6tri hl\u00edf\u00f0. En hagli\u00f0 mun vera ofan a\u00f0 sk\u00f3ginum og s\u00fa borgin \u00fear fyrir ne\u00f0an mun ne\u00f0arleg ver\u00f0a. S\u00e6lir eru \u00fe\u00e9r sem s\u00e1i\u00f0 alla vegana vi\u00f0 v\u00f6tnin \u00fev\u00ed a\u00f0 \u00fear megi \u00fe\u00e9r \u00fe\u00e1 upp \u00e1 ganga l\u00e1ta f\u00e6tur uxanna og asnanna.<\/p>\n","protected":false},"excerpt":{"rendered":"<p>XXXII. Sj\u00e1 \u00fe\u00fa, \u00fear mun einn k\u00f3ngur r\u00edkja r\u00e9ttv\u00edsina til a\u00f0 upphefja og h\u00f6f\u00f0ingjar munu \u00fear drottna r\u00e9ttindin a\u00f0 efla so a\u00f0 hver ma\u00f0ur mun ver\u00f0a so sem s\u00e1 e\u00f0 fyrir vindi er forvara\u00f0ur og so sem s\u00e1 e\u00f0 fyrir steypiregni er innibyrg\u00f0ur, so sem vatsl\u00e6kur \u00e1 \u00feurrlendi og so sem skuggi mikils hellubjargs \u00ed \u00feurru landi. Og augu \u00feeirra sem sj\u00e1 munu ekki l\u00e1ta blinda sig og eyru \u00feeirra sem til heyra munu g\u00e6ta a\u00f0 \u00fev\u00ed og \u00feeir sem \u00f3frams\u00fdnir eru munu hyggindi l\u00e6ra og tungan \u00feeirra sem stama mun sk\u00fdrt og skili\u00f0 tala. Einn heimskur ma\u00f0ur mun ekki <a href=\"https:\/\/biblian.is\/gudbrandsbiblia\/jesaja-32-kafli\/\"> [&#8230;]<\/a><\/p>\n","protected":false},"author":1,"featured_media":0,"parent":0,"menu_order":0,"comment_status":"open","ping_status":"open","template":"bibliukaflar.php","meta":{"footnotes":""},"class_list":["post-3405","page","type-page","status-publish","hentry"],"_links":{"self":[{"href":"https:\/\/biblian.is\/gudbrandsbiblia\/wp-json\/wp\/v2\/pages\/3405","targetHints":{"allow":["GET"]}}],"collection":[{"href":"https:\/\/biblian.is\/gudbrandsbiblia\/wp-json\/wp\/v2\/pages"}],"about":[{"href":"https:\/\/biblian.is\/gudbrandsbiblia\/wp-json\/wp\/v2\/types\/page"}],"author":[{"embeddable":true,"href":"https:\/\/biblian.is\/gudbrandsbiblia\/wp-json\/wp\/v2\/users\/1"}],"replies":[{"embeddable":true,"href":"https:\/\/biblian.is\/gudbrandsbiblia\/wp-json\/wp\/v2\/comments?post=3405"}],"version-history":[{"count":0,"href":"https:\/\/biblian.is\/gudbrandsbiblia\/wp-json\/wp\/v2\/pages\/3405\/revisions"}],"wp:attachment":[{"href":"https:\/\/biblian.is\/gudbrandsbiblia\/wp-json\/wp\/v2\/media?parent=3405"}],"curies":[{"name":"wp","href":"https:\/\/api.w.org\/{rel}","templated":true}]}}