{"id":3404,"date":"2017-12-18T18:33:33","date_gmt":"2017-12-18T18:33:33","guid":{"rendered":"http:\/\/biblian.is\/gudbrandsbiblia\/jesaja-31-kafli\/"},"modified":"2017-12-18T18:33:33","modified_gmt":"2017-12-18T18:33:33","slug":"jesaja-31-kafli","status":"publish","type":"page","link":"https:\/\/biblian.is\/gudbrandsbiblia\/jesaja-31-kafli\/","title":{"rendered":"Jesaja 31. kafli"},"content":{"rendered":"<p>XXXI.<\/p>\n<p>Vei \u00feeim sem ofanfara \u00ed Eyptaland s\u00e9r \u00fear fulltings a\u00f0 leita, treystandi upp \u00e1 v\u00edghesta og vona upp \u00e1 hervagna, \u00fev\u00ed \u00feeir eru \u00fear so margir, og \u00e1 riddarana af \u00fev\u00ed \u00feeir eru mj\u00f6g sterkir og halda sig ekki til Hins heilaga \u00ed \u00cdsrael og leita ekki Drottins. <span class=\"athugasemd\" title=\"\u00c1tr\u00fana\u00f0artraust mannlegrar hj\u00e1lpar\">[<\/span> En hann er vitur og tilsendir \u00f3g\u00e6funa og umvendir ekki s\u00edn or\u00f0 heldur mun hann taka sig upp \u00ed gegn h\u00fasinu \u00feeirra illskufullra og \u00ed gegn hj\u00e1lpinni \u00feeirra <span class=\"athugasemd\" title=\"a \/ Illvirkja) \u00fea\u00f0 er, Gy\u00f0ingar \u00feeir sem sl\u00edkrar hj\u00e1lpar leitu\u00f0u\">[<\/span> illvirkjanna. \u00dev\u00ed a\u00f0 Egyptaland er ma\u00f0ur og enginn gu\u00f0 og \u00feeirra v\u00edghestar eru kj\u00f6t og enginn andi. Og Drottinn mun s\u00edna h\u00f6nd \u00fatr\u00e9tta so a\u00f0 s\u00e1 hrasi sem hj\u00e1lpina veitir og hann sem hj\u00e1lpa\u00f0 ver\u00f0ur ni\u00f0urfalli so a\u00f0 \u00feeir allir til samans tort\u00fdnist.<\/p>\n<p>\t\u00dev\u00ed a\u00f0 so segir Drottinn til m\u00edn: L\u00edka so sem eitt le\u00f3n og einn le\u00f3nshvelpur grenjar yfir sinni br\u00e1\u00f0, n\u00e6r e\u00f0 fj\u00f6ldinn fj\u00e1rhir\u00f0aranna kallar a\u00f0 honum \u00fe\u00e1 skelfist hann ekki fyrir \u00feeirri kallan, hann er og einnin ekki hr\u00e6ddur fyrir \u00feeirra mannfj\u00f6lda, l\u00edka so mun Drottinn Seba\u00f3t ofanst\u00edga a\u00f0 str\u00ed\u00f0a, upp \u00e1 fjallinu S\u00edon og upp \u00e1 hans h\u00e6\u00f0um. Og Drottinn Seba\u00f3t mun verja Jer\u00fasalem (l\u00edka sem a\u00f0 fuglarnir gj\u00f6ra me\u00f0 v\u00e6ngjunum), hl\u00edfa henni, frelsa hana og ganga \u00ed kringum \u00ed henni og hj\u00e1lpa henni \u00far vanda.<\/p>\n<p>\tSn\u00fai\u00f0 aftur, \u00fe\u00e9r \u00cdsraelssynir, \u00fe\u00e9r sem mj\u00f6g eru\u00f0 fr\u00e1horfnir. \u00dev\u00ed a\u00f0 \u00e1 \u00feeim t\u00edma mun hver sem einn \u00ed burt kasta s\u00ednum silfru\u00f0um og gylltum sk\u00fargo\u00f0um hver a\u00f0 y\u00f0var hendur h\u00f6f\u00f0u gj\u00f6rt til a\u00f0 syndgast. Ass\u00far hann skal falla, ekki fyrir manns sver\u00f0i, og skal foreyddur vera, ekki fyrir manns sver\u00f0i. <span class=\"athugasemd\" title=\"Ass\u00far \/ Esa. x. xxxvy.\">[<\/span> Og \u00fe\u00f3 mun hann fyrir sver\u00f0inu fl\u00fdja og hans \u00e6skumenn munu skattgildir vera og \u00feeirra <span class=\"athugasemd\" title=\"b \/ Hellusteinn) \u00fea\u00f0 er, k\u00f3ngur \u00feeirra\">[<\/span> hellusteinn mun af hr\u00e6\u00f0slu \u00ed burt fara og hans h\u00f6f\u00f0ingjar munu fyrir merkinu \u00e1 fl\u00f3tta halda, segir Drottinn sem til S\u00edon hefur eld og til Jer\u00fasalem sem einn <span class=\"athugasemd\" title=\"c \/ Ofn) \/ \u00fea\u00f0 er, s\u00e1 sem til Jer\u00fasalem \u00e1 heima\">[<\/span> eldsofn.<\/p>\n","protected":false},"excerpt":{"rendered":"<p>XXXI. Vei \u00feeim sem ofanfara \u00ed Eyptaland s\u00e9r \u00fear fulltings a\u00f0 leita, treystandi upp \u00e1 v\u00edghesta og vona upp \u00e1 hervagna, \u00fev\u00ed \u00feeir eru \u00fear so margir, og \u00e1 riddarana af \u00fev\u00ed \u00feeir eru mj\u00f6g sterkir og halda sig ekki til Hins heilaga \u00ed \u00cdsrael og leita ekki Drottins. [ En hann er vitur og tilsendir \u00f3g\u00e6funa og umvendir ekki s\u00edn or\u00f0 heldur mun hann taka sig upp \u00ed gegn h\u00fasinu \u00feeirra illskufullra og \u00ed gegn hj\u00e1lpinni \u00feeirra [ illvirkjanna. \u00dev\u00ed a\u00f0 Egyptaland er ma\u00f0ur og enginn gu\u00f0 og \u00feeirra v\u00edghestar eru kj\u00f6t og enginn andi. Og Drottinn mun s\u00edna <a href=\"https:\/\/biblian.is\/gudbrandsbiblia\/jesaja-31-kafli\/\"> [&#8230;]<\/a><\/p>\n","protected":false},"author":1,"featured_media":0,"parent":0,"menu_order":0,"comment_status":"open","ping_status":"open","template":"bibliukaflar.php","meta":{"footnotes":""},"class_list":["post-3404","page","type-page","status-publish","hentry"],"_links":{"self":[{"href":"https:\/\/biblian.is\/gudbrandsbiblia\/wp-json\/wp\/v2\/pages\/3404","targetHints":{"allow":["GET"]}}],"collection":[{"href":"https:\/\/biblian.is\/gudbrandsbiblia\/wp-json\/wp\/v2\/pages"}],"about":[{"href":"https:\/\/biblian.is\/gudbrandsbiblia\/wp-json\/wp\/v2\/types\/page"}],"author":[{"embeddable":true,"href":"https:\/\/biblian.is\/gudbrandsbiblia\/wp-json\/wp\/v2\/users\/1"}],"replies":[{"embeddable":true,"href":"https:\/\/biblian.is\/gudbrandsbiblia\/wp-json\/wp\/v2\/comments?post=3404"}],"version-history":[{"count":0,"href":"https:\/\/biblian.is\/gudbrandsbiblia\/wp-json\/wp\/v2\/pages\/3404\/revisions"}],"wp:attachment":[{"href":"https:\/\/biblian.is\/gudbrandsbiblia\/wp-json\/wp\/v2\/media?parent=3404"}],"curies":[{"name":"wp","href":"https:\/\/api.w.org\/{rel}","templated":true}]}}