{"id":3403,"date":"2017-12-18T18:33:33","date_gmt":"2017-12-18T18:33:33","guid":{"rendered":"http:\/\/biblian.is\/gudbrandsbiblia\/jesaja-30-kafli\/"},"modified":"2017-12-18T18:33:33","modified_gmt":"2017-12-18T18:33:33","slug":"jesaja-30-kafli","status":"publish","type":"page","link":"https:\/\/biblian.is\/gudbrandsbiblia\/jesaja-30-kafli\/","title":{"rendered":"Jesaja 30. kafli"},"content":{"rendered":"<p>XXX.<\/p>\n<p>Vei \u00feeim fr\u00e1hverfum b\u00f6rnum, segir Drottinn, sem \u00e1n m\u00edn taka sitt r\u00e1\u00f0 og \u00e1n m\u00edns anda hl\u00edf\u00f0ar leita, til a\u00f0 auka einni syndinni yfir a\u00f0ra, \u00feeir sem ofanfara \u00ed Egyptaland og a\u00f0spyrja ekki minn munn so a\u00f0 \u00feeir styrki sig me\u00f0 magt pharaonis og hl\u00edfi s\u00e9r undir skugganum Egyptalands. <span class=\"athugasemd\" title=\"\u00c1minning til tr\u00faarinnar og \u00f3tta Drottins\">[<\/span> \u00dev\u00ed a\u00f0 s\u00e1 styrkleikur pharaonis skal y\u00f0ur til skammar sn\u00faast og s\u00fa hl\u00edf\u00f0in undir skugganum Egyptalands a\u00f0 sm\u00e1n ver\u00f0a. \u00deeirra h\u00f6f\u00f0ingjar hafa vel veri\u00f0 til S\u00f3an og \u00feeirra sendibo\u00f0 hefir komi\u00f0 til Hanes. En \u00feeir hlj\u00f3ta \u00fe\u00f3 allir til skammar a\u00f0 ver\u00f0a yfir \u00fev\u00ed f\u00f3lkinu sem \u00feeim kann engin hj\u00e1lp a\u00f0 vera, eigi til styrks n\u00e9 gagns a\u00f0 koma heldur alleinasta til skammar og h\u00e1\u00f0ungar.<\/p>\n<p>\t\u00deessi er s\u00e1 \u00feunginn yfir \u00feeim dyrunum sem \u00ed m\u00f3ti su\u00f0rinu fara, hvar e\u00f0 eru le\u00f3n og le\u00f3nainnur, j\u00e1 n\u00f6\u00f0rur og gl\u00f3andi flugdrekar, \u00ed landinu h\u00f6rmungarinnar og harmkv\u00e6lisins. \u00deeir flytja sitt g\u00f3ss \u00e1 hryggjum folanna og s\u00edna f\u00e9sj\u00f3\u00f0u upp \u00e1 baki \u00falfaldanna til \u00feess f\u00f3lksins sem \u00feeim kann ekki neitt gagn a\u00f0 vera. \u00dev\u00ed a\u00f0 Egyptaland er einskisvert og \u00feeirra hj\u00e1lp er forgefins. \u00dear fyrir pr\u00e9dika eg \u00fe\u00e1 svo \u00fat af a\u00f0 Rahab skal sitja kyrr \u00fear til. <span class=\"athugasemd\" title=\"Rahab er Egyptaland og kallast st\u00e6ril\u00e1t \/ Jere. xi. \/ Amos vy.\">[<\/span> <\/p>\n<p>\tSo far \u00fe\u00fa n\u00fa og strika \u00fea\u00f0 fyrir \u00feeim \u00e1 eitt spjald og teikna \u00fea\u00f0 \u00ed eina b\u00f3k so a\u00f0 \u00fea\u00f0 s\u00e9 og vari um aldur og a\u00f0 eil\u00edfu. \u00dev\u00ed a\u00f0 \u00fea\u00f0 er \u00f3hl\u00fd\u00f0i\u00f0 f\u00f3lk og lygin b\u00f6rn, \u00feau sem ekki vilja heyra l\u00f6gm\u00e1l Drottins heldur segja til sj\u00e1arans: &#8222;\u00de\u00e9r skulu\u00f0 ekki sj\u00e1&#8220; og til tilsj\u00f3narmannanna: &#8222;\u00de\u00e9r skulu\u00f0 ekki sko\u00f0a oss \u00feann r\u00e9tta l\u00e6rd\u00f3m. En pr\u00e9diki\u00f0 oss hva\u00f0 \u00fe\u00e6gilegt er, sko\u00f0i\u00f0 oss fl\u00e1r\u00e6\u00f0i. V\u00edki\u00f0 af veginum, fari\u00f0 \u00ed burt af brautinni, l\u00e1ti\u00f0 \u00feann Hinn heilaga \u00ed \u00cdsrael uppheyra hj\u00e1 oss.&#8220;<\/p>\n<p>\t\u00dear fyrir segir s\u00e1 Hinn heilagi \u00ed \u00cdsrael so: Me\u00f0 \u00fev\u00ed a\u00f0 \u00fe\u00e9r forleggi\u00f0 \u00feetta or\u00f0i\u00f0 og forl\u00e1ti\u00f0 y\u00f0ur upp \u00e1 y\u00f0art eigi\u00f0 sinni og ofst\u00e6ki og st\u00e6ri\u00f0 y\u00f0ur af \u00fev\u00ed, \u00fe\u00e1 skal y\u00f0ur soddan \u00f3dygg\u00f0 vera l\u00edka sem ein sprunga \u00fat \u00ed h\u00e1um m\u00farvegg, n\u00e6r e\u00f0 h\u00fan tekur a\u00f0 vaxa \u00fe\u00e1 mun h\u00fan mj\u00f6g snarlega og \u00f3forvarandis inndetta og ni\u00f0urhrynja, so sem \u00fe\u00e1 einn leirpottur ver\u00f0ur \u00ed sundurbrotinn so \u00fea\u00f0 hann \u00ed sundurmola\u00f0i hann og v\u00e6g\u00f0i honum ekki, so a\u00f0 \u00fat af hans brotum s\u00fdndist ekkert skurn \u00fear eldsgl\u00f3\u00f0 m\u00e6tti innibera fr\u00e1 eldsta\u00f0num e\u00f0ur vatni me\u00f0 ausa \u00far einum brunni.<\/p>\n<p>\t\u00dev\u00ed a\u00f0 so segir Drottinn Drottinn, s\u00e1 Hinn heilagi \u00ed \u00cdsrael: Ef a\u00f0 \u00fe\u00e9r v\u00e6ri\u00f0 <span class=\"athugasemd\" title=\"a \/ kyrrir) \u00fea\u00f0 er, a\u00f0 l\u00ed\u00f0a me\u00f0 \u00feolinm\u00e6\u00f0i og von\">[<\/span> kyrrir \u00fe\u00e1 yr\u00f0i y\u00f0ur hj\u00e1lpa\u00f0. \u00dev\u00ed fyrir kyrrl\u00e6ti\u00f0 og vonina mundu\u00f0 \u00fe\u00e9r auflugir vera. En \u00fe\u00e9r vilji\u00f0 ekki og segi\u00f0: &#8222;Nei, heldur viljum v\u00e9r \u00e1 hestum undan fl\u00fdja&#8220; \u0096 \u00fear fyrir munu \u00fe\u00e9r og fl\u00f3ttamenn vera \u0096 &#8222;og \u00e1 g\u00f6ngv\u00f6runum viljum v\u00e9r r\u00ed\u00f0a&#8220; \u0096 \u00fear fyrir \u00fe\u00e1 munu y\u00f0rir ofs\u00e6kjendur ofurfalla y\u00f0ur. \u00dev\u00ed a\u00f0 \u00fe\u00fasund af y\u00f0ur mun fl\u00fdja fyrir heitingaror\u00f0um eins \u00feeirra, j\u00e1 fyrir fimm m\u00f6nnum munu \u00fe\u00e9r allir fl\u00fdja \u00feanga\u00f0 til a\u00f0 \u00fe\u00e9r ver\u00f0i\u00f0 eftir l\u00edka sem eitt masturtr\u00e9 upp \u00e1 h\u00e1um fj\u00f6llum og so sem ein merkisst\u00f6ng upp \u00e1 einu bergi.<\/p>\n<p>\t\u00dear fyrir bi\u00f0leikar Drottinn vi\u00f0 a\u00f0 hann s\u00e9 y\u00f0ur miskunnsamur og hefur sig \u00fev\u00ed upp a\u00f0 hann s\u00e9 y\u00f0ur l\u00edknsamur \u00fev\u00ed a\u00f0 Drottinn er einn Gu\u00f0 d\u00f3msins. <span class=\"athugasemd\" title=\"Fyrirheit gu\u00f0legrar hj\u00e1lpar\">[<\/span> S\u00e6lir eru allir \u00feeir sem hans b\u00ed\u00f0a. \u00dev\u00ed a\u00f0 f\u00f3lki\u00f0 S\u00edon mun til Jer\u00fasalem byggja. \u00de\u00fa munt eigi gr\u00e1ta. Hann mun \u00fe\u00e9r miskunnsamur vera n\u00e6r e\u00f0 \u00fe\u00fa kallar. Hann mun \u00fe\u00e9r andsvar gefa jafnsnart \u00fea\u00f0 hann heyrir \u00fea\u00f0. Og Drottinn mun y\u00f0ur \u00ed h\u00f6rmunginni brau\u00f0i\u00f0 og \u00ed angistinni vatni\u00f0 gefa \u00fev\u00ed a\u00f0 hann mun \u00feinn l\u00e6rimeistara ekki meir \u00ed burt fl\u00fdja l\u00e1ta heldur munu \u00fe\u00edn augu sj\u00e1 \u00feinn l\u00e6rimeistara og \u00fe\u00edn eyru munu heyra \u00fea\u00f0 or\u00f0i\u00f0 \u00e1 bak \u00fe\u00e9r tala\u00f0, segjandi: <span class=\"athugasemd\" title=\"Gu\u00f0s or\u00f0\">[<\/span> &#8222;\u00deetta er s\u00e1 vegurinn, \u00feann sama gangi\u00f0 og hneigi\u00f0 hverki til h\u00e6gri n\u00e9 til vinstri handar.&#8220;<\/p>\n<p>\tOg \u00fe\u00e9r munu\u00f0 saurga y\u00f0ar silfra\u00f0a afgu\u00f0i og \u00feeim gyllinikl\u00e6\u00f0um y\u00f0vara l\u00edkneskja munu \u00fe\u00e9r \u00ed burt kasta l\u00edka sem \u00f3\u00feekktarsaur og segja til \u00feeirra: &#8222;Far \u00ed burt.&#8220; \u00de\u00e1 mun hann \u00fe\u00ednu s\u00e6\u00f0i \u00fev\u00ed e\u00f0 \u00fe\u00fa hefur \u00ed akurinn s\u00e1\u00f0 regni\u00f0 gefa og brau\u00f0i\u00f0 af akursins innkomu og \u00feess hins sama allsn\u00e6gtir. Og \u00feitt f\u00e9 mun s\u00e9r \u00e1 \u00feeim t\u00edma f\u00e6\u00f0slu f\u00e1 \u00ed einum v\u00ed\u00f0lendum grashaga, \u00feeir uxar og eykir sem akurl\u00f6ndin yrkja munu sammenga\u00f0 korn \u00e9ta, hvert a\u00f0 hreinsa\u00f0 er me\u00f0 vindsk\u00f3flunni og kastrekunni og upp \u00e1 h\u00e1fj\u00f6llum og st\u00f3rh\u00e6\u00f0um munu a\u00f0skiljanlegir vatsl\u00e6kir framflj\u00f3ta \u00e1 t\u00edmanum \u00feess mikla manndr\u00e1psins n\u00e6r e\u00f0 turnarnir ni\u00f0ur falla og lj\u00f3si\u00f0 tunglsins mun vera l\u00edka sem lj\u00f3si\u00f0 s\u00f3larinnar og s\u00f3larlj\u00f3si\u00f0 mun sj\u00f6falt st\u00e6rra vera en n\u00fa er \u00fea\u00f0, \u00e1 \u00feeim t\u00edma n\u00e6r e\u00f0 Drottinn bindur um s\u00e1rin s\u00edns f\u00f3lks og gr\u00e6\u00f0ir \u00feeirra \u00e1komur.<\/p>\n<p>\tSj\u00e1 \u00fe\u00fa, nafni\u00f0 Drottins kemur \u00fat af fjarl\u00e6g\u00f0, hans rei\u00f0i h\u00fan brennur og er mj\u00f6g \u00feung a\u00f0 bera, hans varir eru fullar me\u00f0 rimmd og hans tunga sem einn forey\u00f0andi eldur og hans andarbl\u00e1stur l\u00edka sem einn dynjandi vatsstraumur hver e\u00f0 tekur allt upp \u00e1 mi\u00f0jan h\u00e1ls, til a\u00f0 sundurdreifa hei\u00f0num \u00fej\u00f3\u00f0um \u00feanga\u00f0 til a\u00f0 \u00fe\u00e6r ver\u00f0a a\u00f0 \u00f6ngu og dreifa f\u00f3kinu hinga\u00f0 og \u00feanga\u00f0 me\u00f0ur beisltaumum \u00ed \u00feeirra kjafti. <span class=\"athugasemd\" title=\"Forey\u00f0sla \u00feeirra Assyrys\">[<\/span> \u00de\u00e1 munu \u00fe\u00e9r syngja l\u00edka sem \u00e1 einni st\u00f3rh\u00e1t\u00ed\u00f0sn\u00f3tt og gle\u00f0ja y\u00f0ur af hjarta l\u00edka so sem \u00fe\u00e1 n\u00e6r e\u00f0 \u00fe\u00e9r gangi\u00f0 me\u00f0 p\u00edpnahlj\u00f3\u00f0um til fjallsins Drottins, til Hins \u00f6fluga \u00cdsraels.<\/p>\n<p>\tOg Drottinn mun heyra l\u00e1ta s\u00edna d\u00fdr\u00f0lega raust so a\u00f0 \u00feeir sj\u00e1i hans \u00fatr\u00e9ttan armlegg me\u00f0ur rei\u00f0uglegri \u00f3gn og me\u00f0 loga \u00feess forey\u00f0andi eldsins, me\u00f0 geislum, me\u00f0 str\u00ed\u00f0u regni og st\u00f3ru hagli, \u00fea\u00f0 Ass\u00far munskelfast fyrir raust Drottins hver hann sl\u00e6r me\u00f0 vendinum, \u00fea\u00f0 v\u00f6ndurinn mun me\u00f0 \u00f6llu \u00ed gegnum ganga og beint \u00e1h\u00e6fa, n\u00e6r e\u00f0 Drottinn mun hann koma l\u00e1ta yfir hann, me\u00f0ur bumbum og h\u00f6rpum og alls sta\u00f0ar \u00ed m\u00f3ti \u00feeim a\u00f0 str\u00ed\u00f0a. \u00dev\u00ed a\u00f0 gr\u00f6fin er \u00feegar \u00ed g\u00e6rdag rei\u00f0ub\u00fain, j\u00e1 s\u00fa hin sama einnin k\u00f3nginum fyrirb\u00fain, dj\u00fap og n\u00f3gu v\u00ed\u00f0, so er og s\u00fa byggingin \u00fear inni eldur og n\u00f3glegur brennivi\u00f0ur. S\u00e1 andarbl\u00e1sturinn Drottins mun upptendra \u00fea\u00f0 l\u00edka sem a\u00f0ra brennisteins afr\u00e1s.<\/p>\n","protected":false},"excerpt":{"rendered":"<p>XXX. Vei \u00feeim fr\u00e1hverfum b\u00f6rnum, segir Drottinn, sem \u00e1n m\u00edn taka sitt r\u00e1\u00f0 og \u00e1n m\u00edns anda hl\u00edf\u00f0ar leita, til a\u00f0 auka einni syndinni yfir a\u00f0ra, \u00feeir sem ofanfara \u00ed Egyptaland og a\u00f0spyrja ekki minn munn so a\u00f0 \u00feeir styrki sig me\u00f0 magt pharaonis og hl\u00edfi s\u00e9r undir skugganum Egyptalands. [ \u00dev\u00ed a\u00f0 s\u00e1 styrkleikur pharaonis skal y\u00f0ur til skammar sn\u00faast og s\u00fa hl\u00edf\u00f0in undir skugganum Egyptalands a\u00f0 sm\u00e1n ver\u00f0a. \u00deeirra h\u00f6f\u00f0ingjar hafa vel veri\u00f0 til S\u00f3an og \u00feeirra sendibo\u00f0 hefir komi\u00f0 til Hanes. En \u00feeir hlj\u00f3ta \u00fe\u00f3 allir til skammar a\u00f0 ver\u00f0a yfir \u00fev\u00ed f\u00f3lkinu sem \u00feeim kann engin <a href=\"https:\/\/biblian.is\/gudbrandsbiblia\/jesaja-30-kafli\/\"> [&#8230;]<\/a><\/p>\n","protected":false},"author":1,"featured_media":0,"parent":0,"menu_order":0,"comment_status":"open","ping_status":"open","template":"bibliukaflar.php","meta":{"footnotes":""},"class_list":["post-3403","page","type-page","status-publish","hentry"],"_links":{"self":[{"href":"https:\/\/biblian.is\/gudbrandsbiblia\/wp-json\/wp\/v2\/pages\/3403","targetHints":{"allow":["GET"]}}],"collection":[{"href":"https:\/\/biblian.is\/gudbrandsbiblia\/wp-json\/wp\/v2\/pages"}],"about":[{"href":"https:\/\/biblian.is\/gudbrandsbiblia\/wp-json\/wp\/v2\/types\/page"}],"author":[{"embeddable":true,"href":"https:\/\/biblian.is\/gudbrandsbiblia\/wp-json\/wp\/v2\/users\/1"}],"replies":[{"embeddable":true,"href":"https:\/\/biblian.is\/gudbrandsbiblia\/wp-json\/wp\/v2\/comments?post=3403"}],"version-history":[{"count":0,"href":"https:\/\/biblian.is\/gudbrandsbiblia\/wp-json\/wp\/v2\/pages\/3403\/revisions"}],"wp:attachment":[{"href":"https:\/\/biblian.is\/gudbrandsbiblia\/wp-json\/wp\/v2\/media?parent=3403"}],"curies":[{"name":"wp","href":"https:\/\/api.w.org\/{rel}","templated":true}]}}