{"id":3402,"date":"2017-12-18T18:33:33","date_gmt":"2017-12-18T18:33:33","guid":{"rendered":"http:\/\/biblian.is\/gudbrandsbiblia\/jesaja-29-kafli\/"},"modified":"2017-12-18T18:33:33","modified_gmt":"2017-12-18T18:33:33","slug":"jesaja-29-kafli","status":"publish","type":"page","link":"https:\/\/biblian.is\/gudbrandsbiblia\/jesaja-29-kafli\/","title":{"rendered":"Jesaja 29. kafli"},"content":{"rendered":"<p>XXIX.<\/p>\n<p>Vei Ar\u00edel, Ar\u00edel, \u00fe\u00fa borgin herb\u00fa\u00f0anna Dav\u00ed\u00f0s! <span class=\"athugasemd\" title=\"Sp\u00e1d\u00f3mur \u00fat af \u00feeirri s\u00ed\u00f0ustu forey\u00f0slu Jer\u00fasalem \u00fev\u00ed Ar\u00edel merkir h\u00e9r Jer\u00fasalem\">[<\/span> \u00de\u00e9r haldi\u00f0 \u00e1rt\u00ed\u00f0ir og helgadaga. En eg vil veita angist Ar\u00edel so a\u00f0 h\u00fan s\u00e9 hrygg og syrgjandi og h\u00fan skal m\u00e9r ein r\u00e9tt Ar\u00edel vera. \u00dev\u00ed a\u00f0 eg vil umkringja \u00feig og angra \u00feig me\u00f0 hervirki og torfveggi gj\u00f6ra l\u00e1ta til ums\u00e1turs kringum \u00feig. \u00de\u00e1 so skaltu ni\u00f0url\u00e6g\u00f0 ver\u00f0a og \u00far j\u00f6r\u00f0u tala og \u00fat \u00far moldardufti me\u00f0ur \u00fe\u00ednu m\u00e1li m\u00f6gla so a\u00f0 \u00fe\u00edn raust s\u00e9 l\u00edka sem eins galdramanns ne\u00f0an \u00far j\u00f6r\u00f0unni og burt \u00far moldinni \u00fathv\u00e6sa \u00fe\u00ednu m\u00e1li. Og s\u00e1 mannfj\u00f6ldinn sem \u00fe\u00e9r mun \u00ed sundurdreifa mun so margur vera sem moldarryk og s\u00e1 fj\u00f6ldinn v\u00edkinganna sem fj\u00fakandi agnir og \u00fea\u00f0 sama skal snart og skyndilega ske. \u00dev\u00ed a\u00f0 \u00fe\u00edn mun af Drottni Seba\u00f3t vitja\u00f0 ver\u00f0a me\u00f0 st\u00f3rvi\u00f0ri og jar\u00f0skj\u00e1lfta og miklum rei\u00f0ar\u00ferumum, me\u00f0 stormvindi og \u00f3ve\u00f0r\u00e1ttu og me\u00f0 loga \u00feess forey\u00f0anda eldsins. <span class=\"athugasemd\" title=\"R\u00f3mverjar\">[<\/span> <\/p>\n<p>\tEn l\u00edka sem ein s\u00fdn \u00e1 n\u00f3ttinni \u00ed svefninum, so skal vera s\u00e1 fj\u00f6ldinn allra hei\u00f0inna \u00fej\u00f3\u00f0a sem str\u00ed\u00f0a \u00e1 m\u00f3ti Ar\u00edel \u00e1samt me\u00f0 \u00f6llu \u00feeirra li\u00f0i og hervirki sem hann angra og umsitja. <span class=\"athugasemd\" title=\"Ein h\u00f3tan \u00ed gegn \u00feeim r\u00f3mversku\">[<\/span> \u00dev\u00ed a\u00f0 l\u00edka so sem a\u00f0 hungra\u00f0an dreymir \u00fea\u00f0 hann \u00feykist matar neyta en n\u00e6r e\u00f0 hann vaknar \u00fe\u00e1 er hans s\u00e1la samt t\u00f3m, l\u00edka sem a\u00f0 \u00feyrstan dreymir \u00fea\u00f0 hann muni drekka en n\u00e6r e\u00f0 hann vaknar \u00fe\u00e1 er hann m\u00e1ttlaus og \u00feyrstur, so skal vera allur s\u00e1 fj\u00f6ldinn hei\u00f0inna \u00fej\u00f3\u00f0a sem str\u00ed\u00f0ir \u00e1 m\u00f3ti \u00fev\u00ed fjallinu S\u00edon.<\/p>\n<p>\tVer\u00f0i\u00f0 felmsfullir og ni\u00f0urslegnir, forblindi\u00f0 y\u00f0ur og ver\u00f0i\u00f0 drukknir og \u00fe\u00f3 ekki af v\u00ednino. <span class=\"athugasemd\" title=\"Blindleiki og forher\u00f0ing Gy\u00f0inga\">[<\/span> Um koll veltist, \u00fe\u00f3 ekki af sterka drykk. \u00dev\u00ed a\u00f0 Drottinn hefir innskenkt y\u00f0ur einn anda \u00feess fasta svefnsins og tillukt y\u00f0var augu, y\u00f0ra sp\u00e1menn og h\u00f6f\u00f0ingja, \u00e1samt \u00feeim sj\u00e1\u00f6ndum hefir hann blinda\u00f0, so \u00fea\u00f0 sj\u00f3nir allra y\u00f0ar sp\u00e1manna munu vera l\u00edka sem or\u00f0 einnrar innsigla\u00f0rar b\u00f3kar. Hver helst ef a\u00f0 h\u00fan ver\u00f0ur fengin \u00feeim e\u00f0 lesa kann og sagt so: &#8222;Les \u00fe\u00fa hana&#8220; og hann segir: &#8222;Eg kann ekki \u00fev\u00ed a\u00f0 h\u00fan er innsiglu\u00f0.&#8220; E\u00f0a l\u00edka so sem \u00fe\u00e1 n\u00e6r e\u00f0 h\u00fan yr\u00f0i \u00feeim fengin sem ekki kann a\u00f0 lesa og hann seg\u00f0i: &#8222;Les \u00fe\u00fa hana&#8220; og hinn svarar: &#8222;Eg kann ekki a\u00f0 lesa.&#8220;<\/p>\n<p>\tOg Drottinn segir: <span class=\"athugasemd\" title=\"Math. xv. \/ i. Cor. i.\">[<\/span> \u00dear fyrir a\u00f0 f\u00f3lk \u00feetta n\u00e1l\u00e6gir sig til m\u00edn me\u00f0 s\u00ednum munni og hei\u00f0rar mig me\u00f0 s\u00ednum v\u00f6rum en \u00feeirra hjarta er langt fr\u00e1 m\u00e9r og \u00f3ttast mig eftir manna uppsetningum sem \u00feeir kenna, \u00fear fyrir vil eg og einnin undarlegana umganga me\u00f0 \u00feessu f\u00f3lki, j\u00e1 hi\u00f0 allra undarlegasta og sjalds\u00fdnilegasta so a\u00f0 spekin \u00feeirra spekinga undir gangi og \u00fea\u00f0 skynsemin vitringanna forblindu\u00f0 ver\u00f0i.<\/p>\n<p>\tVei \u00feeim sem a\u00f0 duldir vilja vera fyrir Drottni til a\u00f0 fela s\u00edna \u00e1stundan og s\u00edna gj\u00f6rninga a\u00f0 halda \u00ed myrkrinu og segja: &#8222;Hver s\u00e9r oss og hver \u00feekkir oss?&#8220; Hvernin eru \u00fe\u00e9r so umsn\u00fanir? L\u00edka so sem \u00fe\u00e1 a\u00f0 hugsa\u00f0i m\u00f3rinn leirsmi\u00f0sins so og \u00fea\u00f0 verki\u00f0 seg\u00f0i af s\u00ednum meistara: &#8222;Hann hefir mig ekki gj\u00f6rt&#8220; og leirpotturinn seg\u00f0i af s\u00ednum smi\u00f0: &#8222;Hann \u00feekkir mig ekki.&#8220; N\u00fa vel, \u00fea\u00f0 er n\u00fa um eina mj\u00f6g litla stund a\u00f0 gj\u00f6ra, \u00fe\u00e1 skal <span class=\"athugasemd\" title=\"a \/ L\u00edbanon) er Jer\u00fasalem hver e\u00f0 af L\u00edbansvi\u00f0i var bygg\u00f0\">[<\/span> L\u00edbanon eitt sl\u00e9ttlendi ver\u00f0a og \u00fea\u00f0 sl\u00e9ttlendi skal fyrir sk\u00f3g reikna\u00f0 ver\u00f0a.<\/p>\n<p>\t\u00dev\u00ed a\u00f0 \u00e1 \u00feeim sama t\u00edma munu hinir daufu heyra or\u00f0in b\u00f3karinnar og augun blindra munu sj\u00e1 \u00far myrkrinu og dimmunni og hinir f\u00e1r\u00e1\u00f0u munu a\u00f0 n\u00fdju gle\u00f0jast \u00ed Drottni og hinir f\u00e1t\u00e6ku me\u00f0al mannanna munu gla\u00f0ir vera \u00ed \u00deeim heilaga \u00cdsrael n\u00e6r e\u00f0 \u00feeir v\u00edkingarnir hafa einn enda og \u00fea\u00f0 mun \u00fatgj\u00f6rt vera um \u00fe\u00e1 sp\u00e9arana og a\u00f0 \u00feeir allir afm\u00e1\u00f0ir ver\u00f0i sem vaka til \u00feess a\u00f0 uppbyrja <span class=\"athugasemd\" title=\"b \/ (M\u00e6\u00f0u) rangan l\u00e6rd\u00f3m og verk\">[<\/span> m\u00e6\u00f0una, hverjir a\u00f0 \u00fea\u00f0 gj\u00f6ra a\u00f0 mennirnir syndgast fyrir \u00fe\u00e1 pr\u00e9dikan og veita \u00feeim eftirf\u00f6r sem \u00fe\u00e1 \u00e1saka \u00ed portinu og burtsn\u00faa fyrir lygar \u00ed fr\u00e1 hinum r\u00e9ttfer\u00f0uga. <span class=\"athugasemd\" title=\"Kallan hei\u00f0ingja til tr\u00faarinnar\">[<\/span> <\/p>\n<p>\t\u00dear fyrir segir Drottinn sem frelsa\u00f0 hefir Abraham so til h\u00fassins Jakobs: Jakob skal ekki meir til skammar ver\u00f0a og hans andlit skal ekki meir skammast s\u00edn \u00fev\u00ed a\u00f0 n\u00e6r e\u00f0 \u00feeir sj\u00e1 s\u00edn b\u00f6rn, \u00feau verkin minna handa \u00e1 me\u00f0al s\u00edn, \u00fe\u00e1 munu \u00feeir helga mitt nafn og \u00feeir munu helga \u00feann Hinn heilaga \u00ed Jakob og \u00f3ttast \u00feann Gu\u00f0 \u00cdsraels. \u00dev\u00ed a\u00f0 \u00feeir sem soddan villuanda hafa munu skilninginn me\u00f0taka og \u00feeir \u00fev\u00e6ttarar munu sig mennta l\u00e1ta.<\/p>\n","protected":false},"excerpt":{"rendered":"<p>XXIX. Vei Ar\u00edel, Ar\u00edel, \u00fe\u00fa borgin herb\u00fa\u00f0anna Dav\u00ed\u00f0s! [ \u00de\u00e9r haldi\u00f0 \u00e1rt\u00ed\u00f0ir og helgadaga. En eg vil veita angist Ar\u00edel so a\u00f0 h\u00fan s\u00e9 hrygg og syrgjandi og h\u00fan skal m\u00e9r ein r\u00e9tt Ar\u00edel vera. \u00dev\u00ed a\u00f0 eg vil umkringja \u00feig og angra \u00feig me\u00f0 hervirki og torfveggi gj\u00f6ra l\u00e1ta til ums\u00e1turs kringum \u00feig. \u00de\u00e1 so skaltu ni\u00f0url\u00e6g\u00f0 ver\u00f0a og \u00far j\u00f6r\u00f0u tala og \u00fat \u00far moldardufti me\u00f0ur \u00fe\u00ednu m\u00e1li m\u00f6gla so a\u00f0 \u00fe\u00edn raust s\u00e9 l\u00edka sem eins galdramanns ne\u00f0an \u00far j\u00f6r\u00f0unni og burt \u00far moldinni \u00fathv\u00e6sa \u00fe\u00ednu m\u00e1li. Og s\u00e1 mannfj\u00f6ldinn sem \u00fe\u00e9r mun \u00ed sundurdreifa mun so <a href=\"https:\/\/biblian.is\/gudbrandsbiblia\/jesaja-29-kafli\/\"> [&#8230;]<\/a><\/p>\n","protected":false},"author":1,"featured_media":0,"parent":0,"menu_order":0,"comment_status":"open","ping_status":"open","template":"bibliukaflar.php","meta":{"footnotes":""},"class_list":["post-3402","page","type-page","status-publish","hentry"],"_links":{"self":[{"href":"https:\/\/biblian.is\/gudbrandsbiblia\/wp-json\/wp\/v2\/pages\/3402","targetHints":{"allow":["GET"]}}],"collection":[{"href":"https:\/\/biblian.is\/gudbrandsbiblia\/wp-json\/wp\/v2\/pages"}],"about":[{"href":"https:\/\/biblian.is\/gudbrandsbiblia\/wp-json\/wp\/v2\/types\/page"}],"author":[{"embeddable":true,"href":"https:\/\/biblian.is\/gudbrandsbiblia\/wp-json\/wp\/v2\/users\/1"}],"replies":[{"embeddable":true,"href":"https:\/\/biblian.is\/gudbrandsbiblia\/wp-json\/wp\/v2\/comments?post=3402"}],"version-history":[{"count":0,"href":"https:\/\/biblian.is\/gudbrandsbiblia\/wp-json\/wp\/v2\/pages\/3402\/revisions"}],"wp:attachment":[{"href":"https:\/\/biblian.is\/gudbrandsbiblia\/wp-json\/wp\/v2\/media?parent=3402"}],"curies":[{"name":"wp","href":"https:\/\/api.w.org\/{rel}","templated":true}]}}