{"id":3401,"date":"2017-12-18T18:33:33","date_gmt":"2017-12-18T18:33:33","guid":{"rendered":"http:\/\/biblian.is\/gudbrandsbiblia\/jesaja-28-kafli\/"},"modified":"2017-12-18T18:33:33","modified_gmt":"2017-12-18T18:33:33","slug":"jesaja-28-kafli","status":"publish","type":"page","link":"https:\/\/biblian.is\/gudbrandsbiblia\/jesaja-28-kafli\/","title":{"rendered":"Jesaja 28. kafli"},"content":{"rendered":"<p>XXVIII.<\/p>\n<p>Vei \u00fe\u00e9r pr\u00fd\u00f0ilegri k\u00f3r\u00f3nu hinna fordrukknu af Efra\u00edm, \u00feeim f\u00f6lnu\u00f0um bl\u00f3mstrum hennar listilegrar pr\u00fd\u00f0i, hver e\u00f0 stendur \u00e1 h\u00e6\u00f0inni upp yfir einum feitum dal, \u00feeirra hina s\u00f6mu sem um koll velta v\u00ednino! <span class=\"athugasemd\" title=\"Sp\u00e1d\u00f3mur um fordj\u00f6rfun \u00feeirra Salmana og Senaker\u00edb\">[<\/span> Sj\u00e1 \u00fe\u00fa, a\u00f0 einn sterkur, voldugur mann af Drottni, l\u00edka sem ein haglhr\u00ed\u00f0, l\u00edka sem eitt ska\u00f0samt hretvi\u00f0ri, l\u00edka sem einn \u00e1rfoss drynjandi vatna mun hann me\u00f0 valdi innl\u00e1tinn \u00ed landi\u00f0 so \u00fea\u00f0 hin pr\u00fd\u00f0ilega k\u00f3r\u00f3na hinna fordrukknu af Efra\u00edm ver\u00f0i me\u00f0 f\u00f3tum ni\u00f0urtro\u00f0in og \u00fea\u00f0 f\u00f6lna\u00f0a bl\u00f3mstri\u00f0 hennar lj\u00faflegrar pr\u00fd\u00f0i hvert e\u00f0 stendur upp yfir einum feitum dal mun vera l\u00edka sem frosth\u00e9la \u00e1 sumart\u00edma hver e\u00f0 ni\u00f0urbr\u00e1\u00f0nar \u00fe\u00e1 e\u00f0 h\u00fan s\u00e9st enn hanga \u00e1 s\u00ednum kvisti.<\/p>\n<p>\t\u00c1 \u00feeim t\u00edma mun Drottinn Seba\u00f3t vera ein elskuleg k\u00f3r\u00f3na og einn pr\u00fd\u00f0ilegur krans \u00fev\u00ed s\u00ednu f\u00f3lki sem eftir er bl\u00edfi\u00f0 og \u00feeim einn andi d\u00f3msins sem \u00ed d\u00f3minum sitja og styrkleikur \u00feeim sem \u00ed fr\u00e1 str\u00ed\u00f0inu koma aftur til borgarhli\u00f0sins.<\/p>\n<p>\t\u00dear me\u00f0 eru \u00feessir einnin v\u00edngaldir vor\u00f0nir og hrasa af sterkum drykk \u00fev\u00ed a\u00f0 hvorirtveggu presturinn og prophetinn eru galdir af drykkjuskap, drekktir \u00ed v\u00edn\u00ednu og detta um koll af sterkum drykk, \u00feeir galast \u00ed sp\u00e1d\u00f3minum og \u00fatsp\u00fdja d\u00f3msatkv\u00e6\u00f0i\u00f0. \u00dev\u00ed a\u00f0 \u00f6ll matbor\u00f0 eru full me\u00f0 sp\u00fdju og \u00f3\u00feekkt \u00fat \u00ed \u00f6llum st\u00f6\u00f0um.<\/p>\n<p>\tHverjum skal hann \u00fe\u00e1 kenna \u00fe\u00e1 vi\u00f0urkenningina? <span class=\"athugasemd\" title=\"F\u00e1t\u00e6kum ver\u00f0ur evangelium pr\u00e9dika\u00f0\">[<\/span> Hverjum skal hann \u00fe\u00e1 gefa a\u00f0 skilja \u00fe\u00e1 pr\u00e9dikunina? \u00deeim sem afvandir eru af mj\u00f3lkinni, \u00feeim sem \u00ed burt teknir eru af brj\u00f3stunum. \u00dev\u00ed a\u00f0 <span class=\"athugasemd\" title=\"a \/ \u00deeir spottarar\">[<\/span> \u00feeir segja: &#8222;Bj\u00f3ddu h\u00e9r, bj\u00f3ddu \u00fear, bj\u00f3ddu h\u00e9r, bj\u00f3ddu \u00fear, b\u00edddu h\u00e9r, b\u00edddu \u00fear, b\u00edddu h\u00e9r, b\u00edddu \u00fear, h\u00e9r nokku\u00f0 l\u00edti\u00f0, \u00fear nokku\u00f0 l\u00edti\u00f0.&#8220;<\/p>\n<p>\tN\u00fa vel, hann mun eitthvert sinn me\u00f0 h\u00e1gj\u00f6rnum v\u00f6rum og me\u00f0 annarlegri tungu tala til f\u00f3lks \u00feessa hverju e\u00f0 \u00feetta ver\u00f0ur n\u00fa pr\u00e9dika\u00f0 \u00fe\u00e1 \u00feeir hafa \u00fear hv\u00edld, \u00fe\u00e1 endurn\u00e6ra \u00feeir sig sem af m\u00e6\u00f0i eru af s\u00e9r komnir, \u00fe\u00e1 sitja \u00feeir um kyrrt og vilja \u00fe\u00f3 ekki svoddan pr\u00e9dikan. \u00dear fyrir skal \u00feeim einnin or\u00f0 Drottins jafnt so ver\u00f0a: &#8222;Bj\u00f3ddu \u00fear, bj\u00f3ddu h\u00e9r, bj\u00f3ddu \u00fear, bj\u00f3ddu hinga\u00f0, b\u00edddu h\u00e9r, b\u00edddu \u00fear, b\u00edddu h\u00e9r, b\u00edddu \u00fear, h\u00e9r nokku\u00f0 l\u00edti\u00f0, \u00fear nokku\u00f0 l\u00edti\u00f0&#8220; svo a\u00f0 \u00feeir \u00ed burt gangi og \u00e1 bak aftur falli, forey\u00f0ist, fj\u00f6tra\u00f0ir og fanga\u00f0ir ver\u00f0i.<\/p>\n<p>\tAf \u00fev\u00ed \u00fe\u00e1 heyri\u00f0 n\u00fa Drottins, \u00fe\u00e9r spottarar, \u00fe\u00e9r sem drottni\u00f0 yfir \u00feessu f\u00f3lki sem til Jer\u00fasalem er, \u00fea\u00f0 \u00fe\u00e9r segi\u00f0 svo: &#8222;S\u00e1ttm\u00e1la h\u00f6fum v\u00e9r gj\u00f6rt vi\u00f0 dau\u00f0ann og samt\u00f6k haft vi\u00f0 helv\u00edti\u00f0. N\u00e6r e\u00f0 vatnsfl\u00f3\u00f0i\u00f0 a\u00f0 kemur \u00fe\u00e1 mun \u00fea\u00f0 ekki yfir oss koma \u00fev\u00ed a\u00f0 v\u00e9r h\u00f6fum lygina gj\u00f6rt oss a\u00f0 athvarfi og hr\u00e6snina vora hl\u00edf\u00f0arvernd.&#8220;<\/p>\n<p>\t\u00dear fyrir segir Drottinn Drottinn: <span class=\"athugasemd\" title=\"Sp\u00e1d\u00f3mur \u00fat af r\u00edkinu Christi \/ S\u00e1l. cxviiy. \/ R\u00f3m. x. \/ Act. iiy. \/ i. Par. xx.\">[<\/span> Sj\u00e1 \u00fe\u00fa, a\u00f0 eg legg \u00ed S\u00edon einn grundvallarstein, einn pr\u00f3funarstein, einn kostulegan hyrningarstein sem vel er grundvalla\u00f0ur. Hver hann tr\u00fair s\u00e1 fl\u00fdr ekki. Og eg mun d\u00f3minn setja til m\u00e6lissn\u00f6ru og r\u00e9ttv\u00edsina til vigtar. \u00de\u00e1 mun hagli\u00f0 \u00fea\u00f0 falska athvarfi\u00f0 fordr\u00edfa og v\u00f6tnin skulu \u00feeirri verndarhl\u00edf\u00f0inni \u00ed burt fleyta so a\u00f0 y\u00f0var s\u00e1ttm\u00e1li vi\u00f0 dau\u00f0ann ver\u00f0i laus og y\u00f0vart samtak vi\u00f0 helv\u00edti\u00f0 hafi \u00f6ngvan sta\u00f0. Og n\u00e6r e\u00f0 vatsfl\u00f3\u00f0i\u00f0 kemur \u00fe\u00e1 mun \u00fea\u00f0 yfir y\u00f0ur dynja, jafnsnart sem \u00fea\u00f0 kemur \u00fe\u00e1 mun \u00fea\u00f0 y\u00f0ur \u00ed burt taka. Kemur \u00fea\u00f0 \u00e1 morgni dags \u00fe\u00e1 sker \u00fea\u00f0 a\u00f0 morgni dags, l\u00edka so einnin hvert \u00fea\u00f0 kemur daga e\u00f0ur n\u00e6tur. \u00dev\u00ed a\u00f0 alleinasta \u00fevingunin gefur skilninginn til a\u00f0 merkja or\u00f0i\u00f0, \u00fea\u00f0 s\u00e6ngin er so \u00fer\u00f6ng a\u00f0 \u00fear veitir ekki af og \u00e1brei\u00f0an svo stutt a\u00f0 \u00feeir ver\u00f0a a\u00f0 kreppa sig \u00fear undir. \u00dev\u00ed a\u00f0 Drottinn mun taka sig upp l\u00edka so sem \u00e1 fjallinu Pras\u00edm og rei\u00f0ast l\u00edka sem \u00ed dalnum G\u00edbeon so a\u00f0 hann gj\u00f6ri sitt verk me\u00f0 einum \u00f6\u00f0rum h\u00e6tti og \u00fea\u00f0 hann gj\u00f6ri sitt erfi\u00f0i me\u00f0 \u00f6\u00f0rum m\u00f3ti. <span class=\"athugasemd\" title=\"Pras\u00edm \/ G\u00edbeonsdalur \/ Josue xvi. \/ y. Reg. v. \/ i. Par. xv.\">[<\/span> <\/p>\n<p>\t\u00dev\u00ed l\u00e1ti\u00f0 n\u00fa af y\u00f0rum sp\u00e9skap so a\u00f0 y\u00f0var fj\u00f6tran ver\u00f0i ekki har\u00f0ari \u00fev\u00ed a\u00f0 eg hefi heyrt eina forey\u00f0slu og afm\u00e1ning sem ske mun af Drottni Drottni Seba\u00f3t \u00ed allri ver\u00f6ldinni. <\/p>\n<p>\tL\u00e1ti\u00f0 y\u00f0ur \u00ed eyrum lo\u00f0a og heyri\u00f0 m\u00edna raust, hyggi\u00f0 vel a\u00f0 \u00fev\u00ed og heyri\u00f0 m\u00edna r\u00e6\u00f0u. Hvort pl\u00e6gir e\u00f0a erjar e\u00f0ur erfi\u00f0ar einnin akurkarlinn me\u00f0 jafna\u00f0i sinn akur til korns\u00e6\u00f0is? Er ei so a\u00f0 \u00fe\u00e1 n\u00e6r e\u00f0 hann hefir gj\u00f6rt hann jafnsl\u00e9ttan \u00fe\u00e1 s\u00e1ir hann kornin og dreifir fr\u00e6inu og s\u00e1ir hveitinu og bygginu, einu s\u00e9rhverju \u00ed \u00feann sta\u00f0 e\u00f0 hann vill hafa \u00fea\u00f0 og \u00fe\u00e6r a\u00f0rar grasajurtir \u00ed sinn sta\u00f0? L\u00edka so agar \u00fe\u00e1 \u00feeirra Gu\u00f0 me\u00f0 d\u00f3mi og menntar \u00fe\u00e1 \u00fev\u00ed a\u00f0 jurtafr\u00e6i\u00f0 \u00fereskist ekki me\u00f0 \u00feustum, svo ver\u00f0ur og ekki vagnhj\u00f3li\u00f0 dregi\u00f0 yfir korns\u00e6\u00f0i\u00f0 heldur sl\u00e1 \u00feeir \u00fea\u00f0 jurtras\u00e6\u00f0i\u00f0 \u00ed burt af me\u00f0 einum vendi og \u00feau sm\u00e1 fr\u00e6kornin me\u00f0 einum kepp. \u00deeir mala \u00fea\u00f0 so a\u00f0 \u00fear gj\u00f6rist brau\u00f0 af og \u00ed sundur\u00fereskja \u00fea\u00f0 ekki so me\u00f0 \u00f6llu a\u00f0 \u00fea\u00f0 ver\u00f0i a\u00f0 \u00f6ngu, l\u00edka sem \u00fe\u00e1 n\u00e6r e\u00f0 \u00fea\u00f0 yr\u00f0i me\u00f0 vagnahj\u00f3lum og hestaf\u00f3tum \u00ed sundurmari\u00f0. Svodan sker einnin af Drottni Seba\u00f3t. \u00dev\u00ed a\u00f0 hans r\u00e1\u00f0 er d\u00e1samlegt og kemur \u00fev\u00ed merkilegana af sta\u00f0.<\/p>\n","protected":false},"excerpt":{"rendered":"<p>XXVIII. Vei \u00fe\u00e9r pr\u00fd\u00f0ilegri k\u00f3r\u00f3nu hinna fordrukknu af Efra\u00edm, \u00feeim f\u00f6lnu\u00f0um bl\u00f3mstrum hennar listilegrar pr\u00fd\u00f0i, hver e\u00f0 stendur \u00e1 h\u00e6\u00f0inni upp yfir einum feitum dal, \u00feeirra hina s\u00f6mu sem um koll velta v\u00ednino! [ Sj\u00e1 \u00fe\u00fa, a\u00f0 einn sterkur, voldugur mann af Drottni, l\u00edka sem ein haglhr\u00ed\u00f0, l\u00edka sem eitt ska\u00f0samt hretvi\u00f0ri, l\u00edka sem einn \u00e1rfoss drynjandi vatna mun hann me\u00f0 valdi innl\u00e1tinn \u00ed landi\u00f0 so \u00fea\u00f0 hin pr\u00fd\u00f0ilega k\u00f3r\u00f3na hinna fordrukknu af Efra\u00edm ver\u00f0i me\u00f0 f\u00f3tum ni\u00f0urtro\u00f0in og \u00fea\u00f0 f\u00f6lna\u00f0a bl\u00f3mstri\u00f0 hennar lj\u00faflegrar pr\u00fd\u00f0i hvert e\u00f0 stendur upp yfir einum feitum dal mun vera l\u00edka sem frosth\u00e9la \u00e1 sumart\u00edma <a href=\"https:\/\/biblian.is\/gudbrandsbiblia\/jesaja-28-kafli\/\"> [&#8230;]<\/a><\/p>\n","protected":false},"author":1,"featured_media":0,"parent":0,"menu_order":0,"comment_status":"open","ping_status":"open","template":"bibliukaflar.php","meta":{"footnotes":""},"class_list":["post-3401","page","type-page","status-publish","hentry"],"_links":{"self":[{"href":"https:\/\/biblian.is\/gudbrandsbiblia\/wp-json\/wp\/v2\/pages\/3401","targetHints":{"allow":["GET"]}}],"collection":[{"href":"https:\/\/biblian.is\/gudbrandsbiblia\/wp-json\/wp\/v2\/pages"}],"about":[{"href":"https:\/\/biblian.is\/gudbrandsbiblia\/wp-json\/wp\/v2\/types\/page"}],"author":[{"embeddable":true,"href":"https:\/\/biblian.is\/gudbrandsbiblia\/wp-json\/wp\/v2\/users\/1"}],"replies":[{"embeddable":true,"href":"https:\/\/biblian.is\/gudbrandsbiblia\/wp-json\/wp\/v2\/comments?post=3401"}],"version-history":[{"count":0,"href":"https:\/\/biblian.is\/gudbrandsbiblia\/wp-json\/wp\/v2\/pages\/3401\/revisions"}],"wp:attachment":[{"href":"https:\/\/biblian.is\/gudbrandsbiblia\/wp-json\/wp\/v2\/media?parent=3401"}],"curies":[{"name":"wp","href":"https:\/\/api.w.org\/{rel}","templated":true}]}}