{"id":3400,"date":"2017-12-18T18:33:33","date_gmt":"2017-12-18T18:33:33","guid":{"rendered":"http:\/\/biblian.is\/gudbrandsbiblia\/jesaja-27-kafli\/"},"modified":"2017-12-18T18:33:33","modified_gmt":"2017-12-18T18:33:33","slug":"jesaja-27-kafli","status":"publish","type":"page","link":"https:\/\/biblian.is\/gudbrandsbiblia\/jesaja-27-kafli\/","title":{"rendered":"Jesaja 27. kafli"},"content":{"rendered":"<p>XXVII.<\/p>\n<p>\u00c1 \u00feeim t\u00edma mun Drottinn vitja me\u00f0 s\u00ednu h\u00f6r\u00f0u mikla og sterka sver\u00f0i, b\u00e6\u00f0i \u00feess levjatans sem einn sl\u00e9ttur h\u00f6ggormur er og \u00feess levjatans sem einn bj\u00fagur h\u00f6ggormur er og hann mun drepa \u00feann drekann sem \u00ed sj\u00f3num er. <span class=\"athugasemd\" title=\"Vitjun \u00feeirra megtugu k\u00f3ngar\u00edkjanna\">[<\/span> <\/p>\n<p>\t\u00c1 \u00feeim t\u00edma mun sungi\u00f0 vera af v\u00edngar\u00f0inum hins besta v\u00ednsins. <span class=\"athugasemd\" title=\"Kristileg kirkja\">[<\/span> Eg, Drottinn, geymi hann og v\u00f6kva hann snarlega so hans laufbl\u00f6\u00f0 missist ekki, eg vil b\u00e6\u00f0i dag og n\u00f3tt b\u00edvara hann.<\/p>\n<p>\tGu\u00f0 hann er m\u00e9r rei\u00f0ur, eg vilda eg m\u00e6tti berjast vi\u00f0 \u00feyrnina og klungri\u00f0, \u00fe\u00e1 skylda eg ruska til \u00feeirra og brenna \u00fe\u00e1 upp me\u00f0 \u00f6llu. Hann heldur m\u00e9r vi\u00f0 minn styrkleik og l\u00e6tur mig me\u00f0 fri\u00f0i vera. Fri\u00f0inn mun hann \u00fe\u00f3 gefa m\u00e9r.<\/p>\n<p>\t\u00dea\u00f0 mun \u00fe\u00f3 l\u00edka vel \u00fear a\u00f0 koma \u00fea\u00f0 Jakob mun innr\u00e6tast og \u00cdsrael bl\u00f3mgast og gr\u00e6nkast so a\u00f0 \u00feeir jar\u00f0r\u00edki\u00f0 me\u00f0 \u00e1v\u00f6xtum uppfylli. Hvort ver\u00f0ur hann \u00fe\u00f3 ekki sleginn, l\u00edka sem a\u00f0 sl\u00e6gi hann hans \u00f3vinir? Hvort ver\u00f0ur hann ekki \u00ed hel sleginn l\u00edka sem a\u00f0 \u00ed hel sl\u00e6gi hann hans \u00f3vinir? Heldur d\u00e6mir \u00fe\u00fa \u00fe\u00e1 me\u00f0 stillingu og l\u00e6tur \u00fe\u00e1 lausa n\u00e6r e\u00f0 \u00fe\u00fa hefur angrast \u00fe\u00e1 me\u00f0ur \u00fe\u00ednum hv\u00f6ssum vindi, einkum me\u00f0 \u00fe\u00ednum austanvindi. \u00dear fyrir \u00fe\u00e1 munu syndir Jakobs fyrirl\u00e1tast og \u00fea\u00f0 er s\u00fa nytsemin \u00fear \u00fat af \u00fea\u00f0 hans syndir ver\u00f0a \u00ed burt teknar \u00ed \u00fev\u00ed \u00fea\u00f0 hann gj\u00f6rir alla steina altarisins l\u00edka so sem sundurmola\u00f0a steina a\u00f0 \u00f6sku so a\u00f0 \u00fear bl\u00edfa ekki nein l\u00edkneski n\u00e9 sk\u00fargo\u00f0 lengur.<\/p>\n<p>\t\u00dev\u00ed a\u00f0 s\u00fa sterka borgin mun \u00ed ey\u00f0i ver\u00f0a, \u00feau hin f\u00f6gru herbergin munu yfirgefin og foreydd ver\u00f0a, l\u00edka sem \u00f6nnur ey\u00f0im\u00f6rk s\u00fa a\u00f0 naut munu \u00fear \u00ed grashaga vera og hv\u00edla sig og \u00fear hr\u00edskvistu af b\u00edta. Hennar bl\u00f3mstur munu af \u00feurrk \u00ed sundurmyljast so a\u00f0 konur munu koma og kveikja \u00fear elda me\u00f0. \u00dev\u00ed a\u00f0 \u00fea\u00f0 er eitt f\u00e1v\u00edst f\u00f3lk, \u00fear fyrir mun og einnin s\u00e1 sem \u00fea hefir gj\u00f6rt ekki \u00ed brj\u00f3sti kenna um \u00fe\u00e1 og hanns em \u00fe\u00e1 hefir skapa\u00f0 mun ekki v\u00e6ginn vera vi\u00f0 \u00fe\u00e1.<\/p>\n<p>\t\u00c1 \u00feeim t\u00edma mun Drottinn \u00fatkasta \u00ed fr\u00e1 str\u00f6ndinni \u00feess vatnsins allt til l\u00e6kjarins Egipti og \u00fe\u00e9r, \u00cdsraelssynir, munu\u00f0 samansafna\u00f0ir ver\u00f0a, einn eftir \u00f6\u00f0rum. <span class=\"athugasemd\" title=\"Samansafnan kristninnar\">[<\/span> <\/p>\n<p>\t\u00c1 \u00feeim t\u00edma mun bl\u00e1si\u00f0 vera me\u00f0 einum miklum herl\u00fa\u00f0ri, \u00fe\u00e1 munu og koma hinir fort\u00f6pu\u00f0u \u00far landinu Assyria og hinir \u00fatreknu \u00ed Egyptalandi og munu tilbi\u00f0ja Drottin upp \u00e1 \u00fev\u00ed heilaga fjallinu til Jer\u00fasalem. <span class=\"athugasemd\" title=\"L\u00fa\u00f0ur Cuan 8-14.\">[<\/span><\/p>\n","protected":false},"excerpt":{"rendered":"<p>XXVII. \u00c1 \u00feeim t\u00edma mun Drottinn vitja me\u00f0 s\u00ednu h\u00f6r\u00f0u mikla og sterka sver\u00f0i, b\u00e6\u00f0i \u00feess levjatans sem einn sl\u00e9ttur h\u00f6ggormur er og \u00feess levjatans sem einn bj\u00fagur h\u00f6ggormur er og hann mun drepa \u00feann drekann sem \u00ed sj\u00f3num er. [ \u00c1 \u00feeim t\u00edma mun sungi\u00f0 vera af v\u00edngar\u00f0inum hins besta v\u00ednsins. [ Eg, Drottinn, geymi hann og v\u00f6kva hann snarlega so hans laufbl\u00f6\u00f0 missist ekki, eg vil b\u00e6\u00f0i dag og n\u00f3tt b\u00edvara hann. Gu\u00f0 hann er m\u00e9r rei\u00f0ur, eg vilda eg m\u00e6tti berjast vi\u00f0 \u00feyrnina og klungri\u00f0, \u00fe\u00e1 skylda eg ruska til \u00feeirra og brenna \u00fe\u00e1 upp me\u00f0 \u00f6llu. <a href=\"https:\/\/biblian.is\/gudbrandsbiblia\/jesaja-27-kafli\/\"> [&#8230;]<\/a><\/p>\n","protected":false},"author":1,"featured_media":0,"parent":0,"menu_order":0,"comment_status":"open","ping_status":"open","template":"bibliukaflar.php","meta":{"footnotes":""},"class_list":["post-3400","page","type-page","status-publish","hentry"],"_links":{"self":[{"href":"https:\/\/biblian.is\/gudbrandsbiblia\/wp-json\/wp\/v2\/pages\/3400","targetHints":{"allow":["GET"]}}],"collection":[{"href":"https:\/\/biblian.is\/gudbrandsbiblia\/wp-json\/wp\/v2\/pages"}],"about":[{"href":"https:\/\/biblian.is\/gudbrandsbiblia\/wp-json\/wp\/v2\/types\/page"}],"author":[{"embeddable":true,"href":"https:\/\/biblian.is\/gudbrandsbiblia\/wp-json\/wp\/v2\/users\/1"}],"replies":[{"embeddable":true,"href":"https:\/\/biblian.is\/gudbrandsbiblia\/wp-json\/wp\/v2\/comments?post=3400"}],"version-history":[{"count":0,"href":"https:\/\/biblian.is\/gudbrandsbiblia\/wp-json\/wp\/v2\/pages\/3400\/revisions"}],"wp:attachment":[{"href":"https:\/\/biblian.is\/gudbrandsbiblia\/wp-json\/wp\/v2\/media?parent=3400"}],"curies":[{"name":"wp","href":"https:\/\/api.w.org\/{rel}","templated":true}]}}