{"id":3398,"date":"2017-12-18T18:33:33","date_gmt":"2017-12-18T18:33:33","guid":{"rendered":"http:\/\/biblian.is\/gudbrandsbiblia\/jesaja-25-kafli\/"},"modified":"2017-12-18T18:33:33","modified_gmt":"2017-12-18T18:33:33","slug":"jesaja-25-kafli","status":"publish","type":"page","link":"https:\/\/biblian.is\/gudbrandsbiblia\/jesaja-25-kafli\/","title":{"rendered":"Jesaja 25. kafli"},"content":{"rendered":"<p>XXV.<\/p>\n<p>Drottinn, \u00fe\u00fa ert minn Gu\u00f0, \u00feig vegsama eg, \u00feitt nafn lofa eg \u00fev\u00ed a\u00f0 \u00fe\u00fa gj\u00f6rir st\u00f3rmerki, \u00fe\u00edtt \u00e1form \u00ed fr\u00e1 fornum t\u00ed\u00f0um er tr\u00faanlegt og sannarlegt. <span class=\"athugasemd\" title=\"\u00deakkargj\u00f6r\u00f0 fyrir Christi r\u00edki \/ Esa. xxi.\">[<\/span> \u00dev\u00ed a\u00f0 \u00fe\u00fa gj\u00f6rir borgina a\u00f0 grj\u00f3thr\u00fagu, \u00fe\u00e1 sterku borgina a\u00f0 h\u00fan liggur ni\u00f0urfallin \u00ed einni hr\u00fagu, herbergin \u00feeirra annarlegu so a\u00f0 \u00fea\u00f0 s\u00e9 ekki lengur ein borg og h\u00fan ver\u00f0i aldrei meir uppbygg\u00f0.<\/p>\n<p>\t\u00dear fyrir hei\u00f0rar \u00feig eitt megtugt f\u00f3lk, borginar voldugra \u00fej\u00f3\u00f0a \u00fe\u00e6r \u00f3ttast \u00feig. \u00dev\u00ed a\u00f0 \u00fe\u00fa ert styrkleikur l\u00edtilmagnans, styrkleikur hins vesala \u00ed h\u00f6rmunginni, eitt skj\u00f3l fyrir st\u00f3rve\u00f0rinu, einn skuggi fyrir ofurhitanum, n\u00e6r e\u00f0 v\u00edkingarnir \u00f3lmast sem anna\u00f0 hretvi\u00f0ri vi\u00f0 einn h\u00fasvegg. \u00de\u00fa l\u00e6gir h\u00e1va\u00f0ann hinna annarlegra l\u00edka sem \u00e6\u00f0ihitinn gj\u00f6rir \u00ed heitum sta\u00f0 so \u00fea\u00f0 hitinn upp\u00feurrki kvistuna v\u00edkinganna og sk\u00fdin gefa \u00fe\u00f3 samt skuggann.<\/p>\n<p>\tOg Drottinn Seba\u00f3t mun gj\u00f6ra \u00f6llu f\u00f3lki upp \u00e1 \u00feessu fjallinu eitt feitt gestabo\u00f0, eitt gestabo\u00f0 af kl\u00e1ru v\u00edni, af feiti, af merg, af dreggjarlausu v\u00edni. <span class=\"athugasemd\" title=\"Math. xxy. Luc. xiiy.\">[<\/span> Og hann mun \u00e1 \u00feessu fjalli \u00ed burt taka l\u00edfl\u00e6juna \u00fear e\u00f0 allt f\u00f3lk er me\u00f0 sveipa\u00f0 og \u00fe\u00e1 byrgingina sem allar \u00fej\u00f3\u00f0ir eru me\u00f0 byrg\u00f0ar \u00fev\u00ed a\u00f0 hann mun dau\u00f0ann burtsvelgja eil\u00edflega. <span class=\"athugasemd\" title=\"Upprisan hinna dau\u00f0u\">[<\/span> Og Drottinn Drottinn mun af\u00feurrka t\u00e1rin af allra andliti og hann mun \u00ed burt taka \u00fe\u00e1 forsm\u00e1n s\u00edns f\u00f3lks \u00ed \u00f6llum l\u00f6ndum \u00fev\u00ed a\u00f0 Drottinn hefur \u00fea\u00f0 tala\u00f0.<\/p>\n<p>\t\u00c1 \u00feeim t\u00edma mun sagt ver\u00f0a: Sj\u00e1 \u00fe\u00fa, \u00fear er vor Gu\u00f0 upp \u00e1 \u00feann v\u00e9r vonum og hann mun hj\u00e1lpa oss, \u00fea\u00f0 sama er Drottinn. V\u00e9r vonum upp \u00e1 hann so \u00fea\u00f0 v\u00e9r gle\u00f0jum oss og erum gla\u00f0ir \u00ed hans hj\u00e1lpr\u00e6\u00f0i. \u00dev\u00ed a\u00f0 h\u00f6nd Drottins hv\u00edlist upp \u00e1 \u00feessu fjallinu. En M\u00f3ab mun undir honum \u00ed sundur\u00feresktur ver\u00f0a l\u00edka so sem h\u00e1lmstr\u00e1 \u00fea\u00f0 sundur\u00fereskist og so sem jar\u00f0arleir. Og hann mun brei\u00f0a \u00fat s\u00ednar hendur mitt undir \u00fe\u00e1 l\u00edka so sem einn sundma\u00f0ur brei\u00f0ir \u00fe\u00e6r \u00fat til sundsins og hann mun l\u00e6gja \u00feeirra vols me\u00f0ur armleggjum sinna handa og beygja \u00feann styrkleikinn y\u00f0varra h\u00e1rra m\u00farveggja og \u00fe\u00e1 forminnka og \u00ed dj\u00fapt allt til jar\u00f0ar ni\u00f0ur fleygja.<\/p>\n","protected":false},"excerpt":{"rendered":"<p>XXV. Drottinn, \u00fe\u00fa ert minn Gu\u00f0, \u00feig vegsama eg, \u00feitt nafn lofa eg \u00fev\u00ed a\u00f0 \u00fe\u00fa gj\u00f6rir st\u00f3rmerki, \u00fe\u00edtt \u00e1form \u00ed fr\u00e1 fornum t\u00ed\u00f0um er tr\u00faanlegt og sannarlegt. [ \u00dev\u00ed a\u00f0 \u00fe\u00fa gj\u00f6rir borgina a\u00f0 grj\u00f3thr\u00fagu, \u00fe\u00e1 sterku borgina a\u00f0 h\u00fan liggur ni\u00f0urfallin \u00ed einni hr\u00fagu, herbergin \u00feeirra annarlegu so a\u00f0 \u00fea\u00f0 s\u00e9 ekki lengur ein borg og h\u00fan ver\u00f0i aldrei meir uppbygg\u00f0. \u00dear fyrir hei\u00f0rar \u00feig eitt megtugt f\u00f3lk, borginar voldugra \u00fej\u00f3\u00f0a \u00fe\u00e6r \u00f3ttast \u00feig. \u00dev\u00ed a\u00f0 \u00fe\u00fa ert styrkleikur l\u00edtilmagnans, styrkleikur hins vesala \u00ed h\u00f6rmunginni, eitt skj\u00f3l fyrir st\u00f3rve\u00f0rinu, einn skuggi fyrir ofurhitanum, n\u00e6r e\u00f0 v\u00edkingarnir \u00f3lmast sem <a href=\"https:\/\/biblian.is\/gudbrandsbiblia\/jesaja-25-kafli\/\"> [&#8230;]<\/a><\/p>\n","protected":false},"author":1,"featured_media":0,"parent":0,"menu_order":0,"comment_status":"open","ping_status":"open","template":"bibliukaflar.php","meta":{"footnotes":""},"class_list":["post-3398","page","type-page","status-publish","hentry"],"_links":{"self":[{"href":"https:\/\/biblian.is\/gudbrandsbiblia\/wp-json\/wp\/v2\/pages\/3398","targetHints":{"allow":["GET"]}}],"collection":[{"href":"https:\/\/biblian.is\/gudbrandsbiblia\/wp-json\/wp\/v2\/pages"}],"about":[{"href":"https:\/\/biblian.is\/gudbrandsbiblia\/wp-json\/wp\/v2\/types\/page"}],"author":[{"embeddable":true,"href":"https:\/\/biblian.is\/gudbrandsbiblia\/wp-json\/wp\/v2\/users\/1"}],"replies":[{"embeddable":true,"href":"https:\/\/biblian.is\/gudbrandsbiblia\/wp-json\/wp\/v2\/comments?post=3398"}],"version-history":[{"count":0,"href":"https:\/\/biblian.is\/gudbrandsbiblia\/wp-json\/wp\/v2\/pages\/3398\/revisions"}],"wp:attachment":[{"href":"https:\/\/biblian.is\/gudbrandsbiblia\/wp-json\/wp\/v2\/media?parent=3398"}],"curies":[{"name":"wp","href":"https:\/\/api.w.org\/{rel}","templated":true}]}}