{"id":3397,"date":"2017-12-18T18:33:33","date_gmt":"2017-12-18T18:33:33","guid":{"rendered":"http:\/\/biblian.is\/gudbrandsbiblia\/jesaja-24-kafli\/"},"modified":"2017-12-18T18:33:33","modified_gmt":"2017-12-18T18:33:33","slug":"jesaja-24-kafli","status":"publish","type":"page","link":"https:\/\/biblian.is\/gudbrandsbiblia\/jesaja-24-kafli\/","title":{"rendered":"Jesaja 24. kafli"},"content":{"rendered":"<p>XXIIII.<\/p>\n<p>Sj\u00e1 \u00fe\u00fa, Drottinn gj\u00f6rir landi\u00f0 t\u00f3mt og \u00ed ey\u00f0i og kollkastar \u00fev\u00ed hva\u00f0 \u00fear er inni og \u00ed sundurdreifir \u00feess innbyggjurum. <span class=\"athugasemd\" title=\"Sp\u00e1d\u00f3mur \u00fat af forey\u00f0slu Gy\u00f0ingal\u00fd\u00f0s \/ Osee. iiy.\">[<\/span> Og \u00fea\u00f0 gengur so kennimanninum sem f\u00f3lkinu, so h\u00fasb\u00f3ndanum sem \u00fe\u00e9naranum, so h\u00fasfreyjunni sem \u00fej\u00f3nustukonunni, so \u00feeim e\u00f0 selur sem hinum e\u00f0 kaupir, so \u00feeim e\u00f0 l\u00e1nar sem hinum e\u00f0 l\u00e1ni\u00f0 tekur, so \u00feeim e\u00f0 krefur sem hinum e\u00f0 skyldugur er, \u00fev\u00ed a\u00f0 landi\u00f0 mun t\u00f3mt og r\u00e6nt vera \u00fev\u00ed Drottinn hefir svoddan tala\u00f0. Landi\u00f0 fer h\u00f6rmulega og spillist, jar\u00f0arkringlan \u00feverrar og fordjarfast, \u00feeir \u00e6\u00f0stu f\u00f3lksins \u00ed landinu fara til minnkunar. Landi\u00f0 sj\u00e1lft er saurga\u00f0 af s\u00ednum innbyggjurum \u00fea\u00f0 \u00feeir brj\u00f3ta af l\u00f6gm\u00e1linu og umskipta lagasetningunum og yfirgefa \u00feann eil\u00edflega s\u00e1ttm\u00e1la.<\/p>\n<p>\tFyrir \u00fea\u00f0 sama \u00fe\u00e1 uppsvelgir b\u00f6lvanin landi\u00f0 \u00fea\u00f0 \u00feeir ver\u00f0skulda \u00fea\u00f0 sem \u00fear innibyggja. \u00dear fyrir \u00fe\u00e1 upp\u00feorna \u00feeir innbyggjendur landsins so a\u00f0 f\u00e1ir menn bl\u00edfa \u00fear eftir. Hi\u00f0 n\u00fdja v\u00edni\u00f0 \u00fea\u00f0 \u00ed burt hverfur, v\u00ednvi\u00f0urinn hja\u00f0nar ni\u00f0ur og allir sem af hjarta gla\u00f0ir voru \u00feeir syrgja n\u00fa. Gle\u00f0in bumbusl\u00e1ttarins er \u00fati, f\u00f6gnu\u00f0ur hinna gla\u00f0v\u00e6ru er \u00fat gj\u00f6r\u00f0ur og gle\u00f0ispili\u00f0 h\u00f6rpusl\u00e1ttarins hefur einn enda. Vi\u00f0 v\u00edndrykkjurnar kve\u00f0a \u00feeir ekki og g\u00f3\u00f0ur drykkur er \u00feeim beiskur e\u00f0 hann drekkur. S\u00fa t\u00f3ma borgin er ni\u00f0urbrotin, \u00f6ll h\u00fasin eru afturbyrg\u00f0 so \u00fea\u00f0 enginn gengur \u00fear inn. Kalla\u00f0 er eftir v\u00ednino \u00e1 str\u00e6tunum, \u00f6ll gle\u00f0i er \u00ed burtu, allur f\u00f6gnu\u00f0ur landsins er horfinn, ekki utan forey\u00f0slan er eftir \u00ed borginni bl\u00edfin og borgarhli\u00f0in standa \u00ed ey\u00f0i.<\/p>\n<p>\t\u00dev\u00ed a\u00f0 \u00fea\u00f0 gengur landinu og f\u00f3lkinu l\u00edka sem \u00fe\u00e1 n\u00e6r e\u00f0 eitt vi\u00f0smj\u00f6rstr\u00e9 er \u00fatplokka\u00f0, l\u00edka so sem \u00fe\u00e1 e\u00f0 lesi\u00f0 ver\u00f0ur eftir n\u00e6r e\u00f0 v\u00ednyrkjan er \u00fati. <span class=\"athugasemd\" title=\"Esa. xix.\">[<\/span> \u00deeir hinir s\u00f6mu hefja upp s\u00edna raust, hr\u00f3pa og gle\u00f0jast af sj\u00e1varhafinu yfir \u00feeirri d\u00fdr\u00f0arvegseminni Drottins. \u00dear fyrir \u00fe\u00e1 vegsami\u00f0 n\u00fa Drottinn \u00ed l\u00e1gl\u00f6ndunum, \u00ed \u00feeim \u00fateyjunum sj\u00e1varins nafi\u00f0 Drottins Gu\u00f0s \u00cdsraels.<\/p>\n<p>\tV\u00e9r heyrum lofs\u00f6ng \u00ed fr\u00e1 endim\u00f6rkum jar\u00f0arinnar til d\u00fdr\u00f0ar hinum r\u00e9ttfer\u00f0uga. <span class=\"athugasemd\" title=\"\u00deeir hei\u00f0nu pr\u00edsa Gu\u00f0 \u00ed st\u00f3rh\u00f3pum en af voru f\u00f3lki er mj\u00f6g f\u00e1tt \u00fea\u00f0 sl\u00edkt gj\u00f6ri\">[<\/span> Og eg hl\u00fdt a\u00f0 segja: Hvernin em eg \u00fe\u00e1 so magur? Hvernin eg eg \u00fe\u00e1 so magur? Vei m\u00e9r \u00fea\u00f0 \u00feeir forsm\u00e1narar forsm\u00e1 \u00fea\u00f0, j\u00e1 \u00feeir forsm\u00e1narar forsm\u00e1 \u00fea\u00f0.<\/p>\n<p>\t\u00dear fyrir kemur yfir y\u00f0ur, innbyggjarar landsins, skelfing, gr\u00f6f og snara. Og \u00fe\u00f3 a\u00f0 nokkur fl\u00fd\u00f0i fyrir kallinu skelfingarinnar \u00fe\u00e1 mun hann \u00fe\u00f3 falla \u00ed gr\u00f6fina, komist hann \u00far gr\u00f6finni \u00fe\u00e1 mun hann \u00fe\u00f3 fanga\u00f0ur ver\u00f0a \u00ed sn\u00f6runni. \u00dev\u00ed a\u00f0 \u00feau vindaugun \u00ed h\u00e6\u00f0unum eru uppl\u00e1tin og grundvellir jar\u00f0arinnar \u00feeir skj\u00e1lfa. \u00dea\u00f0 mun \u00fev\u00ed landinu illa a\u00f0 fara og ekki lukkast vel og \u00fea\u00f0 mun ni\u00f0urhrynja. \u00dea\u00f0 landi\u00f0 mun um koll kastast l\u00edka sem drukkinn ma\u00f0ur og \u00ed burt flutt l\u00edka sem anna\u00f0 tjaldhreysi \u00fea\u00f0 \u00feess misgj\u00f6r\u00f0ir ni\u00f0ur\u00ferykkja \u00fev\u00ed so \u00fea\u00f0 hl\u00fdtur a\u00f0 falla og kann ekki a\u00f0 bl\u00edfa.<\/p>\n<p>\t\u00c1 \u00feeim t\u00edma mun Drottinn vitja \u00feess h\u00e1va riddaraskaparins sem \u00e1 h\u00e6\u00f0um er og \u00feeirra jar\u00f0r\u00edkisk\u00f3nganna sem eru \u00e1 j\u00f6r\u00f0u \u00fea\u00f0 \u00feeir samansafna\u00f0ir ver\u00f0i \u00ed eitt bindi til grafarinnar og inniluktir \u00ed fangelsinu og eftir langan t\u00edma li\u00f0inn \u00fe\u00e1 ver\u00f0ur \u00feeirra vitja\u00f0 aftur. Og tungli\u00f0 mun fyrirl\u00edta sig og s\u00f3lin au\u00f0vir\u00f0a sig \u00fe\u00e1 e\u00f0 Drottinn Seba\u00f3t mun k\u00f3ngur vera upp \u00e1 fjallinu S\u00edon og til Jer\u00fasalem og \u00ed aus\u00fdn sinna \u00f6ldunga \u00ed d\u00fdr\u00f0arvegsemdinni.<\/p>\n","protected":false},"excerpt":{"rendered":"<p>XXIIII. Sj\u00e1 \u00fe\u00fa, Drottinn gj\u00f6rir landi\u00f0 t\u00f3mt og \u00ed ey\u00f0i og kollkastar \u00fev\u00ed hva\u00f0 \u00fear er inni og \u00ed sundurdreifir \u00feess innbyggjurum. [ Og \u00fea\u00f0 gengur so kennimanninum sem f\u00f3lkinu, so h\u00fasb\u00f3ndanum sem \u00fe\u00e9naranum, so h\u00fasfreyjunni sem \u00fej\u00f3nustukonunni, so \u00feeim e\u00f0 selur sem hinum e\u00f0 kaupir, so \u00feeim e\u00f0 l\u00e1nar sem hinum e\u00f0 l\u00e1ni\u00f0 tekur, so \u00feeim e\u00f0 krefur sem hinum e\u00f0 skyldugur er, \u00fev\u00ed a\u00f0 landi\u00f0 mun t\u00f3mt og r\u00e6nt vera \u00fev\u00ed Drottinn hefir svoddan tala\u00f0. Landi\u00f0 fer h\u00f6rmulega og spillist, jar\u00f0arkringlan \u00feverrar og fordjarfast, \u00feeir \u00e6\u00f0stu f\u00f3lksins \u00ed landinu fara til minnkunar. Landi\u00f0 sj\u00e1lft er saurga\u00f0 af s\u00ednum <a href=\"https:\/\/biblian.is\/gudbrandsbiblia\/jesaja-24-kafli\/\"> [&#8230;]<\/a><\/p>\n","protected":false},"author":1,"featured_media":0,"parent":0,"menu_order":0,"comment_status":"open","ping_status":"open","template":"bibliukaflar.php","meta":{"footnotes":""},"class_list":["post-3397","page","type-page","status-publish","hentry"],"_links":{"self":[{"href":"https:\/\/biblian.is\/gudbrandsbiblia\/wp-json\/wp\/v2\/pages\/3397","targetHints":{"allow":["GET"]}}],"collection":[{"href":"https:\/\/biblian.is\/gudbrandsbiblia\/wp-json\/wp\/v2\/pages"}],"about":[{"href":"https:\/\/biblian.is\/gudbrandsbiblia\/wp-json\/wp\/v2\/types\/page"}],"author":[{"embeddable":true,"href":"https:\/\/biblian.is\/gudbrandsbiblia\/wp-json\/wp\/v2\/users\/1"}],"replies":[{"embeddable":true,"href":"https:\/\/biblian.is\/gudbrandsbiblia\/wp-json\/wp\/v2\/comments?post=3397"}],"version-history":[{"count":0,"href":"https:\/\/biblian.is\/gudbrandsbiblia\/wp-json\/wp\/v2\/pages\/3397\/revisions"}],"wp:attachment":[{"href":"https:\/\/biblian.is\/gudbrandsbiblia\/wp-json\/wp\/v2\/media?parent=3397"}],"curies":[{"name":"wp","href":"https:\/\/api.w.org\/{rel}","templated":true}]}}