{"id":3395,"date":"2017-12-18T18:33:33","date_gmt":"2017-12-18T18:33:33","guid":{"rendered":"http:\/\/biblian.is\/gudbrandsbiblia\/jesaja-22-kafli\/"},"modified":"2017-12-18T18:33:33","modified_gmt":"2017-12-18T18:33:33","slug":"jesaja-22-kafli","status":"publish","type":"page","link":"https:\/\/biblian.is\/gudbrandsbiblia\/jesaja-22-kafli\/","title":{"rendered":"Jesaja 22. kafli"},"content":{"rendered":"<p>XXII.<\/p>\n<p>\u00deessi er \u00feunginn yfir Sj\u00f3nardalnum. <span class=\"athugasemd\" title=\"Forey\u00f0sla Jer\u00fasalem \/ Jer\u00fasalem kallar hann Sj\u00f3nardal af \u00fev\u00ed h\u00fan haf\u00f0i marga sj\u00f3narmenn, \u00fea\u00f0 er sp\u00e1menn og kennife\u00f0ur Gu\u00f0s or\u00f0s. ct.\">[<\/span> Hva\u00f0 er y\u00f0ur a\u00f0 \u00fe\u00e9r hlaupi\u00f0 so upp \u00e1 r\u00e6frin? \u00de\u00fa varst full me\u00f0 glaum, ein borg full af f\u00f3lki, ein gle\u00f0ileg borg. \u00de\u00ednir helslegnu eru ekki me\u00f0 sver\u00f0i vegnir og ekki \u00ed bardaga drepnir heldur eru allir \u00fe\u00ednir h\u00f6fu\u00f0smenn fyrir boganum \u00ed burt fl\u00fd\u00f0ir og herteknir. Allir \u00feeir sem fundist hafa \u00ed \u00fe\u00e9r \u00feeir eru fanga\u00f0ir og langt \u00ed burt fl\u00fd\u00f0ir. \u00dear fyrir segi eg: Fari \u00fe\u00e9r \u00ed fr\u00e1 m\u00e9. L\u00e1ti\u00f0 mig gr\u00e1ta beisklega, \u00f3maki\u00f0 y\u00f0ur ekki a\u00f0 hugsvala m\u00e9r yfir \u00feeirri forey\u00f0slunni d\u00f3tturinnar m\u00edns f\u00f3lks. \u00dev\u00ed a\u00f0 \u00fea\u00f0 er einn dagur styrjaldar og f\u00f3ttro\u00f0ningar og ey\u00f0ileggingar af Drottni Drottni Seba\u00f3t \u00ed Sj\u00f3nardalnum vegna \u00feess undirgraftrar m\u00farveggsins og \u00feessa her\u00f3psins \u00e1 fjallinu. \u00dev\u00ed a\u00f0 <span class=\"athugasemd\" title=\"a \/ Elam) eru \u00feeir Parti og Chaldei\">[<\/span> Elam kemur \u00fear me\u00f0 p\u00edlnakoffrin, vagna, mannfj\u00f6ldann og str\u00ed\u00f0sf\u00f3lki\u00f0 og K\u00edr l\u00e6tur sk\u00edna \u00e1 skildina.<\/p>\n<p>\tOg \u00fe\u00e1 mun ske a\u00f0 \u00fe\u00ednir kj\u00f6rdalir munu fullir vera me\u00f0 vagna og hermenn munu s\u00ednar herb\u00fa\u00f0ir setja fyrir portdyrunum, \u00fe\u00e1 mun <span class=\"athugasemd\" title=\"b \/ Fortjald ) \u00fea\u00f0 er \u00f6ll h\u00fas \u00fear f\u00e9sj\u00f3\u00f0ir og vopn og verja inni eru mun fyrir \u00f3vininum allt opi\u00f0 ver\u00f0a \/ Esa. lvi. Sap. vii. i. Co. xv.\">[<\/span> fortjaldi\u00f0 J\u00fada bert ver\u00f0a so \u00fea\u00f0 mun sj\u00e1st \u00e1 \u00feeim t\u00edma \u00feau vopnin sk\u00f3garh\u00fassins. Og spj\u00f6llin borgarinnar Dav\u00ed\u00f0s munu \u00fe\u00e1 m\u00f6rg sj\u00e1st og \u00fe\u00e9r munu\u00f0 vatninu \u00far \u00fev\u00ed ne\u00f0sta vatsd\u00edkinu safna. \u00de\u00e9r munu\u00f0 og einnin telja h\u00fasin til Jer\u00fasalem, j\u00e1, \u00fe\u00e9r munu\u00f0 og einnin ni\u00f0urbrj\u00f3ta h\u00fasin til a\u00f0 styrkja m\u00farveggina me\u00f0. Og \u00fe\u00e9r munu\u00f0 gj\u00f6ra vatsgr\u00f6f millum beggja m\u00faranna \u00fat af \u00feeim gamla fiskidamminum. \u00de\u00f3 g\u00e6ti \u00fe\u00e9r ekki a\u00f0 honum sem svoddan gj\u00f6rir og sj\u00e1i\u00f0 ekki upp \u00e1 hann sem sl\u00edkt tilsendir \u00e1lengdar.<\/p>\n<p>\t\u00dear fyrir mun Drottinn Drottinn Seba\u00f3t \u00e1 \u00feeim t\u00edma kalla l\u00e1ta a\u00f0 \u00feeir skuli gr\u00e1ta og kveina og h\u00e1ri\u00f0 afraka og hrygg\u00f0arb\u00fana\u00f0i kl\u00e6\u00f0ast \u00fe\u00f3 a\u00f0 n\u00fa s\u00e9 \u00fear ekki utan gle\u00f0i og glaumur, naut drepin, sau\u00f0um sl\u00e1tra\u00f0, kj\u00f6t eti\u00f0, v\u00edn drukki\u00f0 og sagt: <span class=\"athugasemd\" title=\"c \/ L\u00e1tum) so spotta \u00feeir sp\u00e1mennina hverjir e\u00f0 \u00feeim segja fr\u00e1 gl\u00f6tun \u00feeirra fl\u00f6tun fyrir\">[<\/span> L\u00e1tum oss eta og drekka \u00fev\u00ed v\u00e9r deyjum \u00fe\u00f3 \u00e1 morgun. Svoddan er fyrir eyrum Drottins allsherjar opinbert. Hva\u00f0 gildir ef \u00feessi misgj\u00f6r\u00f0 ver\u00f0ur y\u00f0ur fyrirgefin \u00e1\u00f0ur en \u00fe\u00e9r deyi\u00f0, segir Drottinn Drottinn Seba\u00f3t.<\/p>\n<p>\tSo segir Drottinn Drottinn Seba\u00f3t: <span class=\"athugasemd\" title=\"Sebna\">[<\/span> Far \u00fe\u00fa og gakk inn til hans sem gjaldkerinn er, til Sebna hofgar\u00f0smeistarans og seg \u00fe\u00fa til hans: Hva\u00f0 hefur \u00fe\u00fa h\u00e9r? Hverjum heyrir \u00fe\u00fa til a\u00f0 \u00fe\u00fa l\u00e6tur \u00fath\u00f6ggva \u00fe\u00e9r eina stein\u00fer\u00f3 so sem s\u00e1 e\u00f0 s\u00edna gr\u00f6f \u00e1 h\u00e6\u00f0um uppi \u00fatsnikka l\u00e6tur og s\u00edna \u00edbygging l\u00e6tur \u00ed steinhellum gj\u00f6ra? Sj\u00e1 \u00fe\u00fa, a\u00f0 Drottinn mun \u00ed burt fleygja \u00fe\u00e9r l\u00edka sem \u00fea\u00f0 einn \u00f6flugur ma\u00f0ur \u00ed burt fleygir \u00f6\u00f0rum og yfir \u00feig dreifa og hann mun fleygja \u00fe\u00e9r sem \u00f6\u00f0rum leikhnetti langt burt \u00ed framandi l\u00f6nd, \u00fear muntu deyja, \u00fear munu \u00fe\u00ednir d\u00fdr\u00f0legir vagnar bl\u00edfa me\u00f0 forsm\u00e1n h\u00fassins \u00fe\u00edns herra og eg vil \u00fatsk\u00fafa \u00fe\u00e9r \u00far \u00feinni st\u00e9tt og eg vil afsetja \u00feig af \u00fe\u00ednu emb\u00e6tti.<\/p>\n<p>\tOg \u00e1 \u00feinn t\u00edma vil eg kalla minn \u00fej\u00f3n Eljak\u00edm son Hilk\u00eda og vil \u00edkl\u00e6\u00f0a hann \u00fe\u00ednum kyrtli og gyr\u00f0a hann me\u00f0 \u00fe\u00ednu belti og gefa \u00feitt vald \u00ed hans hendur so a\u00f0 hann s\u00e9 fa\u00f0ir \u00feeirra sem byggja til Jer\u00fasalem og h\u00fassins J\u00fada. <span class=\"athugasemd\" title=\"Eljak\u00edm\">[<\/span> Og eg vil <span class=\"athugasemd\" title=\"d \/ Lykil) \u00fea\u00f0 hann s\u00e9 rentumeistari \u00ed sta\u00f0inn hins \/ Apoc. iy. \/ Sak. x.\">[<\/span> lyklilinn til h\u00fassins Dav\u00ed\u00f0s leggja upp \u00e1 hans her\u00f0ar so \u00fea\u00f0 hann l\u00faki upp og enginn aftur l\u00e6si, \u00fea\u00f0 hann aftur l\u00e6si og enginn uppl\u00faki. Og eg vil keyra hann einn fastan nagla \u00ed sterkum sta\u00f0 og hann skal hafa \u00fea\u00f0 d\u00fdr\u00f0ars\u00e6ti\u00f0 \u00ed s\u00edns f\u00f6\u00f0urs h\u00fasi so \u00fea\u00f0 hengist upp \u00e1 hann \u00f6ll vegsemd h\u00fassins hans f\u00f6\u00f0urs, einnin barna og barnabarna, \u00f6ll \u00feau sm\u00e1ker og drykkjarstaup og allsh\u00e1ttu\u00f0 hlj\u00f3\u00f0f\u00e6ri. \u00c1 \u00feeim degi, segir Drottinn allsherjar, skal s\u00e1 naglinn \u00ed burttekinn ver\u00f0a sem fastur stendur \u00ed \u00f6ruggum sta\u00f0 so \u00fea\u00f0 hann \u00ed sundurbrotni og ni\u00f0urfalli og a\u00f0 hans \u00feungi glatist, \u00fev\u00ed a\u00f0 Drottinn hann segir \u00fea\u00f0.<\/p>\n","protected":false},"excerpt":{"rendered":"<p>XXII. \u00deessi er \u00feunginn yfir Sj\u00f3nardalnum. [ Hva\u00f0 er y\u00f0ur a\u00f0 \u00fe\u00e9r hlaupi\u00f0 so upp \u00e1 r\u00e6frin? \u00de\u00fa varst full me\u00f0 glaum, ein borg full af f\u00f3lki, ein gle\u00f0ileg borg. \u00de\u00ednir helslegnu eru ekki me\u00f0 sver\u00f0i vegnir og ekki \u00ed bardaga drepnir heldur eru allir \u00fe\u00ednir h\u00f6fu\u00f0smenn fyrir boganum \u00ed burt fl\u00fd\u00f0ir og herteknir. Allir \u00feeir sem fundist hafa \u00ed \u00fe\u00e9r \u00feeir eru fanga\u00f0ir og langt \u00ed burt fl\u00fd\u00f0ir. \u00dear fyrir segi eg: Fari \u00fe\u00e9r \u00ed fr\u00e1 m\u00e9. L\u00e1ti\u00f0 mig gr\u00e1ta beisklega, \u00f3maki\u00f0 y\u00f0ur ekki a\u00f0 hugsvala m\u00e9r yfir \u00feeirri forey\u00f0slunni d\u00f3tturinnar m\u00edns f\u00f3lks. \u00dev\u00ed a\u00f0 \u00fea\u00f0 er einn dagur <a href=\"https:\/\/biblian.is\/gudbrandsbiblia\/jesaja-22-kafli\/\"> [&#8230;]<\/a><\/p>\n","protected":false},"author":1,"featured_media":0,"parent":0,"menu_order":0,"comment_status":"open","ping_status":"open","template":"bibliukaflar.php","meta":{"footnotes":""},"class_list":["post-3395","page","type-page","status-publish","hentry"],"_links":{"self":[{"href":"https:\/\/biblian.is\/gudbrandsbiblia\/wp-json\/wp\/v2\/pages\/3395","targetHints":{"allow":["GET"]}}],"collection":[{"href":"https:\/\/biblian.is\/gudbrandsbiblia\/wp-json\/wp\/v2\/pages"}],"about":[{"href":"https:\/\/biblian.is\/gudbrandsbiblia\/wp-json\/wp\/v2\/types\/page"}],"author":[{"embeddable":true,"href":"https:\/\/biblian.is\/gudbrandsbiblia\/wp-json\/wp\/v2\/users\/1"}],"replies":[{"embeddable":true,"href":"https:\/\/biblian.is\/gudbrandsbiblia\/wp-json\/wp\/v2\/comments?post=3395"}],"version-history":[{"count":0,"href":"https:\/\/biblian.is\/gudbrandsbiblia\/wp-json\/wp\/v2\/pages\/3395\/revisions"}],"wp:attachment":[{"href":"https:\/\/biblian.is\/gudbrandsbiblia\/wp-json\/wp\/v2\/media?parent=3395"}],"curies":[{"name":"wp","href":"https:\/\/api.w.org\/{rel}","templated":true}]}}