{"id":3394,"date":"2017-12-18T18:33:33","date_gmt":"2017-12-18T18:33:33","guid":{"rendered":"http:\/\/biblian.is\/gudbrandsbiblia\/jesaja-21-kafli\/"},"modified":"2017-12-18T18:33:33","modified_gmt":"2017-12-18T18:33:33","slug":"jesaja-21-kafli","status":"publish","type":"page","link":"https:\/\/biblian.is\/gudbrandsbiblia\/jesaja-21-kafli\/","title":{"rendered":"Jesaja 21. kafli"},"content":{"rendered":"<p>XXI.<\/p>\n<p>\u00deessi er s\u00e1 \u00feunginn yfir ey\u00f0im\u00f6rkinni vi\u00f0ur sj\u00e1varhafi\u00f0. <span class=\"athugasemd\" title=\"Bab\u00fdlon \/ \u00feetta er tala\u00f0 \u00ed m\u00f3t Bab\u00fdlon\">[<\/span> L\u00edka so sem eitt stormvi\u00f0ri kemur \u00far su\u00f0ri \u00fea\u00f0 er umsn\u00fdr \u00f6llum hlutum, so kemur \u00fea\u00f0 og l\u00edka \u00fat af ey\u00f0im\u00f6rkinni, \u00ed burt \u00far einu \u00f3gurlegu landi. \u00dev\u00ed a\u00f0 m\u00e9r er v\u00edsu\u00f0 ein \u00feung s\u00fdn, einn forsm\u00e1narinn kemur \u00ed m\u00f3ti \u00f6\u00f0rum, einn fordjarfarinn \u00ed m\u00f3ti \u00f6\u00f0rum. Drag upp hinga\u00f0, \u00fe\u00fa Elam, umkringdu hana Madia! <span class=\"athugasemd\" title=\"Elam \/ Madai\">[<\/span> Eg vil einn enda gj\u00f6ra \u00e1 allri andvarpan. \u00dear fyrir eru m\u00ednar lendar fullar af hrygg\u00f0 og angist hefur h\u00f6ndla\u00f0 mig so sem eina \u00fe\u00e1 e\u00f0 f\u00e6\u00f0ir. Eg beygi mig \u00fe\u00e1 eg heyri \u00fea\u00f0 og skelfist \u00fe\u00e1 eg s\u00e9 \u00fea\u00f0. Mitt hjarta \u00fea\u00f0 skelfist vi\u00f0, \u00f3gnanin hefur hr\u00e6tt mig, \u00e1 n\u00f3ttinni hefi eg \u00fear \u00f6ngva r\u00f3 fyrir. J\u00e1, b\u00fa \u00fe\u00fa eitt matbor\u00f0 til, l\u00e1ttu vaka \u00e1 var\u00f0haldsh\u00f3lnum. Eti\u00f0 og drekki\u00f0, taki\u00f0 y\u00f0ur upp, \u00fe\u00e9r h\u00f6f\u00f0ingjar, og beri\u00f0 feitt \u00e1 skj\u00f6lduna!<\/p>\n<p>\t\u00dev\u00ed a\u00f0 Drottinn segir so til m\u00edn: Far \u00fe\u00fa og set einn tilsj\u00f3narmann og hva\u00f0 hann s\u00e9r \u00fe\u00e1 segi hann \u00fe\u00e9r \u00fea\u00f0. En hann s\u00e9r rei\u00f0mann r\u00ed\u00f0a og renna \u00e1 hestum, \u00f6snum og \u00falfauldum og hefur g\u00e6tur \u00fear upp \u00e1 me\u00f0 miklu athygli. Og eitt le\u00f3n kalla\u00f0i. Drottinn, eg stend \u00e1 daginn me\u00f0 jafna\u00f0i upp \u00e1 v\u00f6kuh\u00e6\u00f0inni og set mig upp \u00e1 mitt var\u00f0hald um allar n\u00e6tur. <span class=\"athugasemd\" title=\"Apoc. xiiy.\">[<\/span> \u00de\u00e1 sj\u00e1 \u00fe\u00fa, a\u00f0 \u00fear kemur s\u00e1 sem s\u00e9r l\u00e6tur aka \u00e1 einum vagni, hann gefur svar og segir: <span class=\"athugasemd\" title=\"a \/ Bab\u00fdlon) kallast Gu\u00f0s kornl\u00e1fi \u00fev\u00ed a\u00f0 hann vill \u00fereskja sundur, sl\u00e1 og melja hana\">[<\/span> Bab\u00fdlon er fallin, h\u00fan er fallin og allar l\u00edkneskjur hennar sk\u00fargo\u00f0a eru ni\u00f0urslegnar til jar\u00f0ar. Minn k\u00e6ri kornl\u00e1fi, \u00fear e\u00f0 eg \u00ferekki upp \u00e1, hva\u00f0 hefi eg heyrt af Drottni Seba\u00f3t, \u00feeim Gu\u00f0i \u00cdsraels, \u00fea\u00f0 sama kunngj\u00f6ri eg y\u00f0ur.<\/p>\n<p>\t\u00deessi er s\u00e1 \u00feunginn yfir D\u00fama. Til m\u00edn var kalla\u00f0 \u00fat af Se\u00edr: &#8222;V\u00f6kuma\u00f0ur, er <span class=\"athugasemd\" title=\"b \/ N\u00f3tt) \u00dea\u00f0 er, myrkur, hrelling og harmkv\u00e6list\u00ed\u00f0 fyrir \u00f3lukku sakir\">[<\/span> n\u00f3ttin ekki a\u00f0 mestu umli\u00f0in? V\u00f6kuma\u00f0ur, er n\u00f3ttin ekki li\u00f0in?&#8220; En v\u00f6kuma\u00f0urinn sag\u00f0i: &#8222;\u00de\u00f3 morguninn komi \u00fe\u00e1 mun \u00fea\u00f0 \u00fe\u00f3 samt n\u00f3tt vera, \u00fe\u00f3 a\u00f0 \u00fe\u00e9r spyrji\u00f0 a\u00f0 \u00fev\u00ed \u00fe\u00e1 munu \u00fe\u00e9r \u00fe\u00f3 \u00edgen koma og spyrja enn a\u00f0 \u00fev\u00ed hinu sama \u00ed anna\u00f0 sinn.&#8220;<\/p>\n<p>\t\u00deessi er s\u00e1 \u00feunginn yfir Arabia. <span class=\"athugasemd\" title=\"Arabia\">[<\/span> \u00de\u00e9r munu\u00f0 byggja \u00fat \u00ed sk\u00f3ginum \u00ed Arabia, \u00e1 veginum til D\u00f3dan\u00edm. M\u00e6ti\u00f0 hinum \u00feyrsta og f\u00e6ri\u00f0 honum vatn, \u00fe\u00e9r sem byggi\u00f0 \u00ed landinu Tema. Bj\u00f3\u00f0i\u00f0 fram brau\u00f0i\u00f0 \u00feeim e\u00f0 fl\u00fdja \u00fev\u00ed a\u00f0 \u00feeir fl\u00fdja fyrir sver\u00f0ino, j\u00e1, fyrir n\u00f6ktu sver\u00f0i, fyrir \u00feeim uppspennta boga, fyrir \u00feeim mikla \u00f3fri\u00f0num. \u00dev\u00ed a\u00f0 so segir Drottinn til m\u00edn \u00fea\u00f0 enn \u00e1 einu \u00e1ri, l\u00edka so sem a\u00f0 eru \u00e1rin daglaunarans, \u00fe\u00e1 skal s\u00fa vegsemdarpr\u00fd\u00f0in Kedar \u00ed burt sviptast og \u00feeir bogmenn sem eftir eru or\u00f0nir af koppunum \u00ed Kedar skulu f\u00e6rri ver\u00f0a. \u00dev\u00ed a\u00f0 Drottinn \u00cdsraels hefur \u00fea\u00f0 tala\u00f0.<\/p>\n","protected":false},"excerpt":{"rendered":"<p>XXI. \u00deessi er s\u00e1 \u00feunginn yfir ey\u00f0im\u00f6rkinni vi\u00f0ur sj\u00e1varhafi\u00f0. [ L\u00edka so sem eitt stormvi\u00f0ri kemur \u00far su\u00f0ri \u00fea\u00f0 er umsn\u00fdr \u00f6llum hlutum, so kemur \u00fea\u00f0 og l\u00edka \u00fat af ey\u00f0im\u00f6rkinni, \u00ed burt \u00far einu \u00f3gurlegu landi. \u00dev\u00ed a\u00f0 m\u00e9r er v\u00edsu\u00f0 ein \u00feung s\u00fdn, einn forsm\u00e1narinn kemur \u00ed m\u00f3ti \u00f6\u00f0rum, einn fordjarfarinn \u00ed m\u00f3ti \u00f6\u00f0rum. Drag upp hinga\u00f0, \u00fe\u00fa Elam, umkringdu hana Madia! [ Eg vil einn enda gj\u00f6ra \u00e1 allri andvarpan. \u00dear fyrir eru m\u00ednar lendar fullar af hrygg\u00f0 og angist hefur h\u00f6ndla\u00f0 mig so sem eina \u00fe\u00e1 e\u00f0 f\u00e6\u00f0ir. Eg beygi mig \u00fe\u00e1 eg heyri \u00fea\u00f0 og <a href=\"https:\/\/biblian.is\/gudbrandsbiblia\/jesaja-21-kafli\/\"> [&#8230;]<\/a><\/p>\n","protected":false},"author":1,"featured_media":0,"parent":0,"menu_order":0,"comment_status":"open","ping_status":"open","template":"bibliukaflar.php","meta":{"footnotes":""},"class_list":["post-3394","page","type-page","status-publish","hentry"],"_links":{"self":[{"href":"https:\/\/biblian.is\/gudbrandsbiblia\/wp-json\/wp\/v2\/pages\/3394","targetHints":{"allow":["GET"]}}],"collection":[{"href":"https:\/\/biblian.is\/gudbrandsbiblia\/wp-json\/wp\/v2\/pages"}],"about":[{"href":"https:\/\/biblian.is\/gudbrandsbiblia\/wp-json\/wp\/v2\/types\/page"}],"author":[{"embeddable":true,"href":"https:\/\/biblian.is\/gudbrandsbiblia\/wp-json\/wp\/v2\/users\/1"}],"replies":[{"embeddable":true,"href":"https:\/\/biblian.is\/gudbrandsbiblia\/wp-json\/wp\/v2\/comments?post=3394"}],"version-history":[{"count":0,"href":"https:\/\/biblian.is\/gudbrandsbiblia\/wp-json\/wp\/v2\/pages\/3394\/revisions"}],"wp:attachment":[{"href":"https:\/\/biblian.is\/gudbrandsbiblia\/wp-json\/wp\/v2\/media?parent=3394"}],"curies":[{"name":"wp","href":"https:\/\/api.w.org\/{rel}","templated":true}]}}