{"id":3392,"date":"2017-12-18T18:33:29","date_gmt":"2017-12-18T18:33:29","guid":{"rendered":"http:\/\/biblian.is\/gudbrandsbiblia\/jesaja-19-kafli\/"},"modified":"2017-12-18T18:33:29","modified_gmt":"2017-12-18T18:33:29","slug":"jesaja-19-kafli","status":"publish","type":"page","link":"https:\/\/biblian.is\/gudbrandsbiblia\/jesaja-19-kafli\/","title":{"rendered":"Jesaja 19. kafli"},"content":{"rendered":"<p>XIX.<\/p>\n<p>\u00deessi er \u00feunginn yfir Egyptalandi. <span class=\"athugasemd\" title=\"Egyptaland \/ Jerem. xlvi. \/ Esek. xxix. xxx.\">[<\/span> Sj\u00e1 \u00fe\u00fa a\u00f0 Drottinn mun fara \u00e1 einu skj\u00f3tu sk\u00fdi og koma \u00ed Egyptaland. \u00de\u00e1 munu sk\u00fargo\u00f0in \u00ed Egyptalandi skj\u00e1lfa fyrir honum og hjarta\u00f0 egypskra manna mun slj\u00f3vgast \u00ed \u00feeirra brj\u00f3stum og eg mun egna hvern egypskan m\u00f3ti \u00f6\u00f0rum so \u00fea\u00f0 einn br\u00f3\u00f0irinn m\u00f3ti \u00f6\u00f0rum, einn vinurinn m\u00f3ti \u00f6\u00f0rum, einn sta\u00f0urinn m\u00f3ti \u00f6\u00f0rum, eitt r\u00edki skal m\u00f3ti \u00f6\u00f0ru berjast. Og hugarhreystin \u00feeirra egypskra skal a\u00f0 \u00f6ngu ver\u00f0a og eg mun \u00feeirra r\u00e1\u00f0 a\u00f0 \u00f3n\u00fdtu gj\u00f6ra. \u00de\u00e1 munu \u00feeir a\u00f0 spyrja s\u00edna afgu\u00f0i og presta og sp\u00e1sagnarmenn og teikna\u00fat\u00fe\u00fd\u00f0ara en eg mun ofurgefa hina egypsku \u00ed vald grimmra h\u00f6f\u00f0ingja og <span class=\"athugasemd\" title=\"c \/ Har\u00f0r\u00e1\u00f0ur k\u00f3ngurinn af Assyria\">[<\/span> har\u00f0r\u00e1\u00f0ur k\u00f3ngur skal yfir \u00feeim drottna, segir s\u00e1 Stj\u00f3rnarinn Drottinn Seba\u00f3t.<\/p>\n<p>\tOg \u00fea\u00f0 vatni\u00f0 \u00ed hafino mun upp\u00feorna, \u00fear a\u00f0 auk vatsfalli\u00f0 mun \u00ed burt s\u00f3ast og upp\u00feurrkast og \u00feau v\u00f6tnin munu framhlaupa so a\u00f0 \u00feau vatsfl\u00f3\u00f0in og d\u00edkin munu minnkast og upp\u00feurrkast, l\u00edka b\u00e6\u00f0i reyrinn og marh\u00e1lmurinn mun uppvisna og \u00fea\u00f0 grasi\u00f0 fram vi\u00f0 v\u00f6tnin mun l\u00edka upp\u00feorna og allt \u00fea\u00f0 s\u00e6\u00f0i sem vi\u00f0 v\u00f6tnin er mun uppvisna og a\u00f0 \u00f6ngu ver\u00f0a og \u00feeir fiskimenn munu syrgja og allir \u00feeir hinir s\u00f6mu sem fiski\u00f6nglana \u00ed vatni\u00f0 l\u00e1ta munu harm bera og \u00feeir hinir s\u00f6mu sem fiskinetin \u00fatleggja \u00ed v\u00f6tnin munu hryggvir vera. \u00deeir e\u00f0 gott netgarn verka og netin til samans r\u00ed\u00f0a munu skammast s\u00edn og \u00feeir e\u00f0 fiskih\u00e1fana hafa \u00e1samt me\u00f0 \u00f6llum \u00feeim sem vei\u00f0iv\u00f6tnin gj\u00f6ra fyrir ver\u00f0launa sakir \u00fe\u00e1 munu sorgbitnir vera.<\/p>\n<p>\t\u00deeir h\u00f6f\u00f0ingjarnir til S\u00f3an eru f\u00e1v\u00edsir, hinir hyggnu r\u00e1\u00f0gjafarnir pharaonis gefa \u00fat heimsk r\u00e1\u00f0. Hva\u00f0 segi \u00fe\u00e9r \u00fe\u00f3 \u00fat af fara\u00f3? &#8222;Eg em sonur spekinganna og \u00fat kominn af \u00feeim g\u00f6mlu k\u00f3ngunum.&#8220; Hvar eru n\u00fa \u00fe\u00ednir spekingar? L\u00e1ttu \u00fe\u00e1 kunngj\u00f6ra \u00fe\u00e9r og v\u00edsa \u00fea\u00f0 hva\u00f0 e\u00f0 Drottinn Seba\u00f3t hefur \u00e1lykta\u00f0 yfir Egyptalandi. En \u00feeir h\u00f6f\u00f0ingarnir til S\u00f3an eru skiptingar vor\u00f0nir, \u00feeir h\u00f6f\u00f0ingjarnir til N\u00f3f eru sviknir, \u00feeir sv\u00edkja og me\u00f0 Egyptalandi \u00feann <span class=\"athugasemd\" title=\"b \/ Hyrningarsteinn \/ h\u00e9r, k\u00f3nginn\">[<\/span> hyrningarsteininn kynkv\u00edslanna. \u00dev\u00ed a\u00f0 Drottinn hefur \u00fathellt me\u00f0al \u00feeirra einum sunlunaranda so a\u00f0 \u00feeir villi Egyptaland \u00ed \u00f6llum \u00feeirra gj\u00f6rningum, l\u00edka sem \u00fea\u00f0 einn ofdrukkinn ma\u00f0ur hann kollveltur n\u00e6r e\u00f0 hann selur upp. Og Egyptaland mun ekki hafa hverki h\u00f6fu\u00f0i\u00f0 n\u00e9 halann, eikina n\u00e9 greinarnar.<\/p>\n<p>\t\u00c1 \u00feeim t\u00edma mun Egyptaland vera l\u00edka sem konur, \u00f3ttast og skelfast \u00fe\u00e1 e\u00f0 Drottinn Seba\u00f3t mun hendinni veifa yfir \u00fea\u00f0. Og Egyptaland mun hr\u00e6\u00f0ast fyrir landino J\u00fada so \u00fea\u00f0 hver hann minnist \u00e1 \u00fea\u00f0 sama mun hr\u00e6\u00f0ast fyrir \u00fev\u00ed, yfir r\u00e1\u00f0inu Drottins Seba\u00f3t sem hann hefur \u00e1lykta\u00f0 yfir \u00feeim.<\/p>\n<p>\t\u00c1 \u00feeim t\u00edma munu fimm sta\u00f0irnir \u00ed Egyptalandi tala eftir m\u00e1lt\u00e6ki Kanaans og sverja vi\u00f0ur Drottin Seba\u00f3t. <span class=\"athugasemd\" title=\"Fyrirheit \u00fea\u00f0 ??? egypsku\">[<\/span> Ein mun heita \u00cdrheres. \u00c1 \u00feeim sama t\u00edma mun altari Drottins Seba\u00f3t vera mitt \u00ed Egyptalandi og einn merkissteinn Drottins vi\u00f0ur landamerkim hver e\u00f0 vera munu eitt teikn og vitnisbur\u00f0ur \u00feeim Drottni Seba\u00f3t \u00ed Egyptalandi. \u00dev\u00ed a\u00f0 \u00feeir munu kalla til Drottins yfir \u00feeim sem \u00fe\u00e1 \u00fevinga. Hann mun \u00fe\u00e1 senda \u00feeim einn hj\u00e1lparmann og meistara hver e\u00f0 \u00fe\u00e1 frelsar. \u00dev\u00ed a\u00f0 Drottinn mun \u00feeim egypskum kunnigur ver\u00f0a og \u00feeir hinir egypsku munu me\u00f0kenna Drottin \u00e1 \u00feeim t\u00edma og munu honum me\u00f0 f\u00f3rnum og mataroffri \u00fej\u00f3na og \u00feeir munu heitum lofa Drottni og halda \u00fea\u00f0. Og Drottinn mun pl\u00e1ga hina egypsku og gr\u00e6\u00f0a \u00fe\u00e1 \u00fea\u00f0 \u00feeir munu sn\u00faast til Drottins og hann mun l\u00e1ta \u00fe\u00e1 bi\u00f0ja sig og l\u00e6kna \u00fe\u00e1.<\/p>\n<p>\t\u00c1 \u00feeim t\u00edma mun vegur vera af Egyptalandi \u00ed Assyriam so \u00fea\u00f0 \u00feeir \u00far Assyria \u00ed Egyptaland og hinr egypsku \u00ed Assyriam komi og \u00feeir hvorutveggju, hinir egypsku og \u00far Assyria, munu Gu\u00f0i \u00fej\u00f3na. \u00c1 \u00feeim t\u00edma mun \u00cdsrael me\u00f0 \u00feeim egypskum og Assyris sj\u00e1lfur \u00feri\u00f0ji vera um \u00fe\u00e1 blessan sem \u00e1 j\u00f6r\u00f0unni mun ver\u00f0a. \u00dev\u00ed a\u00f0 Drottinn Seba\u00f3t mun blessa \u00fe\u00e1 og segja: &#8222;Blessa\u00f0ur s\u00e9rtu, mitt f\u00f3lk \u00ed Egyptalandi, og \u00fe\u00fa, Ass\u00far, verki\u00f0 minna handa, og \u00fe\u00fa, \u00cdsrael, m\u00edn arfleif\u00f0.&#8220;<\/p>\n","protected":false},"excerpt":{"rendered":"<p>XIX. \u00deessi er \u00feunginn yfir Egyptalandi. [ Sj\u00e1 \u00fe\u00fa a\u00f0 Drottinn mun fara \u00e1 einu skj\u00f3tu sk\u00fdi og koma \u00ed Egyptaland. \u00de\u00e1 munu sk\u00fargo\u00f0in \u00ed Egyptalandi skj\u00e1lfa fyrir honum og hjarta\u00f0 egypskra manna mun slj\u00f3vgast \u00ed \u00feeirra brj\u00f3stum og eg mun egna hvern egypskan m\u00f3ti \u00f6\u00f0rum so \u00fea\u00f0 einn br\u00f3\u00f0irinn m\u00f3ti \u00f6\u00f0rum, einn vinurinn m\u00f3ti \u00f6\u00f0rum, einn sta\u00f0urinn m\u00f3ti \u00f6\u00f0rum, eitt r\u00edki skal m\u00f3ti \u00f6\u00f0ru berjast. Og hugarhreystin \u00feeirra egypskra skal a\u00f0 \u00f6ngu ver\u00f0a og eg mun \u00feeirra r\u00e1\u00f0 a\u00f0 \u00f3n\u00fdtu gj\u00f6ra. \u00de\u00e1 munu \u00feeir a\u00f0 spyrja s\u00edna afgu\u00f0i og presta og sp\u00e1sagnarmenn og teikna\u00fat\u00fe\u00fd\u00f0ara en eg mun ofurgefa hina <a href=\"https:\/\/biblian.is\/gudbrandsbiblia\/jesaja-19-kafli\/\"> [&#8230;]<\/a><\/p>\n","protected":false},"author":1,"featured_media":0,"parent":0,"menu_order":0,"comment_status":"open","ping_status":"open","template":"bibliukaflar.php","meta":{"footnotes":""},"class_list":["post-3392","page","type-page","status-publish","hentry"],"_links":{"self":[{"href":"https:\/\/biblian.is\/gudbrandsbiblia\/wp-json\/wp\/v2\/pages\/3392","targetHints":{"allow":["GET"]}}],"collection":[{"href":"https:\/\/biblian.is\/gudbrandsbiblia\/wp-json\/wp\/v2\/pages"}],"about":[{"href":"https:\/\/biblian.is\/gudbrandsbiblia\/wp-json\/wp\/v2\/types\/page"}],"author":[{"embeddable":true,"href":"https:\/\/biblian.is\/gudbrandsbiblia\/wp-json\/wp\/v2\/users\/1"}],"replies":[{"embeddable":true,"href":"https:\/\/biblian.is\/gudbrandsbiblia\/wp-json\/wp\/v2\/comments?post=3392"}],"version-history":[{"count":0,"href":"https:\/\/biblian.is\/gudbrandsbiblia\/wp-json\/wp\/v2\/pages\/3392\/revisions"}],"wp:attachment":[{"href":"https:\/\/biblian.is\/gudbrandsbiblia\/wp-json\/wp\/v2\/media?parent=3392"}],"curies":[{"name":"wp","href":"https:\/\/api.w.org\/{rel}","templated":true}]}}