{"id":3391,"date":"2017-12-18T18:33:29","date_gmt":"2017-12-18T18:33:29","guid":{"rendered":"http:\/\/biblian.is\/gudbrandsbiblia\/jesaja-18-kafli\/"},"modified":"2017-12-18T18:33:29","modified_gmt":"2017-12-18T18:33:29","slug":"jesaja-18-kafli","status":"publish","type":"page","link":"https:\/\/biblian.is\/gudbrandsbiblia\/jesaja-18-kafli\/","title":{"rendered":"Jesaja 18. kafli"},"content":{"rendered":"<p>XVIII.<\/p>\n<p>Vei \u00fev\u00ed landinu sem a\u00f0 fer undir seglanna skugga \u00feessumegin vatnanna \u00ed Bl\u00e1landi, hvert e\u00f0 bo\u00f0skapinn \u00fatsendir \u00e1 hafinu og \u00ed reyrskipunum \u00e1 v\u00f6tnunum fer. Fari\u00f0 h\u00e9\u00f0an, \u00fe\u00e9r skj\u00f3tir sendibo\u00f0ar, til \u00feeirrar \u00fej\u00f3\u00f0ar sem r\u00e6nd og rutlu\u00f0 er, til \u00feess f\u00f3lksins sem \u00f3gurlegra er en nokkurt anna\u00f0, til \u00feess f\u00f3lksins sem \u00fat af er m\u00e6lt og ni\u00f0urtro\u00f0i\u00f0, hvers land vatnsfl\u00f3\u00f0in undirleggja. Allir \u00fe\u00e9r sem \u00e1 jar\u00f0r\u00edki byggi\u00f0 og \u00feeir sem \u00ed landinu b\u00faa munu sj\u00e1 hvenrin \u00fea\u00f0 merkin \u00e1 fj\u00f6llunum munu \u00fat flj\u00faga og heyra \u00fea\u00f0 hvernin l\u00fa\u00f0rarnir munu bl\u00e1sast.<\/p>\n<p>\t\u00dev\u00ed a\u00f0 svo segir Drottinn til m\u00edn: Eg vil kyrru fyrir halda og umskyggnast \u00ed m\u00ednum sta\u00f0, l\u00edka sem eitt hitave\u00f0ur \u00fea\u00f0 sem upp\u00feurrkar regni\u00f0 og so sem n\u00e1ttd\u00f6gg \u00fat \u00ed hita haustvinnunnar. \u00dev\u00ed a\u00f0 fyrir haustyrkjut\u00edmann mun \u00e1v\u00f6xturinn uppvisna og s\u00e1 aldinisv\u00edsirinn \u00ed bl\u00f3msturt\u00ed\u00f0inni upp\u00feorna so \u00fea\u00f0 stengurnar hlj\u00f3ti menn me\u00f0 kornsig\u00f0um \u00ed burtu a\u00f0 sn\u00ed\u00f0a og v\u00ednkvistuna af a\u00f0 h\u00f6ggva og \u00ed burt kasta, so \u00fea\u00f0 menn hlj\u00f3ta til samans a\u00f0 liggja l\u00e1ta fuglana \u00e1 fj\u00f6llunum og d\u00fdrin \u00ed landinu, so \u00fea\u00f0 \u00e1 sumari\u00f0 hrei\u00f0ri fuglarnir \u00fear inni og \u00e1 veturinn liggi \u00fear inni alls kyns d\u00fdr \u00ed landinu.<\/p>\n<p>\t\u00c1 \u00feeim t\u00edma mun \u00fea\u00f0 hi\u00f0 sundurdreif\u00f0a og hi\u00f0 r\u00e6nta f\u00f3lki\u00f0, \u00fea\u00f0 sem \u00f3gurlegra er en nokkurt anna\u00f0, \u00fea\u00f0 \u00fat af er m\u00e6lt og ni\u00f0urtro\u00f0i\u00f0, hvers land vatsfl\u00f3\u00f0 undirleggja, f\u00f3rnir f\u00e6ra Drottni Seba\u00f3t \u00ed \u00feeim sta\u00f0 \u00fear e\u00f0 nafni\u00f0 Drottins Seba\u00f3t er, til fjallsins S\u00edon.<\/p>\n","protected":false},"excerpt":{"rendered":"<p>XVIII. Vei \u00fev\u00ed landinu sem a\u00f0 fer undir seglanna skugga \u00feessumegin vatnanna \u00ed Bl\u00e1landi, hvert e\u00f0 bo\u00f0skapinn \u00fatsendir \u00e1 hafinu og \u00ed reyrskipunum \u00e1 v\u00f6tnunum fer. Fari\u00f0 h\u00e9\u00f0an, \u00fe\u00e9r skj\u00f3tir sendibo\u00f0ar, til \u00feeirrar \u00fej\u00f3\u00f0ar sem r\u00e6nd og rutlu\u00f0 er, til \u00feess f\u00f3lksins sem \u00f3gurlegra er en nokkurt anna\u00f0, til \u00feess f\u00f3lksins sem \u00fat af er m\u00e6lt og ni\u00f0urtro\u00f0i\u00f0, hvers land vatnsfl\u00f3\u00f0in undirleggja. Allir \u00fe\u00e9r sem \u00e1 jar\u00f0r\u00edki byggi\u00f0 og \u00feeir sem \u00ed landinu b\u00faa munu sj\u00e1 hvenrin \u00fea\u00f0 merkin \u00e1 fj\u00f6llunum munu \u00fat flj\u00faga og heyra \u00fea\u00f0 hvernin l\u00fa\u00f0rarnir munu bl\u00e1sast. \u00dev\u00ed a\u00f0 svo segir Drottinn til m\u00edn: Eg vil <a href=\"https:\/\/biblian.is\/gudbrandsbiblia\/jesaja-18-kafli\/\"> [&#8230;]<\/a><\/p>\n","protected":false},"author":1,"featured_media":0,"parent":0,"menu_order":0,"comment_status":"open","ping_status":"open","template":"bibliukaflar.php","meta":{"footnotes":""},"class_list":["post-3391","page","type-page","status-publish","hentry"],"_links":{"self":[{"href":"https:\/\/biblian.is\/gudbrandsbiblia\/wp-json\/wp\/v2\/pages\/3391","targetHints":{"allow":["GET"]}}],"collection":[{"href":"https:\/\/biblian.is\/gudbrandsbiblia\/wp-json\/wp\/v2\/pages"}],"about":[{"href":"https:\/\/biblian.is\/gudbrandsbiblia\/wp-json\/wp\/v2\/types\/page"}],"author":[{"embeddable":true,"href":"https:\/\/biblian.is\/gudbrandsbiblia\/wp-json\/wp\/v2\/users\/1"}],"replies":[{"embeddable":true,"href":"https:\/\/biblian.is\/gudbrandsbiblia\/wp-json\/wp\/v2\/comments?post=3391"}],"version-history":[{"count":0,"href":"https:\/\/biblian.is\/gudbrandsbiblia\/wp-json\/wp\/v2\/pages\/3391\/revisions"}],"wp:attachment":[{"href":"https:\/\/biblian.is\/gudbrandsbiblia\/wp-json\/wp\/v2\/media?parent=3391"}],"curies":[{"name":"wp","href":"https:\/\/api.w.org\/{rel}","templated":true}]}}