{"id":3390,"date":"2017-12-18T18:33:29","date_gmt":"2017-12-18T18:33:29","guid":{"rendered":"http:\/\/biblian.is\/gudbrandsbiblia\/jesaja-17-kafli\/"},"modified":"2017-12-18T18:33:29","modified_gmt":"2017-12-18T18:33:29","slug":"jesaja-17-kafli","status":"publish","type":"page","link":"https:\/\/biblian.is\/gudbrandsbiblia\/jesaja-17-kafli\/","title":{"rendered":"Jesaja 17. kafli"},"content":{"rendered":"<p>XVII.<\/p>\n<p>\u00deessi er s\u00e1 \u00feunginn yfir Damascum. Sj\u00e1 \u00fe\u00fa, a\u00f0 Damascus mun enginn sta\u00f0ur lengur vera heldur ein ni\u00f0urhrunin grj\u00f3thr\u00faga. <span class=\"athugasemd\" title=\"Forey\u00f0ing Damascus\">[<\/span> \u00deeir sta\u00f0irnir Ar\u00f3er munu forl\u00e1tnir vera so a\u00f0 \u00fear munu hjar\u00f0irnar ganga \u00f3makslausar. Og \u00fea\u00f0 mun \u00fatgj\u00f6rt vera um kastala Efra\u00edms og r\u00edkisstj\u00f3rnan til Damascum og \u00fea\u00f0 sem eftir er bl\u00edfi\u00f0 til Syria mun vera l\u00edka sem vegsemdin \u00cdsraelsona, segir Drottinn Seba\u00f3t. <span class=\"athugasemd\" title=\"Damascus kallast Efra\u00edm f\u00f3lks kastali a\u00f0 \u00feeir treystu upp \u00e1 Damascum \/ Esaie xxiiy.\">[<\/span> <\/p>\n<p>\t\u00c1 \u00feeim t\u00edma mun vegsemdin Jakobs \u00feunn vera og hans vel feitur l\u00edkami mun magur vera. \u00dev\u00ed a\u00f0 \u00feeir munu vera l\u00edka sem \u00fe\u00e1 n\u00e6r e\u00f0 nokkur innsafnar korni \u00ed haustvinnunni og so sem \u00fe\u00e1 n\u00e6r e\u00f0 einhver inndregur \u00f6xin me\u00f0 s\u00ednum armleggjum og l\u00edka sem \u00fea\u00f0 \u00fe\u00e1 e\u00f0 nokkurir saman lesa \u00f6xin \u00ed dalnum Refa\u00edm og a\u00f0 bl\u00edfi \u00fear inni so sem ein eftirvinna, l\u00edka sem \u00fea\u00f0 n\u00e6r e\u00f0 einhver skekur eitt vi\u00f0smj\u00f6rstr\u00e9 so \u00fea\u00f0 upp \u00ed toppinum eftirbl\u00edfi tv\u00f6 e\u00f0ur \u00ferj\u00fa korn e\u00f0ur so sem \u00fe\u00e1 n\u00e6r e\u00f0 gj\u00f6fur e\u00f0a fimm aldini hengja \u00e1 kvistinum, segir Drottinn Seba\u00f3t.<\/p>\n<p>\t\u00c1 \u00feeim t\u00edma mun ma\u00f0urinn hneigjast a\u00f0 honum sem hann hefur skapa\u00f0 og hans augu munu l\u00edta upp \u00e1 \u00feann Hinn heilaga \u00cdsrael og ei mun hann hneigja sig til \u00feeirra altaranna sem hans sj\u00e1lfs hendur hafa sm\u00ed\u00f0a\u00f0 og ekki l\u00edta upp \u00e1 \u00fea\u00f0 hva\u00f0 hans fingur hafa gj\u00f6rt, hverki upp \u00e1 \u00feau bl\u00f3thofin n\u00e9 l\u00edkneskjurnar.<\/p>\n<p>\t\u00c1 \u00feeim t\u00edma munu sta\u00f0irnir \u00feeirra <span class=\"athugasemd\" title=\"a \/ Styrkleiks) \u00fea\u00f0 eru \u00feeir sta\u00f0irnir \u00ed hverjum \u00feeirra sk\u00fargo\u00f0 og emb\u00e6ttisgj\u00f6r\u00f0in var hvar upp \u00e1 \u00feeir treystu. En so sem \u00cdsraelssynir l\u00e9tu f\u00e1tt f\u00f3lk l\u00edka so sem greinir e\u00f0ur kvistu eftir bl\u00edfa \u00fe\u00e1 \u00feeir unnu Kanaansland, so skal \u00fea\u00f0 og einnin ganga \u00feeim sj\u00e1lfum\">[<\/span> styrkleiks vera l\u00edka sem eftirl\u00e1tnar greinir og kvistir hverjar e\u00f0 eftirl\u00e1tnar voru af sonum \u00cdsraels og munu \u00ed ey\u00f0i vera. \u00dev\u00ed a\u00f0 \u00fe\u00fa hefur forgleymt Gu\u00f0i \u00fe\u00edns hj\u00e1lpr\u00e6\u00f0is og \u00fe\u00fa hefur ekki minnst \u00e1 \u00fea\u00f0 hellubjargi\u00f0 \u00fe\u00edns styrkleika. \u00dear fyrir muntu lystilega plantan ni\u00f0ur setja. En \u00fear me\u00f0 muntu annarlegu \u00fe\u00e1 v\u00ednkvistu ni\u00f0ursetja. \u00c1 \u00feeim t\u00edma e\u00f0 \u00fe\u00fa ni\u00f0urs\u00e1ir muntu \u00feess vel g\u00e6ta so a\u00f0 \u00feitt s\u00e6\u00f0i bl\u00f3mgist t\u00edmanlega. En \u00ed haustvinnunni n\u00e6r e\u00f0 \u00fe\u00fa skalt kjarnann inn yrkja muntu sorg eins harm\u00ferungins \u00fear fyrir hafa.<\/p>\n<p>\t\u00d3 vei \u00feeim fj\u00f6lda so mikils f\u00f3lks, l\u00edka sem sj\u00e1varhafi\u00f0 mun \u00fea\u00f0 upp\u00fej\u00f3ta og buldran l\u00fd\u00f0sins mun so dynja l\u00edka sem ni\u00f0ur mikilla vatnsfalla! <span class=\"athugasemd\" title=\"\u00deetta er sagt um \u00fe\u00e1 Assyrios hverjum hann segir fyrir s\u00edna fordj\u00f6rfun \u00cdsraelsl\u00fd\u00f0 til huggunar \/ Esa. xxxvy.\">[<\/span> J\u00e1, l\u00edka sem dynjandi v\u00f6tn \u00feau falla so mun \u00fea\u00f0 f\u00f3lki\u00f0 fram \u00feeysa. En hann mun straffa \u00fe\u00e1, \u00feeir munu \u00fe\u00e1 og langt \u00ed burt fl\u00fdja og mun \u00ed burt svipta \u00feeim l\u00edka sem \u00fea\u00f0 vindur feykir moldardufti \u00e1 fj\u00f6llum uppi og l\u00edka sem hvirfilvindur kemur af stormvi\u00f0ri. A\u00f0 kveldt\u00edma, sj\u00e1 \u00fe\u00fa, \u00fe\u00e1 er \u00fear skelfing og \u00e1\u00f0ur en morgun kemur eru \u00feeir \u00fear ei lengur. \u00deetta er ver\u00f0kaupi\u00f0 vorra r\u00e1nsmanna og hlutskipti \u00feeirra sem vort hafa \u00ed burt teki\u00f0.<\/p>\n","protected":false},"excerpt":{"rendered":"<p>XVII. \u00deessi er s\u00e1 \u00feunginn yfir Damascum. Sj\u00e1 \u00fe\u00fa, a\u00f0 Damascus mun enginn sta\u00f0ur lengur vera heldur ein ni\u00f0urhrunin grj\u00f3thr\u00faga. [ \u00deeir sta\u00f0irnir Ar\u00f3er munu forl\u00e1tnir vera so a\u00f0 \u00fear munu hjar\u00f0irnar ganga \u00f3makslausar. Og \u00fea\u00f0 mun \u00fatgj\u00f6rt vera um kastala Efra\u00edms og r\u00edkisstj\u00f3rnan til Damascum og \u00fea\u00f0 sem eftir er bl\u00edfi\u00f0 til Syria mun vera l\u00edka sem vegsemdin \u00cdsraelsona, segir Drottinn Seba\u00f3t. [ \u00c1 \u00feeim t\u00edma mun vegsemdin Jakobs \u00feunn vera og hans vel feitur l\u00edkami mun magur vera. \u00dev\u00ed a\u00f0 \u00feeir munu vera l\u00edka sem \u00fe\u00e1 n\u00e6r e\u00f0 nokkur innsafnar korni \u00ed haustvinnunni og so sem \u00fe\u00e1 n\u00e6r <a href=\"https:\/\/biblian.is\/gudbrandsbiblia\/jesaja-17-kafli\/\"> [&#8230;]<\/a><\/p>\n","protected":false},"author":1,"featured_media":0,"parent":0,"menu_order":0,"comment_status":"open","ping_status":"open","template":"bibliukaflar.php","meta":{"footnotes":""},"class_list":["post-3390","page","type-page","status-publish","hentry"],"_links":{"self":[{"href":"https:\/\/biblian.is\/gudbrandsbiblia\/wp-json\/wp\/v2\/pages\/3390","targetHints":{"allow":["GET"]}}],"collection":[{"href":"https:\/\/biblian.is\/gudbrandsbiblia\/wp-json\/wp\/v2\/pages"}],"about":[{"href":"https:\/\/biblian.is\/gudbrandsbiblia\/wp-json\/wp\/v2\/types\/page"}],"author":[{"embeddable":true,"href":"https:\/\/biblian.is\/gudbrandsbiblia\/wp-json\/wp\/v2\/users\/1"}],"replies":[{"embeddable":true,"href":"https:\/\/biblian.is\/gudbrandsbiblia\/wp-json\/wp\/v2\/comments?post=3390"}],"version-history":[{"count":0,"href":"https:\/\/biblian.is\/gudbrandsbiblia\/wp-json\/wp\/v2\/pages\/3390\/revisions"}],"wp:attachment":[{"href":"https:\/\/biblian.is\/gudbrandsbiblia\/wp-json\/wp\/v2\/media?parent=3390"}],"curies":[{"name":"wp","href":"https:\/\/api.w.org\/{rel}","templated":true}]}}