{"id":3388,"date":"2017-12-18T18:33:29","date_gmt":"2017-12-18T18:33:29","guid":{"rendered":"http:\/\/biblian.is\/gudbrandsbiblia\/jesaja-15-kafli\/"},"modified":"2017-12-18T18:33:29","modified_gmt":"2017-12-18T18:33:29","slug":"jesaja-15-kafli","status":"publish","type":"page","link":"https:\/\/biblian.is\/gudbrandsbiblia\/jesaja-15-kafli\/","title":{"rendered":"Jesaja 15. kafli"},"content":{"rendered":"<p>XV.<\/p>\n<p>\u00c1 \u00fev\u00ed \u00e1ri \u00fe\u00e1 k\u00f3ng Akas anda\u00f0ist var \u00feessi byr\u00f0ar\u00feungi. <span class=\"athugasemd\" title=\"Akas\">[<\/span> Gle\u00f0 \u00feig ekki, \u00fe\u00fa gj\u00f6rvallt Philisteiland, \u00fea\u00f0 s\u00e1 v\u00f6ndurinn sem \u00feig sl\u00f3 s\u00e9 \u00ed sundurbrotinn. <span class=\"athugasemd\" title=\"Forey\u00f0sla Philisteilands \/ Jer. xlviy. \/ Esek. xxv. \/ Sef. y.\">[<\/span> \u00dev\u00ed a\u00f0 \u00fat af r\u00f3t h\u00f6ggormsins mun koma einn basilicus og hans s\u00e6\u00f0i mun einn gl\u00f3andi flugdreki vera. \u00dev\u00ed a\u00f0 hinir frumgetnu \u00feeirra vola\u00f0ra munu f\u00e6\u00f0a sig og hinir f\u00e1t\u00e6ku \u00f3ttalausir hv\u00edlast. En \u00fe\u00edna r\u00f3t vil eg me\u00f0 hungri dey\u00f0a og \u00fe\u00edna eftirl\u00e1tnu skal hann \u00ed hel sl\u00e1. \u00ddlfra, \u00fe\u00fa sta\u00f0arins port, kveina, \u00fe\u00fa borgin sj\u00e1lf! Allt Philisteisland er huglaust \u00fev\u00ed a\u00f0 \u00far nor\u00f0rino kemur <span class=\"athugasemd\" title=\"a \/ Reykur) \u00fea\u00f0 er, j\u00f3reykur eins mikils herskara\">[<\/span> reykur og \u00fear er enginn einn saman \u00ed hans flokki. Og hva\u00f0 munu sendibo\u00f0ar hei\u00f0inna \u00fej\u00f3\u00f0a h\u00e9r og \u00fear segja? \u00deetta, \u00fea\u00f0 S\u00edon hafi Drottinn grundvalla\u00f0 og hinir f\u00e1t\u00e6ku hans f\u00f3lks munu \u00feanga\u00f0 s\u00e9r skj\u00f3ls leita.<\/p>\n","protected":false},"excerpt":{"rendered":"<p>XV. \u00c1 \u00fev\u00ed \u00e1ri \u00fe\u00e1 k\u00f3ng Akas anda\u00f0ist var \u00feessi byr\u00f0ar\u00feungi. [ Gle\u00f0 \u00feig ekki, \u00fe\u00fa gj\u00f6rvallt Philisteiland, \u00fea\u00f0 s\u00e1 v\u00f6ndurinn sem \u00feig sl\u00f3 s\u00e9 \u00ed sundurbrotinn. [ \u00dev\u00ed a\u00f0 \u00fat af r\u00f3t h\u00f6ggormsins mun koma einn basilicus og hans s\u00e6\u00f0i mun einn gl\u00f3andi flugdreki vera. \u00dev\u00ed a\u00f0 hinir frumgetnu \u00feeirra vola\u00f0ra munu f\u00e6\u00f0a sig og hinir f\u00e1t\u00e6ku \u00f3ttalausir hv\u00edlast. En \u00fe\u00edna r\u00f3t vil eg me\u00f0 hungri dey\u00f0a og \u00fe\u00edna eftirl\u00e1tnu skal hann \u00ed hel sl\u00e1. \u00ddlfra, \u00fe\u00fa sta\u00f0arins port, kveina, \u00fe\u00fa borgin sj\u00e1lf! Allt Philisteisland er huglaust \u00fev\u00ed a\u00f0 \u00far nor\u00f0rino kemur [ reykur og \u00fear er enginn einn <a href=\"https:\/\/biblian.is\/gudbrandsbiblia\/jesaja-15-kafli\/\"> [&#8230;]<\/a><\/p>\n","protected":false},"author":1,"featured_media":0,"parent":0,"menu_order":0,"comment_status":"open","ping_status":"open","template":"bibliukaflar.php","meta":{"footnotes":""},"class_list":["post-3388","page","type-page","status-publish","hentry"],"_links":{"self":[{"href":"https:\/\/biblian.is\/gudbrandsbiblia\/wp-json\/wp\/v2\/pages\/3388","targetHints":{"allow":["GET"]}}],"collection":[{"href":"https:\/\/biblian.is\/gudbrandsbiblia\/wp-json\/wp\/v2\/pages"}],"about":[{"href":"https:\/\/biblian.is\/gudbrandsbiblia\/wp-json\/wp\/v2\/types\/page"}],"author":[{"embeddable":true,"href":"https:\/\/biblian.is\/gudbrandsbiblia\/wp-json\/wp\/v2\/users\/1"}],"replies":[{"embeddable":true,"href":"https:\/\/biblian.is\/gudbrandsbiblia\/wp-json\/wp\/v2\/comments?post=3388"}],"version-history":[{"count":0,"href":"https:\/\/biblian.is\/gudbrandsbiblia\/wp-json\/wp\/v2\/pages\/3388\/revisions"}],"wp:attachment":[{"href":"https:\/\/biblian.is\/gudbrandsbiblia\/wp-json\/wp\/v2\/media?parent=3388"}],"curies":[{"name":"wp","href":"https:\/\/api.w.org\/{rel}","templated":true}]}}