{"id":3387,"date":"2017-12-18T18:33:29","date_gmt":"2017-12-18T18:33:29","guid":{"rendered":"http:\/\/biblian.is\/gudbrandsbiblia\/jesaja-14-kafli\/"},"modified":"2017-12-18T18:33:29","modified_gmt":"2017-12-18T18:33:29","slug":"jesaja-14-kafli","status":"publish","type":"page","link":"https:\/\/biblian.is\/gudbrandsbiblia\/jesaja-14-kafli\/","title":{"rendered":"Jesaja 14. kafli"},"content":{"rendered":"<p>XIIII.<\/p>\n<p>Og \u00e1 \u00feeim t\u00edma n\u00e6r e\u00f0 Drottinn mun gefa \u00fe\u00e9r hv\u00edld af \u00feinni eymd og arm\u00e6\u00f0u og af \u00feeirri har\u00f0ri \u00fej\u00f3nustu sem \u00fe\u00fa vart inni, s\u00e9, \u00fe\u00e1 muntu soddan or\u00f0skvi\u00f0 hafa \u00ed m\u00f3ti k\u00f3nginum til Bab\u00fdlon og segja: <span class=\"athugasemd\" title=\"Bab\u00fdlon \/ ein huggun \u00ed gegn \u00feeirri bab\u00fdlonesku herlei\u00f0ingu\">[<\/span> Hvernin er \u00fea\u00f0 n\u00fa me\u00f0 \u00f6llu \u00fatgj\u00f6rt um \u00feann fordr\u00edfarann og skattgjaldi\u00f0 er n\u00fa afteki\u00f0! Drottinn hefir v\u00f6ndinn \u00feeirra \u00f3mildra \u00ed sundurbroti\u00f0, \u00feann v\u00f6ndinn yfirdrottnarans sem \u00f3afl\u00e1tanlega \u00e1 f\u00f3lki\u00f0 lag\u00f0i me\u00f0 \u00e6\u00f0i og me\u00f0 grimmd drottna\u00f0i yfir hei\u00f0num \u00fej\u00f3\u00f0um og ofs\u00f3tti \u00fe\u00e6r miskunnarlaust.<\/p>\n<p>\tN\u00fa hv\u00edlist \u00fe\u00f3 \u00f6ll ver\u00f6ldin og er um kyrrt, fagnar og gle\u00f0st. Grenitr\u00e9n gle\u00f0ja sig einnin yfir \u00fe\u00e9r og \u00feeir sedrusvi\u00f0irnir \u00ed L\u00edbanon og segja: &#8222;\u00c1 me\u00f0an \u00fe\u00fa liggur \u00fe\u00e1 kemur enginn upp hinga\u00f0 s\u00e1 e\u00f0 oss h\u00f6ggvi ni\u00f0ur.&#8220; \u00de\u00e1 \u00fe\u00fa kemur \u00fev\u00ed \u00ed m\u00f3ti \u00fe\u00e1 uppvekur \u00fe\u00e9r \u00fe\u00e1 hinu dau\u00f0u og alla <span class=\"athugasemd\" title=\"a \/ Kjarnhafra) \u00fea\u00f0 er, \u00fe\u00e1 megtugu, st\u00f3rherrana\">[<\/span> kjarnhafra veraldarinnar og skipar \u00f6llum k\u00f3ngum hei\u00f0inna \u00fej\u00f3\u00f0a a\u00f0 standa upp af s\u00ednum tignarst\u00f3lum so \u00fea\u00f0 hver sem einn gefi \u00fea\u00f0 svar og segi til \u00fe\u00edn: &#8222;\u00de\u00fa ert og einnin ni\u00f0ursleginn l\u00edka sem v\u00e6r og \u00fea\u00f0 gengur \u00fe\u00e9r l\u00edka sem oss.&#8220; \u00de\u00edn drambsemispr\u00fd\u00f0i er ni\u00f0urkomin til helv\u00edtis og s\u00f6nghlj\u00f3\u00f0i\u00f0 \u00feinnar <span class=\"athugasemd\" title=\"b \/ H\u00f6rpu) \u00fea\u00f0 er, b\u00e6\u00f0i hefur enda magtin og gle\u00f0in\">[<\/span> h\u00f6rpu, m\u00f6lurinn mun vera \u00fe\u00edn undird\u00fdna og ma\u00f0karnir \u00fe\u00edn \u00e1brei\u00f0a. <span class=\"athugasemd\" title=\"Forey\u00f0sla Bab\u00fdlonar\">[<\/span> <\/p>\n<p>\tHvernin ertu af himni dottin, \u00fe\u00fa hin fagra morgunstjarna? Hvernin ertu til jar\u00f0ar fallin, \u00fe\u00fa sem veiktir \u00fej\u00f3\u00f0irnar? \u00deenkir \u00fe\u00fa \u00fe\u00f3 so \u00ed \u00fe\u00ednu hjarta: &#8222;Eg vil uppst\u00edga \u00ed himininn og forhefja mitt tignars\u00e6ti yfir stj\u00f6rnur Gu\u00f0s. Eg vil setja mig upp \u00e1 fjalli\u00f0 s\u00e1ttm\u00e1lans vi\u00f0ur \u00fe\u00e1 hli\u00f0ina m\u00f3ti nor\u00f0rinu, eg vil fara yfir h\u00e6\u00f0 sk\u00fdjanna og saml\u00edkur vera \u00feeim Hinum h\u00e6\u00f0sta.&#8220; J\u00e1, til helv\u00edtis fer \u00fe\u00fa afvega, \u00ed \u00feann dj\u00fapa pytt. <span class=\"athugasemd\" title=\"S\u00e1l. xiviy.\">[<\/span> Hver \u00fear \u00feig s\u00e9r s\u00e1 mun sko\u00f0a \u00feig og l\u00edta til \u00fe\u00edn og segja: &#8222;Hvert er \u00fea\u00f0 s\u00e1 ma\u00f0urinn sem sk\u00f3k j\u00f6r\u00f0ina og skelfdi k\u00f3ngar\u00edkin, hver e\u00f0 ver\u00f6ldina foreyddi og borgirnar \u00fear inni ni\u00f0urbraut og gaf ekki s\u00edna bandingja lausa?&#8220;<\/p>\n<p>\tA\u00f0 s\u00f6nnu allir k\u00f3ngar hei\u00f0inna \u00fej\u00f3\u00f0a til samans liggja, \u00fe\u00f3 me\u00f0 hei\u00f0ur, hver \u00ed s\u00ednum heimkynni. En \u00fe\u00fa ert rekinn af \u00feinni gr\u00f6f so sem f\u00fainn kvistur, l\u00edka sem einn r\u00e6fill \u00feeirra sem drepnir og me\u00f0 sver\u00f0i \u00ed hel slegnir eru, \u00feeir e\u00f0 ofan fara \u00ed \u00fe\u00e6r <span class=\"athugasemd\" title=\"c \/ Grj\u00f3t) \u00fea\u00f0 er, \u00ed gr\u00fdtta j\u00f6r\u00f0, gr\u00fdtta legsta\u00f0i\">[<\/span> grj\u00f3tkasir helv\u00edtis so sem anna\u00f0 f\u00f3tum tro\u00f0i\u00f0 hr\u00e6. Eigi muntu l\u00edka sem \u00feeir grafinn ver\u00f0a \u00fea\u00f0 \u00fe\u00fa hefur \u00feitt land fordjarfa\u00f0 og \u00feitt f\u00f3lk ni\u00f0urdrepi\u00f0. \u00dev\u00ed a\u00f0 aldregi mun \u00feess s\u00e6\u00f0isins hinna illskufullra minnst ver\u00f0a.<\/p>\n<p>\tB\u00fai\u00f0 til, \u00fea\u00f0 hennar b\u00f6rn ver\u00f0i drepin fyrir misgj\u00f6r\u00f0a sakir fe\u00f0ra \u00feeirra so a\u00f0 \u00feau komist ekki \u00e1 legg n\u00e9 eignist landi\u00f0 og uppfylli ver\u00f6ldina me\u00f0 borgir. Og eg vil koma yfir \u00fe\u00e1, segir Drottinn Seba\u00f3t, og afm\u00e1 \u00feeirra minning af Bab\u00fdlon, \u00feeirra yfirbl\u00edfi\u00f0 slekti og eftirkomendur, segir Drottinn, og eg vil gefa hana til eignar pindsv\u00ednum og gj\u00f6ra a\u00f0 st\u00f6\u00f0uv\u00f6tnum og eg vil \u00fats\u00f3pa henni me\u00f0 s\u00f3pl\u00edma forey\u00f0slunnar, segir Drottinn Seba\u00f3t.<\/p>\n<p>\tEn Drottinn Seba\u00f3t hefur svari\u00f0 og sagt: <span class=\"athugasemd\" title=\"Ass\u00far \/ Forey\u00f0sla Assyrialands\">[<\/span> Hva\u00f0 gildir \u00fea\u00f0 a\u00f0 \u00fea\u00f0 skal so ske sem eg \u00feenki og skal so bl\u00edfa sem eg hefi \u00e1sett, \u00fea\u00f0 Ass\u00far ver\u00f0i ni\u00f0ursleginn \u00ed m\u00ednu landi og \u00fea\u00f0 eg sundurtro\u00f0i hann upp \u00e1 m\u00ednum fj\u00f6llum so \u00fea\u00f0 hans ok ver\u00f0i af \u00feeim teki\u00f0 og \u00fea\u00f0 hans byr\u00f0i komist af \u00feeirra h\u00e1lsi. \u00deetta hi\u00f0 sama er \u00e1formi\u00f0 \u00fea\u00f0 hann hefir yfir \u00f6llum l\u00f6ndum og \u00fea\u00f0 er s\u00fa hin \u00fatbreidda h\u00f6ndin yfir allar \u00fej\u00f3\u00f0ir. \u00dev\u00ed a\u00f0 Drottinn Seba\u00f3t hefur \u00fea\u00f0 so \u00farskur\u00f0a\u00f0, hver f\u00e6r \u00fev\u00ed hamla\u00f0? Og hans h\u00f6nd er \u00fatbreidd, hver vill henni \u00ed burt sn\u00faa?<\/p>\n","protected":false},"excerpt":{"rendered":"<p>XIIII. Og \u00e1 \u00feeim t\u00edma n\u00e6r e\u00f0 Drottinn mun gefa \u00fe\u00e9r hv\u00edld af \u00feinni eymd og arm\u00e6\u00f0u og af \u00feeirri har\u00f0ri \u00fej\u00f3nustu sem \u00fe\u00fa vart inni, s\u00e9, \u00fe\u00e1 muntu soddan or\u00f0skvi\u00f0 hafa \u00ed m\u00f3ti k\u00f3nginum til Bab\u00fdlon og segja: [ Hvernin er \u00fea\u00f0 n\u00fa me\u00f0 \u00f6llu \u00fatgj\u00f6rt um \u00feann fordr\u00edfarann og skattgjaldi\u00f0 er n\u00fa afteki\u00f0! Drottinn hefir v\u00f6ndinn \u00feeirra \u00f3mildra \u00ed sundurbroti\u00f0, \u00feann v\u00f6ndinn yfirdrottnarans sem \u00f3afl\u00e1tanlega \u00e1 f\u00f3lki\u00f0 lag\u00f0i me\u00f0 \u00e6\u00f0i og me\u00f0 grimmd drottna\u00f0i yfir hei\u00f0num \u00fej\u00f3\u00f0um og ofs\u00f3tti \u00fe\u00e6r miskunnarlaust. N\u00fa hv\u00edlist \u00fe\u00f3 \u00f6ll ver\u00f6ldin og er um kyrrt, fagnar og gle\u00f0st. Grenitr\u00e9n gle\u00f0ja sig einnin yfir <a href=\"https:\/\/biblian.is\/gudbrandsbiblia\/jesaja-14-kafli\/\"> [&#8230;]<\/a><\/p>\n","protected":false},"author":1,"featured_media":0,"parent":0,"menu_order":0,"comment_status":"open","ping_status":"open","template":"bibliukaflar.php","meta":{"footnotes":""},"class_list":["post-3387","page","type-page","status-publish","hentry"],"_links":{"self":[{"href":"https:\/\/biblian.is\/gudbrandsbiblia\/wp-json\/wp\/v2\/pages\/3387","targetHints":{"allow":["GET"]}}],"collection":[{"href":"https:\/\/biblian.is\/gudbrandsbiblia\/wp-json\/wp\/v2\/pages"}],"about":[{"href":"https:\/\/biblian.is\/gudbrandsbiblia\/wp-json\/wp\/v2\/types\/page"}],"author":[{"embeddable":true,"href":"https:\/\/biblian.is\/gudbrandsbiblia\/wp-json\/wp\/v2\/users\/1"}],"replies":[{"embeddable":true,"href":"https:\/\/biblian.is\/gudbrandsbiblia\/wp-json\/wp\/v2\/comments?post=3387"}],"version-history":[{"count":0,"href":"https:\/\/biblian.is\/gudbrandsbiblia\/wp-json\/wp\/v2\/pages\/3387\/revisions"}],"wp:attachment":[{"href":"https:\/\/biblian.is\/gudbrandsbiblia\/wp-json\/wp\/v2\/media?parent=3387"}],"curies":[{"name":"wp","href":"https:\/\/api.w.org\/{rel}","templated":true}]}}