{"id":3385,"date":"2017-12-18T18:33:29","date_gmt":"2017-12-18T18:33:29","guid":{"rendered":"http:\/\/biblian.is\/gudbrandsbiblia\/jesaja-12-kafli\/"},"modified":"2017-12-18T18:33:29","modified_gmt":"2017-12-18T18:33:29","slug":"jesaja-12-kafli","status":"publish","type":"page","link":"https:\/\/biblian.is\/gudbrandsbiblia\/jesaja-12-kafli\/","title":{"rendered":"Jesaja 12. kafli"},"content":{"rendered":"<p>XII.<\/p>\n<p>\u00c1 \u00feeim sama t\u00edma muntu so segja: <\/p>\n<p>\tEg \u00feakka \u00fe\u00e9r, Drottinn, a\u00f0 \u00fe\u00fa vart rei\u00f0ur upp \u00e1 mig og \u00fea\u00f0 \u00fe\u00edn rei\u00f0i hefur umvent s\u00e9r og hugsvala\u00f0 m\u00e9r.<\/p>\n<p>\tSj\u00e1 \u00fe\u00fa, Gu\u00f0 er minn hj\u00e1lpari, eg em \u00f6ruggur og \u00f3ttast ekki. \u00dev\u00ed a\u00f0 Gu\u00f0 Drottinn er minn styrkur og minn lofs\u00e1lmur og mitt hj\u00e1lpr\u00e6\u00f0i.<\/p>\n<p>\t\u00de\u00e9r munu\u00f0 me\u00f0 fagna\u00f0i vatni\u00f0 uppausa \u00far hj\u00e1lpr\u00e6\u00f0isins brunnum og munu\u00f0 segja \u00e1 \u00feeim sama t\u00edma: \u00deakki \u00fe\u00e9r Drottni, pr\u00e9diki\u00f0 hans nafn, gj\u00f6ri\u00f0 kunna me\u00f0al f\u00f3lksins hans gj\u00f6rninga, kunngj\u00f6ri\u00f0 hversu vegsamlegt a\u00f0 er hans nafn.<\/p>\n<p>\tLofsyngi\u00f0 Drottni \u00fev\u00ed a\u00f0 hann hefir au\u00f0s\u00fdnt sig d\u00fdr\u00f0legan, \u00fea\u00f0 s\u00e9 heyrumkunnigt \u00ed \u00f6llum l\u00f6ndum.<\/p>\n<p>\tSyng lof og vert gl\u00f6\u00f0, \u00fe\u00fa sem innibyggir \u00ed Si\u00f3n, \u00fea\u00f0 \u00cdsraels Hinn heilagi er mikill hj\u00e1 \u00fe\u00e9r.<\/p>\n","protected":false},"excerpt":{"rendered":"<p>XII. \u00c1 \u00feeim sama t\u00edma muntu so segja: Eg \u00feakka \u00fe\u00e9r, Drottinn, a\u00f0 \u00fe\u00fa vart rei\u00f0ur upp \u00e1 mig og \u00fea\u00f0 \u00fe\u00edn rei\u00f0i hefur umvent s\u00e9r og hugsvala\u00f0 m\u00e9r. Sj\u00e1 \u00fe\u00fa, Gu\u00f0 er minn hj\u00e1lpari, eg em \u00f6ruggur og \u00f3ttast ekki. \u00dev\u00ed a\u00f0 Gu\u00f0 Drottinn er minn styrkur og minn lofs\u00e1lmur og mitt hj\u00e1lpr\u00e6\u00f0i. \u00de\u00e9r munu\u00f0 me\u00f0 fagna\u00f0i vatni\u00f0 uppausa \u00far hj\u00e1lpr\u00e6\u00f0isins brunnum og munu\u00f0 segja \u00e1 \u00feeim sama t\u00edma: \u00deakki \u00fe\u00e9r Drottni, pr\u00e9diki\u00f0 hans nafn, gj\u00f6ri\u00f0 kunna me\u00f0al f\u00f3lksins hans gj\u00f6rninga, kunngj\u00f6ri\u00f0 hversu vegsamlegt a\u00f0 er hans nafn. Lofsyngi\u00f0 Drottni \u00fev\u00ed a\u00f0 hann hefir au\u00f0s\u00fdnt sig d\u00fdr\u00f0legan, \u00fea\u00f0 s\u00e9 <a href=\"https:\/\/biblian.is\/gudbrandsbiblia\/jesaja-12-kafli\/\"> [&#8230;]<\/a><\/p>\n","protected":false},"author":1,"featured_media":0,"parent":0,"menu_order":0,"comment_status":"open","ping_status":"open","template":"bibliukaflar.php","meta":{"footnotes":""},"class_list":["post-3385","page","type-page","status-publish","hentry"],"_links":{"self":[{"href":"https:\/\/biblian.is\/gudbrandsbiblia\/wp-json\/wp\/v2\/pages\/3385","targetHints":{"allow":["GET"]}}],"collection":[{"href":"https:\/\/biblian.is\/gudbrandsbiblia\/wp-json\/wp\/v2\/pages"}],"about":[{"href":"https:\/\/biblian.is\/gudbrandsbiblia\/wp-json\/wp\/v2\/types\/page"}],"author":[{"embeddable":true,"href":"https:\/\/biblian.is\/gudbrandsbiblia\/wp-json\/wp\/v2\/users\/1"}],"replies":[{"embeddable":true,"href":"https:\/\/biblian.is\/gudbrandsbiblia\/wp-json\/wp\/v2\/comments?post=3385"}],"version-history":[{"count":0,"href":"https:\/\/biblian.is\/gudbrandsbiblia\/wp-json\/wp\/v2\/pages\/3385\/revisions"}],"wp:attachment":[{"href":"https:\/\/biblian.is\/gudbrandsbiblia\/wp-json\/wp\/v2\/media?parent=3385"}],"curies":[{"name":"wp","href":"https:\/\/api.w.org\/{rel}","templated":true}]}}