{"id":3384,"date":"2017-12-18T18:33:29","date_gmt":"2017-12-18T18:33:29","guid":{"rendered":"http:\/\/biblian.is\/gudbrandsbiblia\/jesaja-11-kafli\/"},"modified":"2017-12-18T18:33:29","modified_gmt":"2017-12-18T18:33:29","slug":"jesaja-11-kafli","status":"publish","type":"page","link":"https:\/\/biblian.is\/gudbrandsbiblia\/jesaja-11-kafli\/","title":{"rendered":"Jesaja 11. kafli"},"content":{"rendered":"<p>XI.<\/p>\n<p>Og \u00fear mun einn v\u00f6ndur upprenna af kyni Jesse og einn kvistur af hans r\u00f3t mun \u00e1v\u00f6xt f\u00e6ra, yfir hverjum \u00fea\u00f0 hv\u00edla mun andi Drottins, andi viskunnar og skilningsins, andi r\u00e1\u00f0sins og styrkleiksins, andi vi\u00f0urkenningarinnar og \u00f3tta Drottins og hans reykelsisoffur mun ver\u00f0a \u00ed \u00f3tta Drottins. <span class=\"athugasemd\" title=\"Sp\u00e1d\u00f3mur \u00fat af Christo og hans konungsr\u00edki\">[<\/span> Hann mun ekki d\u00e6ma eftir \u00e1liti augnanna og ekki straffa eftir \u00fev\u00ed sem hans eyru heyra til heldur mun hann me\u00f0ur r\u00e9ttv\u00edsi d\u00e6ma hj\u00e1 f\u00e1t\u00e6ku og me\u00f0ur d\u00f3mi hirta \u00fe\u00e1 aumu \u00ed landino. Og hann mun sl\u00e1 j\u00f6r\u00f0ina me\u00f0ur vendi s\u00edns munns og me\u00f0ur anda sinna vara \u00ed hel sl\u00e1 hina \u00f3mildu. R\u00e9ttl\u00e6ti\u00f0 mun vera belti hans lenda og tr\u00faan lindinn hans n\u00fdrna.<\/p>\n<p>\t\u00dalfarnir munu byggja hj\u00e1 l\u00f6mbunum og \u00falfaldarnir munu liggja hj\u00e1 h\u00f6frunum, eitt sm\u00e1barn mun k\u00e1lfa og le\u00f3nahvelpa og anna\u00f0 alif\u00e9 til samans reka. <span class=\"athugasemd\" title=\"Esa. lxvi.\">[<\/span> K\u00fdr og birnur munu \u00ed einum grashaga ganga og so \u00feeirra ungar hv\u00edlist hvorir hj\u00e1 \u00f6\u00f0rum og le\u00f3ni\u00f0 mun hey \u00e9ta sem naut. Og eitt brj\u00f3stbarn mun leika s\u00e9r yfir smugu n\u00f6\u00f0runnar og \u00fea\u00f0 barn af brj\u00f3sti er vani\u00f0 mun stinga sinni hendi \u00ed b\u00e6li\u00f0 flugormsins. Og enginn mun ska\u00f0a n\u00e9 fordj\u00f6rfun gj\u00f6ra \u00e1 m\u00ednu heil\u00f6gu fjalli. \u00dev\u00ed a\u00f0 landi\u00f0 er fullt af vi\u00f0urkenning Drottins l\u00edka sem a\u00f0 v\u00e6ri \u00fea\u00f0 huli\u00f0 me\u00f0 v\u00f6tnum sj\u00f3varins.<\/p>\n<p>\tOg \u00fea\u00f0 mun ske \u00e1 \u00feeim d\u00f6gum \u00fea\u00f0 r\u00f3tin Jesse sem stendur f\u00f3lkinu til sigurmerkis a\u00f0 eftir honum spyrja hei\u00f0nar \u00fej\u00f3\u00f0ir og hans hv\u00edld mun vera d\u00fdr\u00f0leg. <span class=\"athugasemd\" title=\"Sp\u00e1d\u00f3mur \u00fat af kallan hei\u00f0inna \u00fej\u00f3\u00f0a til evangelium \/ R\u00f3m. xv.\">[<\/span> Og \u00e1 \u00feeim d\u00f6gum mun Drottinn \u00ed anna\u00f0 sinn s\u00edna h\u00f6nd \u00fatbrei\u00f0a so a\u00f0 hann f\u00e1i \u00feeim sem afgangs er s\u00edns f\u00f3lks og \u00fea\u00f0 eftir er vor\u00f0i\u00f0 fr\u00e1 \u00feeim \u00ed Assyria, egypskum, Patros, Bl\u00e1landi, Elamiten, Sineas, Hamat og fr\u00e1 eyjunum sj\u00f3varins. Og hann mun eitt sigurmerki uppsetja me\u00f0al hei\u00f0inna \u00fej\u00f3\u00f0a og samansafna \u00feeim \u00fatreknu af \u00cdsrael og hina \u00ed sundurdreif\u00f0u af J\u00fada til samans lei\u00f0a \u00far \u00feeim fj\u00f3rum \u00e1ttum jar\u00f0arinnar. Og s\u00e1 \u00f3vinskapurinn vi\u00f0 Efra\u00edm mun enda taka og \u00feeir \u00f3vinir J\u00fada munu afm\u00e1\u00f0ir ver\u00f0a so \u00fea\u00f0 Efra\u00edm hati ekki J\u00fada og J\u00fada s\u00e9 ekki \u00ed m\u00f3ti Efra\u00edm.<\/p>\n<p>\tEn \u00feeim Philisteis vi\u00f0 vestrino munu \u00feeir \u00e1 h\u00e1ls leggjast og r\u00e6na \u00fe\u00e1 alla sem \u00ed m\u00f3ti austrinu b\u00faa. Ed\u00f3m og M\u00f3ab munu \u00fatbrei\u00f0a s\u00ednar hendur \u00e1 m\u00f3ti \u00feeim, synir Amm\u00f3n munu hl\u00fd\u00f0ugir vera og Drottinn mun fyrirm\u00e6la str\u00f6mum sj\u00e1varins \u00ed Egyptalandi og hann mun s\u00edna h\u00f6nd l\u00e1ta yfir ganga vatni\u00f0 me\u00f0 s\u00ednum serkum vindi og sl\u00e1 \u00fe\u00e1 sj\u00f6 vatsstr\u00f6mana so a\u00f0 menn megi \u00fear \u00feurrum f\u00f3tum \u00ed gegnum ganga og hann mun vegurinn vera \u00feeim sem eftir ero af hans f\u00f3lki, \u00fea\u00f0 eftir er or\u00f0i\u00f0 af \u00feeim Assyrios, l\u00edka sem \u00fea\u00f0 ske\u00f0i \u00cdsrael \u00e1 \u00feeim t\u00edma e\u00f0 \u00feeir \u00fatgengu af Egyptalandi. <span class=\"athugasemd\" title=\"Exodi. xiiii.\">[<\/span><\/p>\n","protected":false},"excerpt":{"rendered":"<p>XI. Og \u00fear mun einn v\u00f6ndur upprenna af kyni Jesse og einn kvistur af hans r\u00f3t mun \u00e1v\u00f6xt f\u00e6ra, yfir hverjum \u00fea\u00f0 hv\u00edla mun andi Drottins, andi viskunnar og skilningsins, andi r\u00e1\u00f0sins og styrkleiksins, andi vi\u00f0urkenningarinnar og \u00f3tta Drottins og hans reykelsisoffur mun ver\u00f0a \u00ed \u00f3tta Drottins. [ Hann mun ekki d\u00e6ma eftir \u00e1liti augnanna og ekki straffa eftir \u00fev\u00ed sem hans eyru heyra til heldur mun hann me\u00f0ur r\u00e9ttv\u00edsi d\u00e6ma hj\u00e1 f\u00e1t\u00e6ku og me\u00f0ur d\u00f3mi hirta \u00fe\u00e1 aumu \u00ed landino. Og hann mun sl\u00e1 j\u00f6r\u00f0ina me\u00f0ur vendi s\u00edns munns og me\u00f0ur anda sinna vara \u00ed hel sl\u00e1 hina \u00f3mildu. <a href=\"https:\/\/biblian.is\/gudbrandsbiblia\/jesaja-11-kafli\/\"> [&#8230;]<\/a><\/p>\n","protected":false},"author":1,"featured_media":0,"parent":0,"menu_order":0,"comment_status":"open","ping_status":"open","template":"bibliukaflar.php","meta":{"footnotes":""},"class_list":["post-3384","page","type-page","status-publish","hentry"],"_links":{"self":[{"href":"https:\/\/biblian.is\/gudbrandsbiblia\/wp-json\/wp\/v2\/pages\/3384","targetHints":{"allow":["GET"]}}],"collection":[{"href":"https:\/\/biblian.is\/gudbrandsbiblia\/wp-json\/wp\/v2\/pages"}],"about":[{"href":"https:\/\/biblian.is\/gudbrandsbiblia\/wp-json\/wp\/v2\/types\/page"}],"author":[{"embeddable":true,"href":"https:\/\/biblian.is\/gudbrandsbiblia\/wp-json\/wp\/v2\/users\/1"}],"replies":[{"embeddable":true,"href":"https:\/\/biblian.is\/gudbrandsbiblia\/wp-json\/wp\/v2\/comments?post=3384"}],"version-history":[{"count":0,"href":"https:\/\/biblian.is\/gudbrandsbiblia\/wp-json\/wp\/v2\/pages\/3384\/revisions"}],"wp:attachment":[{"href":"https:\/\/biblian.is\/gudbrandsbiblia\/wp-json\/wp\/v2\/media?parent=3384"}],"curies":[{"name":"wp","href":"https:\/\/api.w.org\/{rel}","templated":true}]}}