{"id":3381,"date":"2017-12-18T18:33:29","date_gmt":"2017-12-18T18:33:29","guid":{"rendered":"http:\/\/biblian.is\/gudbrandsbiblia\/jesaja-8-kafli\/"},"modified":"2017-12-18T18:33:29","modified_gmt":"2017-12-18T18:33:29","slug":"jesaja-8-kafli","status":"publish","type":"page","link":"https:\/\/biblian.is\/gudbrandsbiblia\/jesaja-8-kafli\/","title":{"rendered":"Jesaja 8. kafli"},"content":{"rendered":"<p>VIII.<\/p>\n<p>Veri\u00f0 illmannlegir, \u00fe\u00e9r l\u00fd\u00f0ir, og renni\u00f0 \u00fe\u00f3 undan. <span class=\"athugasemd\" title=\"Hann spottar Assyrios \u00fea\u00f0 \u00feeir munu koma fyrir Jer\u00fasalem og \u00fe\u00f3 draga \u00ed burtu \u00fea\u00f0an me\u00f0 sneypu. iiy. Regum xix.\">[<\/span> Heyri \u00fe\u00e9r \u00fea\u00f0 allir, \u00fe\u00e9r sem \u00ed fjarl\u00e6gum l\u00f6ndum eru\u00f0. Herkl\u00e6\u00f0i\u00f0 y\u00f0ur og fl\u00fdi\u00f0 \u00fe\u00f3 undan, b\u00fai\u00f0 y\u00f0ur vel \u00fat og veri\u00f0 \u00fe\u00f3 \u00e1 fl\u00f3tta reknir. Samsetji\u00f0 r\u00e1\u00f0agj\u00f6r\u00f0ir en \u00fear ver\u00f0i \u00fe\u00f3 ekki af, hafi\u00f0 samt\u00f6k en \u00fea\u00f0 hafi \u00fe\u00f3 \u00f6ngvan sta\u00f0, \u00fea\u00f0 h\u00e9r er Imman\u00fael.<\/p>\n<p>\t\u00dev\u00ed a\u00f0 so segir Drottinn til m\u00edn, l\u00edka sem a\u00f0 t\u00e6ki hann \u00ed h\u00f6nd m\u00e9r og seg\u00f0i m\u00e9r til, \u00fea\u00f0 ei skyldi eg ganga \u00e1 vegum f\u00f3lks \u00feessa og sag\u00f0i: Eigi skulu \u00fe\u00e9r segja: <span class=\"athugasemd\" title=\"a \/ S\u00e1ttm\u00e1la) Gy\u00f0ingal\u00fd\u00f0ur tr\u00fa\u00f0i Gu\u00f0i ekki og bundu \u00fear fyrir s\u00e1ttm\u00e1la og vin\u00e1ttu vi\u00f0 hei\u00f0ingja sem \u00fe\u00f3 voru \u00feeirra fjandmenn\">[<\/span> S\u00e1ttm\u00e1li! \u00deetta f\u00f3lk kann af \u00f6ngu a\u00f0 segja nema s\u00e1ttm\u00e1la. Veri\u00f0 ei so \u00f3ttaslegnir og ekki svo kv\u00ed\u00f0usamir sem \u00feeir ero heldur helgi\u00f0 Drottin Seba\u00f3t, l\u00e1ti\u00f0 hann vera y\u00f0ar hr\u00e6\u00f0slu og \u00f3tta, \u00fe\u00e1 mun hann y\u00f0ur til helgunar vera en einn \u00e1steytingarstein og ein hneykslunarhella \u00feeim tveimur h\u00fasum \u00cdsraels og til einnrar sn\u00f6ru og hr\u00f6punar \u00feeim borgarm\u00f6nnum til Jer\u00fasalem so \u00fea\u00f0 margir af \u00feeim reki sig \u00fear \u00e1, falli, forey\u00f0ist, bundnir og herteknir ver\u00f0i.<\/p>\n<p>\tBitt til samans vitnisbur\u00f0inn og innsigla l\u00f6gm\u00e1li\u00f0 m\u00ednum l\u00e6risveinum. \u00dev\u00ed a\u00f0 eg vona upp \u00e1 Drottin hver e\u00f0 sitt andlit hefur tilbyrgt fyrir h\u00fasi Jakobs. En eg b\u00ed\u00f0 eftir honum. Sj\u00e1 \u00fe\u00fa, h\u00e9r em eg og \u00feau b\u00f6rn sem Drottinn hefir m\u00e9r gefi\u00f0 til teikns og st\u00f3rmerkis \u00ed \u00cdsrael, af Drottni Seba\u00f3t, hver e\u00f0 byggir upp \u00e1 fjallinu S\u00edon.<\/p>\n<p>\tEn n\u00e6r e\u00f0 \u00feeir segja til y\u00f0ar: &#8222;\u00de\u00e9r ver\u00f0i\u00f0 a\u00f0 spyrja sannsagnarmennina a\u00f0 og hina sem af teiiknum r\u00e1\u00f0a, hverjir e\u00f0 \u00fevagla og <span class=\"athugasemd\" title=\"b \/ \u00fer\u00e6ta) \u00feeir sem l\u00e1tast vera v\u00edsir og vilja Ritninguna eftir sinni skynsemi r\u00e9tta\">[<\/span> \u00fer\u00e6ta&#8220; \u00fe\u00e1 segi\u00f0: &#8222;Hvort skal f\u00f3lki\u00f0 ei spyrja sinn Gu\u00f0 e\u00f0ur er \u00fea\u00f0 r\u00e9ttara a\u00f0 spyrja hina dau\u00f0u heldur en hina lifandi?&#8220; J\u00e1, eftir l\u00f6gm\u00e1li\u00f0 og vitnisbur\u00f0inum. En ef \u00feeir segja ekki \u00fea\u00f0 sama \u00fe\u00e1 munu \u00feeir ekki morgunlj\u00f3si\u00f0 hafa heldur munu \u00feeir fara um kring \u00ed landino hart slegnir og hungra\u00f0ir. En n\u00e6r e\u00f0 \u00feeir l\u00ed\u00f0a n\u00fa hungur rei\u00f0ast \u00feeir og b\u00f6lva s\u00ednum k\u00f3ngi og s\u00ednum Gu\u00f0i og munu svo \u00fdmist l\u00edta upp yfir sig og ni\u00f0ur \u00e1 j\u00f6r\u00f0ina og \u00f6ngvan hlut finna utan myrkur og harmkv\u00e6li. \u00dev\u00ed a\u00f0 \u00feeir ero m\u00e6ddir \u00ed harmkv\u00e6lunum og fara villir \u00ed myrkrinu. <span class=\"athugasemd\" title=\"S\u00e1lm. l.\">[<\/span> \u00dev\u00ed a\u00f0 \u00fear mun ein \u00f6nnur m\u00e6\u00f0a vera sem \u00feeim gj\u00f6rir mein heldur en s\u00fa sem \u00e1 \u00feeim fyrri t\u00edm\u00f6num var \u00fe\u00e1 \u00f0 \u00fea\u00f0 gekk so h\u00f3glega til \u00ed landinu Sab\u00falon og \u00ed landinu Naftal\u00ed og h\u00e9r seinna meir \u00fe\u00e1 \u00fea\u00f0 var\u00f0 enn \u00feyngra \u00fat vi\u00f0 veginn sj\u00e1varins \u00feessumegin J\u00f3rdanar \u00ed \u00feeirri hei\u00f0nu Galilea.<\/p>\n","protected":false},"excerpt":{"rendered":"<p>VIII. Veri\u00f0 illmannlegir, \u00fe\u00e9r l\u00fd\u00f0ir, og renni\u00f0 \u00fe\u00f3 undan. [ Heyri \u00fe\u00e9r \u00fea\u00f0 allir, \u00fe\u00e9r sem \u00ed fjarl\u00e6gum l\u00f6ndum eru\u00f0. Herkl\u00e6\u00f0i\u00f0 y\u00f0ur og fl\u00fdi\u00f0 \u00fe\u00f3 undan, b\u00fai\u00f0 y\u00f0ur vel \u00fat og veri\u00f0 \u00fe\u00f3 \u00e1 fl\u00f3tta reknir. Samsetji\u00f0 r\u00e1\u00f0agj\u00f6r\u00f0ir en \u00fear ver\u00f0i \u00fe\u00f3 ekki af, hafi\u00f0 samt\u00f6k en \u00fea\u00f0 hafi \u00fe\u00f3 \u00f6ngvan sta\u00f0, \u00fea\u00f0 h\u00e9r er Imman\u00fael. \u00dev\u00ed a\u00f0 so segir Drottinn til m\u00edn, l\u00edka sem a\u00f0 t\u00e6ki hann \u00ed h\u00f6nd m\u00e9r og seg\u00f0i m\u00e9r til, \u00fea\u00f0 ei skyldi eg ganga \u00e1 vegum f\u00f3lks \u00feessa og sag\u00f0i: Eigi skulu \u00fe\u00e9r segja: [ S\u00e1ttm\u00e1li! \u00deetta f\u00f3lk kann af \u00f6ngu a\u00f0 segja nema <a href=\"https:\/\/biblian.is\/gudbrandsbiblia\/jesaja-8-kafli\/\"> [&#8230;]<\/a><\/p>\n","protected":false},"author":1,"featured_media":0,"parent":0,"menu_order":0,"comment_status":"open","ping_status":"open","template":"bibliukaflar.php","meta":{"footnotes":""},"class_list":["post-3381","page","type-page","status-publish","hentry"],"_links":{"self":[{"href":"https:\/\/biblian.is\/gudbrandsbiblia\/wp-json\/wp\/v2\/pages\/3381","targetHints":{"allow":["GET"]}}],"collection":[{"href":"https:\/\/biblian.is\/gudbrandsbiblia\/wp-json\/wp\/v2\/pages"}],"about":[{"href":"https:\/\/biblian.is\/gudbrandsbiblia\/wp-json\/wp\/v2\/types\/page"}],"author":[{"embeddable":true,"href":"https:\/\/biblian.is\/gudbrandsbiblia\/wp-json\/wp\/v2\/users\/1"}],"replies":[{"embeddable":true,"href":"https:\/\/biblian.is\/gudbrandsbiblia\/wp-json\/wp\/v2\/comments?post=3381"}],"version-history":[{"count":0,"href":"https:\/\/biblian.is\/gudbrandsbiblia\/wp-json\/wp\/v2\/pages\/3381\/revisions"}],"wp:attachment":[{"href":"https:\/\/biblian.is\/gudbrandsbiblia\/wp-json\/wp\/v2\/media?parent=3381"}],"curies":[{"name":"wp","href":"https:\/\/api.w.org\/{rel}","templated":true}]}}