{"id":3379,"date":"2017-12-18T18:33:29","date_gmt":"2017-12-18T18:33:29","guid":{"rendered":"http:\/\/biblian.is\/gudbrandsbiblia\/jesaja-6-kafli\/"},"modified":"2017-12-18T18:33:29","modified_gmt":"2017-12-18T18:33:29","slug":"jesaja-6-kafli","status":"publish","type":"page","link":"https:\/\/biblian.is\/gudbrandsbiblia\/jesaja-6-kafli\/","title":{"rendered":"Jesaja 6. kafli"},"content":{"rendered":"<p>VI.<\/p>\n<p>\u00c1 \u00fev\u00ed \u00e1rinu \u00fe\u00e1 e\u00f0 Useas k\u00f3ngur anda\u00f0ist s\u00e1 eg Drottin sitja upp \u00e1 einum h\u00e1vum og h\u00e1tt upph\u00f6f\u00f0um st\u00f3li og faldur hans kl\u00e6\u00f0a uppfylldi musteri\u00f0. <span class=\"athugasemd\" title=\"\u00das\u00edas\">[<\/span> Seraf\u00edm st\u00f3\u00f0u yfir honum. Hver \u00feeirra haf\u00f0i sex v\u00e6ngi. Me\u00f0 tveimur huldu \u00feeir s\u00edn andlit og me\u00f0 tveimur huldu \u00feeir s\u00edna f\u00e6tur og me\u00f0 tveimur flugu \u00feeir og hver kalla\u00f0i til annars og sag\u00f0i: <span class=\"athugasemd\" title=\"Apoc. iiii.\">[<\/span>  &#8222;Heilagur, heilagur, heilagur er Drottinn Saba\u00f3t, \u00f6ll l\u00f6nd eru full hans d\u00fdr\u00f0ar&#8220; svo a\u00f0 \u00feverbitarnir skulfu af hlj\u00f3\u00f0an hans kalls og h\u00fasi\u00f0 var\u00f0 fullt af reyk.<\/p>\n<p>\t\u00de\u00e1 sag\u00f0a eg: &#8222;Vei m\u00e9r, eg em fordjarfa\u00f0ur \u00fev\u00ed a\u00f0 eg hef saurugar varir og b\u00fd \u00e1 me\u00f0al \u00feess f\u00f3lks sem hefur saurugar varir! \u00dev\u00ed a\u00f0 eg hefi \u00feann konunginn Drottin Seba\u00f3t s\u00e9\u00f0 me\u00f0 m\u00ednum augum.&#8220; \u00de\u00e1 flaug einn \u00feeirra seraf\u00edm til m\u00edn og haf\u00f0i eitt gl\u00f3andi kol \u00ed hendinni hvert e\u00f0 hann me\u00f0 t\u00f6nginni t\u00f3k af altarino og \u00e1hr\u00e6r\u00f0i minn munn og sag\u00f0i: &#8222;Sj\u00e1 \u00fe\u00fa, h\u00e9r eru \u00fe\u00ednar varir me\u00f0 \u00e1hr\u00e6r\u00f0ar so a\u00f0 \u00fe\u00ednar misgj\u00f6r\u00f0ir ver\u00f0i \u00ed fr\u00e1 \u00fe\u00e9r teknar og \u00fe\u00ednar syndir s\u00e9 fyrirgefnar.&#8220;<\/p>\n<p>\tOg eg heyr\u00f0a r\u00f6dd Drottins \u00fea\u00f0 hann sag\u00f0i: &#8222;Hvern skal eg \u00fat senda? Hver vill vor sendibo\u00f0i vera?&#8220; En eg sag\u00f0a: &#8222;H\u00e9r em eg, send \u00fe\u00fa mig.&#8220; Og hann sag\u00f0i: &#8222;Far \u00fe\u00fa og seg til f\u00f3lks \u00feessa: Heyri\u00f0 \u00fea\u00f0 og skilji\u00f0 \u00fea\u00f0 ekki, sj\u00e1i\u00f0 \u00fea\u00f0 og \u00feekki\u00f0 \u00fea\u00f0 ekki. <span class=\"athugasemd\" title=\"Matth. xiy. \/ Marc. iiy. \/ Luc. viy. \/ J\u00f3hann. xy. \/ Act. xxviy. \/ R\u00f3m. xi.\">[<\/span> Og hertu hjarta f\u00f3lks \u00feessa, l\u00e1t \u00feeirra eyru \u00feykkheyr\u00f0 ver\u00f0a og forblinda \u00feeirra augu so a\u00f0 \u00feeir sj\u00e1i ekki me\u00f0 s\u00ednum augum n\u00e9 heyri me\u00f0 s\u00ednum eyrum n\u00e9 skilji \u00fea\u00f0 me\u00f0 s\u00ednu hjarta og lei\u00f0r\u00e9tti sig og ver\u00f0i heilbrig\u00f0ir.&#8220; En eg sag\u00f0i: &#8222;Drottinn, hversu lengi?&#8220; Hann sag\u00f0i: &#8222;\u00deanga\u00f0 til a\u00f0 borgirnar ver\u00f0a foreyddar fyrir utan innbyggjara og h\u00fasin mannalaus og \u00fea\u00f0 landi\u00f0 liggur me\u00f0 \u00f6llu \u00ed ey\u00f0i. \u00dev\u00ed a\u00f0 Drottinn mun f\u00f3lki\u00f0 mj\u00f6g \u00ed fjarl\u00e6g\u00f0 burt l\u00e1ta so \u00fea\u00f0 landi\u00f0 forl\u00e1tist me\u00f0 \u00f6llu. \u00de\u00f3 skal enn n\u00fa hin t\u00edundadeildin \u00fear inni bl\u00edfa \u00fev\u00ed a\u00f0 \u00fea\u00f0 mun \u00ed burtf\u00e6rt og foreytt ver\u00f0a. L\u00edka sem \u00f6nnur eik og lindartr\u00e9 hverjar e\u00f0 hafa stofninn eftir \u00fe\u00f3 a\u00f0 \u00feeirra laufbl\u00f6\u00f0 ver\u00f0i af skekin, eitt heilagt s\u00e6\u00f0i mun svoddan stofn vera.&#8220;<\/p>\n","protected":false},"excerpt":{"rendered":"<p>VI. \u00c1 \u00fev\u00ed \u00e1rinu \u00fe\u00e1 e\u00f0 Useas k\u00f3ngur anda\u00f0ist s\u00e1 eg Drottin sitja upp \u00e1 einum h\u00e1vum og h\u00e1tt upph\u00f6f\u00f0um st\u00f3li og faldur hans kl\u00e6\u00f0a uppfylldi musteri\u00f0. [ Seraf\u00edm st\u00f3\u00f0u yfir honum. Hver \u00feeirra haf\u00f0i sex v\u00e6ngi. Me\u00f0 tveimur huldu \u00feeir s\u00edn andlit og me\u00f0 tveimur huldu \u00feeir s\u00edna f\u00e6tur og me\u00f0 tveimur flugu \u00feeir og hver kalla\u00f0i til annars og sag\u00f0i: [ &#8222;Heilagur, heilagur, heilagur er Drottinn Saba\u00f3t, \u00f6ll l\u00f6nd eru full hans d\u00fdr\u00f0ar&#8220; svo a\u00f0 \u00feverbitarnir skulfu af hlj\u00f3\u00f0an hans kalls og h\u00fasi\u00f0 var\u00f0 fullt af reyk. \u00de\u00e1 sag\u00f0a eg: &#8222;Vei m\u00e9r, eg em fordjarfa\u00f0ur \u00fev\u00ed a\u00f0 eg <a href=\"https:\/\/biblian.is\/gudbrandsbiblia\/jesaja-6-kafli\/\"> [&#8230;]<\/a><\/p>\n","protected":false},"author":1,"featured_media":0,"parent":0,"menu_order":0,"comment_status":"open","ping_status":"open","template":"bibliukaflar.php","meta":{"footnotes":""},"class_list":["post-3379","page","type-page","status-publish","hentry"],"_links":{"self":[{"href":"https:\/\/biblian.is\/gudbrandsbiblia\/wp-json\/wp\/v2\/pages\/3379","targetHints":{"allow":["GET"]}}],"collection":[{"href":"https:\/\/biblian.is\/gudbrandsbiblia\/wp-json\/wp\/v2\/pages"}],"about":[{"href":"https:\/\/biblian.is\/gudbrandsbiblia\/wp-json\/wp\/v2\/types\/page"}],"author":[{"embeddable":true,"href":"https:\/\/biblian.is\/gudbrandsbiblia\/wp-json\/wp\/v2\/users\/1"}],"replies":[{"embeddable":true,"href":"https:\/\/biblian.is\/gudbrandsbiblia\/wp-json\/wp\/v2\/comments?post=3379"}],"version-history":[{"count":0,"href":"https:\/\/biblian.is\/gudbrandsbiblia\/wp-json\/wp\/v2\/pages\/3379\/revisions"}],"wp:attachment":[{"href":"https:\/\/biblian.is\/gudbrandsbiblia\/wp-json\/wp\/v2\/media?parent=3379"}],"curies":[{"name":"wp","href":"https:\/\/api.w.org\/{rel}","templated":true}]}}