{"id":3376,"date":"2017-12-18T18:33:29","date_gmt":"2017-12-18T18:33:29","guid":{"rendered":"http:\/\/biblian.is\/gudbrandsbiblia\/jesaja-3-kafli\/"},"modified":"2017-12-18T18:33:29","modified_gmt":"2017-12-18T18:33:29","slug":"jesaja-3-kafli","status":"publish","type":"page","link":"https:\/\/biblian.is\/gudbrandsbiblia\/jesaja-3-kafli\/","title":{"rendered":"Jesaja 3. kafli"},"content":{"rendered":"<p>III.<\/p>\n<p>\u00dev\u00ed sj\u00e1 \u00fe\u00fa \u00fea\u00f0 Drottinn Drottinn Seba\u00f3t mun \u00ed burt taka af Jer\u00fasalem og J\u00fada allsh\u00e1tta\u00f0ar n\u00e6gtir, n\u00e6gt brau\u00f0sins og n\u00e6gt vatsins, sterkar hetjur og bardagamenn, yfird\u00f3mara, propheta, sannsagnarmenn og \u00f6ldunga, h\u00f6f\u00f0ingja yfir fimmt\u00edgum og \u00e6rlega menn, r\u00e1\u00f0gjafa og hyggna handverksmeistara og kl\u00f3ka menn vel m\u00e1li farna. <span class=\"athugasemd\" title=\"\u00dat af forey\u00f0slu Gy\u00f0inga \u00feeirra sem Christum vildu ei me\u00f0taka\">[<\/span> Og eg mun gefa \u00feeim ungmenni til h\u00f6f\u00f0ingja og bernskumenn skulu drottna yfir \u00feeim. Og f\u00f3lki\u00f0 mun fj\u00e1rpl\u00f3g hafa hver \u00e1 \u00f6\u00f0rum og hver sem einn \u00e1 s\u00ednum n\u00e1unga. Og \u00e6skuma\u00f0urinn mun hrokast upp \u00ed m\u00f3ti \u00feeim hinum gamla og s\u00e1 \u00f3\u00e6rlega \u00ed m\u00f3ti \u00feeim hei\u00f0arlega.<\/p>\n<p>\t\u00de\u00e1 mun hver sem einn h\u00f6ndla sinn br\u00f3\u00f0ur \u00fat af s\u00edns f\u00f6\u00f0urs h\u00fasi: &#8222;\u00de\u00fa hefur kl\u00e6\u00f0na\u00f0inn, vertu vor h\u00f6f\u00f0ingi, r\u00e9ttu vi\u00f0 \u00feessa \u00f3g\u00e6fu.&#8220; En hann mun svara \u00e1 \u00feeim t\u00edma og segja: &#8222;Enginn l\u00e6knir em eg, hverki er \u00fear brau\u00f0 n\u00e9 kl\u00e6\u00f0i \u00ed m\u00ednu h\u00fasi, setji\u00f0 mig ei til h\u00f6f\u00f0ingja me\u00f0al f\u00f3lksins.&#8220; \u00dev\u00ed a\u00f0 Jer\u00fasalem h\u00fan hrapar og J\u00fada er fallin ni\u00f0urme\u00f0 \u00fev\u00ed a\u00f0 \u00feeirra tunga og \u00feeirra fyndingar eru \u00e1 m\u00f3ti Drottni so a\u00f0 \u00feeir m\u00f3tst\u00f6\u00f0u veita augum hans tignarveldis. \u00deeirra opinber breytni gj\u00f6rir \u00fe\u00e1 auglj\u00f3sa \u00fev\u00ed a\u00f0 \u00feeir segja \u00fat af s\u00ednum syndum l\u00edka so sem \u00feeir til S\u00f3d\u00f3ma og \u00feeir <span class=\"athugasemd\" title=\"a \/ (Byrgja) \/ \u00deeir hr\u00f3sa opinberlega \u00fev\u00ed af hverju \u00feeir \u00e6ttu heldur a\u00f0 skammast s\u00edn, sem \u00feeirra afgu\u00f0ad\u00fdrkan\">[<\/span> byrgja \u00fe\u00e6r ekki ni\u00f0ri. Vei s\u00e1lum \u00feeirra \u00fev\u00ed a\u00f0 \u00fea\u00f0 mun \u00feeim me\u00f0 illu endurgoldi\u00f0 ver\u00f0a!<\/p>\n<p>\tSegi\u00f0 um \u00fe\u00e1 r\u00e9ttfer\u00f0ugu a\u00f0 \u00feeim muni vel vegna \u00fev\u00ed a\u00f0 \u00e1vaxtarins sinna verka munu \u00feeir neyta. En vei \u00feeim \u00f3gu\u00f0legum \u00fev\u00ed a\u00f0 \u00feeir eru illskufullir og \u00fea\u00f0 mun \u00feeim endurgoldi\u00f0 ver\u00f0a, l\u00edka sem a\u00f0 \u00feeir hafa for\u00fe\u00e9na\u00f0 til.<\/p>\n<p>\tBernskumenn yfirganga mitt f\u00f3lk og konur drottna yfir \u00fev\u00ed. F\u00f3lk mitt, \u00fe\u00ednir huggunarmenn villa \u00feig og brj\u00f3ta ni\u00f0ur \u00feann g\u00f6tust\u00edginn \u00fear \u00fe\u00fa skalt ganga. En Drottinn stendur \u00fear til h\u00e6gri handar og er uppstiginn til a\u00f0 d\u00e6ma l\u00fd\u00f0inn. Og Drottinn kemur til d\u00f3msins me\u00f0ur \u00f6ldungunum s\u00edns f\u00f3lks og me\u00f0ur s\u00ednum h\u00f6f\u00f0ingjum. \u00dev\u00ed a\u00f0 \u00fe\u00e9r hafi\u00f0 \u00feann <span class=\"athugasemd\" title=\"b \/ (V\u00edngar\u00f0) \u00dea\u00f0 er, Gu\u00f0s f\u00f3lk. Kap. v.\">[<\/span> v\u00edngar\u00f0 foreytt og \u00fea\u00f0 r\u00e1nf\u00e9 af f\u00e1t\u00e6kum er \u00ed y\u00f0ar h\u00fasi. Hvar fyrir ni\u00f0ur\u00ferykki \u00fe\u00e9r m\u00ednu f\u00f3lki og \u00ed sundurmelji\u00f0 f\u00e1t\u00e6kar pers\u00f3nur? segir Drottinn Drottinn Seba\u00f3t.<\/p>\n<p>\tOg Drottinn hann segir: \u00dear fyrir a\u00f0 d\u00e6tur S\u00edon eru r\u00edkil\u00e1tar og geysa me\u00f0 uppreig\u00f0um h\u00e1lsi, me\u00f0 forpr\u00fdddu andliti, bruna fram og hof\u00e9ra, hafandi fagran f\u00f3tab\u00fana\u00f0 \u0096 og \u00fev\u00ed mun Drottinn h\u00e1rlausan gj\u00f6ra hvirfilinn d\u00e6tranna S\u00edon og Drottinn hann mun \u00feeirra hinu f\u00f6gru h\u00e1r \u00fatsl\u00edta. Og \u00e1 \u00feeim t\u00edma mun Drottinn \u00ed burt taka b\u00faninginn \u00e1 \u00feeirra kostulegum sk\u00f3kl\u00e6\u00f0um, einnin \u00feeim spennur, spengur, h\u00e1lsb\u00f6nd, ermahnappa, h\u00fafurnar, silkiskauti\u00f0 e\u00f0ur koppbreimingarnar, sn\u00farunar, ilmunarhn\u00f6ttinn og eyrnaspengurnar, hringana, gullnistin, h\u00e1t\u00ed\u00f0akl\u00e6\u00f0na\u00f0inn, k\u00e1puna, skikkjuna, punginn, spegilinn, fyrirkl\u00e6\u00f0i\u00f0, lindann, belti\u00f0. Og \u00fear mun illur daun fyrir s\u00e6tan ilm vera og eitt l\u00edtilsh\u00e1ttar band fyrir g\u00f3\u00f0an linda og ber skalli fyrir kr\u00fasa\u00f0 h\u00e1r, fyrir g\u00f3\u00f0a skikkju \u00fer\u00f6ngur h\u00e6rusekkur \u0096 allt svoddan \u00ed sta\u00f0inn \u00feinnar pr\u00fd\u00f0i. \u00de\u00edn al\u00fe\u00fd\u00f0a mun fyrir sver\u00f0i falla og \u00fe\u00ednir bardagamenn \u00ed str\u00ed\u00f0i. Og hennar borgarhli\u00f0 munu syrgja og harm bera og h\u00fan mun \u00e1 j\u00f6r\u00f0u me\u00f0 eymd sitja. So \u00fea\u00f0 sjau konur munu \u00e1 \u00feeim t\u00edma gr\u00edpa einn mann og segja: &#8222;Sj\u00e1lfar \u00fe\u00e1 viljum v\u00e9r f\u00e6\u00f0a oss og kl\u00e6\u00f0a, a\u00f0eins \u00fe\u00e1 l\u00e1ttu oss eftir \u00fe\u00ednu nafni kallast so \u00fea\u00f0 vor sm\u00e1n ver\u00f0i \u00ed burt fr\u00e1 oss tekin.&#8220;<\/p>\n","protected":false},"excerpt":{"rendered":"<p>III. \u00dev\u00ed sj\u00e1 \u00fe\u00fa \u00fea\u00f0 Drottinn Drottinn Seba\u00f3t mun \u00ed burt taka af Jer\u00fasalem og J\u00fada allsh\u00e1tta\u00f0ar n\u00e6gtir, n\u00e6gt brau\u00f0sins og n\u00e6gt vatsins, sterkar hetjur og bardagamenn, yfird\u00f3mara, propheta, sannsagnarmenn og \u00f6ldunga, h\u00f6f\u00f0ingja yfir fimmt\u00edgum og \u00e6rlega menn, r\u00e1\u00f0gjafa og hyggna handverksmeistara og kl\u00f3ka menn vel m\u00e1li farna. [ Og eg mun gefa \u00feeim ungmenni til h\u00f6f\u00f0ingja og bernskumenn skulu drottna yfir \u00feeim. Og f\u00f3lki\u00f0 mun fj\u00e1rpl\u00f3g hafa hver \u00e1 \u00f6\u00f0rum og hver sem einn \u00e1 s\u00ednum n\u00e1unga. Og \u00e6skuma\u00f0urinn mun hrokast upp \u00ed m\u00f3ti \u00feeim hinum gamla og s\u00e1 \u00f3\u00e6rlega \u00ed m\u00f3ti \u00feeim hei\u00f0arlega. \u00de\u00e1 mun hver sem einn <a href=\"https:\/\/biblian.is\/gudbrandsbiblia\/jesaja-3-kafli\/\"> [&#8230;]<\/a><\/p>\n","protected":false},"author":1,"featured_media":0,"parent":0,"menu_order":0,"comment_status":"open","ping_status":"open","template":"bibliukaflar.php","meta":{"footnotes":""},"class_list":["post-3376","page","type-page","status-publish","hentry"],"_links":{"self":[{"href":"https:\/\/biblian.is\/gudbrandsbiblia\/wp-json\/wp\/v2\/pages\/3376","targetHints":{"allow":["GET"]}}],"collection":[{"href":"https:\/\/biblian.is\/gudbrandsbiblia\/wp-json\/wp\/v2\/pages"}],"about":[{"href":"https:\/\/biblian.is\/gudbrandsbiblia\/wp-json\/wp\/v2\/types\/page"}],"author":[{"embeddable":true,"href":"https:\/\/biblian.is\/gudbrandsbiblia\/wp-json\/wp\/v2\/users\/1"}],"replies":[{"embeddable":true,"href":"https:\/\/biblian.is\/gudbrandsbiblia\/wp-json\/wp\/v2\/comments?post=3376"}],"version-history":[{"count":0,"href":"https:\/\/biblian.is\/gudbrandsbiblia\/wp-json\/wp\/v2\/pages\/3376\/revisions"}],"wp:attachment":[{"href":"https:\/\/biblian.is\/gudbrandsbiblia\/wp-json\/wp\/v2\/media?parent=3376"}],"curies":[{"name":"wp","href":"https:\/\/api.w.org\/{rel}","templated":true}]}}