{"id":3375,"date":"2017-12-18T18:33:29","date_gmt":"2017-12-18T18:33:29","guid":{"rendered":"http:\/\/biblian.is\/gudbrandsbiblia\/jesaja-2-kafli\/"},"modified":"2017-12-18T18:33:29","modified_gmt":"2017-12-18T18:33:29","slug":"jesaja-2-kafli","status":"publish","type":"page","link":"https:\/\/biblian.is\/gudbrandsbiblia\/jesaja-2-kafli\/","title":{"rendered":"Jesaja 2. kafli"},"content":{"rendered":"<p>II.<\/p>\n<p>\u00deetta er \u00fea\u00f0 hva\u00f0 Esaias sonur Amos hann s\u00e1 yfir J\u00fada og Jer\u00fasalem. <span class=\"athugasemd\" title=\"M\u00edk. iy.\">[<\/span> \u00c1 s\u00ed\u00f0ustu d\u00f6gum mun \u00fea\u00f0 fjalli\u00f0 sem h\u00fas Drottins er upp \u00e1 <span class=\"athugasemd\" title=\"a \/ (vissulega) \/ \u00fea\u00f0 menn \u00feurfi eigi hinga\u00f0 n\u00e9 \u00feanga\u00f0 a\u00f0 leita heldur vissulega ver\u00f0a Gu\u00f0 finnandi\">[<\/span> vissulega ver\u00f0a h\u00e6rra en \u00f6nnur fj\u00f6ll og yfir allar h\u00e6\u00f0ir upphafi\u00f0 ver\u00f0a. Og allar \u00fej\u00f3\u00f0ir munu \u00feanga\u00f0 skunda og margt f\u00f3lk \u00feanga\u00f0 ganga og segja: &#8222;Komi\u00f0 og l\u00e1tum oss fara upp \u00e1 fjalli\u00f0 Drottins, til h\u00fassins Gu\u00f0s Jakobs so \u00fea\u00f0 hann kenni oss s\u00edna vegu og \u00fea\u00f0 v\u00e9r g\u00f6ngum \u00ed hans f\u00f3tst\u00edgum.&#8220; \u00dev\u00ed a\u00f0 af S\u00edon mun l\u00f6gm\u00e1li\u00f0 \u00fatganga og or\u00f0 Drottins af Jer\u00fasalem. Og hann mun d\u00e6ma \u00e1 me\u00f0al hei\u00f0inna \u00fej\u00f3\u00f0a og vanda um vi\u00f0 margt f\u00f3lk. \u00de\u00e1 munu \u00feeir \u00far sver\u00f0um s\u00ednum sm\u00ed\u00f0a pl\u00f3gj\u00e1rn og \u00far s\u00ednum spj\u00f3tum kornsig\u00f0i. \u00dev\u00ed a\u00f0 engin \u00fej\u00f3\u00f0 mun hefja neitt sver\u00f0 \u00ed m\u00f3ti annarri og \u00fea\u00f0an af ei l\u00e6ra a\u00f0 berjast. Komi, \u00fe\u00e9r af h\u00fasi Jakobs, l\u00e1tum oss ganga \u00ed lj\u00f3si Drottins.<\/p>\n<p>\tEn \u00fe\u00fa hefir \u00feitt f\u00f3lk, \u00fea\u00f0 h\u00fas Jakobs, fara l\u00e1ti\u00f0 \u00fev\u00ed a\u00f0 \u00feeir fr\u00f6mdu \u00fea\u00f0 meir en hinir \u00ed uppg\u00f6ngu s\u00f3larinnar og eru daga\u00fatveljendur l\u00edka sem Philistei og gj\u00f6ra m\u00f6rg annarleg b\u00f6rn. <span class=\"athugasemd\" title=\"\u00dea\u00f0 eru afgu\u00f0ad\u00fdrkanir og falskenningar. \u00deeir meiri hj\u00e1tr\u00fa h\u00f6f\u00f0u heldur en \u00feeir hei\u00f0nu \u00ed austur\u00e1lfunni.\">[<\/span> \u00deeirra land er fullt af silfri og gulli og fj\u00e1rsj\u00f3\u00f0a \u00feeirra er enginn endi, \u00feeirra land er fullt me\u00f0 hesta og \u00feeirra vagnar eru \u00f3teljanlegir. Og \u00feeirra land er einnin fullt af sk\u00fargo\u00f0um, verkin sinna handa \u00fe\u00e1 tilbi\u00f0ja \u00feeir, \u00fea\u00f0 sem \u00feeirra fingur hafa sm\u00ed\u00f0a\u00f0, \u00fear hneigir sig al\u00fe\u00fd\u00f0an fyrir, \u00fear l\u00edtill\u00e6ta sig fyrir yfirmennirnir, \u00fea\u00f0 sama muntu \u00feeim ekki fyrirgefa.<\/p>\n<p>\tFar \u00fe\u00fa inn \u00ed hellismunna og fel \u00feig \u00ed fylsnum jar\u00f0ar fyrir \u00feeirri \u00f3gnan Drottins og fyrir hans d\u00fdr\u00f0arsamlegu tignarveldi. \u00dev\u00ed a\u00f0 hvers manns mikill\u00e1t augu skulu ni\u00f0url\u00e6g\u00f0 ver\u00f0a og hverjir mikilsh\u00e1ttar menn eru \u00feeir munu hlj\u00f3ta sig a\u00f0 l\u00e6gja. En Drottinn mun alleina mun h\u00e1r vera \u00e1 \u00feeim t\u00edma. \u00dev\u00ed a\u00f0 dagur Drottins Seba\u00f3t mun ganga yfir allt \u00fea\u00f0 hi\u00f0 rambsama og \u00fea\u00f0 sem h\u00e1tt er og yfir allt \u00fea\u00f0 sem upphafi\u00f0 er so \u00fea\u00f0 ni\u00f0url\u00e6gt ver\u00f0i, einnin yfir alla mikla og h\u00e1tt uppvaxna sedrusvi\u00f0u \u00ed Libanusfjalli og yfir allar st\u00f3rar eikur \u00ed Basan, yfir \u00f6ll h\u00e1 fj\u00f6ll og yfir alla st\u00f3r h\u00e1lsa og yfir alla h\u00e1 turna og yfir alla fasta m\u00farveggi, yfir \u00f6ll skip \u00ed hafinu og yfir \u00f6ll kostuleg sm\u00ed\u00f0i so \u00fea\u00f0 sig hl\u00fdtur a\u00f0 beygja hvers sem eins manns upph\u00e6\u00f0 og sig a\u00f0 l\u00edtill\u00e6ta sem mikilsh\u00e1ttar menn eru. Og Drottinn hann mun alleinasta upphefjast \u00e1 \u00feeim t\u00edma og \u00feeir afgu\u00f0ir munu \u00fe\u00e1 me\u00f0 \u00f6llu \u00fatgj\u00f6r\u00f0ir vera.<\/p>\n<p>\t\u00de\u00e1 munu menn innganga \u00ed bjargskorunar og \u00ed fylsni jar\u00f0arinnar fyri \u00feeirri \u00f3gnan Drottins og fyri hans d\u00fdr\u00f0arsamlega tignarveldi \u00fe\u00e1 e\u00f0 hann mun taka sig upp til a\u00f0 skelfa j\u00f6r\u00f0ina. \u00c1 \u00feeim t\u00edma mun hver sem einn \u00ed burtkasta s\u00ednum silfur- og gullsk\u00fargo\u00f0um (hver e\u00f0 \u00feeir h\u00f6f\u00f0u s\u00e9r gj\u00f6ra l\u00e1ti\u00f0 a\u00f0 tilbi\u00f0ja) \u00ed holur moldvarpanna og le\u00f0urm\u00fasanna so a\u00f0 hann megi \u00fe\u00e1 innkrj\u00fapa \u00ed stein hellanna og bjarskorunar fyrir \u00feeirri \u00f3gnan Drottins og fyrir hans d\u00fdr\u00f0arlegu magtarveldi \u00fe\u00e1 e\u00f0 hann mun taka sig upp til a\u00f0 skelfa j\u00f6r\u00f0ina. <span class=\"athugasemd\" title=\"Luc. xxiy. \/ Osee x. \/ Apoc. ix.\">[<\/span> Hvar fyrir \u00fe\u00e1 v\u00edki\u00f0 fr\u00e1 manninum hvers andardr\u00e1ttur a\u00f0 er \u00ed hans n\u00f6sum \u00fev\u00ed \u00fe\u00e9r viti\u00f0 ekki hva\u00f0 mikils hann er metinn.<\/p>\n","protected":false},"excerpt":{"rendered":"<p>II. \u00deetta er \u00fea\u00f0 hva\u00f0 Esaias sonur Amos hann s\u00e1 yfir J\u00fada og Jer\u00fasalem. [ \u00c1 s\u00ed\u00f0ustu d\u00f6gum mun \u00fea\u00f0 fjalli\u00f0 sem h\u00fas Drottins er upp \u00e1 [ vissulega ver\u00f0a h\u00e6rra en \u00f6nnur fj\u00f6ll og yfir allar h\u00e6\u00f0ir upphafi\u00f0 ver\u00f0a. Og allar \u00fej\u00f3\u00f0ir munu \u00feanga\u00f0 skunda og margt f\u00f3lk \u00feanga\u00f0 ganga og segja: &#8222;Komi\u00f0 og l\u00e1tum oss fara upp \u00e1 fjalli\u00f0 Drottins, til h\u00fassins Gu\u00f0s Jakobs so \u00fea\u00f0 hann kenni oss s\u00edna vegu og \u00fea\u00f0 v\u00e9r g\u00f6ngum \u00ed hans f\u00f3tst\u00edgum.&#8220; \u00dev\u00ed a\u00f0 af S\u00edon mun l\u00f6gm\u00e1li\u00f0 \u00fatganga og or\u00f0 Drottins af Jer\u00fasalem. Og hann mun d\u00e6ma \u00e1 me\u00f0al hei\u00f0inna \u00fej\u00f3\u00f0a <a href=\"https:\/\/biblian.is\/gudbrandsbiblia\/jesaja-2-kafli\/\"> [&#8230;]<\/a><\/p>\n","protected":false},"author":1,"featured_media":0,"parent":0,"menu_order":0,"comment_status":"open","ping_status":"open","template":"bibliukaflar.php","meta":{"footnotes":""},"class_list":["post-3375","page","type-page","status-publish","hentry"],"_links":{"self":[{"href":"https:\/\/biblian.is\/gudbrandsbiblia\/wp-json\/wp\/v2\/pages\/3375","targetHints":{"allow":["GET"]}}],"collection":[{"href":"https:\/\/biblian.is\/gudbrandsbiblia\/wp-json\/wp\/v2\/pages"}],"about":[{"href":"https:\/\/biblian.is\/gudbrandsbiblia\/wp-json\/wp\/v2\/types\/page"}],"author":[{"embeddable":true,"href":"https:\/\/biblian.is\/gudbrandsbiblia\/wp-json\/wp\/v2\/users\/1"}],"replies":[{"embeddable":true,"href":"https:\/\/biblian.is\/gudbrandsbiblia\/wp-json\/wp\/v2\/comments?post=3375"}],"version-history":[{"count":0,"href":"https:\/\/biblian.is\/gudbrandsbiblia\/wp-json\/wp\/v2\/pages\/3375\/revisions"}],"wp:attachment":[{"href":"https:\/\/biblian.is\/gudbrandsbiblia\/wp-json\/wp\/v2\/media?parent=3375"}],"curies":[{"name":"wp","href":"https:\/\/api.w.org\/{rel}","templated":true}]}}