{"id":3372,"date":"2017-12-18T18:33:26","date_gmt":"2017-12-18T18:33:26","guid":{"rendered":"http:\/\/biblian.is\/gudbrandsbiblia\/ljodaljodin-7-kafli\/"},"modified":"2017-12-18T18:33:26","modified_gmt":"2017-12-18T18:33:26","slug":"ljodaljodin-7-kafli","status":"publish","type":"page","link":"https:\/\/biblian.is\/gudbrandsbiblia\/ljodaljodin-7-kafli\/","title":{"rendered":"Lj\u00f3\u00f0alj\u00f3\u00f0in 7. kafli"},"content":{"rendered":"<p>VII.<\/p>\n<p>Hversu fagur er \u00feinn gangur \u00ed \u00fe\u00ednum sk\u00f3kl\u00e6\u00f0um, \u00fe\u00fa h\u00f6f\u00f0ingjans d\u00f3ttir! \u00de\u00ednar lendar standa b\u00e1\u00f0ar l\u00edka sem tv\u00e6r spengur \u00fe\u00e6r eins meistaramanns h\u00f6nd hefur gj\u00f6rt. \u00de\u00ednn nafli er sem kringl\u00f3ttur bikar hvern a\u00f0 aldrei vantar drykk. \u00deinn kvi\u00f0ur er sem hveitihr\u00faga \u00ed kring sett me\u00f0 liljum. \u00de\u00edn b\u00e6\u00f0i brj\u00f3st eru sem ung tv\u00edburaki\u00f0 einnrar hindar. \u00deinn h\u00e1ls er sem einn turn af f\u00edlabeini. \u00de\u00edn augu eru sem fiskiv\u00f6tn \u00ed Hesbon hj\u00e1 Batrabb\u00edmporti. \u00de\u00ednar nasir eru sem L\u00edbanonturn hver e\u00f0 veit til Damascum. \u00deitt h\u00f6fu\u00f0 stendur \u00e1 \u00fe\u00e9r svo sem Carmelus. H\u00e1ri\u00f0 \u00e1 \u00fe\u00ednu h\u00f6f\u00f0i er sem k\u00f3ngsins purpuri bundinn \u00ed fer\u00f0ir.<\/p>\n<p>\tHversu f\u00f6gur og pr\u00fd\u00f0ileg ertu, m\u00edn k\u00e6rasta \u00ed s\u00e6ll\u00edfinu! \u00de\u00edn lengd er sem p\u00e1lmatr\u00e9, \u00fe\u00edn brj\u00f3st eru og sem v\u00edn\u00fer\u00faga. Eg sag\u00f0a: Eg hl\u00fdt a\u00f0 uppst\u00edga \u00e1 p\u00e1lmatr\u00e9\u00f0 og taka \u00feess kvistu. L\u00e1t \u00fe\u00edn brj\u00f3st vera sem v\u00edn\u00fer\u00fagur \u00e1 v\u00ednvi\u00f0artrj\u00e1m a\u00f0 \u00fe\u00ednar nasir lukti sem epli og \u00feinn barki l\u00edka sem gott v\u00edn, hvert e\u00f0 gla\u00f0lega ni\u00f0urrennur m\u00ednum vin og talar af fjarl\u00e6gu. Minn vin er minn og hann heldur s\u00e9r a\u00f0 m\u00e9r.<\/p>\n<p>\tKom, minn elskulegi, vi\u00f0 viljum ganga \u00fat \u00e1 markina og l\u00e1tum oss vera \u00ed \u00feorpunum so a\u00f0 vi\u00f0 megum \u00e1rla upp st\u00edga til v\u00edngar\u00f0anna so v\u00e9r m\u00e6ttum vita hvert v\u00edntr\u00e9n bl\u00f3mgast, hvert bl\u00f3m er \u00fatkomi\u00f0, hvert granataeplatr\u00e9n frj\u00f3vgast. \u00dear vil eg gefa \u00fe\u00e9r m\u00edn brj\u00f3st. Liljurnar gefa \u00fear ilm og \u00fear er allra handa g\u00f6fugur \u00e1v\u00f6xtur fyrir okkar dyrum. Minn vin, eg hefi geymt handa \u00fe\u00e9r b\u00e6\u00f0i \u00fea\u00f0 n\u00fdja og gamla.<\/p>\n","protected":false},"excerpt":{"rendered":"<p>VII. Hversu fagur er \u00feinn gangur \u00ed \u00fe\u00ednum sk\u00f3kl\u00e6\u00f0um, \u00fe\u00fa h\u00f6f\u00f0ingjans d\u00f3ttir! \u00de\u00ednar lendar standa b\u00e1\u00f0ar l\u00edka sem tv\u00e6r spengur \u00fe\u00e6r eins meistaramanns h\u00f6nd hefur gj\u00f6rt. \u00de\u00ednn nafli er sem kringl\u00f3ttur bikar hvern a\u00f0 aldrei vantar drykk. \u00deinn kvi\u00f0ur er sem hveitihr\u00faga \u00ed kring sett me\u00f0 liljum. \u00de\u00edn b\u00e6\u00f0i brj\u00f3st eru sem ung tv\u00edburaki\u00f0 einnrar hindar. \u00deinn h\u00e1ls er sem einn turn af f\u00edlabeini. \u00de\u00edn augu eru sem fiskiv\u00f6tn \u00ed Hesbon hj\u00e1 Batrabb\u00edmporti. \u00de\u00ednar nasir eru sem L\u00edbanonturn hver e\u00f0 veit til Damascum. \u00deitt h\u00f6fu\u00f0 stendur \u00e1 \u00fe\u00e9r svo sem Carmelus. H\u00e1ri\u00f0 \u00e1 \u00fe\u00ednu h\u00f6f\u00f0i er sem k\u00f3ngsins purpuri bundinn <a href=\"https:\/\/biblian.is\/gudbrandsbiblia\/ljodaljodin-7-kafli\/\"> [&#8230;]<\/a><\/p>\n","protected":false},"author":1,"featured_media":0,"parent":0,"menu_order":0,"comment_status":"open","ping_status":"open","template":"bibliukaflar.php","meta":{"footnotes":""},"class_list":["post-3372","page","type-page","status-publish","hentry"],"_links":{"self":[{"href":"https:\/\/biblian.is\/gudbrandsbiblia\/wp-json\/wp\/v2\/pages\/3372","targetHints":{"allow":["GET"]}}],"collection":[{"href":"https:\/\/biblian.is\/gudbrandsbiblia\/wp-json\/wp\/v2\/pages"}],"about":[{"href":"https:\/\/biblian.is\/gudbrandsbiblia\/wp-json\/wp\/v2\/types\/page"}],"author":[{"embeddable":true,"href":"https:\/\/biblian.is\/gudbrandsbiblia\/wp-json\/wp\/v2\/users\/1"}],"replies":[{"embeddable":true,"href":"https:\/\/biblian.is\/gudbrandsbiblia\/wp-json\/wp\/v2\/comments?post=3372"}],"version-history":[{"count":0,"href":"https:\/\/biblian.is\/gudbrandsbiblia\/wp-json\/wp\/v2\/pages\/3372\/revisions"}],"wp:attachment":[{"href":"https:\/\/biblian.is\/gudbrandsbiblia\/wp-json\/wp\/v2\/media?parent=3372"}],"curies":[{"name":"wp","href":"https:\/\/api.w.org\/{rel}","templated":true}]}}