{"id":3371,"date":"2017-12-18T18:33:26","date_gmt":"2017-12-18T18:33:26","guid":{"rendered":"http:\/\/biblian.is\/gudbrandsbiblia\/ljodaljodin-6-kafli\/"},"modified":"2017-12-18T18:33:26","modified_gmt":"2017-12-18T18:33:26","slug":"ljodaljodin-6-kafli","status":"publish","type":"page","link":"https:\/\/biblian.is\/gudbrandsbiblia\/ljodaljodin-6-kafli\/","title":{"rendered":"Lj\u00f3\u00f0alj\u00f3\u00f0in 6. kafli"},"content":{"rendered":"<p>VI.<\/p>\n<p>Hvert er \u00feinn vinur genginn, \u00fe\u00fa in fegursta \u00e1 me\u00f0al kvennanna? Hvert hefur \u00feinn vinur viki\u00f0 s\u00e9r? So viljum v\u00e9r leita me\u00f0 \u00fe\u00e9r a\u00f0 honum. Minn vinur er ofangenginn \u00ed sinn aldingar\u00f0, til sinna jurta, a\u00f0 hann f\u00e6\u00f0i sig \u00ed gar\u00f0inum \u00e1 me\u00f0al r\u00f3sanna. Minn vinur er minn og em eg hans, hann sem mig f\u00e6\u00f0ir \u00e1 me\u00f0al r\u00f3sanna.<\/p>\n<p>\t\u00de\u00fa ert f\u00f6gur, m\u00edn unnusta, sem Tirsa, lystileg sem Jer\u00fasalem, \u00f3gurleg sem brj\u00f3stfylkingar. Sn\u00fa \u00fe\u00fa \u00fe\u00ednum augum fr\u00e1 m\u00e9r \u00fev\u00ed \u00feau gj\u00f6ra mig brennanda. \u00deitt h\u00e1r er l\u00edka sem geitsau\u00f0ahj\u00f6r\u00f0 sem klippt er \u00e1 G\u00edlea\u00f0sfjalli. \u00de\u00ednar tennur eru l\u00edka sem sau\u00f0ahj\u00f6r\u00f0 hver e\u00f0 sig hefur lauga\u00f0, hafandi \u00f6ll saman tv\u00edbura og \u00fear er engin \u00f3frj\u00f3s\u00f6m \u00e1 me\u00f0al \u00feeirra. \u00de\u00edn kinnbein eru l\u00edka sem rispur \u00e1 granataepli \u00e1 me\u00f0al \u00feinna lokka.<\/p>\n<p>\tSext\u00edgi eru drottningarnar og \u00e1ttat\u00edgi frillurnar en \u00e1 ungum meyjum er engin tala. En ein er m\u00edn d\u00fafa, m\u00edn innilega, ein er sinnar m\u00f3\u00f0ur in k\u00e6rasta og sinnar m\u00f3\u00f0ur in \u00fatvalda. Og \u00fe\u00e1 d\u00e6turnar s\u00e1u hana s\u00f6g\u00f0u \u00fe\u00e6r hana s\u00e6la og drottningarnar me\u00f0 frillunum lofu\u00f0u hana. Hver er s\u00fa sem framkemur sem morgunro\u00f0i, f\u00f6gur sem tungl, \u00fatvalin sem s\u00f3l, \u00f3gnarleg sem hermannafylking?<\/p>\n<p>\tEg em ofangengin \u00ed valn\u00fdtagar\u00f0inn a\u00f0 sko\u00f0a greinirnar hj\u00e1 l\u00e6kjunum og a\u00f0 sko\u00f0a hvort a\u00f0 v\u00edntr\u00e9n bl\u00f3mgast og ef granataeplin eru vaxin. M\u00edn s\u00e1la vissi ekki a\u00f0 hann haf\u00f0i sett mig til vagna Am\u00ednadab.<\/p>\n<p>\tKom aftur, kom aftur, \u00f3 S\u00falam\u00edt, kom \u00fe\u00fa aftur, kom aftur, so a\u00f0 v\u00e9r megum sko\u00f0a \u00feig. Hva\u00f0 sj\u00e1i \u00fe\u00e9r \u00e1 S\u00falam\u00edt nema dans \u00ed Mahana\u00edm?<\/p>\n","protected":false},"excerpt":{"rendered":"<p>VI. Hvert er \u00feinn vinur genginn, \u00fe\u00fa in fegursta \u00e1 me\u00f0al kvennanna? Hvert hefur \u00feinn vinur viki\u00f0 s\u00e9r? So viljum v\u00e9r leita me\u00f0 \u00fe\u00e9r a\u00f0 honum. Minn vinur er ofangenginn \u00ed sinn aldingar\u00f0, til sinna jurta, a\u00f0 hann f\u00e6\u00f0i sig \u00ed gar\u00f0inum \u00e1 me\u00f0al r\u00f3sanna. Minn vinur er minn og em eg hans, hann sem mig f\u00e6\u00f0ir \u00e1 me\u00f0al r\u00f3sanna. \u00de\u00fa ert f\u00f6gur, m\u00edn unnusta, sem Tirsa, lystileg sem Jer\u00fasalem, \u00f3gurleg sem brj\u00f3stfylkingar. Sn\u00fa \u00fe\u00fa \u00fe\u00ednum augum fr\u00e1 m\u00e9r \u00fev\u00ed \u00feau gj\u00f6ra mig brennanda. \u00deitt h\u00e1r er l\u00edka sem geitsau\u00f0ahj\u00f6r\u00f0 sem klippt er \u00e1 G\u00edlea\u00f0sfjalli. \u00de\u00ednar tennur eru l\u00edka sem <a href=\"https:\/\/biblian.is\/gudbrandsbiblia\/ljodaljodin-6-kafli\/\"> [&#8230;]<\/a><\/p>\n","protected":false},"author":1,"featured_media":0,"parent":0,"menu_order":0,"comment_status":"open","ping_status":"open","template":"bibliukaflar.php","meta":{"footnotes":""},"class_list":["post-3371","page","type-page","status-publish","hentry"],"_links":{"self":[{"href":"https:\/\/biblian.is\/gudbrandsbiblia\/wp-json\/wp\/v2\/pages\/3371","targetHints":{"allow":["GET"]}}],"collection":[{"href":"https:\/\/biblian.is\/gudbrandsbiblia\/wp-json\/wp\/v2\/pages"}],"about":[{"href":"https:\/\/biblian.is\/gudbrandsbiblia\/wp-json\/wp\/v2\/types\/page"}],"author":[{"embeddable":true,"href":"https:\/\/biblian.is\/gudbrandsbiblia\/wp-json\/wp\/v2\/users\/1"}],"replies":[{"embeddable":true,"href":"https:\/\/biblian.is\/gudbrandsbiblia\/wp-json\/wp\/v2\/comments?post=3371"}],"version-history":[{"count":0,"href":"https:\/\/biblian.is\/gudbrandsbiblia\/wp-json\/wp\/v2\/pages\/3371\/revisions"}],"wp:attachment":[{"href":"https:\/\/biblian.is\/gudbrandsbiblia\/wp-json\/wp\/v2\/media?parent=3371"}],"curies":[{"name":"wp","href":"https:\/\/api.w.org\/{rel}","templated":true}]}}