{"id":3370,"date":"2017-12-18T18:33:26","date_gmt":"2017-12-18T18:33:26","guid":{"rendered":"http:\/\/biblian.is\/gudbrandsbiblia\/ljodaljodin-5-kafli\/"},"modified":"2017-12-18T18:33:26","modified_gmt":"2017-12-18T18:33:26","slug":"ljodaljodin-5-kafli","status":"publish","type":"page","link":"https:\/\/biblian.is\/gudbrandsbiblia\/ljodaljodin-5-kafli\/","title":{"rendered":"Lj\u00f3\u00f0alj\u00f3\u00f0in 5. kafli"},"content":{"rendered":"<p>V.<\/p>\n<p>Minn vin komi hann \u00ed sinn aldingar\u00f0 og neyti af hans d\u00fdr\u00f0legum \u00e1v\u00f6xtum. Eg kom, m\u00edn systir, k\u00e6rasta br\u00fa\u00f0ur, \u00ed minn aldingar\u00f0. Eg hef af muli\u00f0 m\u00edna mirru me\u00f0 \u00f6\u00f0rum kryddum, eg hefi eti\u00f0 minn hunangsseim me\u00f0 m\u00ednu hunangi, eg hefi drukki\u00f0 mitt v\u00edn me\u00f0 minni mj\u00f3lk. Eti\u00f0, m\u00ednir elskendur, og drekki\u00f0, m\u00ednir k\u00e6rir vinir, og veri\u00f0 gla\u00f0ir.<\/p>\n<p>\tEg sef en mitt hjarta vakir: \u00dea\u00f0 er m\u00edns vinar raust sem \u00fear ber. L\u00e1t upp, m\u00edn allrak\u00e6rasta, m\u00edn systir, m\u00edn d\u00fafa, m\u00edn innilega, \u00fev\u00ed a\u00f0 mitt h\u00f6fu\u00f0 er fullt af d\u00f6gg og m\u00ednir lokkar eru fullir af n\u00e1ttdropum.<\/p>\n<p>\tEg hefi f\u00e6rt mig af m\u00ednum kyrtli, hvernin skal eg n\u00fa f\u00e6ra mig \u00ed hann aftur? Eg hefi \u00fevegi\u00f0 m\u00ednar f\u00e6tur, hversu m\u00e1 eg gj\u00f6ra \u00fe\u00e1 \u00f3kl\u00e1ra aftur?<\/p>\n<p>\tEn minn vin stakk sinni hendi \u00ed gegnum eitt hol og minn l\u00edkami skalf \u00fear vi\u00f0. \u00de\u00e1 st\u00f3\u00f0 eg upp og lauk upp fyri m\u00ednum k\u00e6rasta. Mirran draup af m\u00ednum h\u00f6ndum og mirran flaut um m\u00ednar fingur \u00e1 hur\u00f0arlokunni. Og \u00fe\u00e1 eg haf\u00f0i uppl\u00e1ti\u00f0 fyrir m\u00ednum vin var hann \u00ed burtu og af sta\u00f0 genginn.<\/p>\n<p>\t\u00de\u00e1 gekk m\u00edn s\u00e1la \u00fat eftir hans or\u00f0um, eg leita\u00f0i a\u00f0 honum en eg fann hann ekki. Eg kalla\u00f0i en hann svara\u00f0i m\u00e9r \u00f6ngvu. V\u00f6kumennirnir sem gengu um sta\u00f0inn \u00feeir fundu mig, sl\u00f3gu mig og s\u00e6r\u00f0u, vaktararnir \u00e1 m\u00farunum t\u00f3ku m\u00edna yfirh\u00f6fn fr\u00e1 m\u00e9r. Eg s\u00e6ri y\u00f0ur, \u00fe\u00e9r d\u00e6tur Jer\u00fasalem, ef \u00fe\u00e9r finni\u00f0 minn vin \u00fe\u00e1 segi\u00f0 honum a\u00f0 eg ligg sj\u00fak af \u00e1starelsku!<\/p>\n<p>\tHva\u00f0 er \u00feinn vinur framar en a\u00f0rir vinir, \u00f3 \u00fe\u00fa in fegursta \u00e1 me\u00f0al kvennanna, hvernin er \u00feinn vinur framar \u00f6\u00f0rum a\u00f0 \u00fe\u00fa hefur svo s\u00e6rt oss? Minn elskhugi er hv\u00edtur og rau\u00f0ur, \u00fatvalinn \u00e1 me\u00f0al margra \u00fe\u00fasunda. Hans h\u00f6fu\u00f0 er besta gull, hans lokkar hr\u00f6kkva og eru svartir sem hrafn.<\/p>\n<p>\tHans augu eru sem d\u00fafuaugu hj\u00e1 uppsprettul\u00e6kjum, \u00fevegin me\u00f0 mj\u00f3lk og standa \u00ed fyllingu. Hans kinnbein eru sem vaxandi jurtramakarans aldingar\u00f0ur. Hans varir eru sem r\u00f3s af hverri a\u00f0 dr\u00fdpur rennandi mirra. Hans hendur eru l\u00edka sem gullhringar hla\u00f0nir me\u00f0 hyacintis. Hans l\u00edkami er sem f\u00edlabein pr\u00fddd me\u00f0 saf\u00edr. Hans bein eru sem marmarast\u00f3lpar grundvalla\u00f0ir me\u00f0 gullfestum. Hans mynd er sem L\u00edbanon, \u00fatvalin sem sedrustr\u00e9. Hans barki er s\u00e6tur og allur lystilegur. Sl\u00edkur er minn vinur og hann er minn vinur, \u00fe\u00e9r d\u00e6tur Jer\u00fasalem.<\/p>\n","protected":false},"excerpt":{"rendered":"<p>V. Minn vin komi hann \u00ed sinn aldingar\u00f0 og neyti af hans d\u00fdr\u00f0legum \u00e1v\u00f6xtum. Eg kom, m\u00edn systir, k\u00e6rasta br\u00fa\u00f0ur, \u00ed minn aldingar\u00f0. Eg hef af muli\u00f0 m\u00edna mirru me\u00f0 \u00f6\u00f0rum kryddum, eg hefi eti\u00f0 minn hunangsseim me\u00f0 m\u00ednu hunangi, eg hefi drukki\u00f0 mitt v\u00edn me\u00f0 minni mj\u00f3lk. Eti\u00f0, m\u00ednir elskendur, og drekki\u00f0, m\u00ednir k\u00e6rir vinir, og veri\u00f0 gla\u00f0ir. Eg sef en mitt hjarta vakir: \u00dea\u00f0 er m\u00edns vinar raust sem \u00fear ber. L\u00e1t upp, m\u00edn allrak\u00e6rasta, m\u00edn systir, m\u00edn d\u00fafa, m\u00edn innilega, \u00fev\u00ed a\u00f0 mitt h\u00f6fu\u00f0 er fullt af d\u00f6gg og m\u00ednir lokkar eru fullir af n\u00e1ttdropum. Eg hefi <a href=\"https:\/\/biblian.is\/gudbrandsbiblia\/ljodaljodin-5-kafli\/\"> [&#8230;]<\/a><\/p>\n","protected":false},"author":1,"featured_media":0,"parent":0,"menu_order":0,"comment_status":"open","ping_status":"open","template":"bibliukaflar.php","meta":{"footnotes":""},"class_list":["post-3370","page","type-page","status-publish","hentry"],"_links":{"self":[{"href":"https:\/\/biblian.is\/gudbrandsbiblia\/wp-json\/wp\/v2\/pages\/3370","targetHints":{"allow":["GET"]}}],"collection":[{"href":"https:\/\/biblian.is\/gudbrandsbiblia\/wp-json\/wp\/v2\/pages"}],"about":[{"href":"https:\/\/biblian.is\/gudbrandsbiblia\/wp-json\/wp\/v2\/types\/page"}],"author":[{"embeddable":true,"href":"https:\/\/biblian.is\/gudbrandsbiblia\/wp-json\/wp\/v2\/users\/1"}],"replies":[{"embeddable":true,"href":"https:\/\/biblian.is\/gudbrandsbiblia\/wp-json\/wp\/v2\/comments?post=3370"}],"version-history":[{"count":0,"href":"https:\/\/biblian.is\/gudbrandsbiblia\/wp-json\/wp\/v2\/pages\/3370\/revisions"}],"wp:attachment":[{"href":"https:\/\/biblian.is\/gudbrandsbiblia\/wp-json\/wp\/v2\/media?parent=3370"}],"curies":[{"name":"wp","href":"https:\/\/api.w.org\/{rel}","templated":true}]}}