{"id":3369,"date":"2017-12-18T18:33:26","date_gmt":"2017-12-18T18:33:26","guid":{"rendered":"http:\/\/biblian.is\/gudbrandsbiblia\/ljodaljodin-4-kafli\/"},"modified":"2017-12-18T18:33:26","modified_gmt":"2017-12-18T18:33:26","slug":"ljodaljodin-4-kafli","status":"publish","type":"page","link":"https:\/\/biblian.is\/gudbrandsbiblia\/ljodaljodin-4-kafli\/","title":{"rendered":"Lj\u00f3\u00f0alj\u00f3\u00f0in 4. kafli"},"content":{"rendered":"<p>IIII.<\/p>\n<p>Sj\u00e1 \u00fe\u00fa, m\u00edn k\u00e6rasta, \u00fe\u00fa ert f\u00f6gur, sj\u00e1, f\u00f6gur ertu. \u00de\u00edn augu eru sem d\u00fafuaugu \u00e1 millum \u00feinna h\u00e1rlokka. \u00deitt h\u00e1r er l\u00edka sem geitahj\u00f6r\u00f0 s\u00fa sem klippt er \u00e1 fjalli G\u00edlea\u00f0. \u00de\u00ednar tennur eru sem n\u00fdklippt hj\u00f6r\u00f0 komandi fr\u00e1 lauginni, verandi allar saman tv\u00edlembdar og \u00fea er engin \u00f3frj\u00f3 \u00e1 me\u00f0al \u00feeirra. \u00de\u00ednar varir eru sem dreyrrau\u00f0ur dregill og \u00feitt m\u00e1l er lystilegt. \u00de\u00ednar kinnur eru sem rispur \u00e1 granataepli \u00ed millum \u00feinna h\u00e1rlokka. \u00deinn h\u00e1ls er sem Dav\u00ed\u00f0sturn, b\u00fainn me\u00f0 v\u00edgskor\u00f0um, \u00e1 hverjum e\u00f0 hanga \u00fe\u00fasund skildir og alls kyns sterk vopn. \u00de\u00edn tv\u00f6 brj\u00f3st eru \u00fev\u00edl\u00edkast sem tv\u00f6 ung hindarki\u00f0 sem f\u00e6\u00f0ast undir rosu allt \u00fear til a\u00f0 dagurinn k\u00f3lnar og skugginn burt l\u00ed\u00f0ur. Eg vil fara til mirrufjallsins og til reykelsish\u00e6\u00f0anna.<\/p>\n<p>\tM\u00edn unnusta, \u00fe\u00fa ert f\u00f6gur \u00ed allan m\u00e1ta svo \u00fear er enginn flekkur \u00e1 \u00fe\u00e9r. Kom, m\u00edn br\u00fa\u00f0ur, af L\u00edbanon, kom af L\u00edbanon. Gakk h\u00e9r inn, st\u00edg hinga\u00f0 af Amanah\u00e6\u00f0um, af h\u00e6\u00f0unum Sen\u00edr og Hermon, fr\u00e1 le\u00f3nab\u00e6linu og fr\u00e1 lepar\u00f0afj\u00f6llunum. \u00de\u00fa hefur s\u00e6rt mitt hjarta, m\u00edn systir, elskuleg br\u00fa\u00f0ur, me\u00f0 \u00f6\u00f0ru \u00fe\u00ednu auga og me\u00f0 einni \u00feinni h\u00e1lske\u00f0ju.<\/p>\n<p>\tHversu f\u00f6gur eru \u00fe\u00edn brj\u00f3st, m\u00edn systir, k\u00e6rasta br\u00fa\u00f0ur? \u00de\u00edn brj\u00f3st eru fegri en v\u00edn og \u00feinn smyrslailmur yfirgengur allar jurtir. \u00de\u00ednar varir, m\u00edn br\u00fa\u00f0ur, eru sem drj\u00fapandi hunangsseimur, hunang og mj\u00f3lk eru undir \u00feinni tungu og ilmur af kl\u00e6\u00f0um \u00fe\u00ednum er svo sem ilmur L\u00edbanon.<\/p>\n<p>\t\u00d3 m\u00edn systir, k\u00e6ra br\u00fa\u00f0ur, \u00fe\u00fa ert einn l\u00e6stur aldingar\u00f0ur, ein tillukt uppspretta, einn innsigla\u00f0ur brunnur. \u00deinn \u00e1v\u00f6xtur er l\u00edka sem lystugur aldingar\u00f0ur fullur af granataeplum, me\u00f0 g\u00f6fugum \u00e1v\u00f6xtum, cyperi og nardi; nardus og saffram, kalmus og cynnamomum og allra handa reykelsistr\u00e9, mirra og aloe me\u00f0 \u00f6llum bestum jurtrum, sem einn aldingar\u00f0sbrunnur, sem einn brunnur lifanda vats s\u00e1 er fl\u00fdtur af L\u00edbanon.<\/p>\n<p>\tR\u00eds upp, nor\u00f0anvindur, og kom, sunnanvindur, og bl\u00e1stu \u00ed gegnum minn aldingar\u00f0 svo a\u00f0 af hans jurtum megi drj\u00fapa.<\/p>\n","protected":false},"excerpt":{"rendered":"<p>IIII. Sj\u00e1 \u00fe\u00fa, m\u00edn k\u00e6rasta, \u00fe\u00fa ert f\u00f6gur, sj\u00e1, f\u00f6gur ertu. \u00de\u00edn augu eru sem d\u00fafuaugu \u00e1 millum \u00feinna h\u00e1rlokka. \u00deitt h\u00e1r er l\u00edka sem geitahj\u00f6r\u00f0 s\u00fa sem klippt er \u00e1 fjalli G\u00edlea\u00f0. \u00de\u00ednar tennur eru sem n\u00fdklippt hj\u00f6r\u00f0 komandi fr\u00e1 lauginni, verandi allar saman tv\u00edlembdar og \u00fea er engin \u00f3frj\u00f3 \u00e1 me\u00f0al \u00feeirra. \u00de\u00ednar varir eru sem dreyrrau\u00f0ur dregill og \u00feitt m\u00e1l er lystilegt. \u00de\u00ednar kinnur eru sem rispur \u00e1 granataepli \u00ed millum \u00feinna h\u00e1rlokka. \u00deinn h\u00e1ls er sem Dav\u00ed\u00f0sturn, b\u00fainn me\u00f0 v\u00edgskor\u00f0um, \u00e1 hverjum e\u00f0 hanga \u00fe\u00fasund skildir og alls kyns sterk vopn. \u00de\u00edn tv\u00f6 brj\u00f3st eru \u00fev\u00edl\u00edkast <a href=\"https:\/\/biblian.is\/gudbrandsbiblia\/ljodaljodin-4-kafli\/\"> [&#8230;]<\/a><\/p>\n","protected":false},"author":1,"featured_media":0,"parent":0,"menu_order":0,"comment_status":"open","ping_status":"open","template":"bibliukaflar.php","meta":{"footnotes":""},"class_list":["post-3369","page","type-page","status-publish","hentry"],"_links":{"self":[{"href":"https:\/\/biblian.is\/gudbrandsbiblia\/wp-json\/wp\/v2\/pages\/3369","targetHints":{"allow":["GET"]}}],"collection":[{"href":"https:\/\/biblian.is\/gudbrandsbiblia\/wp-json\/wp\/v2\/pages"}],"about":[{"href":"https:\/\/biblian.is\/gudbrandsbiblia\/wp-json\/wp\/v2\/types\/page"}],"author":[{"embeddable":true,"href":"https:\/\/biblian.is\/gudbrandsbiblia\/wp-json\/wp\/v2\/users\/1"}],"replies":[{"embeddable":true,"href":"https:\/\/biblian.is\/gudbrandsbiblia\/wp-json\/wp\/v2\/comments?post=3369"}],"version-history":[{"count":0,"href":"https:\/\/biblian.is\/gudbrandsbiblia\/wp-json\/wp\/v2\/pages\/3369\/revisions"}],"wp:attachment":[{"href":"https:\/\/biblian.is\/gudbrandsbiblia\/wp-json\/wp\/v2\/media?parent=3369"}],"curies":[{"name":"wp","href":"https:\/\/api.w.org\/{rel}","templated":true}]}}