{"id":3367,"date":"2017-12-18T18:33:26","date_gmt":"2017-12-18T18:33:26","guid":{"rendered":"http:\/\/biblian.is\/gudbrandsbiblia\/ljodaljodin-2-kafli\/"},"modified":"2017-12-18T18:33:26","modified_gmt":"2017-12-18T18:33:26","slug":"ljodaljodin-2-kafli","status":"publish","type":"page","link":"https:\/\/biblian.is\/gudbrandsbiblia\/ljodaljodin-2-kafli\/","title":{"rendered":"Lj\u00f3\u00f0alj\u00f3\u00f0in 2. kafli"},"content":{"rendered":"<p>II.<\/p>\n<p>Eg er eitt bl\u00f3mstur \u00ed Saron og ein rosa \u00ed dalnum. Svo sem ein lilja \u00e1 me\u00f0al \u00feyrnanna svo er m\u00edn k\u00e6rasta \u00e1 me\u00f0al d\u00e6tranna. L\u00edka sem eitt eplistr\u00e9 \u00e1 milli villitrj\u00e1nna so er minn vin \u00e1 me\u00f0al sonanna. Eg sit undir hans skugga sem mig girnir og hans \u00e1v\u00f6xtur er s\u00e6tur m\u00ednum barka.<\/p>\n<p>\tHann leiddi mig \u00ed sinn v\u00ednkjallara og k\u00e6rleikurinn er hans merki yfir m\u00e9r. Hann l\u00edfga\u00f0i mig me\u00f0 bl\u00f3mstrum og n\u00e6r\u00f0i mig me\u00f0 eplum \u00fev\u00ed eg er sj\u00fak af \u00e1stinni. Hans vinstri h\u00f6nd er undir m\u00ednu h\u00f6f\u00f0i og hans h\u00e6gri h\u00f6nd umfa\u00f0mar mig.<\/p>\n<p>\tEg s\u00e6ri y\u00f0ur, \u00fe\u00e9r d\u00e6tur Jer\u00fasalem, vi\u00f0 geitur og hindur \u00e1 m\u00f6rkinni, a\u00f0 \u00fe\u00e9r hverki uppveki\u00f0 n\u00e9 \u00f3n\u00e1\u00f0i\u00f0 m\u00edna k\u00e6rustu fyrr en h\u00fan sj\u00e1lf vill.<\/p>\n<p>\t\u00dea\u00f0 er r\u00f6dd m\u00edns k\u00e6rasta, sj\u00e1 \u00fe\u00fa, hann kemur st\u00f6kkvandi \u00e1 fj\u00f6llunum og ste\u00f0jandi \u00e1 h\u00e6\u00f0unum. Minn k\u00e6rasti er l\u00edka sem hreind\u00fdr e\u00f0a ungur hj\u00f6rtur. Sj\u00e1 \u00fe\u00fa, hann stendur \u00e1 bak vi\u00f0 vorn vegg og s\u00e9r \u00ed gegnum gluggana og g\u00e6gist \u00fat um grindurnar.<\/p>\n<p>\tMinn vinur svarar og segir til m\u00edn: Statt upp, m\u00edn k\u00e6rasta, m\u00edn in pr\u00fd\u00f0ilega, og kom hinga\u00f0 til m\u00edn. \u00dev\u00ed sj\u00e1 \u00fe\u00fa, veturinn er li\u00f0inn, regni\u00f0 er af og \u00ed burt horfi\u00f0. Bl\u00f3mstri\u00f0 er uppvaxi\u00f0 \u00ed landinu, vori\u00f0 er komi\u00f0 og turtild\u00fafan kvakar \u00ed voru landi. F\u00edkjutr\u00e9\u00f0 hefur fengi\u00f0 \u00e1v\u00f6xt, v\u00edntr\u00e9n standa me\u00f0 bl\u00f3ma og gefa til sinn ilm. Stattu upp, m\u00edn k\u00e6rasta, og kom, m\u00edn in pr\u00fd\u00f0ilega, kom hinga\u00f0. M\u00edn d\u00fafa er \u00ed steinholunum og bjargskorunum, s\u00fdn m\u00e9r \u00feitt andlit, l\u00e1t mig heyra \u00fe\u00edna raust, \u00fev\u00ed \u00fe\u00edn r\u00f6dd er s\u00e6t og \u00feitt andlit er pr\u00fd\u00f0ilegt.<\/p>\n<p>\tTaki\u00f0 fyrir oss refana, \u00fe\u00e1 sm\u00e1refina, \u00feeir sem fordjarfa v\u00edngar\u00f0ana, \u00fev\u00ed vorir v\u00edngar\u00f0ar bl\u00f3mgast. Minn vinur er minn og eg em hans, hann hver e\u00f0 til haga heldur \u00e1 me\u00f0al liljur\u00f3sanna \u00fear til dagurinn k\u00f3lnar og skugginn burt l\u00ed\u00f0ur. Kom \u00fe\u00fa aftur og vert sem hind, minn vin, e\u00f0a sem ungur hj\u00f6rtur \u00e1 skilna\u00f0arfj\u00f6llum.<\/p>\n","protected":false},"excerpt":{"rendered":"<p>II. Eg er eitt bl\u00f3mstur \u00ed Saron og ein rosa \u00ed dalnum. Svo sem ein lilja \u00e1 me\u00f0al \u00feyrnanna svo er m\u00edn k\u00e6rasta \u00e1 me\u00f0al d\u00e6tranna. L\u00edka sem eitt eplistr\u00e9 \u00e1 milli villitrj\u00e1nna so er minn vin \u00e1 me\u00f0al sonanna. Eg sit undir hans skugga sem mig girnir og hans \u00e1v\u00f6xtur er s\u00e6tur m\u00ednum barka. Hann leiddi mig \u00ed sinn v\u00ednkjallara og k\u00e6rleikurinn er hans merki yfir m\u00e9r. Hann l\u00edfga\u00f0i mig me\u00f0 bl\u00f3mstrum og n\u00e6r\u00f0i mig me\u00f0 eplum \u00fev\u00ed eg er sj\u00fak af \u00e1stinni. Hans vinstri h\u00f6nd er undir m\u00ednu h\u00f6f\u00f0i og hans h\u00e6gri h\u00f6nd umfa\u00f0mar mig. Eg s\u00e6ri y\u00f0ur, <a href=\"https:\/\/biblian.is\/gudbrandsbiblia\/ljodaljodin-2-kafli\/\"> [&#8230;]<\/a><\/p>\n","protected":false},"author":1,"featured_media":0,"parent":0,"menu_order":0,"comment_status":"open","ping_status":"open","template":"bibliukaflar.php","meta":{"footnotes":""},"class_list":["post-3367","page","type-page","status-publish","hentry"],"_links":{"self":[{"href":"https:\/\/biblian.is\/gudbrandsbiblia\/wp-json\/wp\/v2\/pages\/3367","targetHints":{"allow":["GET"]}}],"collection":[{"href":"https:\/\/biblian.is\/gudbrandsbiblia\/wp-json\/wp\/v2\/pages"}],"about":[{"href":"https:\/\/biblian.is\/gudbrandsbiblia\/wp-json\/wp\/v2\/types\/page"}],"author":[{"embeddable":true,"href":"https:\/\/biblian.is\/gudbrandsbiblia\/wp-json\/wp\/v2\/users\/1"}],"replies":[{"embeddable":true,"href":"https:\/\/biblian.is\/gudbrandsbiblia\/wp-json\/wp\/v2\/comments?post=3367"}],"version-history":[{"count":0,"href":"https:\/\/biblian.is\/gudbrandsbiblia\/wp-json\/wp\/v2\/pages\/3367\/revisions"}],"wp:attachment":[{"href":"https:\/\/biblian.is\/gudbrandsbiblia\/wp-json\/wp\/v2\/media?parent=3367"}],"curies":[{"name":"wp","href":"https:\/\/api.w.org\/{rel}","templated":true}]}}