{"id":3365,"date":"2017-12-18T18:33:26","date_gmt":"2017-12-18T18:33:26","guid":{"rendered":"http:\/\/biblian.is\/gudbrandsbiblia\/predikarinn-12-kafli\/"},"modified":"2017-12-18T18:33:26","modified_gmt":"2017-12-18T18:33:26","slug":"predikarinn-12-kafli","status":"publish","type":"page","link":"https:\/\/biblian.is\/gudbrandsbiblia\/predikarinn-12-kafli\/","title":{"rendered":"Pr\u00e9dikarinn 12. kafli"},"content":{"rendered":"<p>XII.<\/p>\n<p>Svo gle\u00f0 \u00feig, ungmenni, \u00ed \u00feinni \u00e6sku og l\u00e1t \u00feitt hjarta vera glatt \u00e1 \u00fe\u00ednum ungd\u00f3msd\u00f6gum. Gj\u00f6r hva\u00f0 \u00feitt hjarta lystir og hva\u00f0 \u00fe\u00ednum augum \u00fe\u00f3knast og vit \u00fea\u00f0 a\u00f0 Gu\u00f0 skal f\u00e6ra \u00feig til d\u00f3msins fyrir allt \u00feetta. L\u00e1ttu sorgina vera langt fr\u00e1 \u00fe\u00ednu hjarta og tak \u00fea\u00f0 hi\u00f0 vonda fr\u00e1 \u00fe\u00ednu l\u00edfi \u00fev\u00ed bernskan og ungd\u00f3murinn er h\u00e9g\u00f3mi. Minnst \u00fe\u00fa \u00e1 \u00feinn skapara \u00ed \u00fe\u00ednum ungd\u00f3mi \u00e1\u00f0ur en \u00feeir vondu dagarnir koma og \u00e1rin n\u00e1lgast a\u00f0 \u00fe\u00fa segir: \u00dea\u00f0 \u00fe\u00f3knast m\u00e9r ekki, \u00e1\u00f0ur en s\u00f3lin, tungli\u00f0 og stj\u00f6rnurnar ver\u00f0a myrkvar og sk\u00fdin koma aftur eftir regni\u00f0, \u00e1 <span class=\"athugasemd\" title=\"a \/ Me\u00f0 \u00feessum kenningaror\u00f0um \u00fatm\u00e1lar hann elli mannsins, \u00feegar hendur skj\u00e1lfa, beinin bogna, augum slj\u00f3vgast s\u00fdn, tennurnar vilja ekki mala, h\u00e1ri\u00f0 hv\u00edtnar, axlirnar signa, eyrun hanga og ver\u00f0a dauf\">[<\/span> \u00feeirri t\u00ed\u00f0 \u00fe\u00e1 vaktararnir \u00ed h\u00fasinu skelfast og \u00feeir sterku ver\u00f0a beyg\u00f0ir og mylnurnar standa t\u00f3mar \u00fev\u00ed \u00fe\u00e6r eru or\u00f0nar svo f\u00e1r og s\u00fdnin er myrk \u00ed gegnum gluggana og dyrnar \u00e1 str\u00e6tunum bl\u00edfa tilluktar og raust kvernmalarakvinnunnar er l\u00edtil og h\u00fan uppvaknar n\u00e6r fuglinn syngur og allar d\u00e6tur s\u00f6ngvaranna beygja sig og \u00feeir h\u00e1vu \u00f3ttast og hr\u00e6\u00f0ast \u00e1 veginum, n\u00e6r mandeltr\u00e9\u00f0 bl\u00f3mgast og grashoppurnar \u00feyngjast og \u00f6ll lystingin forgengur (\u00fev\u00ed a\u00f0 ma\u00f0urinn fer \u00feanga\u00f0 sem hann skal vera \u00e6vinlega og \u00feeir e\u00f0 harmagr\u00e1tana \u00feylja ganga um kring \u00e1 str\u00e6tunum), \u00e1\u00f0ur en silfursn\u00faran \u00ed burt brestur og s\u00fa gullkeldan framhleypur og \u00fe\u00e6r vatsskj\u00f3lurnar lestast hj\u00e1 brunnunum og hj\u00f3lin \u00ed sundurbrotna yfir brunnunum. \u00dev\u00ed a\u00f0 dufti\u00f0 hl\u00fdtur a\u00f0 ver\u00f0a aftur a\u00f0 moldu sem \u00fea\u00f0 \u00e1\u00f0ur var en l\u00edfi\u00f0 og andinn kemur aftur til Gu\u00f0s \u00feess sem hann gaf. <span class=\"athugasemd\" title=\"Gen. 2. 3\">[<\/span><\/p>\n<p>\t\u00dea\u00f0 er allt saman mj\u00f6g h\u00e9g\u00f3mlegt, segir pr\u00e9dikarinn, allt er \u00fea\u00f0 h\u00e9g\u00f3mi. \u00deessi sami pr\u00e9dikari var ekki alleinasta hygginn heldur kenndi hann f\u00f3lkinu g\u00f3\u00f0ar kenningar og hann athuga\u00f0i og rannsaka\u00f0i og samsetti m\u00f6rg spakm\u00e6li. Hann leita\u00f0i vi\u00f0 a\u00f0 hann g\u00e6ti fundi\u00f0 \u00feakkn\u00e6mileg or\u00f0 og m\u00e6tti svo skrifa or\u00f0in sannleiksins r\u00e9ttilega.<\/p>\n<p>\t\u00deessi spakm\u00e6li eru svo sem broddar og naglar, skrifu\u00f0 af meistara safna\u00f0arins og \u00fatgefin af einum hir\u00f0ir. Vara \u00feig, minn son, fyrir hinum \u00f6\u00f0rum \u00fev\u00ed \u00fear er enginn skortur \u00e1 \u00feeim sem b\u00e6kur gj\u00f6ra en mikil pr\u00e9dikun gj\u00f6rir l\u00edkamann \u00fereyttan.<\/p>\n<p>\tEn l\u00e1tum oss heyra innihald alls l\u00e6rd\u00f3msins: <span class=\"athugasemd\" title=\"Mergur og innihald alls l\u00e6rd\u00f3msins\">[<\/span> \u00d3ttast Gu\u00f0 og hald hans bo\u00f0or\u00f0 \u00fev\u00ed \u00fea\u00f0 er skyldugt \u00f6llum m\u00f6nnum \u00fev\u00ed a\u00f0 Gu\u00f0 mun alla gj\u00f6rninga framlei\u00f0a fyrir d\u00f3minn \u00fe\u00e1 sem eru f\u00f3lgnir, hvert sem \u00feeir eru heldur vondir e\u00f0a g\u00f3\u00f0ir. <\/p>\n<p>Endir \u00e1 pr\u00e9dikan Salomonis<\/p>\n","protected":false},"excerpt":{"rendered":"<p>XII. Svo gle\u00f0 \u00feig, ungmenni, \u00ed \u00feinni \u00e6sku og l\u00e1t \u00feitt hjarta vera glatt \u00e1 \u00fe\u00ednum ungd\u00f3msd\u00f6gum. Gj\u00f6r hva\u00f0 \u00feitt hjarta lystir og hva\u00f0 \u00fe\u00ednum augum \u00fe\u00f3knast og vit \u00fea\u00f0 a\u00f0 Gu\u00f0 skal f\u00e6ra \u00feig til d\u00f3msins fyrir allt \u00feetta. L\u00e1ttu sorgina vera langt fr\u00e1 \u00fe\u00ednu hjarta og tak \u00fea\u00f0 hi\u00f0 vonda fr\u00e1 \u00fe\u00ednu l\u00edfi \u00fev\u00ed bernskan og ungd\u00f3murinn er h\u00e9g\u00f3mi. Minnst \u00fe\u00fa \u00e1 \u00feinn skapara \u00ed \u00fe\u00ednum ungd\u00f3mi \u00e1\u00f0ur en \u00feeir vondu dagarnir koma og \u00e1rin n\u00e1lgast a\u00f0 \u00fe\u00fa segir: \u00dea\u00f0 \u00fe\u00f3knast m\u00e9r ekki, \u00e1\u00f0ur en s\u00f3lin, tungli\u00f0 og stj\u00f6rnurnar ver\u00f0a myrkvar og sk\u00fdin koma aftur eftir regni\u00f0, \u00e1 <a href=\"https:\/\/biblian.is\/gudbrandsbiblia\/predikarinn-12-kafli\/\"> [&#8230;]<\/a><\/p>\n","protected":false},"author":1,"featured_media":0,"parent":0,"menu_order":0,"comment_status":"open","ping_status":"open","template":"bibliukaflar.php","meta":{"footnotes":""},"class_list":["post-3365","page","type-page","status-publish","hentry"],"_links":{"self":[{"href":"https:\/\/biblian.is\/gudbrandsbiblia\/wp-json\/wp\/v2\/pages\/3365","targetHints":{"allow":["GET"]}}],"collection":[{"href":"https:\/\/biblian.is\/gudbrandsbiblia\/wp-json\/wp\/v2\/pages"}],"about":[{"href":"https:\/\/biblian.is\/gudbrandsbiblia\/wp-json\/wp\/v2\/types\/page"}],"author":[{"embeddable":true,"href":"https:\/\/biblian.is\/gudbrandsbiblia\/wp-json\/wp\/v2\/users\/1"}],"replies":[{"embeddable":true,"href":"https:\/\/biblian.is\/gudbrandsbiblia\/wp-json\/wp\/v2\/comments?post=3365"}],"version-history":[{"count":0,"href":"https:\/\/biblian.is\/gudbrandsbiblia\/wp-json\/wp\/v2\/pages\/3365\/revisions"}],"wp:attachment":[{"href":"https:\/\/biblian.is\/gudbrandsbiblia\/wp-json\/wp\/v2\/media?parent=3365"}],"curies":[{"name":"wp","href":"https:\/\/api.w.org\/{rel}","templated":true}]}}