{"id":3364,"date":"2017-12-18T18:33:26","date_gmt":"2017-12-18T18:33:26","guid":{"rendered":"http:\/\/biblian.is\/gudbrandsbiblia\/predikarinn-11-kafli\/"},"modified":"2017-12-18T18:33:26","modified_gmt":"2017-12-18T18:33:26","slug":"predikarinn-11-kafli","status":"publish","type":"page","link":"https:\/\/biblian.is\/gudbrandsbiblia\/predikarinn-11-kafli\/","title":{"rendered":"Pr\u00e9dikarinn 11. kafli"},"content":{"rendered":"<p>XI.<\/p>\n<p>L\u00e1ttu \u00feitt brau\u00f0 <span class=\"athugasemd\" title=\"a \/ \u00dea\u00f0 er, gef \u00fe\u00fa r\u00edflega hva\u00f0 \u00fe\u00fa form\u00e1tt \u00fev\u00ed a\u00f0 s\u00e1 t\u00edmi m\u00e1 koma a\u00f0 \u00fe\u00fa g\u00e6fir gjarna og muntu \u00fe\u00e1 ekki geta\">[<\/span> fara yfir vatni\u00f0, svo muntu finna \u00fea\u00f0 l\u00f6ngu seinna. Skipt \u00fev\u00ed \u00fat \u00e1 me\u00f0al sj\u00f6 og \u00e1 me\u00f0al \u00e1tta \u00fev\u00ed \u00fe\u00fa veist ei hver \u00f3hamingja koma kann \u00e1 j\u00f6r\u00f0ina. N\u00e6r sk\u00fdin eru full \u00fe\u00e1 gefa \u00feau regn yfir j\u00f6r\u00f0ina og n\u00e6r e\u00f0 eikin fellur \u00ed su\u00f0ur e\u00f0a nor\u00f0ur og \u00ed hverja \u00e1tt h\u00fan fellur, \u00fear liggur h\u00fan. Hver hann g\u00e6tir a\u00f0 ve\u00f0rinu hann s\u00e1ir ekki og hver e\u00f0 aktar sk\u00fdin hann uppsker ekki. L\u00edka sem \u00fe\u00fa veist ei veg vindarins og hvernin beinin samtengjast \u00ed m\u00f3\u00f0url\u00edfinu svo kanntu ekki heldur vita Gu\u00f0s gj\u00f6rninga, hverja hann verkar \u00ed \u00f6llum hlutum. S\u00e1\u00f0u \u00fe\u00ednu s\u00e6\u00f0i \u00e1rla og h\u00e6tti \u00fe\u00edn h\u00f6nd ekki a\u00f0 kveldinu \u00fev\u00ed \u00fe\u00fa veist ekki hvert lukkast mun \u00fea\u00f0 e\u00f0a anna\u00f0 og ef hverttveggja lukkast er \u00fea\u00f0 \u00feess betra. Lj\u00f3si\u00f0 er s\u00e6tt og \u00fea\u00f0 er augunum una\u00f0arsamt a\u00f0 sj\u00e1 s\u00f3lina.<\/p>\n<p>\tN\u00e6r einn ma\u00f0ur lifir lengi og er gla\u00f0ur \u00ed \u00f6llum hlutum \u00fe\u00e1 \u00feenkir hann alleina \u00e1 \u00fe\u00e1 hrellingardaga a\u00f0 \u00feeir svo margir eru. \u00dev\u00ed allt \u00fea\u00f0 hann hendir \u00fea\u00f0 er h\u00e9g\u00f3mi.<\/p>\n","protected":false},"excerpt":{"rendered":"<p>XI. L\u00e1ttu \u00feitt brau\u00f0 [ fara yfir vatni\u00f0, svo muntu finna \u00fea\u00f0 l\u00f6ngu seinna. Skipt \u00fev\u00ed \u00fat \u00e1 me\u00f0al sj\u00f6 og \u00e1 me\u00f0al \u00e1tta \u00fev\u00ed \u00fe\u00fa veist ei hver \u00f3hamingja koma kann \u00e1 j\u00f6r\u00f0ina. N\u00e6r sk\u00fdin eru full \u00fe\u00e1 gefa \u00feau regn yfir j\u00f6r\u00f0ina og n\u00e6r e\u00f0 eikin fellur \u00ed su\u00f0ur e\u00f0a nor\u00f0ur og \u00ed hverja \u00e1tt h\u00fan fellur, \u00fear liggur h\u00fan. Hver hann g\u00e6tir a\u00f0 ve\u00f0rinu hann s\u00e1ir ekki og hver e\u00f0 aktar sk\u00fdin hann uppsker ekki. L\u00edka sem \u00fe\u00fa veist ei veg vindarins og hvernin beinin samtengjast \u00ed m\u00f3\u00f0url\u00edfinu svo kanntu ekki heldur vita Gu\u00f0s gj\u00f6rninga, hverja hann <a href=\"https:\/\/biblian.is\/gudbrandsbiblia\/predikarinn-11-kafli\/\"> [&#8230;]<\/a><\/p>\n","protected":false},"author":1,"featured_media":0,"parent":0,"menu_order":0,"comment_status":"open","ping_status":"open","template":"bibliukaflar.php","meta":{"footnotes":""},"class_list":["post-3364","page","type-page","status-publish","hentry"],"_links":{"self":[{"href":"https:\/\/biblian.is\/gudbrandsbiblia\/wp-json\/wp\/v2\/pages\/3364","targetHints":{"allow":["GET"]}}],"collection":[{"href":"https:\/\/biblian.is\/gudbrandsbiblia\/wp-json\/wp\/v2\/pages"}],"about":[{"href":"https:\/\/biblian.is\/gudbrandsbiblia\/wp-json\/wp\/v2\/types\/page"}],"author":[{"embeddable":true,"href":"https:\/\/biblian.is\/gudbrandsbiblia\/wp-json\/wp\/v2\/users\/1"}],"replies":[{"embeddable":true,"href":"https:\/\/biblian.is\/gudbrandsbiblia\/wp-json\/wp\/v2\/comments?post=3364"}],"version-history":[{"count":0,"href":"https:\/\/biblian.is\/gudbrandsbiblia\/wp-json\/wp\/v2\/pages\/3364\/revisions"}],"wp:attachment":[{"href":"https:\/\/biblian.is\/gudbrandsbiblia\/wp-json\/wp\/v2\/media?parent=3364"}],"curies":[{"name":"wp","href":"https:\/\/api.w.org\/{rel}","templated":true}]}}