{"id":3363,"date":"2017-12-18T18:33:26","date_gmt":"2017-12-18T18:33:26","guid":{"rendered":"http:\/\/biblian.is\/gudbrandsbiblia\/predikarinn-10-kafli\/"},"modified":"2017-12-18T18:33:26","modified_gmt":"2017-12-18T18:33:26","slug":"predikarinn-10-kafli","status":"publish","type":"page","link":"https:\/\/biblian.is\/gudbrandsbiblia\/predikarinn-10-kafli\/","title":{"rendered":"Pr\u00e9dikarinn 10. kafli"},"content":{"rendered":"<p>X.<\/p>\n<p>\u00dea\u00f0 var ein \u00f3lukka sem eg s\u00e1 undir s\u00f3lunni sem er s\u00fa f\u00e1viska sem a\u00f0 er \u00e1 me\u00f0al voldugra, a\u00f0 einn afglapi situr \u00ed st\u00f3rri vir\u00f0ingu en hinn r\u00edki situr l\u00e1gt. <span class=\"athugasemd\" title=\"Proverb. 26 \/ S\u00edra. 26\">[<\/span> Eg s\u00e1 \u00fer\u00e6la \u00e1 hestum r\u00ed\u00f0a en h\u00f6f\u00f0ingjana ganga sem \u00fer\u00e6lana. Hver e\u00f0 gr\u00f6fina grefur fellur \u00ed hana sj\u00e1lfur og hver nokkurn gar\u00f0 ni\u00f0urbr\u00fdtur, \u00feann munu h\u00f6ggormar stinga. Hver steini \u00far sta\u00f0 veltir gj\u00f6rir s\u00e9r sj\u00e1lfum \u00f3mak. Hver e\u00f0 tr\u00e9\u00f0 \u00ed sundurkl\u00fdfur f\u00e6r ska\u00f0a \u00fear af. N\u00e6r e\u00f0 j\u00e1rni\u00f0 \u00feykknar og slj\u00f3vgast \u00ed eggina so hl\u00fdtur ma\u00f0urinn a\u00f0 br\u00fdna \u00fea\u00f0 aftur me\u00f0 erfi\u00f0i. Svo fylgir og v\u00edsd\u00f3mur eftir i\u00f0kanina.<\/p>\n<p>\tEinn m\u00e1lskapsma\u00f0ur er ekki betri en h\u00f6ggormur s\u00e1 e\u00f0 stingur og ekki er me\u00f0 s\u00e6ringum s\u00e6r\u00f0ur. <span class=\"athugasemd\" title=\"Esa. 3\">[<\/span> Or\u00f0 hyggins manns er una\u00f0semd en f\u00e1v\u00edsra varir svelgja \u00feau. Hans or\u00f0a upphaf er f\u00edflslegt og endinn er sk\u00f6\u00f0s\u00f6m heimska. Einn afglapi hefur m\u00f6rg or\u00f0 \u00fev\u00ed ma\u00f0ur veit ekki hva\u00f0 veri\u00f0 hefur og hver kann segja honum hva\u00f0 ske skal eftir hann? Arfi\u00f0i heimskra kvelur \u00fe\u00e1 \u00fev\u00ed \u00feeir kunna ekki a\u00f0 ganga \u00ed borginni.\t<\/p>\n<p>\tVei \u00fev\u00ed landi hvers k\u00f3ngur a\u00f0 er eitt barn og hvers h\u00f6f\u00f0ingjar a\u00f0 snemma matast! Heppi\u00f0 er \u00fea\u00f0 land hvar k\u00f3ngurinn er g\u00f6fugur og h\u00f6f\u00f0ingjarnir neyta s\u00edns matar \u00ed h\u00e6filegan t\u00edma, til styrkingar en ekki til b\u00edl\u00edfis! Fyrir leti sakir falla ni\u00f0ur bj\u00e1lkarnir og fyrir fors\u00f3man handanna dr\u00fdpur h\u00fasi\u00f0. Og \u00fev\u00ed sker soddan a\u00f0 \u00feeir gj\u00f6ra brau\u00f0i\u00f0 til hl\u00e1turs og v\u00edni\u00f0 \u00e1 a\u00f0 gle\u00f0ja \u00fe\u00e1 lif\u00f6ndu en peningurinn kemur \u00f6llu af sta\u00f0.<\/p>\n<p>\tForm\u00e6ltu ekki k\u00f3nginum \u00ed \u00fe\u00ednu hjarta og b\u00f6lva ekki r\u00edkum \u00ed \u00fe\u00ednu svefnh\u00fasi \u00fev\u00ed fuglar himinsins bera raustina og \u00feeir sem hafa v\u00e6ngina segja \u00fea\u00f0 eftir.<\/p>\n","protected":false},"excerpt":{"rendered":"<p>X. \u00dea\u00f0 var ein \u00f3lukka sem eg s\u00e1 undir s\u00f3lunni sem er s\u00fa f\u00e1viska sem a\u00f0 er \u00e1 me\u00f0al voldugra, a\u00f0 einn afglapi situr \u00ed st\u00f3rri vir\u00f0ingu en hinn r\u00edki situr l\u00e1gt. [ Eg s\u00e1 \u00fer\u00e6la \u00e1 hestum r\u00ed\u00f0a en h\u00f6f\u00f0ingjana ganga sem \u00fer\u00e6lana. Hver e\u00f0 gr\u00f6fina grefur fellur \u00ed hana sj\u00e1lfur og hver nokkurn gar\u00f0 ni\u00f0urbr\u00fdtur, \u00feann munu h\u00f6ggormar stinga. Hver steini \u00far sta\u00f0 veltir gj\u00f6rir s\u00e9r sj\u00e1lfum \u00f3mak. Hver e\u00f0 tr\u00e9\u00f0 \u00ed sundurkl\u00fdfur f\u00e6r ska\u00f0a \u00fear af. N\u00e6r e\u00f0 j\u00e1rni\u00f0 \u00feykknar og slj\u00f3vgast \u00ed eggina so hl\u00fdtur ma\u00f0urinn a\u00f0 br\u00fdna \u00fea\u00f0 aftur me\u00f0 erfi\u00f0i. Svo fylgir og v\u00edsd\u00f3mur <a href=\"https:\/\/biblian.is\/gudbrandsbiblia\/predikarinn-10-kafli\/\"> [&#8230;]<\/a><\/p>\n","protected":false},"author":1,"featured_media":0,"parent":0,"menu_order":0,"comment_status":"open","ping_status":"open","template":"bibliukaflar.php","meta":{"footnotes":""},"class_list":["post-3363","page","type-page","status-publish","hentry"],"_links":{"self":[{"href":"https:\/\/biblian.is\/gudbrandsbiblia\/wp-json\/wp\/v2\/pages\/3363","targetHints":{"allow":["GET"]}}],"collection":[{"href":"https:\/\/biblian.is\/gudbrandsbiblia\/wp-json\/wp\/v2\/pages"}],"about":[{"href":"https:\/\/biblian.is\/gudbrandsbiblia\/wp-json\/wp\/v2\/types\/page"}],"author":[{"embeddable":true,"href":"https:\/\/biblian.is\/gudbrandsbiblia\/wp-json\/wp\/v2\/users\/1"}],"replies":[{"embeddable":true,"href":"https:\/\/biblian.is\/gudbrandsbiblia\/wp-json\/wp\/v2\/comments?post=3363"}],"version-history":[{"count":0,"href":"https:\/\/biblian.is\/gudbrandsbiblia\/wp-json\/wp\/v2\/pages\/3363\/revisions"}],"wp:attachment":[{"href":"https:\/\/biblian.is\/gudbrandsbiblia\/wp-json\/wp\/v2\/media?parent=3363"}],"curies":[{"name":"wp","href":"https:\/\/api.w.org\/{rel}","templated":true}]}}