{"id":3359,"date":"2017-12-18T18:33:26","date_gmt":"2017-12-18T18:33:26","guid":{"rendered":"http:\/\/biblian.is\/gudbrandsbiblia\/predikarinn-6-kafli\/"},"modified":"2017-12-18T18:33:26","modified_gmt":"2017-12-18T18:33:26","slug":"predikarinn-6-kafli","status":"publish","type":"page","link":"https:\/\/biblian.is\/gudbrandsbiblia\/predikarinn-6-kafli\/","title":{"rendered":"Pr\u00e9dikarinn 6. kafli"},"content":{"rendered":"<p>VI.<\/p>\n<p>\u00dea\u00f0 er ein \u00f3lukka sem eg s\u00e1 undir s\u00f3lunni og er almennileg \u00e1 me\u00f0al mannanna: S\u00e1 ma\u00f0ur hverjum Gu\u00f0 gefur r\u00edkd\u00f3m, g\u00f3ss og hei\u00f0ur og vantar ekki par \u00e1 allt hva\u00f0 hans hjarta lystir og Gu\u00f0 gefur honum \u00fe\u00f3 ekki kraft til a\u00f0 neyta \u00feess ins sama heldur er annar \u00fev\u00ed ey\u00f0andi. \u00dea\u00f0 er h\u00e9g\u00f3mi og ein vond pl\u00e1ga. Og \u00fe\u00f3 einn g\u00e6ti hundra\u00f0 barna og hef\u00f0i langa l\u00edfdaga so hann lif\u00f0i m\u00f6rg \u00e1r og hans s\u00e1la yr\u00f0i aldrei s\u00f6dd af au\u00f0i og bl\u00edfi \u00e1n grafar, um \u00feann sama segi eg a\u00f0 \u00f3t\u00edmab\u00e6r bur\u00f0ur er betri en hann. \u00dev\u00ed \u00ed h\u00e9g\u00f3manum kom hann og fer \u00ed myrkri \u00ed burt og hans nafn mun afm\u00e1st \u00ed myrkrunum. Af s\u00f3lunni hefur hann \u00f6ngva gle\u00f0i og \u00f6ngva r\u00f3 veit hann s\u00e9r, hverki \u00ed einum sta\u00f0 n\u00e9 \u00f6\u00f0rum. Og \u00fe\u00f3 a\u00f0 hann lif\u00f0i \u00ed tv\u00f6 \u00fe\u00fasund \u00e1r \u00fe\u00e1 hefur hann \u00fe\u00f3 aldrei gott. Kemur \u00fea\u00f0 n\u00fa ekki allt \u00ed einn sta\u00f0?<\/p>\n<p>\tHverjum manni er erfi\u00f0i \u00e1 lagt eftir s\u00ednum m\u00e6tti en hjarta\u00f0 er \u00fear ekki vi\u00f0. \u00dev\u00ed hva\u00f0 afrekar hygginn ma\u00f0ur meir en heimskur? Hva\u00f0 undir stendur hinn f\u00e1t\u00e6ki utan a\u00f0 vera me\u00f0al lifandi manna? Betra er a\u00f0 neyta \u00feess n\u00e1l\u00e6ga en hugsa eftir \u00fev\u00ed sem burt er. \u00dea\u00f0 er eymd og h\u00e9g\u00f3mi.<\/p>\n<p>\tHva\u00f0 er \u00fea\u00f0 a\u00f0 einn hann er mj\u00f6g pr\u00edsa\u00f0ur og lofa\u00f0ur en menn vita \u00fe\u00f3 a\u00f0 hann er ma\u00f0ur og kann ekki a\u00f0 halda \u00fer\u00e6tu vi\u00f0 s\u00e9r \u00f6flugra. \u00dev\u00ed margt er h\u00e9g\u00f3mavert og hva\u00f0 hefur ma\u00f0urinn meira \u00fear \u00fat af?<\/p>\n","protected":false},"excerpt":{"rendered":"<p>VI. \u00dea\u00f0 er ein \u00f3lukka sem eg s\u00e1 undir s\u00f3lunni og er almennileg \u00e1 me\u00f0al mannanna: S\u00e1 ma\u00f0ur hverjum Gu\u00f0 gefur r\u00edkd\u00f3m, g\u00f3ss og hei\u00f0ur og vantar ekki par \u00e1 allt hva\u00f0 hans hjarta lystir og Gu\u00f0 gefur honum \u00fe\u00f3 ekki kraft til a\u00f0 neyta \u00feess ins sama heldur er annar \u00fev\u00ed ey\u00f0andi. \u00dea\u00f0 er h\u00e9g\u00f3mi og ein vond pl\u00e1ga. Og \u00fe\u00f3 einn g\u00e6ti hundra\u00f0 barna og hef\u00f0i langa l\u00edfdaga so hann lif\u00f0i m\u00f6rg \u00e1r og hans s\u00e1la yr\u00f0i aldrei s\u00f6dd af au\u00f0i og bl\u00edfi \u00e1n grafar, um \u00feann sama segi eg a\u00f0 \u00f3t\u00edmab\u00e6r bur\u00f0ur er betri en hann. \u00dev\u00ed <a href=\"https:\/\/biblian.is\/gudbrandsbiblia\/predikarinn-6-kafli\/\"> [&#8230;]<\/a><\/p>\n","protected":false},"author":1,"featured_media":0,"parent":0,"menu_order":0,"comment_status":"open","ping_status":"open","template":"bibliukaflar.php","meta":{"footnotes":""},"class_list":["post-3359","page","type-page","status-publish","hentry"],"_links":{"self":[{"href":"https:\/\/biblian.is\/gudbrandsbiblia\/wp-json\/wp\/v2\/pages\/3359","targetHints":{"allow":["GET"]}}],"collection":[{"href":"https:\/\/biblian.is\/gudbrandsbiblia\/wp-json\/wp\/v2\/pages"}],"about":[{"href":"https:\/\/biblian.is\/gudbrandsbiblia\/wp-json\/wp\/v2\/types\/page"}],"author":[{"embeddable":true,"href":"https:\/\/biblian.is\/gudbrandsbiblia\/wp-json\/wp\/v2\/users\/1"}],"replies":[{"embeddable":true,"href":"https:\/\/biblian.is\/gudbrandsbiblia\/wp-json\/wp\/v2\/comments?post=3359"}],"version-history":[{"count":0,"href":"https:\/\/biblian.is\/gudbrandsbiblia\/wp-json\/wp\/v2\/pages\/3359\/revisions"}],"wp:attachment":[{"href":"https:\/\/biblian.is\/gudbrandsbiblia\/wp-json\/wp\/v2\/media?parent=3359"}],"curies":[{"name":"wp","href":"https:\/\/api.w.org\/{rel}","templated":true}]}}