{"id":3357,"date":"2017-12-18T18:33:26","date_gmt":"2017-12-18T18:33:26","guid":{"rendered":"http:\/\/biblian.is\/gudbrandsbiblia\/predikarinn-4-kafli\/"},"modified":"2017-12-18T18:33:26","modified_gmt":"2017-12-18T18:33:26","slug":"predikarinn-4-kafli","status":"publish","type":"page","link":"https:\/\/biblian.is\/gudbrandsbiblia\/predikarinn-4-kafli\/","title":{"rendered":"Pr\u00e9dikarinn 4. kafli"},"content":{"rendered":"<p>IIII.<\/p>\n<p>Eg snera m\u00e9r og s\u00e1 til allra \u00feeirra sem \u00f3r\u00e9tt l\u00ed\u00f0a undir s\u00f3lunni og sj\u00e1, \u00feeir gr\u00e9tu sem rangindi li\u00f0u og h\u00f6f\u00f0u \u00feann \u00f6ngvan sem \u00fe\u00e1 hugga\u00f0i og \u00feeir sem \u00feeim rangt gj\u00f6r\u00f0u voru megtugir svo enginn gat hina hugga\u00f0. <\/p>\n<p>\t\u00de\u00e1 pr\u00edsa\u00f0i eg \u00fe\u00e1 hina dau\u00f0u sem framli\u00f0nir voru miklu framar en \u00fe\u00e1 lif\u00f6ndu sem eftir lif\u00f0u. Og hann s\u00e1 sem <span class=\"athugasemd\" title=\"a \/ (ekki er) \/ \u00dea\u00f0 er, s\u00e1 sem ekki hefur reynt sl\u00edka \u00f3g\u00e6fu\">[<\/span> ekki er er betri \u00feessu hvorutveggju og ekki haf\u00f0i fornumi\u00f0 \u00fea\u00f0 hi\u00f0 vonda sem ske\u00f0i undir s\u00f3lunni.<\/p>\n<p>\tEg hugleidda og s\u00e1 arfi\u00f0i og \u00e1stundan mannanna \u00ed \u00f6llu \u00feeirra ath\u00e6fi og eg s\u00e1 a\u00f0 hver \u00f6funda\u00f0i annan og var ekki annars utan h\u00e9g\u00f3ma og m\u00e6\u00f0i. \u00dev\u00ed a\u00f0 heimskir b\u00f6r\u00f0ust me\u00f0 h\u00f6ndum og \u00e1tu svo sitt hold. Betri er fullur hnefi me\u00f0 spekt en b\u00e1\u00f0ar hendur fullar me\u00f0 sorg og arm\u00e6\u00f0i.<\/p>\n<p>\tEg snera m\u00e9r og s\u00e1 annan h\u00e9g\u00f3ma undir s\u00f3lunni: \u00dear er einn einsamalla ma\u00f0ur og hefur hverki barn n\u00e9 br\u00f3\u00f0ur og var \u00fe\u00f3 enginn endi \u00e1 hans arfi\u00f0i og hans augu ur\u00f0u ekki mett af r\u00edkd\u00f3mi og hann sag\u00f0i: Fyrir hvern mun eg arfi\u00f0a og \u00fereyta so m\u00edna s\u00e1l? \u00dea\u00f0 er og einn h\u00e9g\u00f3mi og vond m\u00e6\u00f0i. Svo ser miklu betra tveir en einn \u00fev\u00ed \u00feeir munu vel nj\u00f3ta s\u00edns arfi\u00f0is. \u00dev\u00ed a\u00f0 falli annar svo reisir og hj\u00e1lpar hinn annar honum upp aftur. Vei s\u00e9 \u00feeim sem einn er \u00fev\u00ed n\u00e6r hann dettur \u00fe\u00e1 er enginn til a\u00f0 reisa hann upp aftur. Og n\u00e6r tveir til samans liggja \u00fe\u00e1 vermir hver annan. Hversu m\u00e1 eins\u00f6mlum heitt ver\u00f0a? einn m\u00e1 yfirvinnast en tveir kunna \u00ed m\u00f3ti a\u00f0 standa \u00fev\u00ed a\u00f0 eitt \u00ferefalt sn\u00e6ri sl\u00edst ekki au\u00f0veldlega \u00ed sundur.<\/p>\n<p>\tEitt f\u00e1t\u00e6kt barn hyggi\u00f0 er betra en gamall k\u00f3ngur s\u00e1 sem er heimskur sem ekki kann a\u00f0 sj\u00e1 fram \u00ed veg fyrir s\u00e9r. Einn kemur af fangelsi og er tekinn til k\u00f3ngs og annar er f\u00e6ddur me\u00f0 k\u00f3ngstign og ver\u00f0ur so f\u00e1t\u00e6kur. Og eg s\u00e1 allt \u00fea\u00f0 sem <span class=\"athugasemd\" title=\"a \/ (Lif\u00f0i) \/ Lifandi kallar Sal\u00f3mon \u00fe\u00e1 sem lifa \u00ed b\u00edl\u00edfi \u00e1 j\u00f6r\u00f0unni so sem \u00ed hofg\u00f6r\u00f0um ske\u00f0ur, svo sem v\u00e6ri ver\u00f6ldin \u00feeirra eign\">[<\/span> lif\u00f0i undir s\u00f3lunni gekk me\u00f0 \u00f6\u00f0ru barni sem koma skyldi \u00ed hans sta\u00f0. Og \u00fear var enginn endi \u00e1 \u00fev\u00ed f\u00f3lki sem gekk fyrir og eftir og fengu \u00fe\u00f3 \u00f6ngva gle\u00f0i af honum. Og \u00fea\u00f0 er ekki anna\u00f0 utan eymd og h\u00e9g\u00f3mi.<\/p>\n","protected":false},"excerpt":{"rendered":"<p>IIII. Eg snera m\u00e9r og s\u00e1 til allra \u00feeirra sem \u00f3r\u00e9tt l\u00ed\u00f0a undir s\u00f3lunni og sj\u00e1, \u00feeir gr\u00e9tu sem rangindi li\u00f0u og h\u00f6f\u00f0u \u00feann \u00f6ngvan sem \u00fe\u00e1 hugga\u00f0i og \u00feeir sem \u00feeim rangt gj\u00f6r\u00f0u voru megtugir svo enginn gat hina hugga\u00f0. \u00de\u00e1 pr\u00edsa\u00f0i eg \u00fe\u00e1 hina dau\u00f0u sem framli\u00f0nir voru miklu framar en \u00fe\u00e1 lif\u00f6ndu sem eftir lif\u00f0u. Og hann s\u00e1 sem [ ekki er er betri \u00feessu hvorutveggju og ekki haf\u00f0i fornumi\u00f0 \u00fea\u00f0 hi\u00f0 vonda sem ske\u00f0i undir s\u00f3lunni. Eg hugleidda og s\u00e1 arfi\u00f0i og \u00e1stundan mannanna \u00ed \u00f6llu \u00feeirra ath\u00e6fi og eg s\u00e1 a\u00f0 hver \u00f6funda\u00f0i annan og <a href=\"https:\/\/biblian.is\/gudbrandsbiblia\/predikarinn-4-kafli\/\"> [&#8230;]<\/a><\/p>\n","protected":false},"author":1,"featured_media":0,"parent":0,"menu_order":0,"comment_status":"open","ping_status":"open","template":"bibliukaflar.php","meta":{"footnotes":""},"class_list":["post-3357","page","type-page","status-publish","hentry"],"_links":{"self":[{"href":"https:\/\/biblian.is\/gudbrandsbiblia\/wp-json\/wp\/v2\/pages\/3357","targetHints":{"allow":["GET"]}}],"collection":[{"href":"https:\/\/biblian.is\/gudbrandsbiblia\/wp-json\/wp\/v2\/pages"}],"about":[{"href":"https:\/\/biblian.is\/gudbrandsbiblia\/wp-json\/wp\/v2\/types\/page"}],"author":[{"embeddable":true,"href":"https:\/\/biblian.is\/gudbrandsbiblia\/wp-json\/wp\/v2\/users\/1"}],"replies":[{"embeddable":true,"href":"https:\/\/biblian.is\/gudbrandsbiblia\/wp-json\/wp\/v2\/comments?post=3357"}],"version-history":[{"count":0,"href":"https:\/\/biblian.is\/gudbrandsbiblia\/wp-json\/wp\/v2\/pages\/3357\/revisions"}],"wp:attachment":[{"href":"https:\/\/biblian.is\/gudbrandsbiblia\/wp-json\/wp\/v2\/media?parent=3357"}],"curies":[{"name":"wp","href":"https:\/\/api.w.org\/{rel}","templated":true}]}}