{"id":3356,"date":"2017-12-18T18:33:26","date_gmt":"2017-12-18T18:33:26","guid":{"rendered":"http:\/\/biblian.is\/gudbrandsbiblia\/predikarinn-3-kafli\/"},"modified":"2017-12-18T18:33:26","modified_gmt":"2017-12-18T18:33:26","slug":"predikarinn-3-kafli","status":"publish","type":"page","link":"https:\/\/biblian.is\/gudbrandsbiblia\/predikarinn-3-kafli\/","title":{"rendered":"Pr\u00e9dikarinn 3. kafli"},"content":{"rendered":"<p>III.<\/p>\n<p>Allir \u00feessir hlutir hafa sinn tilsettan t\u00edma og allt \u00e1form undir himninum \u00fea\u00f0 hefur sinn t\u00edma. T\u00edmi er a\u00f0 f\u00e6\u00f0ast og t\u00edmi er a\u00f0 deyja, t\u00edmi er a\u00f0 planta og t\u00edmi er upp a\u00f0 r\u00e6ta \u00fea\u00f0 sem planta\u00f0 er, t\u00edmi er a\u00f0 dey\u00f0a og t\u00edmi er a\u00f0 gr\u00e6\u00f0a, t\u00edmi er a\u00f0 brj\u00f3ta ni\u00f0ur og t\u00edmi er upp a\u00f0 byggja, t\u00edmi er a\u00f0 gr\u00e1ta og t\u00edmi er a\u00f0 hl\u00e6ja, t\u00edmi er a\u00f0 syrgja og t\u00edmi er a\u00f0 dansa, t\u00edmi er steinum sundur a\u00f0 dreifa og t\u00edmi er steinum saman a\u00f0 safna, t\u00edmi er a\u00f0 fa\u00f0mast og t\u00edmi er a\u00f0 vera fyrir utan fa\u00f0ml\u00f6g, t\u00edmi er a\u00f0 vinna og t\u00edmi er a\u00f0 tapa, t\u00edmi er a\u00f0 halda og t\u00edmi er \u00ed burt a\u00f0 kasta, t\u00edmi er a\u00f0 r\u00edfa \u00ed sundur og t\u00edmi er saman a\u00f0 sauma, t\u00edmi er a\u00f0 \u00feegja og t\u00edmi er a\u00f0 tala, t\u00edmi er a\u00f0 elska og t\u00edmi er a\u00f0 hata, t\u00edmi er a\u00f0 berjast og t\u00edmi er fri\u00f0 a\u00f0 hafa.<\/p>\n<p>\tMa\u00f0urinn m\u00e1 arfi\u00f0a me\u00f0 hverjum h\u00e6tti sem hann vill, \u00fe\u00f3 f\u00e6r hann ei meira til vegar komi\u00f0. Soddan m\u00e6\u00f0u s\u00e1 eg sem Gu\u00f0 m\u00f6nnum gefi\u00f0 haf\u00f0i a\u00f0 \u00feeir skyldu kveljast \u00fear me\u00f0. En hann gj\u00f6rir alla hluti vel \u00ed sinn t\u00edma og l\u00e6tur \u00feeirra hj\u00f6rtu kveljast, hvernin \u00fea\u00f0 mun ganga til \u00ed ver\u00f6ldinni. \u00dev\u00ed ma\u00f0urinn veit ekki hva\u00f0 Gu\u00f0 vill gj\u00f6ra og kann hverki a\u00f0 sj\u00e1 upphafi\u00f0 n\u00e9 endann. \u00dear fyrir merkta eg a\u00f0 ekki neitt er betra h\u00e9r \u00fat \u00ed en a\u00f0 vera gla\u00f0ur og a\u00f0 gj\u00f6ra gott af s\u00e9r \u00e1 me\u00f0an hann lifir. \u00dev\u00ed a\u00f0 hver s\u00e1 ma\u00f0ur sem etur og drekkur og er gla\u00f0ur \u00ed \u00f6llu s\u00ednu erfi\u00f0i, \u00fear er ein Gu\u00f0s g\u00e1fa.<\/p>\n<p>\tEg merkti a\u00f0 \u00f6ll Gu\u00f0s verk bl\u00edfa \u00e6t\u00ed\u00f0 st\u00f6\u00f0ug og \u00feau ver\u00f0a hverki aukin n\u00e9 v\u00f6nu\u00f0 og Gu\u00f0 verkar \u00fev\u00edl\u00edkt svo menn skuli \u00f3ttast hann. Hva\u00f0 Gu\u00f0 gj\u00f6rir, \u00fea\u00f0 stendur svo og hva\u00f0 hann vill gj\u00f6ra, \u00fea\u00f0 hl\u00fdtur a\u00f0 ske og hva\u00f0 sem burt fer \u00fea\u00f0 kallar hann aftur.<\/p>\n<p>\tEg s\u00e1 enn framar meir undir s\u00f3lunni: S\u00e6ti d\u00f3maranna, og \u00fea\u00f0 var \u00f3gu\u00f0legt ath\u00e6fi, og s\u00e6ti\u00f0 r\u00e9ttl\u00e6tisins, \u00fear var rangl\u00e6ti. \u00de\u00e1 sag\u00f0a eg \u00ed m\u00ednu hjarta: Gu\u00f0 mun d\u00e6ma b\u00e6\u00f0i hinn r\u00e9ttl\u00e1ta og svo hinn rangl\u00e1ta \u00fev\u00ed allt upps\u00e1tur og allir gj\u00f6rningar hafa sinn t\u00edma.<\/p>\n<p>\tEg sag\u00f0a \u00ed m\u00ednu hjarta um athafnir mannanna \u00ed hverjum Gu\u00f0 gefur oss a\u00f0 vita og merkja a\u00f0 manneskjan er me\u00f0 s\u00e9r sj\u00e1lfri l\u00edka sem f\u00e9na\u00f0ur. \u00dev\u00ed manninum gengur l\u00edka sem f\u00e9na\u00f0inum og svo sem f\u00e9na\u00f0urinn deyr svo deyr ma\u00f0urinn og hverttveggja hefur eins l\u00edka lifandi anda. Og ma\u00f0urinn hefur ekki par meira en sem f\u00e9na\u00f0urinn hefur \u00fev\u00ed a\u00f0 \u00fea\u00f0 er allt h\u00e9g\u00f3mi. \u00dea\u00f0 fer allt til eins sta\u00f0ar. \u00dea\u00f0 er allt saman gj\u00f6rt af j\u00f6r\u00f0unni og ver\u00f0ur svo aftur a\u00f0 j\u00f6r\u00f0u? Hver veit hvert mannsins andi fer upp \u00ed lofti\u00f0 og fj\u00e1rins andi ni\u00f0ur undir j\u00f6r\u00f0ina? \u00dear fyrir segi eg: Ekkert er betra en a\u00f0 ma\u00f0urinn s\u00e9 gla\u00f0ur \u00ed s\u00ednu arfi\u00f0i \u00fev\u00ed \u00fea\u00f0 er hans hlutdeild. \u00dev\u00ed a\u00f0 hver kann a\u00f0 f\u00e6ra hann \u00feanga\u00f0 svo hann kunni a\u00f0 sj\u00e1 hva\u00f0 eftir hann skal koma?<\/p>\n","protected":false},"excerpt":{"rendered":"<p>III. Allir \u00feessir hlutir hafa sinn tilsettan t\u00edma og allt \u00e1form undir himninum \u00fea\u00f0 hefur sinn t\u00edma. T\u00edmi er a\u00f0 f\u00e6\u00f0ast og t\u00edmi er a\u00f0 deyja, t\u00edmi er a\u00f0 planta og t\u00edmi er upp a\u00f0 r\u00e6ta \u00fea\u00f0 sem planta\u00f0 er, t\u00edmi er a\u00f0 dey\u00f0a og t\u00edmi er a\u00f0 gr\u00e6\u00f0a, t\u00edmi er a\u00f0 brj\u00f3ta ni\u00f0ur og t\u00edmi er upp a\u00f0 byggja, t\u00edmi er a\u00f0 gr\u00e1ta og t\u00edmi er a\u00f0 hl\u00e6ja, t\u00edmi er a\u00f0 syrgja og t\u00edmi er a\u00f0 dansa, t\u00edmi er steinum sundur a\u00f0 dreifa og t\u00edmi er steinum saman a\u00f0 safna, t\u00edmi er a\u00f0 fa\u00f0mast og t\u00edmi er a\u00f0 vera <a href=\"https:\/\/biblian.is\/gudbrandsbiblia\/predikarinn-3-kafli\/\"> [&#8230;]<\/a><\/p>\n","protected":false},"author":1,"featured_media":0,"parent":0,"menu_order":0,"comment_status":"open","ping_status":"open","template":"bibliukaflar.php","meta":{"footnotes":""},"class_list":["post-3356","page","type-page","status-publish","hentry"],"_links":{"self":[{"href":"https:\/\/biblian.is\/gudbrandsbiblia\/wp-json\/wp\/v2\/pages\/3356","targetHints":{"allow":["GET"]}}],"collection":[{"href":"https:\/\/biblian.is\/gudbrandsbiblia\/wp-json\/wp\/v2\/pages"}],"about":[{"href":"https:\/\/biblian.is\/gudbrandsbiblia\/wp-json\/wp\/v2\/types\/page"}],"author":[{"embeddable":true,"href":"https:\/\/biblian.is\/gudbrandsbiblia\/wp-json\/wp\/v2\/users\/1"}],"replies":[{"embeddable":true,"href":"https:\/\/biblian.is\/gudbrandsbiblia\/wp-json\/wp\/v2\/comments?post=3356"}],"version-history":[{"count":0,"href":"https:\/\/biblian.is\/gudbrandsbiblia\/wp-json\/wp\/v2\/pages\/3356\/revisions"}],"wp:attachment":[{"href":"https:\/\/biblian.is\/gudbrandsbiblia\/wp-json\/wp\/v2\/media?parent=3356"}],"curies":[{"name":"wp","href":"https:\/\/api.w.org\/{rel}","templated":true}]}}