{"id":3351,"date":"2017-12-18T18:33:22","date_gmt":"2017-12-18T18:33:22","guid":{"rendered":"http:\/\/biblian.is\/gudbrandsbiblia\/ordskvidirnir-29-kafli\/"},"modified":"2017-12-18T18:33:22","modified_gmt":"2017-12-18T18:33:22","slug":"ordskvidirnir-29-kafli","status":"publish","type":"page","link":"https:\/\/biblian.is\/gudbrandsbiblia\/ordskvidirnir-29-kafli\/","title":{"rendered":"Or\u00f0skvi\u00f0irnir 29. kafli"},"content":{"rendered":"<p>XXIX.<\/p>\n<p>\tHver hann er har\u00f0sv\u00edra\u00f0ur \u00ed m\u00f3ti hirtingunni mun voveiflega fyrir utan alla hj\u00e1lp fyrirfarast. <span class=\"athugasemd\" title=\"Sup. 28\">[<\/span> <\/p>\n<p>\tN\u00e6r margir eru r\u00e9ttgjarnir fagnar alm\u00faginn en \u00feegar s\u00e1 \u00f3mildi drottnar andvarpar l\u00fd\u00f0urinn. <span class=\"athugasemd\" title=\"Sup. 11\">[<\/span> <\/p>\n<p>\tHver hann elskar v\u00edsd\u00f3m s\u00e1 gle\u00f0ur sinn f\u00f6\u00f0ur en s\u00e1 e\u00f0 sk\u00e6kjuna f\u00e6\u00f0ir fyrirfer sinni eign.<\/p>\n<p>\tK\u00f3ngurinn reisir upp landi\u00f0 fyrir l\u00f6gin en s\u00e1 sem <span class=\"athugasemd\" title=\"a \/ (\u00c1gjarn) \/ S\u00e1 sem leggur \u00f3m\u00f6gulegt skattgjald upp \u00e1 landi\u00f0\">[<\/span> \u00e1gjarn er br\u00fdtur \u00fea\u00f0 ni\u00f0ur.<\/p>\n<p>\tHver hann smja\u00f0rar vi\u00f0 sinn n\u00e1ung hann leggur net fyrir hans f\u00e6tur.<\/p>\n<p>\t\u00deegar illur ma\u00f0ur syndgar fj\u00f6trar hann sj\u00e1lfan sig \u00ed sn\u00f6ru en r\u00e9ttl\u00e1tur ma\u00f0ur fagnar og hefur una\u00f0semd.<\/p>\n<p>\tHinn r\u00e9ttl\u00e1ti kynnir s\u00e9r m\u00e1lefni f\u00e1t\u00e6ks manns en s\u00e1 hinn \u00f3mildi sinnir \u00f6ngri skynsemd.<\/p>\n<p>\tH\u00e1\u00f0gjarnir menn f\u00e6ra borgina djarflega \u00ed \u00f3lukku en vitrir menn hefta rei\u00f0ina.<\/p>\n<p>\tN\u00e6r einn vitur ma\u00f0ur kemur fyrir r\u00e9ttinn me\u00f0 einum f\u00e1v\u00edsum, hvort hann rei\u00f0ir e\u00f0ur hl\u00e6r \u00fe\u00e1 hefur hann \u00f6ngva r\u00f3.<\/p>\n<p>\tBl\u00f3\u00f0gjarnir menn hata einfaldan en hinir r\u00e9ttl\u00e1tu leita hans s\u00e1lar.<\/p>\n<p>\tHeimskur ma\u00f0ur \u00fathellir \u00f6llum s\u00ednum anda en hygginn ma\u00f0ur hj\u00e1 s\u00e9r heldur.<\/p>\n<p>\tS\u00e1 h\u00f6f\u00f0ingi sem gjarnan hl\u00fd\u00f0ir lygum \u00feess \u00fe\u00e9narar eru allir \u00f3gu\u00f0r\u00e6kir.<\/p>\n<p>\tF\u00e1t\u00e6kur ma\u00f0ur og <span class=\"athugasemd\" title=\"b \/ (R\u00edkur) \/ Svo kallar hann \u00fe\u00e1 sem okra kunna\">[<\/span> r\u00edkur \u00fear m\u00e6tir hver \u00f6\u00f0rum en beggja \u00feeirra augu uppl\u00fdsir Drottin.<\/p>\n<p>\tK\u00f3ngur s\u00e1 sem tr\u00falega r\u00e9tt gj\u00f6rir f\u00e1t\u00e6kum \u00feess veldisst\u00f3ll sta\u00f0festist a\u00f0 eil\u00edfiu.<\/p>\n<p>\tV\u00f6ndur og hirting gj\u00f6rir hyggindi en \u00fea\u00f0 ungmenni sem agalaust er skammar s\u00edna m\u00f3\u00f0ur.<\/p>\n<p>\tHvar a\u00f0 eru margir \u00f3gu\u00f0r\u00e6kir \u00fear er syndafj\u00f6ldi en r\u00e9ttl\u00e1tir menn munu af lifa hans hrapan.<\/p>\n<p>\tAga \u00fe\u00fa son \u00feinn, \u00fe\u00e1 mun hann gle\u00f0ja \u00feig og gj\u00f6ra s\u00e6ld \u00f6nd \u00feinni. <span class=\"athugasemd\" title=\"Barnaaginn \/ Sup. 13. 22\">[<\/span> <\/p>\n<p>\t\u00deegar \u00fer\u00fdtur <span class=\"athugasemd\" title=\"c \/ (Sp\u00e1d\u00f3ma) \/ \u00c1n Gu\u00f0s or\u00f0s kunna menn ekki anna\u00f0 en fram a\u00f0 fylgja afgu\u00f0ad\u00fdrkan og s\u00ednum vilja\">[<\/span> sp\u00e1d\u00f3ma \u00fe\u00e1 villist f\u00f3lki\u00f0 og ey\u00f0ist en s\u00e6ll er s\u00e1 sem upphef\u00f0ar l\u00f6gm\u00e1li\u00f0.<\/p>\n<p>\tEinn \u00fer\u00e6ll l\u00e6tur s\u00e9r ekki segjast me\u00f0 or\u00f0um einum \u00fev\u00ed a\u00f0 \u00fe\u00f3 a\u00f0 hann allt til rei\u00f0u skilji hir\u00f0ir hann \u00fear ekki um.<\/p>\n<p>\tS\u00e9r \u00fe\u00fa \u00feann mann sem flj\u00f3tur er til a\u00f0 tala? Svo er betri von \u00e1 heimskum manni en honum.<\/p>\n<p>\tN\u00e6r nokkur \u00fer\u00e6ll er fr\u00e1 barn\u00e6sku alinn me\u00f0 eftirl\u00e6ti so vill hann vera \u00fea\u00f0an \u00ed fr\u00e1 einn junk\u00e6ri.<\/p>\n<p>\tRei\u00f0inn ma\u00f0ur uppvekur deilur og grimmur ma\u00f0ur gj\u00f6rir margar syndir.<\/p>\n<p>\tDrambsemi mannsins steypir honum en s\u00e1 hinn l\u00edtill\u00e1ti f\u00e6r hei\u00f0ur. <span class=\"athugasemd\" title=\"Job 22\">[<\/span> <\/p>\n<p>\tHver hlutskipti hefur me\u00f0 \u00fej\u00f3fum heyrir b\u00f6lvan og segir \u00fear ekki fr\u00e1, hann hatar sitt l\u00edf.<\/p>\n<p>\tFyrir m\u00f6nnunum a\u00f0 \u00f3ttast gj\u00f6rir hrapan en hver hann treystir \u00e1 Drottin ver\u00f0ur vernda\u00f0ur.<\/p>\n<p>\tMargir leita fyrir auglit <span class=\"athugasemd\" title=\"d \/ (H\u00f6f\u00f0ingjans) \/ \u00c1 h\u00f6f\u00f0ingja hylli a\u00f0 treysta \u00e1n Gu\u00f0s, \u00fea\u00f0 er h\u00e9g\u00f3mi\">[<\/span> h\u00f6f\u00f0ingjans en s\u00e9rhver d\u00f3mur er af Drottni.<\/p>\n<p>\tRangl\u00e1tur ma\u00f0ur er fyrir r\u00e9ttl\u00e1tum b\u00f6lvanlegur og s\u00e1 sem er r\u00e9tts vegar hann er fyrir rangl\u00e1tum og \u00f3mildum b\u00f6lvanlegur.<\/p>\n","protected":false},"excerpt":{"rendered":"<p>XXIX. Hver hann er har\u00f0sv\u00edra\u00f0ur \u00ed m\u00f3ti hirtingunni mun voveiflega fyrir utan alla hj\u00e1lp fyrirfarast. [ N\u00e6r margir eru r\u00e9ttgjarnir fagnar alm\u00faginn en \u00feegar s\u00e1 \u00f3mildi drottnar andvarpar l\u00fd\u00f0urinn. [ Hver hann elskar v\u00edsd\u00f3m s\u00e1 gle\u00f0ur sinn f\u00f6\u00f0ur en s\u00e1 e\u00f0 sk\u00e6kjuna f\u00e6\u00f0ir fyrirfer sinni eign. K\u00f3ngurinn reisir upp landi\u00f0 fyrir l\u00f6gin en s\u00e1 sem [ \u00e1gjarn er br\u00fdtur \u00fea\u00f0 ni\u00f0ur. Hver hann smja\u00f0rar vi\u00f0 sinn n\u00e1ung hann leggur net fyrir hans f\u00e6tur. \u00deegar illur ma\u00f0ur syndgar fj\u00f6trar hann sj\u00e1lfan sig \u00ed sn\u00f6ru en r\u00e9ttl\u00e1tur ma\u00f0ur fagnar og hefur una\u00f0semd. Hinn r\u00e9ttl\u00e1ti kynnir s\u00e9r m\u00e1lefni f\u00e1t\u00e6ks manns en s\u00e1 hinn <a href=\"https:\/\/biblian.is\/gudbrandsbiblia\/ordskvidirnir-29-kafli\/\"> [&#8230;]<\/a><\/p>\n","protected":false},"author":1,"featured_media":0,"parent":0,"menu_order":0,"comment_status":"open","ping_status":"open","template":"bibliukaflar.php","meta":{"footnotes":""},"class_list":["post-3351","page","type-page","status-publish","hentry"],"_links":{"self":[{"href":"https:\/\/biblian.is\/gudbrandsbiblia\/wp-json\/wp\/v2\/pages\/3351","targetHints":{"allow":["GET"]}}],"collection":[{"href":"https:\/\/biblian.is\/gudbrandsbiblia\/wp-json\/wp\/v2\/pages"}],"about":[{"href":"https:\/\/biblian.is\/gudbrandsbiblia\/wp-json\/wp\/v2\/types\/page"}],"author":[{"embeddable":true,"href":"https:\/\/biblian.is\/gudbrandsbiblia\/wp-json\/wp\/v2\/users\/1"}],"replies":[{"embeddable":true,"href":"https:\/\/biblian.is\/gudbrandsbiblia\/wp-json\/wp\/v2\/comments?post=3351"}],"version-history":[{"count":0,"href":"https:\/\/biblian.is\/gudbrandsbiblia\/wp-json\/wp\/v2\/pages\/3351\/revisions"}],"wp:attachment":[{"href":"https:\/\/biblian.is\/gudbrandsbiblia\/wp-json\/wp\/v2\/media?parent=3351"}],"curies":[{"name":"wp","href":"https:\/\/api.w.org\/{rel}","templated":true}]}}