{"id":3349,"date":"2017-12-18T18:33:22","date_gmt":"2017-12-18T18:33:22","guid":{"rendered":"http:\/\/biblian.is\/gudbrandsbiblia\/ordskvidirnir-27-kafli\/"},"modified":"2017-12-18T18:33:22","modified_gmt":"2017-12-18T18:33:22","slug":"ordskvidirnir-27-kafli","status":"publish","type":"page","link":"https:\/\/biblian.is\/gudbrandsbiblia\/ordskvidirnir-27-kafli\/","title":{"rendered":"Or\u00f0skvi\u00f0irnir 27. kafli"},"content":{"rendered":"<p>XXVII.<\/p>\n<p>\tHr\u00f3sa \u00fe\u00e9r ekki af \u00feeim degi sem a\u00f0 morni kemur \u00fev\u00ed a\u00f0 \u00fe\u00fa veist ei hva\u00f0 enn \u00ed dag m\u00e1 ske. <span class=\"athugasemd\" title=\"Jakob. 4\">[<\/span> <\/p>\n<p>\tL\u00e1ttu annan lofa \u00feig en ekki sj\u00e1lfs \u00fe\u00edns munn, einn framanda en ekki \u00fe\u00ednar eigin varir.<\/p>\n<p>\tGrj\u00f3ti\u00f0 er \u00feungt og sandurinn er h\u00f6fgur en f\u00e1v\u00eds manns rei\u00f0i er \u00feyngri en \u00fea\u00f0 hverttveggja. <span class=\"athugasemd\" title=\"S\u00edrak. 22\">[<\/span><\/p>\n<p>\tRei\u00f0in er \u00e1k\u00f6f og grimmdin er \u00e6fileg og hver kann fyrir \u00f6funds\u00fdkinni a\u00f0 standast?<\/p>\n<p>\tBetri er opinber hirting en leynileg \u00e1st.<\/p>\n<p>\tBetra er h\u00f6gg elskandans en sviksamlegur koss hatandans.<\/p>\n<p>\tS\u00f6dd \u00f6nd f\u00f3ttre\u00f0ur hunangsseim en hungra\u00f0ri \u00f6nd smakkast allt beiskt s\u00e6tt.<\/p>\n<p>\tL\u00edka sem s\u00e1 <span class=\"athugasemd\" title=\"a \/ (Fugl) \/ \u00dea\u00f0 er, l\u00e1t \u00fe\u00fa \u00f6ngvan m\u00f3tgang reka \u00feig fr\u00e1 \u00feinni b\u00edfalningu. Vert st\u00f6\u00f0ugur. Gu\u00f0 mun l\u00e1ta vel vegna.\">[<\/span> fugl sem fl\u00fdr sitt hrei\u00f0ur svo er s\u00e1 ma\u00f0ur sem l\u00e6tur sitt heimili. <\/p>\n<p>\tHjarta\u00f0 gle\u00f0st af d\u00fdrm\u00e6tum smyrslum og s\u00e6tleiksilm, svo er og einn vinur \u00e1stamlegur fyrir r\u00e1\u00f0s sakir s\u00e1larinnar.<\/p>\n<p>\tYfirgef ekki \u00feinn vin og \u00fe\u00edns <span class=\"athugasemd\" title=\"b \/ elstu vinir bestir vinir\">[<\/span> f\u00f6\u00f0urs vin og gakk ekki \u00ed \u00fe\u00edns br\u00f3\u00f0urs h\u00fas \u00feegar \u00fe\u00e9r gengur illa.<\/p>\n<p>\t\u00dev\u00ed a\u00f0 einn <span class=\"athugasemd\" title=\"c \/ Annarlegir eru oft betri en n\u00e1komnir\">[<\/span> n\u00e1granni s\u00e1 \u00ed nau\u00f0 er hann er betri en br\u00f3\u00f0ir s\u00e1 \u00ed fjarl\u00e6g\u00f0 er.<\/p>\n<p>\tVertu hygginn, son minn, \u00fe\u00e1 gle\u00f0st hjarta mitt, svo vil eg gefa svar \u00feeim sem skamma mig.<\/p>\n<p>\tEinn frams\u00fdnn ma\u00f0ur s\u00e9r \u00f3lukkuna fyrir og leynir s\u00e9r og \u00feeir sem f\u00e1v\u00edsir eru halda \u00e1fram og l\u00ed\u00f0a ska\u00f0a.<\/p>\n<p>\tTaktu \u00feess kl\u00e6\u00f0i sem fyrir annan gengur \u00ed borgun og pantset \u00fea\u00f0 fyrir sakir hins framanda. <span class=\"athugasemd\" title=\"Sup. vi. xi. xvy.\">[<\/span> <\/p>\n<p>\tHver hann blessar me\u00f0 h\u00e1rri raust n\u00e1unga s\u00ednum og \u00e1rla r\u00eds, \u00fea\u00f0 ver\u00f0ur honum fyrir eina b\u00f6lvan.<\/p>\n<p>\tK\u00edfin kona og i\u00f0uglegir dropar \u00feegar miki\u00f0 regn er eru hvort \u00f6\u00f0ru l\u00edkt.<\/p>\n<p>\tHver hann heldur henni s\u00e1 heldur vindinum og hann vill me\u00f0 l\u00faku s\u00e9r uppausa vi\u00f0smj\u00f6ri\u00f0.<\/p>\n<p>\tEinn kn\u00edfur hvetur annan og einn ma\u00f0ur annan.<\/p>\n<p>\tHver sitt f\u00edkjutr\u00e9 geymir hann neytir \u00e1vaxtar \u00fear af og hver hann vaktar sinn herra hann f\u00e6r \u00fear pr\u00eds af.<\/p>\n<p>\tL\u00edka sem <span class=\"athugasemd\" title=\"c \/ (Skugginn) \/ \u00dea\u00f0 er, so sem andlitsmyndin \u00ed vatninu er \u00f3st\u00f6\u00f0ug, svo eru og hj\u00f6rtun, \u00fea\u00f0 er, tr\u00fa varlega\">[<\/span> skugginn \u00ed vatninu er hj\u00e1 andlitinu, svo er hjarta\u00f0 manns hj\u00e1 \u00f6\u00f0rum m\u00f6nnum.<\/p>\n<p>\tHelv\u00edti og gl\u00f6tun fyllast aldrei, svo eru og mannanna augu \u00f3se\u00f0janleg.<\/p>\n<p>\tMa\u00f0urinn ver\u00f0ur reyndur fyrir \u00feess munn sem hann <span class=\"athugasemd\" title=\"f \/ (Lofar) \/ Hver hann heyrir gjarnan sj\u00e1lfs s\u00edns lof hann ver\u00f0ur svikinn\">[<\/span> lofar, l\u00edka sem silfur \u00ed d\u00e6glu og gull \u00ed ofni. <span class=\"athugasemd\" title=\"S\u00e1l. xy. \/ Sup. xvy.\">[<\/span> <\/p>\n<p>\t\u00de\u00f3 \u00fe\u00fa \u00ed sundursteytir f\u00e1v\u00edsan mann \u00ed mort\u00e9li me\u00f0 mylnara svo sem ertur mun \u00fe\u00f3 ei fr\u00e1 honum hverfa hans heimska.<\/p>\n<p>\tGef \u00fe\u00fa gaum a\u00f0 \u00fe\u00ednum sau\u00f0um og g\u00e6t hjar\u00f0ar \u00feinnar \u00fev\u00ed a\u00f0 au\u00f0\u00e6fi vara ekki \u00e6finlega og <span class=\"athugasemd\" title=\"g \/ (K\u00f3r\u00f3na) \/ \u00dea\u00f0 er, h\u00fasb\u00f3ndaskapurinn \u00e1 heimilinu e\u00f0ur stj\u00f3rnan, svo sem seg\u00f0i hann, l\u00e1t \u00fe\u00e9r n\u00e6gja me\u00f0 \u00fea\u00f0 innan handar er, h\u00e9r er ekki l\u00f6ng vist.\">[<\/span> k\u00f3r\u00f3nan bl\u00edfur ekki eil\u00edflega.<\/p>\n<p>\tEngi\u00f0 er vaxi\u00f0 og gr\u00e6nt gras er fyrir h\u00f6ndum og heyi\u00f0 safnast \u00e1 fj\u00f6llunum.<\/p>\n<p>\tL\u00f6mbin f\u00e6\u00f0a \u00feig og ki\u00f0in gefa \u00fe\u00e9r akurver\u00f0.<\/p>\n<p>\t\u00de\u00fa hefur n\u00f3ga geitamj\u00f3lk til f\u00e6\u00f0slu \u00fe\u00edns heimilis og til vi\u00f0url\u00edfis \u00fe\u00ednum amb\u00e1ttum.<\/p>\n","protected":false},"excerpt":{"rendered":"<p>XXVII. Hr\u00f3sa \u00fe\u00e9r ekki af \u00feeim degi sem a\u00f0 morni kemur \u00fev\u00ed a\u00f0 \u00fe\u00fa veist ei hva\u00f0 enn \u00ed dag m\u00e1 ske. [ L\u00e1ttu annan lofa \u00feig en ekki sj\u00e1lfs \u00fe\u00edns munn, einn framanda en ekki \u00fe\u00ednar eigin varir. Grj\u00f3ti\u00f0 er \u00feungt og sandurinn er h\u00f6fgur en f\u00e1v\u00eds manns rei\u00f0i er \u00feyngri en \u00fea\u00f0 hverttveggja. [ Rei\u00f0in er \u00e1k\u00f6f og grimmdin er \u00e6fileg og hver kann fyrir \u00f6funds\u00fdkinni a\u00f0 standast? Betri er opinber hirting en leynileg \u00e1st. Betra er h\u00f6gg elskandans en sviksamlegur koss hatandans. S\u00f6dd \u00f6nd f\u00f3ttre\u00f0ur hunangsseim en hungra\u00f0ri \u00f6nd smakkast allt beiskt s\u00e6tt. L\u00edka sem s\u00e1 [ <a href=\"https:\/\/biblian.is\/gudbrandsbiblia\/ordskvidirnir-27-kafli\/\"> [&#8230;]<\/a><\/p>\n","protected":false},"author":1,"featured_media":0,"parent":0,"menu_order":0,"comment_status":"open","ping_status":"open","template":"bibliukaflar.php","meta":{"footnotes":""},"class_list":["post-3349","page","type-page","status-publish","hentry"],"_links":{"self":[{"href":"https:\/\/biblian.is\/gudbrandsbiblia\/wp-json\/wp\/v2\/pages\/3349","targetHints":{"allow":["GET"]}}],"collection":[{"href":"https:\/\/biblian.is\/gudbrandsbiblia\/wp-json\/wp\/v2\/pages"}],"about":[{"href":"https:\/\/biblian.is\/gudbrandsbiblia\/wp-json\/wp\/v2\/types\/page"}],"author":[{"embeddable":true,"href":"https:\/\/biblian.is\/gudbrandsbiblia\/wp-json\/wp\/v2\/users\/1"}],"replies":[{"embeddable":true,"href":"https:\/\/biblian.is\/gudbrandsbiblia\/wp-json\/wp\/v2\/comments?post=3349"}],"version-history":[{"count":0,"href":"https:\/\/biblian.is\/gudbrandsbiblia\/wp-json\/wp\/v2\/pages\/3349\/revisions"}],"wp:attachment":[{"href":"https:\/\/biblian.is\/gudbrandsbiblia\/wp-json\/wp\/v2\/media?parent=3349"}],"curies":[{"name":"wp","href":"https:\/\/api.w.org\/{rel}","templated":true}]}}