{"id":3348,"date":"2017-12-18T18:33:22","date_gmt":"2017-12-18T18:33:22","guid":{"rendered":"http:\/\/biblian.is\/gudbrandsbiblia\/ordskvidirnir-26-kafli\/"},"modified":"2017-12-18T18:33:22","modified_gmt":"2017-12-18T18:33:22","slug":"ordskvidirnir-26-kafli","status":"publish","type":"page","link":"https:\/\/biblian.is\/gudbrandsbiblia\/ordskvidirnir-26-kafli\/","title":{"rendered":"Or\u00f0skvi\u00f0irnir 26. kafli"},"content":{"rendered":"<p>XXVI.<\/p>\n<p>L\u00edka sem snj\u00f3r \u00e1 sumri og regn \u00e1 kornskur\u00f0art\u00edma, svo heyrir og ekki f\u00e1v\u00edsum manni <span class=\"athugasemd\" title=\"a \/ \u00dea\u00f0 er, au\u00f0\u00e6fi og r\u00edkd\u00f3mur og allt \u00fea\u00f0 sem einum er til hei\u00f0urs\">[<\/span> hei\u00f0ur.<\/p>\n<p>\tSvo sem fuglinn fer sinn veg og svalan \u00ed burt fl\u00fdgur so ska\u00f0ar ekki \u00f3for\u00fe\u00e9nt b\u00f6lvan.<\/p>\n<p>\tHestum h\u00e6fir svipan og asnanum beisli\u00f0 og heimskum manni v\u00f6ndur \u00e1 baki\u00f0.<\/p>\n<p>\tSvara \u00fe\u00fa ekki f\u00e1v\u00edsum manni eftir heimsku sinni svo \u00fe\u00fa ver\u00f0ir ekki honum l\u00edkur.<\/p>\n<p>\tSvara \u00fe\u00fa hinum heimska eftir heimsku sinni so hann l\u00e1tist ekki vera hygginn.<\/p>\n<p>\tHver hann \u00fatvegar sitt erindi fyrir einn heimskan sendibo\u00f0a er l\u00edka sem f\u00f3thrumur ma\u00f0ur s\u00e1 e\u00f0 ska\u00f0a l\u00ed\u00f0ur.<\/p>\n<p>\tL\u00edka sem kryplinginum dansfer\u00f0in, svo h\u00e6fir \u00feeim sem f\u00e1vitur er fr\u00e1 v\u00edsd\u00f3mi a\u00f0 segja. <span class=\"athugasemd\" title=\"Heimskir skulu ei hyggnir vera en \u00fe\u00f3 vilja \u00feeir jafnan hyggnir haldast\">[<\/span> <\/p>\n<p>\tHver e\u00f0 heimskum manni hei\u00f0ur veitir, \u00fea\u00f0 er l\u00edka sem \u00fe\u00e1 e\u00f0 nokkur kastar gimsteini upp \u00e1 g\u00e1lgaklettinn.<\/p>\n<p>\tEitt spakm\u00e6li \u00ed munni heimskum manni er svo sem \u00fe\u00e1 \u00feyrniskvistur stingst \u00ed drukkins manns h\u00f6nd.<\/p>\n<p>\tG\u00f3\u00f0ur meistari gj\u00f6rir einn hlut r\u00e9tt en hver e\u00f0 kaupir verk af hinum heimska \u00fea\u00f0 fordjarfast.<\/p>\n<p>\tSvo sem hundurinn \u00e9tur aftur s\u00edna sp\u00fdju svo tv\u00edtekur heimskur ma\u00f0ur s\u00edna heimsku. <span class=\"athugasemd\" title=\"2. P\u00e9t. 2\">[<\/span> <\/p>\n<p>\t\u00deegar \u00fe\u00fa s\u00e9r \u00feann nokkurn sem hygginn <span class=\"athugasemd\" title=\"b \/ (\u00deykist) \/ \u00dea\u00f0 er, \u00feeir sem \u00f6\u00f0rum vilja kenna og lei\u00f0r\u00e9tta og kunna \u00fe\u00f3 sj\u00e1lfir ekkert betra\">[<\/span> \u00feykist \u00fe\u00e1 er betri von \u00e1 heimskum heldur en \u00e1 \u00feeim hinum sama. <\/p>\n<p>\tS\u00e1 hinn lati segir: &#8222;\u00dear er le\u00f3nshv\u00f6lpur \u00e1 veginum og \u00f3argad\u00fdr \u00e1 brautunum.&#8220;<\/p>\n<p>\tEinn letingi veltist um \u00ed s\u00e6nginni so sem hur\u00f0 \u00e1 hj\u00f6rum.<\/p>\n<p>\tLatur ma\u00f0ur stingur hendinni \u00ed pottinn og \u00fea\u00f0 veitir honum \u00feungt a\u00f0 hann beri hana a\u00f0 munninum. <span class=\"athugasemd\" title=\"Sup. 19\">[<\/span> <\/p>\n<p>\tEinn letingi \u00feykist hyggnari en sj\u00f6 a\u00f0rir \u00feeir sem l\u00e6rt hafa g\u00f3\u00f0a si\u00f0u.<\/p>\n<p>\tHver hann vefur sig \u00ed annars \u00fer\u00e6tum hann er l\u00edkur \u00feeim sem hundinn dregur \u00e1 eyrunum.<\/p>\n<p>\tL\u00edka sem s\u00e1 er ska\u00f0legur sem heimuglega sk\u00fdtur og dey\u00f0ir me\u00f0 p\u00edlum, svo gj\u00f6rir prettv\u00eds ma\u00f0ur vi\u00f0 sinn n\u00e1ung og segir s\u00ed\u00f0an: &#8222;Eg gj\u00f6r\u00f0a a\u00f0 <span class=\"athugasemd\" title=\"a \/ (Gamni) \u00dea\u00f0 er, breg\u00f0ist honum sitt vondslegt upps\u00e1tur \u00fe\u00e1 hefur hann gj\u00f6rt a\u00f0 gamni s\u00e9r og kann f\u00ednlega a\u00f0 afsaka sig\">[<\/span> gamni m\u00e9r.&#8220;<\/p>\n<p>\t\u00deegar eldsneyti \u00fer\u00fdtur \u00fe\u00e1 slokknar eldurinn og \u00feegar \u00ed burt er hinn bakm\u00e1lugi h\u00e6tta deilurnar. <span class=\"athugasemd\" title=\"S\u00edra. 28\">[<\/span> <\/p>\n<p>\tL\u00edka sem kolin gl\u00f3\u00f0ina og vi\u00f0urinn eldinn, svo kveikir \u00fer\u00e6tusamur ma\u00f0ur upp deilur.<\/p>\n<p>\tBakm\u00e1lugs manns or\u00f0 eru l\u00edka sem h\u00f6gg og \u00feau ganga \u00ed gegnum mannsins hjarta.<\/p>\n<p>\tEitursmunnur og illt hjarta er so sem pottbrot huli\u00f0 me\u00f0 silfurfargan.<\/p>\n<p>\t\u00deegar hann gj\u00f6rir r\u00f6dd s\u00edna vingjarnlega so tr\u00fa honum ekki \u00fev\u00ed a\u00f0 sj\u00f6 sv\u00edvir\u00f0ingar sitja \u00ed hans hjarta.<\/p>\n<p>\tHver hatri leynir svo hann gj\u00f6rir ska\u00f0a \u00feess illska mun ver\u00f0a opinber \u00ed s\u00f6fnu\u00f0inum.<\/p>\n<p>\tS\u00e1 sem grefur gr\u00f6fina fellur \u00fear \u00ed og s\u00e1 sem steininum veltir \u00e1 \u00feann kemur hann. <span class=\"athugasemd\" title=\"Eccl. 10 \/ S\u00edrak. 27\">[<\/span> <\/p>\n<p>\tF\u00f6lsk tunga hatar \u00feann sem hana \u00e1v\u00edtar og hr\u00e6snismunnur kveikir upp fordj\u00f6rfun.<\/p>\n","protected":false},"excerpt":{"rendered":"<p>XXVI. L\u00edka sem snj\u00f3r \u00e1 sumri og regn \u00e1 kornskur\u00f0art\u00edma, svo heyrir og ekki f\u00e1v\u00edsum manni [ hei\u00f0ur. Svo sem fuglinn fer sinn veg og svalan \u00ed burt fl\u00fdgur so ska\u00f0ar ekki \u00f3for\u00fe\u00e9nt b\u00f6lvan. Hestum h\u00e6fir svipan og asnanum beisli\u00f0 og heimskum manni v\u00f6ndur \u00e1 baki\u00f0. Svara \u00fe\u00fa ekki f\u00e1v\u00edsum manni eftir heimsku sinni svo \u00fe\u00fa ver\u00f0ir ekki honum l\u00edkur. Svara \u00fe\u00fa hinum heimska eftir heimsku sinni so hann l\u00e1tist ekki vera hygginn. Hver hann \u00fatvegar sitt erindi fyrir einn heimskan sendibo\u00f0a er l\u00edka sem f\u00f3thrumur ma\u00f0ur s\u00e1 e\u00f0 ska\u00f0a l\u00ed\u00f0ur. L\u00edka sem kryplinginum dansfer\u00f0in, svo h\u00e6fir \u00feeim sem f\u00e1vitur <a href=\"https:\/\/biblian.is\/gudbrandsbiblia\/ordskvidirnir-26-kafli\/\"> [&#8230;]<\/a><\/p>\n","protected":false},"author":1,"featured_media":0,"parent":0,"menu_order":0,"comment_status":"open","ping_status":"open","template":"bibliukaflar.php","meta":{"footnotes":""},"class_list":["post-3348","page","type-page","status-publish","hentry"],"_links":{"self":[{"href":"https:\/\/biblian.is\/gudbrandsbiblia\/wp-json\/wp\/v2\/pages\/3348","targetHints":{"allow":["GET"]}}],"collection":[{"href":"https:\/\/biblian.is\/gudbrandsbiblia\/wp-json\/wp\/v2\/pages"}],"about":[{"href":"https:\/\/biblian.is\/gudbrandsbiblia\/wp-json\/wp\/v2\/types\/page"}],"author":[{"embeddable":true,"href":"https:\/\/biblian.is\/gudbrandsbiblia\/wp-json\/wp\/v2\/users\/1"}],"replies":[{"embeddable":true,"href":"https:\/\/biblian.is\/gudbrandsbiblia\/wp-json\/wp\/v2\/comments?post=3348"}],"version-history":[{"count":0,"href":"https:\/\/biblian.is\/gudbrandsbiblia\/wp-json\/wp\/v2\/pages\/3348\/revisions"}],"wp:attachment":[{"href":"https:\/\/biblian.is\/gudbrandsbiblia\/wp-json\/wp\/v2\/media?parent=3348"}],"curies":[{"name":"wp","href":"https:\/\/api.w.org\/{rel}","templated":true}]}}