{"id":3347,"date":"2017-12-18T18:33:22","date_gmt":"2017-12-18T18:33:22","guid":{"rendered":"http:\/\/biblian.is\/gudbrandsbiblia\/ordskvidirnir-25-kafli\/"},"modified":"2017-12-18T18:33:22","modified_gmt":"2017-12-18T18:33:22","slug":"ordskvidirnir-25-kafli","status":"publish","type":"page","link":"https:\/\/biblian.is\/gudbrandsbiblia\/ordskvidirnir-25-kafli\/","title":{"rendered":"Or\u00f0skvi\u00f0irnir 25. kafli"},"content":{"rendered":"<p>XXV.<\/p>\n<p>\t\u00deetta eru og or\u00f0skvi\u00f0ir Salomonis sem menn Esek\u00edas Gy\u00f0ingak\u00f3ngs hafa \u00fear vi\u00f0 auki\u00f0:<\/p>\n<p>\t\u00dea\u00f0 er Gu\u00f0i d\u00fdr\u00f0 a\u00f0 hann <span class=\"athugasemd\" title=\"a \/ (Hylur) \/ Um Gu\u00f0s stj\u00f3rnan og leynda hluti skulum v\u00e9r ekki forvitnair vera og kl?rir heldur \u00f6llu tr\u00faa\">[<\/span> hylur s\u00f6kina en k\u00f3nginum er \u00fea\u00f0 hei\u00f0ur a\u00f0 rannsaka s\u00f6kina.<\/p>\n<p>\tHiminninn er h\u00e1r og j\u00f6r\u00f0in er dj\u00fap en k\u00f3nganna hjarta er \u00f3rannsakanlegt.<\/p>\n<p>\tTaki menn sk\u00fami\u00f0 af silfrinu \u00fe\u00e1 ver\u00f0ur sk\u00e6rt keri\u00f0. <span class=\"athugasemd\" title=\"Sup. 20 \/ S\u00e1l. 101\">[<\/span> <\/p>\n<p>\tTaki menn \u00f3gu\u00f0lega breytni fr\u00e1 k\u00f3nginum, svo ver\u00f0ur hans h\u00e1s\u00e6ti me\u00f0 r\u00e9ttl\u00e6ti sta\u00f0fest.<\/p>\n<p>\tVertu ekki skrautsamur hj\u00e1 k\u00f3nginum og gakk ekki \u00ed reit st\u00f3rmannanna.<\/p>\n<p>\t\u00dev\u00ed a\u00f0 betra er a\u00f0 sagt s\u00e9 til \u00fe\u00edn: &#8222;\u00deoka \u00fe\u00e9r upp hinga\u00f0&#8220; heldur en \u00fe\u00fa ver\u00f0ir ni\u00f0ra\u00f0ur fyrir h\u00f6f\u00f0ingjanum a\u00f0 sj\u00e1andi \u00fe\u00ednum augum.<\/p>\n<p>\tVertu ekki framhleypinn til a\u00f0 deila \u00fev\u00ed hva\u00f0 viltu gj\u00f6ra til \u00fe\u00e1 eftir \u00e1 \u00feegar \u00fe\u00fa hefur skamma\u00f0 n\u00e1ung \u00feinn?<\/p>\n<p>\tGj\u00f6r \u00fat \u00fe\u00edna s\u00f6k vi\u00f0 \u00feinn n\u00e1unga og opinbera ekki annars leyndarm\u00e1l so a\u00f0 s\u00e1 tali ekki illa til \u00fe\u00edn er \u00fea\u00f0 heyrir og aldrei ni\u00f0urleggist \u00feitt illt rykti.<\/p>\n<p>\tEitt or\u00f0 \u00ed hagkv\u00e6milegan t\u00edma tala\u00f0 er sem gulllegt epli \u00ed silfursk\u00e1l. <span class=\"athugasemd\" title=\"Svo sem eru pomerans citrin epli\">[<\/span> <\/p>\n<p>\tHvar einn hygginn ma\u00f0ur \u00e1v\u00edtar \u00feann sem honum hl\u00fd\u00f0ir, \u00fea\u00f0 er l\u00edka sem gullleg ennissp\u00f6ng og gulllegt men.<\/p>\n<p>\tL\u00edka sem kuldi snj\u00f3varins um haustyrkjut\u00edma, svo er og tr\u00far sendibo\u00f0i \u00feeim sem hann hefur sent og hann n\u00e6rir s\u00e1l s\u00edns herra. <span class=\"athugasemd\" title=\"Tr\u00far \u00fej\u00f3n og undirma\u00f0ur er \u00f6llu ver\u00f0i betri\">[<\/span> <\/p>\n<p>\tHver miklu lofar og endir ekki, hann er svo sem sk\u00fd og vindur regnlaus.<\/p>\n<p>\tFyrir \u00feolinm\u00e6\u00f0i ver\u00f0ur einn herra forl\u00edktur og vinsamleg tunga br\u00fdtur \u00fever\u00fa\u00f0.<\/p>\n<p>\tFinnur \u00fe\u00fa hunang, svo et \u00fe\u00edna n\u00e6gju, svo \u00fe\u00fa uppfyllist ekki og sp\u00fdir \u00fev\u00ed upp aftur. <span class=\"athugasemd\" title=\"Sup. 24\">[<\/span> <\/p>\n<p>\tV\u00edk \u00fe\u00ednum f\u00e6ti fr\u00e1 h\u00fasi n\u00e1unga \u00fe\u00edns elligar m\u00e1 vel ske \u00fe\u00fa ver\u00f0ur honum hvimlei\u00f0ur og gremjist hann vi\u00f0 \u00feig.<\/p>\n<p>\tHver hann ber lj\u00fagvitni m\u00f3t n\u00e1unga s\u00ednum s\u00e1 er sem eitt spj\u00f3t, sver\u00f0 og hv\u00f6ss p\u00edla. <span class=\"athugasemd\" title=\"Sup. 19 \/ Deut. 1. 19\">[<\/span> <\/p>\n<p>\tVon forsm\u00e1narans \u00ed ney\u00f0arinnar t\u00edma er svo sem f\u00fal t\u00f6nn og skri\u00f0nandi f\u00f3tur.<\/p>\n<p>\tHver einu vondu hjarta <span class=\"athugasemd\" title=\"b \/ (Kve\u00f0ur) \/ \u00dea\u00f0 er svo miki\u00f0, \u00fear af ver\u00f0ur hann verri\">[<\/span> kve\u00f0ur kv\u00e6\u00f0i, \u00fea\u00f0 er l\u00edka sem sliti\u00f0 fat um vetur og n\u00e6r edik er hellt yfir glas.  <\/p>\n<p>\tEf \u00f3vinn \u00feinn hungrar gef honum f\u00e6\u00f0u, \u00feysti hann gef honum vatn a\u00f0 drekka, \u00fev\u00ed a\u00f0 \u00fe\u00fa munt safna eldsgl\u00e6\u00f0um yfir h\u00f6fu\u00f0 honum og Drottinn mun endurgjalda \u00fe\u00e9r \u00fea\u00f0. <span class=\"athugasemd\" title=\"R\u00f3m. 12\">[<\/span> <\/p>\n<p>\tNor\u00f0anvindur burtrekur regn og sorgleg \u00e1sj\u00f3na leynilegar tungur. <span class=\"athugasemd\" title=\"Sup. 2 \/ S\u00edra. 25\">[<\/span> <\/p>\n<p>\tBetra er \u00ed nokkri hyrningu upp \u00e1 h\u00fas\u00feekju a\u00f0 sitja heldur en hj\u00e1 k\u00edfinni konu til samans a\u00f0 vera \u00ed einu h\u00fasi.<\/p>\n<p>\tGott rykti a\u00f0 fjarl\u00e6gu landi er sem kalt vatn \u00feystri \u00f6nd. <span class=\"athugasemd\" title=\"Sup. 25\">[<\/span> \t <\/p>\n<p>\tR\u00e9ttl\u00e1tur ma\u00f0ur sem fellur fyrir rangl\u00e1tum er svo sem saurga\u00f0ur vatsbrunnur og fordj\u00f6rfu\u00f0 vats\u00e6\u00f0ur.<\/p>\n<p>\tHver of miki\u00f0 hunang etur \u00fea\u00f0 er ei gott og hver \u00feunga hluti rannsakar honum ver\u00f0ur \u00fea\u00f0 of \u00feungt.<\/p>\n<p>\tS\u00e1 ma\u00f0ur sem ei kann a\u00f0 halda s\u00ednum anda er l\u00edka sem v\u00ed\u00f0opin borg er \u00f6ngva m\u00farveggi hefur.<\/p>\n","protected":false},"excerpt":{"rendered":"<p>XXV. \u00deetta eru og or\u00f0skvi\u00f0ir Salomonis sem menn Esek\u00edas Gy\u00f0ingak\u00f3ngs hafa \u00fear vi\u00f0 auki\u00f0: \u00dea\u00f0 er Gu\u00f0i d\u00fdr\u00f0 a\u00f0 hann [ hylur s\u00f6kina en k\u00f3nginum er \u00fea\u00f0 hei\u00f0ur a\u00f0 rannsaka s\u00f6kina. Himinninn er h\u00e1r og j\u00f6r\u00f0in er dj\u00fap en k\u00f3nganna hjarta er \u00f3rannsakanlegt. Taki menn sk\u00fami\u00f0 af silfrinu \u00fe\u00e1 ver\u00f0ur sk\u00e6rt keri\u00f0. [ Taki menn \u00f3gu\u00f0lega breytni fr\u00e1 k\u00f3nginum, svo ver\u00f0ur hans h\u00e1s\u00e6ti me\u00f0 r\u00e9ttl\u00e6ti sta\u00f0fest. Vertu ekki skrautsamur hj\u00e1 k\u00f3nginum og gakk ekki \u00ed reit st\u00f3rmannanna. \u00dev\u00ed a\u00f0 betra er a\u00f0 sagt s\u00e9 til \u00fe\u00edn: &#8222;\u00deoka \u00fe\u00e9r upp hinga\u00f0&#8220; heldur en \u00fe\u00fa ver\u00f0ir ni\u00f0ra\u00f0ur fyrir h\u00f6f\u00f0ingjanum a\u00f0 sj\u00e1andi \u00fe\u00ednum <a href=\"https:\/\/biblian.is\/gudbrandsbiblia\/ordskvidirnir-25-kafli\/\"> [&#8230;]<\/a><\/p>\n","protected":false},"author":1,"featured_media":0,"parent":0,"menu_order":0,"comment_status":"open","ping_status":"open","template":"bibliukaflar.php","meta":{"footnotes":""},"class_list":["post-3347","page","type-page","status-publish","hentry"],"_links":{"self":[{"href":"https:\/\/biblian.is\/gudbrandsbiblia\/wp-json\/wp\/v2\/pages\/3347","targetHints":{"allow":["GET"]}}],"collection":[{"href":"https:\/\/biblian.is\/gudbrandsbiblia\/wp-json\/wp\/v2\/pages"}],"about":[{"href":"https:\/\/biblian.is\/gudbrandsbiblia\/wp-json\/wp\/v2\/types\/page"}],"author":[{"embeddable":true,"href":"https:\/\/biblian.is\/gudbrandsbiblia\/wp-json\/wp\/v2\/users\/1"}],"replies":[{"embeddable":true,"href":"https:\/\/biblian.is\/gudbrandsbiblia\/wp-json\/wp\/v2\/comments?post=3347"}],"version-history":[{"count":0,"href":"https:\/\/biblian.is\/gudbrandsbiblia\/wp-json\/wp\/v2\/pages\/3347\/revisions"}],"wp:attachment":[{"href":"https:\/\/biblian.is\/gudbrandsbiblia\/wp-json\/wp\/v2\/media?parent=3347"}],"curies":[{"name":"wp","href":"https:\/\/api.w.org\/{rel}","templated":true}]}}