{"id":3344,"date":"2017-12-18T18:33:22","date_gmt":"2017-12-18T18:33:22","guid":{"rendered":"http:\/\/biblian.is\/gudbrandsbiblia\/ordskvidirnir-22-kafli\/"},"modified":"2017-12-18T18:33:22","modified_gmt":"2017-12-18T18:33:22","slug":"ordskvidirnir-22-kafli","status":"publish","type":"page","link":"https:\/\/biblian.is\/gudbrandsbiblia\/ordskvidirnir-22-kafli\/","title":{"rendered":"Or\u00f0skvi\u00f0irnir 22. kafli"},"content":{"rendered":"<p>XXII.<\/p>\n<p>\tGott rykti er betra en mikil au\u00f0\u00e6fi og g\u00f3\u00f0 hylli er betri en silfur og gull. <span class=\"athugasemd\" title=\"Eccl. vy.\">[<\/span> <\/p>\n<p>\tR\u00edkir og f\u00e1t\u00e6kir eru hver annarra \u00e1 me\u00f0al, Drottinn hefur \u00fe\u00e1 hverutveggju gj\u00f6rt.<\/p>\n<p>\tForsj\u00e1ll ma\u00f0ur s\u00e9r \u00f3lukkuna og leynir s\u00e9r en hinir bernsku ana fram og f\u00e1 ska\u00f0a.<\/p>\n<p>\tHvar menn \u00feola fyri \u00f3tta Drottins \u00fear eru au\u00f0\u00e6fi, hei\u00f0ur og l\u00edf.<\/p>\n<p>\t\u00deyrnar og sn\u00f6rur eru \u00e1 vegi hins rangl\u00e1ta en hver sig tekur \u00fear langt fr\u00e1 s\u00e1 var\u00f0veitir sitt l\u00edf.<\/p>\n<p>\tSo sem menn venja ungmenni\u00f0 so leggur hann \u00fea\u00f0 ekki af \u00fe\u00e1 hann eldist. <span class=\"athugasemd\" title=\"Tamur er barnsvandinn\">[<\/span> <\/p>\n<p>\tR\u00edkur drottnari yfir f\u00e1t\u00e6kum og s\u00e1 sem \u00feiggur l\u00e1n er \u00fer\u00e6ll \u00feess sem l\u00e1na\u00f0i.<\/p>\n<p>\tHver rangl\u00e6ti ni\u00f0urs\u00e1ir s\u00e1 uppsker illt og af vendi sinnar illsku mun hann fyrirfarast. <span class=\"athugasemd\" title=\"S\u00edra. xxxi. Sup. xi.\">[<\/span> <\/p>\n<p>\tGott <span class=\"athugasemd\" title=\"a \/ (Auga) \/ \u00dea\u00f0 er, einn mildur ma\u00f0ur\">[<\/span> auga ver\u00f0ur blessa\u00f0 \u00fev\u00ed a\u00f0 \u00fea\u00f0 f\u00e6rir f\u00e1t\u00e6kum af s\u00ednu brau\u00f0i.<\/p>\n<p>\t\u00datsk\u00fafa h\u00e1\u00f0gj\u00f6rnum manni, \u00fe\u00e1 fer k\u00edfi\u00f0 burt og h\u00e6tta deilur og h\u00e1\u00f0ungar.<\/p>\n<p>\tHver hann hefur tr\u00fatt hjarta og lj\u00faflega r\u00e6\u00f0u \u00feess vinur er k\u00f3ngurinn.<\/p>\n<p>\tAugu Drottins geyma gott r\u00e1\u00f0 en forsm\u00e1narans or\u00f0um umturna \u00feau.<\/p>\n<p>\tS\u00e1 hinn lati segir: &#8222;Le\u00f3n er \u00fear \u00fati, kann ske eg ver\u00f0i <span class=\"athugasemd\" title=\"b \/ \u00dea\u00f0 eru kennife\u00f0ur og stj\u00f3rnendur og \u00fe\u00e9narar \u00feeir e\u00f0 ei vilja refinn elta um f\u00e6ra vegu og \u00f3f\u00e6ra\">[<\/span> drepinn \u00e1 mi\u00f0ju str\u00e6ti.&#8220;<\/p>\n<p>\tH\u00f3runnar munnur er ein dj\u00fap gr\u00f6f, hverjum Drottni er rei\u00f0ur s\u00e1 fellur \u00fear \u00ed.<\/p>\n<p>\tHeimskan er f\u00f3lgin \u00ed barnsins hjarta en hirtingarv\u00f6ndurinn rekur hana langt burt fr\u00e1 \u00fev\u00ed.<\/p>\n<p>\tHver e\u00f0 gj\u00f6rir rangt f\u00e1t\u00e6kum til \u00feess a\u00f0 auka s\u00edn au\u00f0\u00e6fi hann hl\u00fdtur og s\u00e9r r\u00edkara manni a\u00f0 gefa og \u00fe\u00f6rf a\u00f0 \u00feola.<\/p>\n<p>\tHneig \u00fe\u00edn eyru og heyr \u00fe\u00fa or\u00f0 vitra manna og tak \u00fe\u00e9r til hjarta m\u00edna kenning<\/p>\n<p>\t\u00fev\u00ed a\u00f0 \u00fea\u00f0 mun gj\u00f6ra \u00fe\u00e9r h\u00e6g\u00f0 ef \u00fe\u00fa geymir hana hj\u00e1 \u00fe\u00e9r og \u00f6llu mun fyrir \u00feinn munn vel r\u00e1\u00f0i\u00f0 ver\u00f0a. <span class=\"athugasemd\" title=\"\u00dea\u00f0 mun gagn gj\u00f6ra og hj\u00e1lpa \u00fe\u00e9r og \u00f6\u00f0rum\">[<\/span> <\/p>\n<p>\tA\u00f0 \u00feitt traust s\u00e9 \u00ed Drottni hl\u00fdt eg daglega \u00feig \u00e1 a\u00f0 minna sl\u00edkt \u00fe\u00e9r til g\u00f3\u00f0a.<\/p>\n<p>\tHef eg \u00fe\u00e9r ekki margfaldlega fyrirskrifa\u00f0 me\u00f0 r\u00e1\u00f0lagning og kenning<\/p>\n<p>\tsvo a\u00f0 eg s\u00fdndi \u00fe\u00e9r sannan grundv\u00f6ll sannleiksins svo \u00fe\u00fa kynnir \u00feeim r\u00e9tt a\u00f0 andsvara sem \u00feig senda?<\/p>\n<p>\tR\u00e6ntu ekki f\u00e1t\u00e6kan af \u00fev\u00ed hann er f\u00e1t\u00e6kur og ni\u00f0ur\u00ferykk \u00fe\u00fa ekki \u00feann hinn vesala \u00ed borgarhli\u00f0inu <span class=\"athugasemd\" title=\"Infra. xxiy.\">[<\/span> <\/p>\n<p>\t\u00fev\u00ed a\u00f0 Drottinn mun r\u00e9tta \u00feeirra s\u00f6k og f\u00f3ttro\u00f0a \u00feeirra f\u00f3ttro\u00f0endur.<\/p>\n<p>\tSamlaga \u00feig ekki vi\u00f0 rei\u00f0an mann og haf ekki dv\u00f6l hj\u00e1 grimmum manni,<\/p>\n<p>\telligar m\u00e1 ske \u00fe\u00fa l\u00e6rir hans vegu og f\u00e1ir \u00fear af hneyking s\u00e1lar \u00feinnar.<\/p>\n<p>\tVertu ekki hj\u00e1 \u00feeim sem binda hendur s\u00ednar og \u00ed borgun ganga fyrir skuldir <span class=\"athugasemd\" title=\"Sup. xi.\">[<\/span> <\/p>\n<p>\t\u00fev\u00ed a\u00f0 ef \u00fe\u00fa hefur ekki til a\u00f0 bitala \u00fe\u00e1 munu \u00feeir og \u00feinn be\u00f0 undan \u00fe\u00e9r \u00ed burt taka.<\/p>\n<p>\tF\u00e6r \u00fe\u00fa ekki \u00far sta\u00f0 \u00feau g\u00f6mlu landamerki sem gj\u00f6r\u00f0u fe\u00f0ur \u00fe\u00ednir. <span class=\"athugasemd\" title=\"Deut. 27 \/ Inf. 23 \/ Sup. 21\">[<\/span>\t<\/p>\n<p>\tS\u00e9r \u00fe\u00fa nokkurn mann \u00e1stundunarg\u00f3\u00f0an \u00ed s\u00ednum \u00fatvegum, hann mun standa fyrir k\u00f3nginum og hann mun ekki standa fyrir \u00feeim \u00f3g\u00f6fgu.<\/p>\n","protected":false},"excerpt":{"rendered":"<p>XXII. Gott rykti er betra en mikil au\u00f0\u00e6fi og g\u00f3\u00f0 hylli er betri en silfur og gull. [ R\u00edkir og f\u00e1t\u00e6kir eru hver annarra \u00e1 me\u00f0al, Drottinn hefur \u00fe\u00e1 hverutveggju gj\u00f6rt. Forsj\u00e1ll ma\u00f0ur s\u00e9r \u00f3lukkuna og leynir s\u00e9r en hinir bernsku ana fram og f\u00e1 ska\u00f0a. Hvar menn \u00feola fyri \u00f3tta Drottins \u00fear eru au\u00f0\u00e6fi, hei\u00f0ur og l\u00edf. \u00deyrnar og sn\u00f6rur eru \u00e1 vegi hins rangl\u00e1ta en hver sig tekur \u00fear langt fr\u00e1 s\u00e1 var\u00f0veitir sitt l\u00edf. So sem menn venja ungmenni\u00f0 so leggur hann \u00fea\u00f0 ekki af \u00fe\u00e1 hann eldist. [ R\u00edkur drottnari yfir f\u00e1t\u00e6kum og s\u00e1 sem \u00feiggur <a href=\"https:\/\/biblian.is\/gudbrandsbiblia\/ordskvidirnir-22-kafli\/\"> [&#8230;]<\/a><\/p>\n","protected":false},"author":1,"featured_media":0,"parent":0,"menu_order":0,"comment_status":"open","ping_status":"open","template":"bibliukaflar.php","meta":{"footnotes":""},"class_list":["post-3344","page","type-page","status-publish","hentry"],"_links":{"self":[{"href":"https:\/\/biblian.is\/gudbrandsbiblia\/wp-json\/wp\/v2\/pages\/3344","targetHints":{"allow":["GET"]}}],"collection":[{"href":"https:\/\/biblian.is\/gudbrandsbiblia\/wp-json\/wp\/v2\/pages"}],"about":[{"href":"https:\/\/biblian.is\/gudbrandsbiblia\/wp-json\/wp\/v2\/types\/page"}],"author":[{"embeddable":true,"href":"https:\/\/biblian.is\/gudbrandsbiblia\/wp-json\/wp\/v2\/users\/1"}],"replies":[{"embeddable":true,"href":"https:\/\/biblian.is\/gudbrandsbiblia\/wp-json\/wp\/v2\/comments?post=3344"}],"version-history":[{"count":0,"href":"https:\/\/biblian.is\/gudbrandsbiblia\/wp-json\/wp\/v2\/pages\/3344\/revisions"}],"wp:attachment":[{"href":"https:\/\/biblian.is\/gudbrandsbiblia\/wp-json\/wp\/v2\/media?parent=3344"}],"curies":[{"name":"wp","href":"https:\/\/api.w.org\/{rel}","templated":true}]}}