{"id":3343,"date":"2017-12-18T18:33:22","date_gmt":"2017-12-18T18:33:22","guid":{"rendered":"http:\/\/biblian.is\/gudbrandsbiblia\/ordskvidirnir-21-kafli\/"},"modified":"2017-12-18T18:33:22","modified_gmt":"2017-12-18T18:33:22","slug":"ordskvidirnir-21-kafli","status":"publish","type":"page","link":"https:\/\/biblian.is\/gudbrandsbiblia\/ordskvidirnir-21-kafli\/","title":{"rendered":"Or\u00f0skvi\u00f0irnir 21. kafli"},"content":{"rendered":"<p>XXI.<\/p>\n<p>\tK\u00f3ngsins hjarta er \u00ed hendi Drottins svo sem vatsl\u00e6kirnir og hann hneigir \u00fea\u00f0 hvert e\u00f0 hann vill.<\/p>\n<p>\tHverjum manni vir\u00f0ist r\u00e9ttur sinn vegur en Drottinn alleina gj\u00f6rir <span class=\"athugasemd\" title=\"a \/ (Efalaus) \/ Allt hva\u00f0 mann gj\u00f6rir eftir Gu\u00f0s b\u00edfalning \u00feess er ma\u00f0ur \u00f3efandi a\u00f0 \u00fea\u00f0 er r\u00e9\u00f0tt. En fyrir utan Gu\u00f0s or\u00f0 eru allir hlutir myrkvir, reikulir og \u00f3st\u00f6\u00f0ugir\">[<\/span> efalaus hj\u00f6rtun.<\/p>\n<p>\tD\u00f3m og r\u00e9ttindi a\u00f0 gj\u00f6ra er Drottni \u00fe\u00e6gilegra en offur.<\/p>\n<p>\tDrambs\u00f6m augu og dreissugt sinni og skri\u00f0lj\u00f3s \u00f3gu\u00f0r\u00e6kinna er synd.<\/p>\n<p>\tFyriraktan hins i\u00f0na orkar n\u00e6g\u00f0ar en s\u00e1 \u00feolir \u00fe\u00f6rf sem of hastur er.<\/p>\n<p>\tHver hann safnar s\u00e9r f\u00e9sj\u00f3\u00f0 me\u00f0 lygum hann mun fordjarfast og \u00feeim \u00ed hendur hrapa sem leita eftir hans dau\u00f0a.<\/p>\n<p>\tR\u00e1nskapur \u00f3gu\u00f0r\u00e6kinna mun skelfa \u00fe\u00e1 \u00fev\u00ed a\u00f0 \u00feeir vildu ekki gj\u00f6ra hva\u00f0 r\u00e9tt er.<\/p>\n<p>\tHver einn annan veg gengur s\u00e1 er hrekkv\u00eds en s\u00e1 sem framgengur \u00ed sinni b\u00edfalningu \u00feess verk eru r\u00e9tt.<\/p>\n<p>\tBetra er a\u00f0 b\u00faa \u00ed hyrningu undir einni h\u00fas\u00feekju en \u00ed einu h\u00fasi hj\u00e1 k\u00edfsamri konu. <span class=\"athugasemd\" title=\"Infra xxi. S\u00edra. xxv.\">[<\/span> <\/p>\n<p>\t\u00d6nd hins \u00f3milda \u00e6skir ills og ann s\u00ednum n\u00e1unga einskis.<\/p>\n<p>\tN\u00e6r hinn h\u00e1\u00f0gjarni ver\u00f0ur straffa\u00f0ur \u00fe\u00e1 hyggnast \u00feeir niu bernsku og n\u00e6r menn undirv\u00edsa hyggnum manni \u00fe\u00e1 ver\u00f0ur hann skynsamur.<\/p>\n<p>\tR\u00e9ttl\u00e1tur ma\u00f0ur hagar s\u00e9r <span class=\"athugasemd\" title=\"c \/ Eftird\u00e6mi er Dav\u00ed\u00f0 vi\u00f0 Saul\">[<\/span> viturlega vi\u00f0 h\u00fas hins \u00f3milda en \u00f3mildir menn hugsa ekki utan a\u00f0 gj\u00f6ra ska\u00f0a.<\/p>\n<p>\tHver s\u00edn eyru afturbyrgir fyri kalli hins f\u00e1t\u00e6ka hinn sami mun kalla og ekki heyr\u00f0ur ver\u00f0a.<\/p>\n<p>\t<span class=\"athugasemd\" title=\"d \/ Hver hann ekki hr\u00f3sar sinni g\u00e1fu. Math. vi. so sem far\u00edsearinn\">[<\/span> Heimugleg g\u00e1fa heftir rei\u00f0i og gj\u00f6f \u00ed skaut l\u00f6g\u00f0 \u00e1kafa grimmd.<\/p>\n<p>\t\u00dea\u00f0 er f\u00f6gnu\u00f0ur r\u00e9ttl\u00e1tum manni a\u00f0 gj\u00f6ra hva\u00f0 r\u00e9tt er en hr\u00e6\u00f0sla illgj\u00f6r\u00f0am\u00f6nnum.<\/p>\n<p>\tS\u00e1 ma\u00f0ur sem villist af viskunnar vegi mun bl\u00edfa \u00ed dau\u00f0ra manna s\u00f6fnu\u00f0i.<\/p>\n<p>\tHver hann fremur b\u00edl\u00edfi s\u00e1 mun \u00feola \u00fe\u00f6rf og hver hann elskar v\u00edn og vi\u00f0smj\u00f6r ver\u00f0ur aldrei r\u00edkur.<\/p>\n<p>\t\u00d3mildir menn hlj\u00f3ta fyrir r\u00e9ttl\u00e1ta straffa\u00f0ir a\u00f0 ver\u00f0a og forsm\u00e1narar fyrir r\u00e9ttv\u00edsa.<\/p>\n<p>\tBetra er a\u00f0 b\u00faa \u00e1 au\u00f0nulandi en \u00ed hj\u00e1 rei\u00f0inni og deilugjarnri konu.<\/p>\n<p>\t\u00cd h\u00fasi hyggins manns er girnilegur f\u00e9sj\u00f3\u00f0ur en f\u00e1v\u00eds ma\u00f0ur ey\u00f0ir s\u00ednu.<\/p>\n<p>\t<span class=\"athugasemd\" title=\"e \/ S\u00e6lir eru miskunnsamir. Math. v.\">[<\/span> Hver miskunnsemi og g\u00f3\u00f0girni eftirfylgir hann finnur l\u00edfi\u00f0, miskunn og hei\u00f0ur. <\/p>\n<p>\tVitur ma\u00f0ur vinnur borg <span class=\"athugasemd\" title=\"f \/ (Styrkva) \/ \u00deeir sem treysta upp \u00e1 s\u00edna eigin magt, \u00fear er engin lukka me\u00f0\">[<\/span> styrkva og steypir \u00feeirra magt fyrir \u00feeirra \u00f6ruggleika.<\/p>\n<p>\tHver hann var\u00f0veitir sinn munn og tungu hann var\u00f0veitir s\u00e1l s\u00edna fyrir kv\u00f6lum.<\/p>\n<p>\tS\u00e1 sem a\u00f0 er dreissugur og drambl\u00e1tur <span class=\"athugasemd\" title=\"g \/ (Lausingi) \/ \u00dea\u00f0 er, hann f\u00e6r eitt skammarlegt nafn og aldrei ver\u00f0ur hann a\u00f0 loflegum hei\u00f0ursmanni\">[<\/span> kallast einn lausingi, s\u00e1 er \u00ed rei\u00f0inni s\u00fdnir sinn metna\u00f0.<\/p>\n<p>\tLatur ma\u00f0ur deyr yfir sinni \u00f3sk \u00fev\u00ed a\u00f0 hans hendur vilja ekki vinna.<\/p>\n<p>\tDalega \u00f3skar hann en hinn r\u00e9ttl\u00e1ti gefur og segir ekki nei.<\/p>\n<p>\tF\u00f3rnir \u00f3mildra manna eru sv\u00edvir\u00f0ilegar \u00fev\u00ed a\u00f0 \u00fe\u00e6r eru \u00ed syndum offra\u00f0ar.<\/p>\n<p>\tEinn lj\u00fagvottur fyrirferst en s\u00e1 sem hl\u00fd\u00f0ir \u00f6\u00f0rum \u00feann l\u00e1ta menn og alla t\u00edma r\u00e6\u00f0a. <span class=\"athugasemd\" title=\"Deut. xix. \/ Sup. xix.\">[<\/span> <\/p>\n<p>\tHinn \u00f3mildi \u00ferengir s\u00e9r fram me\u00f0 h\u00f6f\u00f0inu en s\u00e1 sem r\u00e9ttv\u00eds er hans vegur stendur st\u00f6\u00f0ugur.<\/p>\n<p>\t\u00dear hj\u00e1lpar engin viska, engin skymsemd, ekkert r\u00e1\u00f0 \u00ed m\u00f3ti Drottni.<\/p>\n<p>\tHestar ver\u00f0a vel b\u00fanir til bardagans en sigurinn kemur af Drottni.<\/p>\n","protected":false},"excerpt":{"rendered":"<p>XXI. K\u00f3ngsins hjarta er \u00ed hendi Drottins svo sem vatsl\u00e6kirnir og hann hneigir \u00fea\u00f0 hvert e\u00f0 hann vill. Hverjum manni vir\u00f0ist r\u00e9ttur sinn vegur en Drottinn alleina gj\u00f6rir [ efalaus hj\u00f6rtun. D\u00f3m og r\u00e9ttindi a\u00f0 gj\u00f6ra er Drottni \u00fe\u00e6gilegra en offur. Drambs\u00f6m augu og dreissugt sinni og skri\u00f0lj\u00f3s \u00f3gu\u00f0r\u00e6kinna er synd. Fyriraktan hins i\u00f0na orkar n\u00e6g\u00f0ar en s\u00e1 \u00feolir \u00fe\u00f6rf sem of hastur er. Hver hann safnar s\u00e9r f\u00e9sj\u00f3\u00f0 me\u00f0 lygum hann mun fordjarfast og \u00feeim \u00ed hendur hrapa sem leita eftir hans dau\u00f0a. R\u00e1nskapur \u00f3gu\u00f0r\u00e6kinna mun skelfa \u00fe\u00e1 \u00fev\u00ed a\u00f0 \u00feeir vildu ekki gj\u00f6ra hva\u00f0 r\u00e9tt er. Hver einn <a href=\"https:\/\/biblian.is\/gudbrandsbiblia\/ordskvidirnir-21-kafli\/\"> [&#8230;]<\/a><\/p>\n","protected":false},"author":1,"featured_media":0,"parent":0,"menu_order":0,"comment_status":"open","ping_status":"open","template":"bibliukaflar.php","meta":{"footnotes":""},"class_list":["post-3343","page","type-page","status-publish","hentry"],"_links":{"self":[{"href":"https:\/\/biblian.is\/gudbrandsbiblia\/wp-json\/wp\/v2\/pages\/3343","targetHints":{"allow":["GET"]}}],"collection":[{"href":"https:\/\/biblian.is\/gudbrandsbiblia\/wp-json\/wp\/v2\/pages"}],"about":[{"href":"https:\/\/biblian.is\/gudbrandsbiblia\/wp-json\/wp\/v2\/types\/page"}],"author":[{"embeddable":true,"href":"https:\/\/biblian.is\/gudbrandsbiblia\/wp-json\/wp\/v2\/users\/1"}],"replies":[{"embeddable":true,"href":"https:\/\/biblian.is\/gudbrandsbiblia\/wp-json\/wp\/v2\/comments?post=3343"}],"version-history":[{"count":0,"href":"https:\/\/biblian.is\/gudbrandsbiblia\/wp-json\/wp\/v2\/pages\/3343\/revisions"}],"wp:attachment":[{"href":"https:\/\/biblian.is\/gudbrandsbiblia\/wp-json\/wp\/v2\/media?parent=3343"}],"curies":[{"name":"wp","href":"https:\/\/api.w.org\/{rel}","templated":true}]}}