{"id":3342,"date":"2017-12-18T18:33:22","date_gmt":"2017-12-18T18:33:22","guid":{"rendered":"http:\/\/biblian.is\/gudbrandsbiblia\/ordskvidirnir-20-kafli\/"},"modified":"2017-12-18T18:33:22","modified_gmt":"2017-12-18T18:33:22","slug":"ordskvidirnir-20-kafli","status":"publish","type":"page","link":"https:\/\/biblian.is\/gudbrandsbiblia\/ordskvidirnir-20-kafli\/","title":{"rendered":"Or\u00f0skvi\u00f0irnir 20. kafli"},"content":{"rendered":"<p>XX.<\/p>\n<p>\tV\u00edn gj\u00f6rir lausl\u00e1ta menn og sterkur drykkur <span class=\"athugasemd\" title=\"a \/ (Galda) \/ \u00dea\u00f0 er, asotia, gj\u00e1l\u00edfi, muna\u00f0l\u00edfi. Eph. v. Drekki\u00f0 y\u00f0ur ekki v\u00edndrukkna, \u00fear af kemur \u00f3t\u00e9rlegur e\u00f0ur galinn lifna\u00f0ur\">[<\/span> galda, hver \u00fear hefur lyst til ver\u00f0ur aldrei vitur.<\/p>\n<p>\tSkelfing konungsins er svo sem grenjan le\u00f3nsins, s\u00e1 hann styggir s\u00e1 syndgar vi\u00f0 sitt l\u00edf.<\/p>\n<p>\t\u00dea\u00f0 er manninum hei\u00f0ur a\u00f0 skilja sig vi\u00f0 deilurnar en \u00feeir e\u00f0 deila gjarnan \u00fea\u00f0 eru allt saman afglapar.<\/p>\n<p>\tFyrir kulda sakir vill <span class=\"athugasemd\" title=\"b \/ (Latur) \/ \u00dea\u00f0 eru \u00feeir kennimenn og valdstj\u00f3rnarmenn \u00feeir ekki flytja tr\u00falega sitt emb\u00e6tti og \u00f3ttast ofs\u00f3kn og m\u00f3tgang eru so sem latir h\u00fasb\u00e6ndur\">[<\/span> latur ma\u00f0ur ekki erja, \u00fear fyrir hl\u00fdtur hann um kornskur\u00f0art\u00edmann a\u00f0 bi\u00f0ja og ekki f\u00e1.<\/p>\n<p>\tEitt r\u00e1\u00f0 \u00ed hjarta manns er svo sem dj\u00fap v\u00f6tn en einn vitur ma\u00f0ur kann a\u00f0 sj\u00e1 hva\u00f0 hann meinar.<\/p>\n<p>\tMargir menn kallast <span class=\"athugasemd\" title=\"c \/ (G\u00f3\u00f0ur) \/ \u00dev\u00ed a\u00f0 hr\u00e6snin er mikil einnin \u00e1 me\u00f0al g\u00f3\u00f0ra verka. Menn halda margan fyrir g\u00f3\u00f0an og margan fyrir vondan sem \u00fe\u00f3 eigi eru svo. \u00dear fyrir haf ekki traust \u00e1 neinum manni\">[<\/span> g\u00f3\u00f0ir en hver vill finna \u00feann sem r\u00e9ttilega g\u00f3\u00f0ur er?<\/p>\n<p>\tR\u00e9ttl\u00e1tur ma\u00f0ur s\u00e1 framgengur \u00ed s\u00ednum einfaldleik, \u00feess b\u00f6rnum mun vel vegna eftir hann.<\/p>\n<p>\tK\u00f3ngur s\u00e1 e\u00f0 situr \u00ed s\u00ednu d\u00f3mss\u00e6ti tv\u00edstrar \u00f6llu illu me\u00f0 s\u00ednu tilliti.<\/p>\n<p>\tHver m\u00e1 segja: &#8222;Hreinn er eg \u00ed m\u00ednu hjarta og kl\u00e1r af minni synd&#8220;? <span class=\"athugasemd\" title=\"iy. Reg. viy. \/ Eccl. vy. \/ i. J\u00f3h. i.\">[<\/span> <\/p>\n<p>\tMargh\u00e1ttu\u00f0 borg og m\u00e6ling er hverttveggja fyrir Gu\u00f0i andstyggilegt.<\/p>\n<p>\tEitt ungmenni kenna menn af sinni i\u00f0ni, hvert hann vill vera g\u00f3\u00f0ur og hreinfer\u00f0ugur. <span class=\"athugasemd\" title=\"Tamur er barnsvandinn\">[<\/span> <\/p>\n<p>\tHeyranda eyra og sj\u00e1andi auga \u00fea\u00f0 gj\u00f6rir Drottinn hvorttveggja.<\/p>\n<p>\tElska ekki svefninn svo \u00fe\u00fa ver\u00f0ir ekki f\u00e1t\u00e6kur, halt opnum \u00fe\u00ednum augum, \u00fe\u00e1 muntu brau\u00f0s n\u00e6g\u00f0 hafa. <span class=\"athugasemd\" title=\"Sup. vi. Infra xxiiy.\">[<\/span> <\/p>\n<p>\t&#8222;\u00dea\u00f0 er vont, \u00fea\u00f0 er vont&#8220; segja menn \u00fe\u00e1 \u00feeir hafa \u00fea\u00f0 en \u00fe\u00e1 \u00fea\u00f0 er \u00ed burt bera menn \u00fev\u00ed pr\u00eds.<\/p>\n<p>\t\u00dear er gull og fj\u00f6ldi gimsteina en bitur munnur er kostulegt clenodium.<\/p>\n<p>\tTak \u00fe\u00fa kl\u00e6\u00f0i \u00feess sem fyrir annan \u00ed borgun gengur og pantset \u00fea\u00f0 fyrir sakir hins okieda.<\/p>\n<p>\tRangfengi\u00f0 brau\u00f0 smakkar hverjum manni vel en \u00fear eftir fyllist hans munnur upp me\u00f0 sandsteina.<\/p>\n<p>\tUpps\u00e1tur standast n\u00e6r \u00feau byrjast me\u00f0 r\u00e1\u00f0i og \u00f6rl\u00f6g skulu menn fremja me\u00f0 skynsemd.<\/p>\n<p>\tSamlaga \u00feig ekki vi\u00f0 \u00feann mann sem leyndarm\u00e1l opinberar og vi\u00f0 bakm\u00e1luga og falsmunna.<\/p>\n<p>\tHver hann b\u00f6lvar s\u00ednum f\u00f6\u00f0ur og sinni m\u00f3\u00f0ur, \u00feess lj\u00f3s mun \u00fat slokkna \u00ed mi\u00f0jum myrkrunum. <span class=\"athugasemd\" title=\"Exod. xxi \/ Levit. xx \/ Deut. xxvy. \/ Math. xv.\">[<\/span>  <\/p>\n<p>\tS\u00fa erf\u00f0 sem menn <span class=\"athugasemd\" title=\"d \/ (Hlaupa) \/ Svo sem \u00feau b\u00f6rn gj\u00f6ra er gjarnan s\u00e6i s\u00edna fr\u00e6ndur og foreldra dau\u00f0a vera. Item, \u00feeir sem annarra manna eigur me\u00f0 nokkru yfirvarpi undir sig draga \u00ed m\u00f3ti \u00fev\u00ed x. bo\u00f0or\u00f0i\">[<\/span> hlaupa miki\u00f0 eftir \u00ed fyrstu mun um s\u00ed\u00f0ir blessanar \u00fearnast.<\/p>\n<p>\tSeg ekki svo: ,Eg skal launa aftur illt.&#8220; B\u00ed\u00f0 heldur Drottins, hann mun hj\u00e1lpa \u00fe\u00e9r. <span class=\"athugasemd\" title=\"Sup. xcy \/ R\u00f3m. xy. \/ i. P\u00e9t. iy. \/ i. Thess. v.\">[<\/span> <\/p>\n<p>\tMargh\u00e1ttu\u00f0 vigt er Drottni sv\u00edvir\u00f0ileg og r\u00f6ng vog er ekki g\u00f3\u00f0.<\/p>\n<p>\tHvers eins manns gangur kemur af Drottni, hver er s\u00e1 ma\u00f0ur sem skilur sinn veg?<\/p>\n<p>\t\u00dea\u00f0 er manninum snara a\u00f0 lasta \u00feann <span class=\"athugasemd\" title=\"sword Gu\u00f0s or\u00f0 e\u00f0ur hans nafn og gefa s\u00ed\u00f0an \u00f6lmusu, bi\u00f0ja og fasta\">[<\/span> heilaga og \u00fear eftir \u00e1 \u00e1heit a\u00f0 gj\u00f6ra.<\/p>\n<p>\tEinn v\u00eds k\u00f3ngur tv\u00edstrar \u00feeim \u00f3mildu og f\u00e6rir hj\u00f3l yfir \u00fe\u00e1.<\/p>\n<p>\t<span class=\"athugasemd\" title=\"e \/ Gu\u00f0s huggun og g\u00f3\u00f0vild\">[<\/span> Skri\u00f0lj\u00f3s Drottins er m\u00f6nnum l\u00edf og andi, \u00fea\u00f0 gengur \u00ed gegnum allt hjarta\u00f0.<\/p>\n<p>\tG\u00f3\u00f0girni og sannindi var\u00f0veita k\u00f3nginn og hans h\u00e1s\u00e6ti styrkist fyrir g\u00f3\u00f0girnina.<\/p>\n<p>\tUngd\u00f3msins styrkleikur er hans hei\u00f0ur og \u00feau gr\u00e1u h\u00e1rin eru pr\u00fd\u00f0isfegur\u00f0 hinna g\u00f6mlu.<\/p>\n<p>\tMenn hlj\u00f3ta a\u00f0 hamla \u00feeim vondu me\u00f0 str\u00f6ngu straffi og me\u00f0 alvarlegum h\u00f6ggum svo \u00feeir kenni til.<\/p>\n","protected":false},"excerpt":{"rendered":"<p>XX. V\u00edn gj\u00f6rir lausl\u00e1ta menn og sterkur drykkur [ galda, hver \u00fear hefur lyst til ver\u00f0ur aldrei vitur. Skelfing konungsins er svo sem grenjan le\u00f3nsins, s\u00e1 hann styggir s\u00e1 syndgar vi\u00f0 sitt l\u00edf. \u00dea\u00f0 er manninum hei\u00f0ur a\u00f0 skilja sig vi\u00f0 deilurnar en \u00feeir e\u00f0 deila gjarnan \u00fea\u00f0 eru allt saman afglapar. Fyrir kulda sakir vill [ latur ma\u00f0ur ekki erja, \u00fear fyrir hl\u00fdtur hann um kornskur\u00f0art\u00edmann a\u00f0 bi\u00f0ja og ekki f\u00e1. Eitt r\u00e1\u00f0 \u00ed hjarta manns er svo sem dj\u00fap v\u00f6tn en einn vitur ma\u00f0ur kann a\u00f0 sj\u00e1 hva\u00f0 hann meinar. Margir menn kallast [ g\u00f3\u00f0ir en hver vill <a href=\"https:\/\/biblian.is\/gudbrandsbiblia\/ordskvidirnir-20-kafli\/\"> [&#8230;]<\/a><\/p>\n","protected":false},"author":1,"featured_media":0,"parent":0,"menu_order":0,"comment_status":"open","ping_status":"open","template":"bibliukaflar.php","meta":{"footnotes":""},"class_list":["post-3342","page","type-page","status-publish","hentry"],"_links":{"self":[{"href":"https:\/\/biblian.is\/gudbrandsbiblia\/wp-json\/wp\/v2\/pages\/3342","targetHints":{"allow":["GET"]}}],"collection":[{"href":"https:\/\/biblian.is\/gudbrandsbiblia\/wp-json\/wp\/v2\/pages"}],"about":[{"href":"https:\/\/biblian.is\/gudbrandsbiblia\/wp-json\/wp\/v2\/types\/page"}],"author":[{"embeddable":true,"href":"https:\/\/biblian.is\/gudbrandsbiblia\/wp-json\/wp\/v2\/users\/1"}],"replies":[{"embeddable":true,"href":"https:\/\/biblian.is\/gudbrandsbiblia\/wp-json\/wp\/v2\/comments?post=3342"}],"version-history":[{"count":0,"href":"https:\/\/biblian.is\/gudbrandsbiblia\/wp-json\/wp\/v2\/pages\/3342\/revisions"}],"wp:attachment":[{"href":"https:\/\/biblian.is\/gudbrandsbiblia\/wp-json\/wp\/v2\/media?parent=3342"}],"curies":[{"name":"wp","href":"https:\/\/api.w.org\/{rel}","templated":true}]}}