{"id":3341,"date":"2017-12-18T18:33:22","date_gmt":"2017-12-18T18:33:22","guid":{"rendered":"http:\/\/biblian.is\/gudbrandsbiblia\/ordskvidirnir-19-kafli\/"},"modified":"2017-12-18T18:33:22","modified_gmt":"2017-12-18T18:33:22","slug":"ordskvidirnir-19-kafli","status":"publish","type":"page","link":"https:\/\/biblian.is\/gudbrandsbiblia\/ordskvidirnir-19-kafli\/","title":{"rendered":"Or\u00f0skvi\u00f0irnir 19. kafli"},"content":{"rendered":"<p>XIX.<\/p>\n<p>\tBetri er s\u00e1 f\u00e1t\u00e6kur sem framgengur \u00ed s\u00ednum einfaldleik heldur en rangsn\u00fainn ma\u00f0ur me\u00f0 s\u00ednum v\u00f6rum sem \u00fe\u00f3 er f\u00e1v\u00eds. <span class=\"athugasemd\" title=\"Infra xxviy.\">[<\/span> <\/p>\n<p>\t\u00dear menn umganga ekki me\u00f0 skynsemd fer ekki vel <span class=\"athugasemd\" title=\"a \/ \u00dev\u00ed h\u00e9r hl\u00fdtur mann a\u00f0 l\u00ed\u00f0a\">[<\/span> fram og hver me\u00f0 f\u00f3tunum er flj\u00f3tur gj\u00f6rir ska\u00f0a.<\/p>\n<p>\tF\u00e1viska mannsins umsn\u00fdr hans vegi so a\u00f0 hans hjarta gremjist \u00ed m\u00f3ti Drottni.<\/p>\n<p>\tAu\u00f0\u00e6fi gj\u00f6ra marga vini en f\u00e1t\u00e6kur ma\u00f0ur ver\u00f0ur af s\u00ednum vinum forl\u00e1tinn.<\/p>\n<p>\tEinn lj\u00fagvottur bl\u00edfur ekki \u00f3hegndur og s\u00e1 sem einar\u00f0lega framber lygi mun ekki undan hlaupa. <span class=\"athugasemd\" title=\"Deut. xix. Infra xxi.\">[<\/span> <\/p>\n<p>\tMargur tekur vara upp \u00e1 h\u00f6f\u00f0ingjans pers\u00f3nu og allir eru vinir \u00feess sem g\u00e1fur gefur.<\/p>\n<p>\tF\u00e1t\u00e6kan mann hata allir hans br\u00e6\u00f0ur, \u00fear me\u00f0 \u00fe\u00e1 firrast hann og hans vinir og s\u00e1 sig forl\u00e6tur upp \u00e1 or\u00f0 ein hefur ekkert.<\/p>\n<p>\tS\u00e1 sem skynsamur er hefur <span class=\"athugasemd\" title=\"a \/ (K\u00e6r) \/ Hann vaktar sig vi\u00f0 h\u00e1skasemdum, tr\u00fair ekki f\u00f6grum or\u00f0um\">[<\/span> k\u00e6rt sitt l\u00edf og forsj\u00e1ll ma\u00f0ur finnur nokku\u00f0 gott.<\/p>\n<p>\tEinn falsvottur bl\u00edfur ekki \u00f3straffa\u00f0ur og s\u00e1 sem fr\u00edlega talar lyg\u00f0 mun fyrirfarast.<\/p>\n<p>\tF\u00e1v\u00edsum manni heyrir illa a\u00f0 hafa g\u00f3\u00f0a daga og miklu mi\u00f0ur einum \u00fer\u00e6l a\u00f0 drottna yfir h\u00f6f\u00f0ingjum.<\/p>\n<p>\tS\u00e1 sem a\u00f0 er \u00feolinm\u00f3\u00f0ur han er hygginn ma\u00f0ur og \u00fea\u00f0 er honum hei\u00f0ur a\u00f0 hann l\u00e6st \u00f3dygg\u00f0ina ekki vita.<\/p>\n<p>\tRei\u00f0i k\u00f3ngsins er sem <span class=\"athugasemd\" title=\"c \/ Hann ber ekki sver\u00f0i\u00f0 forgefins\">[<\/span> grenjan ungs le\u00f3ns en hans hylli er sem d\u00f6gg \u00e1 grasi. <span class=\"athugasemd\" title=\"R\u00f3m. xiy.\">[<\/span>  <\/p>\n<p>\tF\u00e1v\u00eds sonur er s\u00edns f\u00f6\u00f0urs h\u00f6rmung og k\u00edfin kona er sem ein drj\u00fapandi h\u00fas\u00feekja.<\/p>\n<p>\tH\u00fas og au\u00f0\u00e6fi f\u00e1st eftir foreldrana en skyns\u00f6m kona kemur af Drottni. <span class=\"athugasemd\" title=\"Sup. xciy.\">[<\/span> <\/p>\n<p>\tLeti gj\u00f6rir svefn og i\u00f0julaus s\u00e1l mun hungur \u00feola. <span class=\"athugasemd\" title=\"Sup. vi.\">[<\/span> <\/p>\n<p>\tHver bo\u00f0or\u00f0i\u00f0 var\u00f0veitir hann var\u00f0veitir sitt l\u00edf en s\u00e1 s\u00ednum vegi gleymir mun <span class=\"athugasemd\" title=\"d \/ (Deyja) \/ \u00dea\u00f0 er, hann kemur \u00ed hendur b\u00f6\u00f0linum og \u00ed g\u00e1lgann \u00fev\u00ed \u00f3hl\u00fd\u00f0in b\u00f6rn hlaupa ekki \u00far hans h\u00f6ndum\">[<\/span> deyja.<\/p>\n<p>\tHver f\u00e1t\u00e6kum miskunnar s\u00e1 l\u00e1nar Drottni, hann mun \u00fea\u00f0 g\u00f3\u00f0u endurgjalda.<\/p>\n<p>\tTytta \u00fe\u00fa son \u00feinn \u00e1 me\u00f0an nokkur von er fyrir h\u00f6ndum en l\u00e1t \u00fe\u00fa ekki s\u00e1l \u00fe\u00edna ver\u00f0a til hr\u00e6r\u00f0a a\u00f0 drepa hann. <span class=\"athugasemd\" title=\"S\u00e1l. xli. Sup. xiy.\">[<\/span> <\/p>\n<p>\t\u00dev\u00ed a\u00f0 mikill grimmleiki gj\u00f6rir ska\u00f0a, \u00fear fyrir gef hann lausan, so kanntu hann betur a\u00f0 aga.<\/p>\n<p>\tHl\u00fd\u00f0 \u00fe\u00fa r\u00e1\u00f0leggingunni og me\u00f0tak \u00e1v\u00edtanina so a\u00f0 s\u00ed\u00f0ar meir ver\u00f0ir \u00fe\u00fa hygginn. <span class=\"athugasemd\" title=\"Sup. xvi.\">[<\/span> <\/p>\n<p>\t\u00dear eru margar r\u00e1\u00f0agj\u00f6r\u00f0ir \u00ed eins manns hjarta en r\u00e1\u00f0 Drottins stendur st\u00f6\u00f0ugt.<\/p>\n<p>\tEinn mann pr\u00fd\u00f0a hans velgj\u00f6r\u00f0ir og betri er einn f\u00e1t\u00e6kur en einn lj\u00fagari.<\/p>\n<p>\t\u00d3tti Drottins sto\u00f0ar til l\u00edfsins og mun saddur ver\u00f0a svo ekkert mun hann illt heims\u00e6kja.<\/p>\n<p>\tLatur ma\u00f0ur stingur hendinni \u00ed barminn og kann hana ekki a\u00f0 <span class=\"athugasemd\" title=\"e \/ (Munninum) \/ Svo sem m\u00e1lt\u00e6ki er: Hann er svo latur hann nennir ekki a\u00f0 mata sig fyrir letinni, \u00fe\u00f3 a\u00f0 maturinn standi fyrir honum e\u00f0ur s\u00e9 \u00e1 fatinu. En hann meinar kennife\u00f0ur, stj\u00f3rnendur, \u00fej\u00f3nustuf\u00f3lk, \u00feeir e\u00f0 letilega gj\u00f6ra sitt emb\u00e6tti \u00fe\u00f3 a\u00f0 \u00feeim s\u00e9 \u00fea\u00f0 au\u00f0veldlega lafh\u00e6gt\">[<\/span> munninum a\u00f0 bera. <span class=\"athugasemd\" title=\"Sup. vi. Infra. xxiiy.\">[<\/span> <\/p>\n<p>\tEf ma\u00f0ur sl\u00e6r hinn h\u00e1\u00f0gjarna \u00fe\u00e1 for\u00f0ast hinn bernski en ef \u00fe\u00fa hirtir skynsaman mann \u00fe\u00e1 ver\u00f0ur hann hygginn.<\/p>\n<p>\tHver f\u00f6\u00f0urinn \u00f3n\u00e1\u00f0ar og burtrekur m\u00f3\u00f0urina, hann er eitt skammarlegt og b\u00f6lva\u00f0 barn. <span class=\"athugasemd\" title=\"Sup. x. xv. xvy.\">[<\/span> <\/p>\n<p>\tH\u00e6ttu, son minn, a\u00f0 hl\u00fd\u00f0a \u00feeim aga sem fr\u00e1 lei\u00f0ir skynsamlegum l\u00e6rd\u00f3mi.<\/p>\n<p>\tEinn lj\u00fagvottur spottar r\u00e9ttinn og \u00f3mildra manna munnur gleypir \u00f3r\u00e9ttinn.<\/p>\n<p>\t<span class=\"athugasemd\" title=\"f \/ (H\u00e1\u00f0gj\u00f6rnum) \/ \u00de\u00e1 inu vondu, \u00f3hl\u00fd\u00f0nu sk\u00e1la mun hengjarinn str\u00fdkja, \u00fear lenda \u00feeir vissulega\">[<\/span> H\u00e1\u00f0gj\u00f6rnum m\u00f6nnum eru hefndir rei\u00f0ub\u00fanar og h\u00f6gg \u00e1 hrygginn heimskra manna.<\/p>\n","protected":false},"excerpt":{"rendered":"<p>XIX. Betri er s\u00e1 f\u00e1t\u00e6kur sem framgengur \u00ed s\u00ednum einfaldleik heldur en rangsn\u00fainn ma\u00f0ur me\u00f0 s\u00ednum v\u00f6rum sem \u00fe\u00f3 er f\u00e1v\u00eds. [ \u00dear menn umganga ekki me\u00f0 skynsemd fer ekki vel [ fram og hver me\u00f0 f\u00f3tunum er flj\u00f3tur gj\u00f6rir ska\u00f0a. F\u00e1viska mannsins umsn\u00fdr hans vegi so a\u00f0 hans hjarta gremjist \u00ed m\u00f3ti Drottni. Au\u00f0\u00e6fi gj\u00f6ra marga vini en f\u00e1t\u00e6kur ma\u00f0ur ver\u00f0ur af s\u00ednum vinum forl\u00e1tinn. Einn lj\u00fagvottur bl\u00edfur ekki \u00f3hegndur og s\u00e1 sem einar\u00f0lega framber lygi mun ekki undan hlaupa. [ Margur tekur vara upp \u00e1 h\u00f6f\u00f0ingjans pers\u00f3nu og allir eru vinir \u00feess sem g\u00e1fur gefur. F\u00e1t\u00e6kan mann hata <a href=\"https:\/\/biblian.is\/gudbrandsbiblia\/ordskvidirnir-19-kafli\/\"> [&#8230;]<\/a><\/p>\n","protected":false},"author":1,"featured_media":0,"parent":0,"menu_order":0,"comment_status":"open","ping_status":"open","template":"bibliukaflar.php","meta":{"footnotes":""},"class_list":["post-3341","page","type-page","status-publish","hentry"],"_links":{"self":[{"href":"https:\/\/biblian.is\/gudbrandsbiblia\/wp-json\/wp\/v2\/pages\/3341","targetHints":{"allow":["GET"]}}],"collection":[{"href":"https:\/\/biblian.is\/gudbrandsbiblia\/wp-json\/wp\/v2\/pages"}],"about":[{"href":"https:\/\/biblian.is\/gudbrandsbiblia\/wp-json\/wp\/v2\/types\/page"}],"author":[{"embeddable":true,"href":"https:\/\/biblian.is\/gudbrandsbiblia\/wp-json\/wp\/v2\/users\/1"}],"replies":[{"embeddable":true,"href":"https:\/\/biblian.is\/gudbrandsbiblia\/wp-json\/wp\/v2\/comments?post=3341"}],"version-history":[{"count":0,"href":"https:\/\/biblian.is\/gudbrandsbiblia\/wp-json\/wp\/v2\/pages\/3341\/revisions"}],"wp:attachment":[{"href":"https:\/\/biblian.is\/gudbrandsbiblia\/wp-json\/wp\/v2\/media?parent=3341"}],"curies":[{"name":"wp","href":"https:\/\/api.w.org\/{rel}","templated":true}]}}