{"id":3339,"date":"2017-12-18T18:33:22","date_gmt":"2017-12-18T18:33:22","guid":{"rendered":"http:\/\/biblian.is\/gudbrandsbiblia\/ordskvidirnir-17-kafli\/"},"modified":"2017-12-18T18:33:22","modified_gmt":"2017-12-18T18:33:22","slug":"ordskvidirnir-17-kafli","status":"publish","type":"page","link":"https:\/\/biblian.is\/gudbrandsbiblia\/ordskvidirnir-17-kafli\/","title":{"rendered":"Or\u00f0skvi\u00f0irnir 17. kafli"},"content":{"rendered":"<p>XVII.<\/p>\n<p>\tBetri er einn \u00feurr biti \u00fea\u00f0 ma\u00f0ur l\u00e6tur s\u00e9r me\u00f0 n\u00e6gja heldur en fullt h\u00fas sl\u00e1turs me\u00f0 hatri. <span class=\"athugasemd\" title=\"Sup. xv. \/ S\u00edra. x.\">[<\/span> <\/p>\n<p>\tVitur \u00fer\u00e6ll mun drottna yfir \u00f3\u00ferifnum erfingja og skiptir erf\u00f0inni br\u00e6\u00f0ra \u00e1 milli.<\/p>\n<p>\tSo sem eldurinn reynir silfri\u00f0 og ofninn gulli\u00f0 svo l\u00edka reynir Drottinn hj\u00f6rtun.<\/p>\n<p>\tIllur ma\u00f0ur hl\u00fd\u00f0ir illum munni og sviksamur ma\u00f0ur heyrir gjarnan ska\u00f0samlegar r\u00e6\u00f0ur.<\/p>\n<p>\tHver hann spottar f\u00e1t\u00e6kan s\u00e1 h\u00e6\u00f0ir \u00feess hins sama skapara og hver hann hlakkar yfir hans \u00f3f\u00f6rum mun ekki \u00f3refsa\u00f0ur vera. <span class=\"athugasemd\" title=\"Sup. xiiy.\">[<\/span> <\/p>\n<p>\tK\u00f3r\u00f3na hinna \u00f6ldru\u00f0u eru barnab\u00f6rnin og barnanna hei\u00f0ur er \u00feeirra fe\u00f0ur.<\/p>\n<p>\tEkki h\u00e6fir heimskum manni a\u00f0 tala af h\u00e1vum hlutum, miklu mi\u00f0ur einum h\u00f6f\u00f0ingja a\u00f0 hann lj\u00fagi gjarna.<\/p>\n<p>\tG\u00e1fan er g\u00f6fuglegur gimsteinn \u00feeim e\u00f0 hana hefur, hvert sem hann sn\u00fdst \u00fe\u00e1 er hann hygginn haldinn.<\/p>\n<p>\tS\u00e1 sem hylur yfir misgj\u00f6r\u00f0ina gj\u00f6rir vinskap en s\u00e1 sem s\u00f6kina <span class=\"athugasemd\" title=\"a \/ (opinberar) \/ \u00dea\u00f0 er, \u00e1minnir, angrar og upp aftur r\u00edfur\">[<\/span> opinberar gj\u00f6rir h\u00f6f\u00f0ingjana \u00f3sam\u00feykka.<\/p>\n<p>\tStr\u00f6ffun skelfir meir hygginn en hundra\u00f0 h\u00f6gg heimskan.<\/p>\n<p>\tBeisklunda\u00f0ur ma\u00f0ur leitar ska\u00f0a a\u00f0 gj\u00f6ra en einn \u00f3gurlegur engill mun yfir hann koma.<\/p>\n<p>\tBetra er a\u00f0 m\u00e6ta bjarnd\u00fdri \u00fev\u00ed sem r\u00e6nt er s\u00ednum h\u00fanum heldur en heimskum manni \u00ed sinni heimsku. <span class=\"athugasemd\" title=\"Hosee xiy.\">[<\/span> <\/p>\n<p>\tHver e\u00f0 gott illu launar, af \u00feess h\u00fasi mun ekki illt hverfa. <span class=\"athugasemd\" title=\"R\u00f3m. xy. \/ i. P\u00e9t. iy. \/ i. Thess. v.\">[<\/span> <\/p>\n<p>\tHver deilur uppbyrjar er l\u00edka sem s\u00e1 e\u00f0 r\u00edfur upp fyrir vatninu d\u00edkisgar\u00f0inn. <span class=\"athugasemd\" title=\"1. P\u00e9t. iy.\">[<\/span> H\u00e6ttu af deilunni fyrr en \u00fe\u00fa ver\u00f0ur \u00fear \u00ed vaf\u00f0ur.<\/p>\n<p>\tHver hann r\u00e9ttl\u00e6tir \u00f3mildan og fyrird\u00e6mir r\u00e9ttl\u00e1tan, \u00feeir eru b\u00e1\u00f0ir fyrir Drottni sv\u00edvir\u00f0ilegir. <span class=\"athugasemd\" title=\"Esa. v.\">[<\/span> <\/p>\n<p>\tHva\u00f0 skulu f\u00e1v\u00edsum peningar \u00ed hendi til a\u00f0 kaupa visku fyrst hann er einn d\u00e1ri?<\/p>\n<p>\tS\u00e1 sem a\u00f0 vinur er elskar \u00e1vallt og einn br\u00f3\u00f0ur ver\u00f0ur \u00ed ney\u00f0inni reyndur. <span class=\"athugasemd\" title=\"i. P\u00e9t. iy.\">[<\/span> <\/p>\n<p>\tS\u00e1 er einn d\u00e1ri sem \u00fat \u00ed h\u00f6ndina lofar og \u00ed borgan gengur fyrir sinn n\u00e1unga. <span class=\"athugasemd\" title=\"Sup. vi.\">[<\/span> <\/p>\n<p>\tHver hann elskar deilur hann elskar synd og s\u00e1 h\u00e1var gj\u00f6rir s\u00ednar dyr stundar eftir \u00f3lukku.<\/p>\n<p>\tHrekkv\u00edst hjarta finnur ekkert gott og s\u00e1 hann hefur rangsn\u00fana tungu fellur \u00ed \u00f3hamingju.<\/p>\n<p>\tHver hann uppelur afglapa hefur m\u00f3tgang og fa\u00f0ir d\u00e1rlegs manns hefur \u00f6ngva gle\u00f0i. <span class=\"athugasemd\" title=\"Sup. x. \/ Infra xix.\">[<\/span> <\/p>\n<p>\tGla\u00f0v\u00e6rt hjarta gj\u00f6rir l\u00edfi\u00f0 lystilegt en hrygginn hugur gj\u00f6rir beinin visin. <span class=\"athugasemd\" title=\"Sup. xv.\">[<\/span> <\/p>\n<p>\t\u00d3mildur ma\u00f0ur \u00feiggur gjarna heimuglegar g\u00e1fur til a\u00f0 umhverfa vegi r\u00e9ttarins. <span class=\"athugasemd\" title=\"Exod. xxiy. \/ Infra xxiiy.\">[<\/span> <\/p>\n<p>\tForsj\u00e1ll ma\u00f0ur hefur hyggilegt yfirbrag\u00f0 en heimskur g\u00f3nir augunum hinga\u00f0 og \u00feanga\u00f0. <span class=\"athugasemd\" title=\"Eccl. y.\">[<\/span> <\/p>\n<p>\tF\u00e1v\u00eds sonur er f\u00f6\u00f0ursins harmur og hrygg\u00f0 sinnar m\u00f3\u00f0ur sem hann f\u00e6tt hefur. <span class=\"athugasemd\" title=\"Sup. x. \/ Infra. xix.\">[<\/span> <\/p>\n<p>\t\u00dea\u00f0 er ei gott a\u00f0 gj\u00f6ra r\u00e9ttl\u00e1tum manni ska\u00f0a og sl\u00e1 h\u00f6f\u00f0ingja \u00feann sem r\u00e9ttd\u00e6mur er.<\/p>\n<p>\tSkynsamur ma\u00f0ur stillir s\u00edna r\u00e6\u00f0u og vel vitugur ma\u00f0ur er d\u00fdrm\u00e6t s\u00e1l. <span class=\"athugasemd\" title=\"Jakob. i.\">[<\/span> <\/p>\n<p>\tEf f\u00e1v\u00eds ma\u00f0ur \u00feeg\u00f0i \u00fe\u00e1 v\u00e6ri hann vitur haldinn og skynsamur ef hann s\u00ednum munni aftur h\u00e9ldi.<\/p>\n","protected":false},"excerpt":{"rendered":"<p>XVII. Betri er einn \u00feurr biti \u00fea\u00f0 ma\u00f0ur l\u00e6tur s\u00e9r me\u00f0 n\u00e6gja heldur en fullt h\u00fas sl\u00e1turs me\u00f0 hatri. [ Vitur \u00fer\u00e6ll mun drottna yfir \u00f3\u00ferifnum erfingja og skiptir erf\u00f0inni br\u00e6\u00f0ra \u00e1 milli. So sem eldurinn reynir silfri\u00f0 og ofninn gulli\u00f0 svo l\u00edka reynir Drottinn hj\u00f6rtun. Illur ma\u00f0ur hl\u00fd\u00f0ir illum munni og sviksamur ma\u00f0ur heyrir gjarnan ska\u00f0samlegar r\u00e6\u00f0ur. Hver hann spottar f\u00e1t\u00e6kan s\u00e1 h\u00e6\u00f0ir \u00feess hins sama skapara og hver hann hlakkar yfir hans \u00f3f\u00f6rum mun ekki \u00f3refsa\u00f0ur vera. [ K\u00f3r\u00f3na hinna \u00f6ldru\u00f0u eru barnab\u00f6rnin og barnanna hei\u00f0ur er \u00feeirra fe\u00f0ur. Ekki h\u00e6fir heimskum manni a\u00f0 tala af h\u00e1vum hlutum, <a href=\"https:\/\/biblian.is\/gudbrandsbiblia\/ordskvidirnir-17-kafli\/\"> [&#8230;]<\/a><\/p>\n","protected":false},"author":1,"featured_media":0,"parent":0,"menu_order":0,"comment_status":"open","ping_status":"open","template":"bibliukaflar.php","meta":{"footnotes":""},"class_list":["post-3339","page","type-page","status-publish","hentry"],"_links":{"self":[{"href":"https:\/\/biblian.is\/gudbrandsbiblia\/wp-json\/wp\/v2\/pages\/3339","targetHints":{"allow":["GET"]}}],"collection":[{"href":"https:\/\/biblian.is\/gudbrandsbiblia\/wp-json\/wp\/v2\/pages"}],"about":[{"href":"https:\/\/biblian.is\/gudbrandsbiblia\/wp-json\/wp\/v2\/types\/page"}],"author":[{"embeddable":true,"href":"https:\/\/biblian.is\/gudbrandsbiblia\/wp-json\/wp\/v2\/users\/1"}],"replies":[{"embeddable":true,"href":"https:\/\/biblian.is\/gudbrandsbiblia\/wp-json\/wp\/v2\/comments?post=3339"}],"version-history":[{"count":0,"href":"https:\/\/biblian.is\/gudbrandsbiblia\/wp-json\/wp\/v2\/pages\/3339\/revisions"}],"wp:attachment":[{"href":"https:\/\/biblian.is\/gudbrandsbiblia\/wp-json\/wp\/v2\/media?parent=3339"}],"curies":[{"name":"wp","href":"https:\/\/api.w.org\/{rel}","templated":true}]}}