{"id":3338,"date":"2017-12-18T18:33:22","date_gmt":"2017-12-18T18:33:22","guid":{"rendered":"http:\/\/biblian.is\/gudbrandsbiblia\/ordskvidirnir-16-kafli\/"},"modified":"2017-12-18T18:33:22","modified_gmt":"2017-12-18T18:33:22","slug":"ordskvidirnir-16-kafli","status":"publish","type":"page","link":"https:\/\/biblian.is\/gudbrandsbiblia\/ordskvidirnir-16-kafli\/","title":{"rendered":"Or\u00f0skvi\u00f0irnir 16. kafli"},"content":{"rendered":"<p>XVI.<\/p>\n<p>Ma\u00f0urinn \u00e1setur nokku\u00f0 \u00ed hjartanu en \u00fea\u00f0 kemur af Drottni sem tungan skal tala. <span class=\"athugasemd\" title=\"Inf. 19\">[<\/span><\/p>\n<p>\tS\u00e9rhverjum \u00feykja s\u00ednir vegir hreinir en Drottinn gj\u00f6rir alleina hjarta\u00f0 efalaust.<\/p>\n<p>\tB\u00edfala Drottni \u00fe\u00ednar gj\u00f6r\u00f0ir, \u00fe\u00e1 munu \u00fe\u00ednar \u00e6tlanir framgang hafa. <span class=\"athugasemd\" title=\"S\u00e1l. 37 \/ Tob. 4\">[<\/span><\/p>\n<p>\tDrottin gj\u00f6rir alla hluti fyrir sj\u00e1lfs s\u00edns sakir, einnin hinn \u00f3gu\u00f0r\u00e6ka til ills dags.  <\/p>\n<p>\tDrambv\u00edst hjarta er Drottni andstyggilegt og \u00fea\u00f0 mun ekki \u00f3hegnt vera \u00fe\u00f3 \u00feeir s\u00e9 allir \u00ed einu sambandi. <span class=\"athugasemd\" title=\"Sup. 15\">[<\/span> <\/p>\n<p>\tFyrir g\u00f3\u00f0girni og tr\u00fa <span class=\"athugasemd\" title=\"a \/ (Forl\u00edkast) \/ B\u00e6\u00f0i vi\u00f0 Gu\u00f0 og menn \u00fev\u00ed a\u00f0 Gu\u00f0 fr\u00e1sn\u00fdr hirtingunni og mennirnir ver\u00f0a vel til vina \u00fear fyrir\">[<\/span> forl\u00edkast misgj\u00f6r\u00f0in og fyrir \u00f3tta Drottins for\u00f0ast menn illt.<\/p>\n<p>\t\u00deegar nokkurs manns vegir l\u00edka Drottni \u00fe\u00e1 gj\u00f6rir hann einnin hans \u00f3vin til fri\u00f0s vi\u00f0 hann.<\/p>\n<p>\tBetra er l\u00edti\u00f0 r\u00e9ttfengi\u00f0 en mikil inntekt rangfengin.<span class=\"athugasemd\" title=\"Sup. 15 \/ Infra 12\">[<\/span> <\/p>\n<p>\tHjarta\u00f0 mannsins \u00e1formar sinn veg en Drottinn alleinasta gefur a\u00f0 \u00fea\u00f0 framkv\u00e6mist.<\/p>\n<p>\tSp\u00e1d\u00f3mur er \u00ed <span class=\"athugasemd\" title=\"b \/ (K\u00f3ngsins) \/ \u00dev\u00ed a\u00f0 hann d\u00e6mir eftir l\u00f6gum e\u00f0ur r\u00e9tti, hv\u00f6rn Gu\u00f0 sta\u00f0festir og b\u00edfalar svo sem anna\u00f0 opinberlegt emb\u00e6tti\">[<\/span> k\u00f3ngsins munni, hans munnur fer ekki villt \u00ed d\u00f3mi.<\/p>\n<p>\tR\u00e9tt vog og m\u00e6lir er af Drottni og allar vigtir eru hans verk.<\/p>\n<p>\tFyrir k\u00f3nginum rangt a\u00f0 gj\u00f6ra er sv\u00edvir\u00f0ing \u00fev\u00ed a\u00f0 me\u00f0 r\u00e9ttindum sta\u00f0festist k\u00f3ngss\u00e6ti\u00f0.<\/p>\n<p>\tHeil r\u00e1\u00f0 l\u00edka k\u00f3nginum og hver heilt r\u00e1\u00f0 leggur ver\u00f0ur elska\u00f0ur.<\/p>\n<p>\tRei\u00f0i k\u00f3ngsins er sendibo\u00f0i dau\u00f0ans en vitur ma\u00f0ur mun bl\u00ed\u00f0ka hann.<\/p>\n<p>\tN\u00e6r k\u00f3ngsins andlit er h\u00fdrlegt \u00fea\u00f0 er l\u00edfi\u00f0 og hans n\u00e1\u00f0 er l\u00edka sem kveldsk\u00farin.<\/p>\n<p>\tMe\u00f0taktu viskuna \u00fev\u00ed h\u00fan er gulli betri og skynsemi a\u00f0 hafa er d\u00fdrm\u00e6tara en silfur.<\/p>\n<p>\tSt\u00edgur r\u00e9ttl\u00e1tra varast illt og hver sinn veg var\u00f0veitir hann geymir sitt l\u00edf.<\/p>\n<p>\tS\u00e1 er ganga skal til grunns gj\u00f6rist fyrr drambsamur, eitt drambl\u00e1tt og dreissugt sinni gengur undan hr\u00f6puninni. <span class=\"athugasemd\" title=\"Supra xv. Infra xviy. 1. P\u00e9t. 1\">[<\/span> <\/p>\n<p>\tBetra er a\u00f0 vera l\u00edtill\u00e1tlegs sinnis me\u00f0 h\u00f3gv\u00e6rum en skipta herfangi me\u00f0 drambs\u00f6mum.<\/p>\n<p>\tHver e\u00f0 forsj\u00e1llega framfylgir nokkru efni s\u00e1 finnur hamingju og s\u00e6ll er s\u00e1 sem traust hefur \u00e1 Drottni.<\/p>\n<p>\tEinn skilningsma\u00f0ur ver\u00f0ur pr\u00edsa\u00f0ur fyrir einn vitran mann og lj\u00fafleg r\u00e6\u00f0a kennir vel.<\/p>\n<p>\tV\u00edsd\u00f3mur er l\u00edfsins brunnur \u00feeim sem hann hefur en <span class=\"athugasemd\" title=\"c \/ (\u00f6gun) \/ \u00deeirra l\u00e6rd\u00f3mur, viska, heilagleikur\">[<\/span> \u00f6gun f\u00e1v\u00edsra er heimska. <\/p>\n<p>\tEitt hyggi\u00f0 hjarta talar viturlega og kennir vel.<\/p>\n<p>\tR\u00e6\u00f0a hins vingjarnlega er sem hunangsseimur, huggun s\u00e1larinnar og gle\u00f0i beinanna.<\/p>\n<p>\tM\u00f6rgum \u00feekkist einn vegur vel en hans e\u00f0 s\u00ed\u00f0asta liggur til dau\u00f0a. <span class=\"athugasemd\" title=\"Supra xiiii.\">[<\/span> <\/p>\n<p>\tMargur kemur \u00ed mikinn ska\u00f0a fyrir sinn eigin munn. <span class=\"athugasemd\" title=\"Supra xy.\">[<\/span> <\/p>\n<p>\tF\u00e1v\u00eds ma\u00f0ur grefur eftir \u00f3lukku og eldur brennur \u00ed hans munni.<\/p>\n<p>\tRangsn\u00fainn ma\u00f0ur vekur upp \u00fer\u00e6tur og bakm\u00e1lugur ma\u00f0ur gj\u00f6rir h\u00f6f\u00f0ingja sundurlynda.<\/p>\n<p>\tRangl\u00e1tur ma\u00f0ur teygir sinn n\u00e1unga og lei\u00f0ir hann ekki \u00e1 g\u00f3\u00f0an veg.<\/p>\n<p>\tHver hann bendir me\u00f0 augunum hugsar ekkert gott og hver hann teiknar me\u00f0 v\u00f6runum hann fullkomnar illt.<\/p>\n<p>\tGr\u00e1r h\u00e6rur eru hei\u00f0ursins k\u00f3r\u00f3na, hverjar a\u00f0 finnast \u00e1 r\u00e9ttl\u00e6tisins vegi. <span class=\"athugasemd\" title=\"T\u00edt y.\">[<\/span> <\/p>\n<p>\tEinn \u00feolinm\u00f3\u00f0ur ma\u00f0ur er betri en sterkur ma\u00f0ur og hann sem herra er s\u00edns sinnis heldur en s\u00e1 e\u00f0 m\u00fara\u00f0ar borgir yfirvinnur.<\/p>\n<p>\tHlutf\u00f6ll eru \u00ed skauti l\u00f6g\u00f0 en \u00feau falla eftir \u00fev\u00ed sem Drottinn vill. <span class=\"athugasemd\" title=\"Act. i \/ S\u00e1l. xxxi.\">[<\/span><\/p>\n","protected":false},"excerpt":{"rendered":"<p>XVI. Ma\u00f0urinn \u00e1setur nokku\u00f0 \u00ed hjartanu en \u00fea\u00f0 kemur af Drottni sem tungan skal tala. [ S\u00e9rhverjum \u00feykja s\u00ednir vegir hreinir en Drottinn gj\u00f6rir alleina hjarta\u00f0 efalaust. B\u00edfala Drottni \u00fe\u00ednar gj\u00f6r\u00f0ir, \u00fe\u00e1 munu \u00fe\u00ednar \u00e6tlanir framgang hafa. [ Drottin gj\u00f6rir alla hluti fyrir sj\u00e1lfs s\u00edns sakir, einnin hinn \u00f3gu\u00f0r\u00e6ka til ills dags. Drambv\u00edst hjarta er Drottni andstyggilegt og \u00fea\u00f0 mun ekki \u00f3hegnt vera \u00fe\u00f3 \u00feeir s\u00e9 allir \u00ed einu sambandi. [ Fyrir g\u00f3\u00f0girni og tr\u00fa [ forl\u00edkast misgj\u00f6r\u00f0in og fyrir \u00f3tta Drottins for\u00f0ast menn illt. \u00deegar nokkurs manns vegir l\u00edka Drottni \u00fe\u00e1 gj\u00f6rir hann einnin hans \u00f3vin til fri\u00f0s vi\u00f0 <a href=\"https:\/\/biblian.is\/gudbrandsbiblia\/ordskvidirnir-16-kafli\/\"> [&#8230;]<\/a><\/p>\n","protected":false},"author":1,"featured_media":0,"parent":0,"menu_order":0,"comment_status":"open","ping_status":"open","template":"bibliukaflar.php","meta":{"footnotes":""},"class_list":["post-3338","page","type-page","status-publish","hentry"],"_links":{"self":[{"href":"https:\/\/biblian.is\/gudbrandsbiblia\/wp-json\/wp\/v2\/pages\/3338","targetHints":{"allow":["GET"]}}],"collection":[{"href":"https:\/\/biblian.is\/gudbrandsbiblia\/wp-json\/wp\/v2\/pages"}],"about":[{"href":"https:\/\/biblian.is\/gudbrandsbiblia\/wp-json\/wp\/v2\/types\/page"}],"author":[{"embeddable":true,"href":"https:\/\/biblian.is\/gudbrandsbiblia\/wp-json\/wp\/v2\/users\/1"}],"replies":[{"embeddable":true,"href":"https:\/\/biblian.is\/gudbrandsbiblia\/wp-json\/wp\/v2\/comments?post=3338"}],"version-history":[{"count":0,"href":"https:\/\/biblian.is\/gudbrandsbiblia\/wp-json\/wp\/v2\/pages\/3338\/revisions"}],"wp:attachment":[{"href":"https:\/\/biblian.is\/gudbrandsbiblia\/wp-json\/wp\/v2\/media?parent=3338"}],"curies":[{"name":"wp","href":"https:\/\/api.w.org\/{rel}","templated":true}]}}