{"id":3336,"date":"2017-12-18T18:33:22","date_gmt":"2017-12-18T18:33:22","guid":{"rendered":"http:\/\/biblian.is\/gudbrandsbiblia\/ordskvidirnir-14-kafli\/"},"modified":"2017-12-18T18:33:22","modified_gmt":"2017-12-18T18:33:22","slug":"ordskvidirnir-14-kafli","status":"publish","type":"page","link":"https:\/\/biblian.is\/gudbrandsbiblia\/ordskvidirnir-14-kafli\/","title":{"rendered":"Or\u00f0skvi\u00f0irnir 14. kafli"},"content":{"rendered":"<p>XIIII.<\/p>\n<p>\tVitur kona uppbyggir h\u00fas en hin f\u00e1v\u00edsa ni\u00f0urbr\u00fdtur \u00fea\u00f0 me\u00f0 s\u00ednum verkna\u00f0i. <span class=\"athugasemd\" title=\"Supra 12\">[<\/span><\/p>\n<p>\tHver hann \u00f3ttast Drottin s\u00e1 gengur \u00e1 r\u00e9ttum vegi en s\u00e1 sem hann foraktar sn\u00fdr af hans vegi.<\/p>\n<p>\tHeimskir tala drambsamlega en vitrir menn geyma sinn munn.<\/p>\n<p>\tHvar a\u00f0 eru engin <span class=\"athugasemd\" title=\"b \/ (Yxn) \/ \u00dear sem menn vinna ekki \u00fear aflast \u00feeim og ekki \/ Sup. 12\">[<\/span> yxn \u00fear er t\u00f3m j\u00f6tan en hvar uxinn er gagnsamur \u00fear er mikil inntekt.<\/p>\n<p>\tTr\u00far vottur l\u00fdgur ekki en einn lj\u00fagvottur ber einar\u00f0lega fram lygi.<\/p>\n<p>\t<span class=\"athugasemd\" title=\"c \/ (H\u00e1\u00f0gjarn) \/ \u00f3sta\u00f0fastir og reikulir menn leita ekki me\u00f0 alv\u00f6ru viskunnar heldur a\u00f0eins s\u00e9r til hr\u00f6sunar, gagns og metna\u00f0ar\">[<\/span> H\u00e1\u00f0gjarn ma\u00f0ur leitar visku og finnur ekki en hyggnum m\u00f6nnum er n\u00e6mi\u00f0 l\u00e9tt.<\/p>\n<p>\tGakktu fr\u00e1 heimskum \u00fev\u00ed \u00fe\u00fa l\u00e6rir ekkert af honum.<\/p>\n<p>\t\u00dea\u00f0 er viska hyggins manns a\u00f0 hann vaktar upp \u00e1 sinn veg en \u00fea\u00f0 er heimska f\u00e1v\u00edsra a\u00f0 ekki er me\u00f0 \u00feeim utan svik ein.<\/p>\n<p>\tHeimskir dr\u00fdgja sinn d\u00e1ruskap me\u00f0 syndinni en g\u00f3\u00f0ir menn hafa \u00fe\u00f3knan \u00e1 g\u00f3\u00f0um.<\/p>\n<p>\tN\u00e6r hjarta\u00f0 er hryggt \u00fe\u00e1 sto\u00f0ar engin ytri huggan.<\/p>\n<p>\tH\u00fas \u00f3mildra mun afm\u00e1st en tjaldb\u00fa\u00f0 r\u00e9ttl\u00e1tra mun bl\u00f3mgast.<\/p>\n<p>\tNokkrum manni l\u00edkar stundum einn vegur vel en me\u00f0 seinsta lei\u00f0ir hann hann \u00ed dau\u00f0ann.<\/p>\n<p>\tEftir hl\u00e1tur kemur hrygg\u00f0 og <span class=\"athugasemd\" title=\"d \/ (Harmur) \/ L\u00edka sem menn plaga a\u00f0 segja: Drukkins f\u00f6gnu\u00f0ur er \u00f3drukkins harmur. Enginn \u00e1st er \u00e1n beskju.\">[<\/span> harmur eftir f\u00f6gnu\u00f0.<\/p>\n<p>\tEinum laussinnu\u00f0um manni mun svo ganga sem hann gj\u00f6rir en g\u00f3\u00f0ur ma\u00f0ur mun yfir honum vera.<\/p>\n<p>\tBernskur ma\u00f0ur tr\u00fair \u00f6llu en forsj\u00e1ll ma\u00f0ur g\u00e1ir a\u00f0 s\u00ednum vegi.<\/p>\n<p>\tVitur ma\u00f0ur \u00f3ttast og hneigir fr\u00e1 illu en einn d\u00e1ri hleypur djarflega fram.<\/p>\n<p>\t\u00d3\u00feolugur ma\u00f0ur gj\u00f6rir d\u00e1rlega en vel forhugsa\u00f0ur ma\u00f0ur hatar \u00fea\u00f0.<\/p>\n<p>\tHinir bernsku erfa heimskuna en forsj\u00e1llega a\u00f0 h\u00f6ndla er spakra manna k\u00f3r\u00f3na.<\/p>\n<p>\tVondir hlj\u00f3ta a\u00f0 beygja sig fyrir g\u00f3\u00f0um og \u00f3mildir fyrir dyrum r\u00e9ttl\u00e1tra.<\/p>\n<p>\tF\u00e1t\u00e6kan mann hata einnin hans n\u00e1ungar en r\u00edkir menn hafa marga vini.<\/p>\n<p>\tS\u00e1 syndugi hatar sinn n\u00e1unga en s\u00e1 er s\u00e6ll sem aumum miskunnar.<\/p>\n<p>\t\u00deeim sem vondum <span class=\"athugasemd\" title=\"sword \u00d3tr\u00fa sl\u00e6r sinn eigin herra\">[<\/span> hrekkjum fara fram ver\u00f0a blekktir en \u00feeir sem gott hugsa \u00f6\u00f0last tr\u00fa og g\u00f3\u00f0heit.<\/p>\n<p>\t\u00dear er n\u00f3g sem menn erfi\u00f0a en hvar sem menn me\u00f0 <span class=\"athugasemd\" title=\"e \/ (Or\u00f0um) \/ st\u00f3r or\u00f0 sto\u00f0a l\u00edti\u00f0\">[<\/span> or\u00f0um einum umganga \u00fear er eymd.<\/p>\n<p>\tVitrum manni eru au\u00f0\u00e6fin k\u00f3r\u00f3na en heimska f\u00e1v\u00edsra bl\u00edfur heimska.<\/p>\n<p>\tTr\u00far vottur frelsar l\u00edfi\u00f0 en falsvottur sv\u00edkur. <span class=\"athugasemd\" title=\"Sap. 12. 14.\">[<\/span> <\/p>\n<p>\tHver hann \u00f3ttast Drottin s\u00e1 hefur \u00f6ruggt v\u00edgi og b\u00f6rn hans ver\u00f0a verndu\u00f0.<\/p>\n<p>\t\u00d3tti Drottins er brunnur l\u00edfsins so a\u00f0 menn for\u00f0ist sn\u00f6rur dau\u00f0ans.<\/p>\n<p>\tHvar einn k\u00f3ngur hefur margt f\u00f3lk \u00fea\u00f0 er hans hei\u00f0ur en s\u00e9 ekki f\u00f3lksfj\u00f6ldinn \u00fea\u00f0 gj\u00f6rir herrann hr\u00e6ddan.<\/p>\n<p>\tHver \u00feolinm\u00f3\u00f0ur er s\u00e1 er vitur en s\u00e1 sem er \u00f3\u00feolugur hann augl\u00fdsir s\u00edna \u00f3visku. <span class=\"athugasemd\" title=\"Infra. 19. 28\">[<\/span> <\/p>\n<p>\tEitt (glatt) g\u00f3\u00f0gjarnt hjarta er l\u00edkamans l\u00edf en rotnan beinananna er \u00f6fundin.<\/p>\n<p>\tHver ves\u00f6lum gj\u00f6rir ofr\u00edki s\u00e1 lastar skapara hans en s\u00e1 sem miskunnar f\u00e1t\u00e6kum hann hei\u00f0rar Gu\u00f0. <span class=\"athugasemd\" title=\"Infra. 17\">[<\/span> <\/p>\n<p>\t\u00d3mildur stenst ekki \u00ed sinni \u00f3lukku en r\u00e9ttv\u00eds ma\u00f0ur er l\u00edka \u00ed s\u00ednum dau\u00f0a hughraustur.<\/p>\n<p>\t\u00cd hyggins manns hjarta hv\u00edlir viskan og opinberast me\u00f0al f\u00e1v\u00edsra.<\/p>\n<p>\tR\u00e9ttl\u00e6ti upphefur eina \u00fej\u00f3\u00f0 en syndin er f\u00f3lksins fordj\u00f6rfun.<\/p>\n<p>\tSkynsamur \u00fej\u00f3n er k\u00f3nginum \u00feekkur en \u00f3n\u00fdtum \u00fej\u00f3n er hann \u00f3vinur.<\/p>\n","protected":false},"excerpt":{"rendered":"<p>XIIII. Vitur kona uppbyggir h\u00fas en hin f\u00e1v\u00edsa ni\u00f0urbr\u00fdtur \u00fea\u00f0 me\u00f0 s\u00ednum verkna\u00f0i. [ Hver hann \u00f3ttast Drottin s\u00e1 gengur \u00e1 r\u00e9ttum vegi en s\u00e1 sem hann foraktar sn\u00fdr af hans vegi. Heimskir tala drambsamlega en vitrir menn geyma sinn munn. Hvar a\u00f0 eru engin [ yxn \u00fear er t\u00f3m j\u00f6tan en hvar uxinn er gagnsamur \u00fear er mikil inntekt. Tr\u00far vottur l\u00fdgur ekki en einn lj\u00fagvottur ber einar\u00f0lega fram lygi. [ H\u00e1\u00f0gjarn ma\u00f0ur leitar visku og finnur ekki en hyggnum m\u00f6nnum er n\u00e6mi\u00f0 l\u00e9tt. Gakktu fr\u00e1 heimskum \u00fev\u00ed \u00fe\u00fa l\u00e6rir ekkert af honum. \u00dea\u00f0 er viska hyggins manns a\u00f0 <a href=\"https:\/\/biblian.is\/gudbrandsbiblia\/ordskvidirnir-14-kafli\/\"> [&#8230;]<\/a><\/p>\n","protected":false},"author":1,"featured_media":0,"parent":0,"menu_order":0,"comment_status":"open","ping_status":"open","template":"bibliukaflar.php","meta":{"footnotes":""},"class_list":["post-3336","page","type-page","status-publish","hentry"],"_links":{"self":[{"href":"https:\/\/biblian.is\/gudbrandsbiblia\/wp-json\/wp\/v2\/pages\/3336","targetHints":{"allow":["GET"]}}],"collection":[{"href":"https:\/\/biblian.is\/gudbrandsbiblia\/wp-json\/wp\/v2\/pages"}],"about":[{"href":"https:\/\/biblian.is\/gudbrandsbiblia\/wp-json\/wp\/v2\/types\/page"}],"author":[{"embeddable":true,"href":"https:\/\/biblian.is\/gudbrandsbiblia\/wp-json\/wp\/v2\/users\/1"}],"replies":[{"embeddable":true,"href":"https:\/\/biblian.is\/gudbrandsbiblia\/wp-json\/wp\/v2\/comments?post=3336"}],"version-history":[{"count":0,"href":"https:\/\/biblian.is\/gudbrandsbiblia\/wp-json\/wp\/v2\/pages\/3336\/revisions"}],"wp:attachment":[{"href":"https:\/\/biblian.is\/gudbrandsbiblia\/wp-json\/wp\/v2\/media?parent=3336"}],"curies":[{"name":"wp","href":"https:\/\/api.w.org\/{rel}","templated":true}]}}