{"id":3335,"date":"2017-12-18T18:33:22","date_gmt":"2017-12-18T18:33:22","guid":{"rendered":"http:\/\/biblian.is\/gudbrandsbiblia\/ordskvidirnir-13-kafli\/"},"modified":"2017-12-18T18:33:22","modified_gmt":"2017-12-18T18:33:22","slug":"ordskvidirnir-13-kafli","status":"publish","type":"page","link":"https:\/\/biblian.is\/gudbrandsbiblia\/ordskvidirnir-13-kafli\/","title":{"rendered":"Or\u00f0skvi\u00f0irnir 13. kafli"},"content":{"rendered":"<p>XIII.<\/p>\n<p>\tEinn vitur sonur \u00feolir f\u00f6\u00f0ursins aga en einn h\u00e6\u00f0ari hl\u00fd\u00f0ir ekki hirtingunni.<\/p>\n<p>\tMunnsins \u00e1vaxtar n\u00fdtur ma\u00f0urinn en forsm\u00e1narar hugsa ei utan illt.<\/p>\n<p>\tHver sinn munn var\u00f0veitir hann var\u00f0veitir sitt l\u00edf en hver hann er framhleypinn \u00ed s\u00ednum munni s\u00e1 ver\u00f0ur <span class=\"athugasemd\" title=\"a \/ (skelfdur) \/ me\u00f0 h\u00e1ska og str\u00f6ffun\">[<\/span> skelfdur. <span class=\"athugasemd\" title=\"Supra 12 \/ Infra 15\">[<\/span> <\/p>\n<p>\tLatur ma\u00f0ur girnist og f\u00e6r ekki en verki\u00f0nir menn munu n\u00f3g f\u00e1.<\/p>\n<p>\tR\u00e9ttv\u00eds ma\u00f0ur hatar lygarnar en \u00f3mildur ma\u00f0ur skammar og h\u00e6\u00f0ir sj\u00e1lfan sig.<\/p>\n<p>\tR\u00e9ttl\u00e6ti\u00f0 var\u00f0veitir hinn saklausa en \u00f3gu\u00f0r\u00e6kilegt ath\u00e6fi lei\u00f0ir mann \u00ed synd.<\/p>\n<p>\tMargur er f\u00e1t\u00e6kur me\u00f0 miklum au\u00f0\u00e6fum og margur er r\u00edkur me\u00f0 sinni f\u00e1t\u00e6kt.<\/p>\n<p>\tMe\u00f0 au\u00f0\u00e6fum kann ma\u00f0ur a\u00f0 hj\u00e1lpa l\u00edfi s\u00ednu en einn f\u00e1t\u00e6kur ma\u00f0ur \u00feolir ekki <span class=\"athugasemd\" title=\"b \/ (\u00c1v\u00edtun) \/ R\u00edkur ma\u00f0ur ver\u00f0ur hl\u00f3pa\u00f0ur en fyrir peninga skuld gefst honum frelsi. S\u00e1 hinn f\u00e1t\u00e6ki hl\u00fdtur a\u00f0 pl\u00e1ta, s\u00e1 ekki hefur f\u00e9 betali hann me\u00f0 h\u00fa\u00f0inni\">[<\/span> \u00e1v\u00edtan.<\/p>\n<p>\tLj\u00f3s r\u00e9ttl\u00e1tra gj\u00f6rir gle\u00f0i en skri\u00f0lj\u00f3s \u00f3gu\u00f0r\u00e6kinna slokknar.<\/p>\n<p>\tMilli drambsamra eru jafnan deilur en \u00feeir sem allt gj\u00f6ra me\u00f0 r\u00e1\u00f0i eru vitrir.<\/p>\n<p>\tAu\u00f0\u00e6fi \u00feverra \u00feegar \u00feeim er bru\u00f0la\u00f0 en \u00fev\u00ed sem menn vilja til samans halda \u00fea\u00f0 eykst.<\/p>\n<p>\tS\u00fa von sem undan dregst hryggir hjarta\u00f0 en \u00feegar \u00fea\u00f0 kemur sem ma\u00f0ur girnist \u00fea\u00f0 er l\u00edfsins tr\u00e9\u00f0.<\/p>\n<p>\tHver or\u00f0i\u00f0 forsm\u00e1r hann glatar l\u00edfi s\u00ednu en hver hann \u00f3ttast bo\u00f0or\u00f0i\u00f0 \u00feeim ver\u00f0ur \u00fea\u00f0 launa\u00f0.<\/p>\n<p>\tKenning hyggins manns er lifandi vats\u00e6\u00f0ur til a\u00f0 varast dau\u00f0legar sn\u00f6rur.<\/p>\n<p>\tEitt gott r\u00e1\u00f0 gj\u00f6rir hugarh\u00e6g\u00f0 og forsm\u00e1narans vegur gj\u00f6rir \u00f3h\u00e6g\u00f0.<\/p>\n<p>\tForsj\u00e1ll ma\u00f0ur gj\u00f6rir alla hluti me\u00f0 skynsemd en f\u00e1v\u00eds ma\u00f0ur brei\u00f0ir \u00fat heimskuna.<\/p>\n<p>\t\u00d3gu\u00f0hr\u00e6ddur sendibo\u00f0i flytur \u00f3lukku en tr\u00far sendibo\u00f0i er heiln\u00e6mur.<\/p>\n<p>\tHver hirtingina fyrirl\u00edtur hefur f\u00e1t\u00e6kt og sk\u00f6mm en s\u00e1 sem hl\u00fd\u00f0ir gjarna \u00e1v\u00edtaninni mun hei\u00f0ra\u00f0ur ver\u00f0a.<\/p>\n<p>\t\u00deegar \u00fea\u00f0 kemur sem menn girnast \u00fea\u00f0 gle\u00f0ur hjarta\u00f0 en s\u00e1 sem illt varast er f\u00e1v\u00edsum andstyggilegur.<\/p>\n<p>\tHver hann umgengur me\u00f0 vitrum m\u00f6nnum s\u00e1 ver\u00f0ur vitur en hver hann er f\u00e9lagi f\u00e1v\u00edsra hann mun \u00f3lukku hreppa.<\/p>\n<p>\t\u00d3lukkan ofs\u00e6kir synduga en r\u00e9ttl\u00e1tum ver\u00f0ur gott endurgoldi\u00f0.<\/p>\n<p>\tG\u00f3\u00f0ra manna arfur kemur til barnabarna en au\u00f0\u00e6fi hins rangl\u00e1ta sparast hinum r\u00e9ttl\u00e1ta.<\/p>\n<p>\tN\u00f3g er f\u00e6\u00f0sla \u00ed n\u00fdpl\u00e6g\u00f0um akri <span class=\"athugasemd\" title=\"c \/ (F\u00e1t\u00e6kra) \/ Gu\u00f0 gefur f\u00e1t\u00e6kum n\u00f3g ef \u00feeir eru g\u00f3\u00f0ir\">[<\/span> f\u00e1t\u00e6kra en \u00feeir e\u00f0 rangt gj\u00f6ra fyrirfarast.<\/p>\n<p>\tHver hann sparar v\u00f6ndinn hann hatar sinn son en hver \u00e1 honum hefur \u00e1st s\u00e1 agar hann \u00ed t\u00edma.<\/p>\n<p>\tR\u00e9ttv\u00eds ma\u00f0ur hann etur og <span class=\"athugasemd\" title=\"c \/ l\u00e6tur s\u00e9r n\u00e6gja\">[<\/span> se\u00f0ur s\u00edna s\u00e1l en \u00f3gu\u00f0r\u00e6kinna manna kvi\u00f0ur hefur aldrei s\u00edna n\u00e6gju.<\/p>\n","protected":false},"excerpt":{"rendered":"<p>XIII. Einn vitur sonur \u00feolir f\u00f6\u00f0ursins aga en einn h\u00e6\u00f0ari hl\u00fd\u00f0ir ekki hirtingunni. Munnsins \u00e1vaxtar n\u00fdtur ma\u00f0urinn en forsm\u00e1narar hugsa ei utan illt. Hver sinn munn var\u00f0veitir hann var\u00f0veitir sitt l\u00edf en hver hann er framhleypinn \u00ed s\u00ednum munni s\u00e1 ver\u00f0ur [ skelfdur. [ Latur ma\u00f0ur girnist og f\u00e6r ekki en verki\u00f0nir menn munu n\u00f3g f\u00e1. R\u00e9ttv\u00eds ma\u00f0ur hatar lygarnar en \u00f3mildur ma\u00f0ur skammar og h\u00e6\u00f0ir sj\u00e1lfan sig. R\u00e9ttl\u00e6ti\u00f0 var\u00f0veitir hinn saklausa en \u00f3gu\u00f0r\u00e6kilegt ath\u00e6fi lei\u00f0ir mann \u00ed synd. Margur er f\u00e1t\u00e6kur me\u00f0 miklum au\u00f0\u00e6fum og margur er r\u00edkur me\u00f0 sinni f\u00e1t\u00e6kt. Me\u00f0 au\u00f0\u00e6fum kann ma\u00f0ur a\u00f0 hj\u00e1lpa l\u00edfi s\u00ednu <a href=\"https:\/\/biblian.is\/gudbrandsbiblia\/ordskvidirnir-13-kafli\/\"> [&#8230;]<\/a><\/p>\n","protected":false},"author":1,"featured_media":0,"parent":0,"menu_order":0,"comment_status":"open","ping_status":"open","template":"bibliukaflar.php","meta":{"footnotes":""},"class_list":["post-3335","page","type-page","status-publish","hentry"],"_links":{"self":[{"href":"https:\/\/biblian.is\/gudbrandsbiblia\/wp-json\/wp\/v2\/pages\/3335","targetHints":{"allow":["GET"]}}],"collection":[{"href":"https:\/\/biblian.is\/gudbrandsbiblia\/wp-json\/wp\/v2\/pages"}],"about":[{"href":"https:\/\/biblian.is\/gudbrandsbiblia\/wp-json\/wp\/v2\/types\/page"}],"author":[{"embeddable":true,"href":"https:\/\/biblian.is\/gudbrandsbiblia\/wp-json\/wp\/v2\/users\/1"}],"replies":[{"embeddable":true,"href":"https:\/\/biblian.is\/gudbrandsbiblia\/wp-json\/wp\/v2\/comments?post=3335"}],"version-history":[{"count":0,"href":"https:\/\/biblian.is\/gudbrandsbiblia\/wp-json\/wp\/v2\/pages\/3335\/revisions"}],"wp:attachment":[{"href":"https:\/\/biblian.is\/gudbrandsbiblia\/wp-json\/wp\/v2\/media?parent=3335"}],"curies":[{"name":"wp","href":"https:\/\/api.w.org\/{rel}","templated":true}]}}