{"id":3334,"date":"2017-12-18T18:33:22","date_gmt":"2017-12-18T18:33:22","guid":{"rendered":"http:\/\/biblian.is\/gudbrandsbiblia\/ordskvidirnir-12-kafli\/"},"modified":"2017-12-18T18:33:22","modified_gmt":"2017-12-18T18:33:22","slug":"ordskvidirnir-12-kafli","status":"publish","type":"page","link":"https:\/\/biblian.is\/gudbrandsbiblia\/ordskvidirnir-12-kafli\/","title":{"rendered":"Or\u00f0skvi\u00f0irnir 12. kafli"},"content":{"rendered":"<p>XII.<\/p>\n<p>\tHver sig l\u00e6tur gjarna hirta mun hygginn ver\u00f0a en s\u00e1 er agalaus vill vera bl\u00edfur heimskur.<\/p>\n<p>\tHver s\u00e1 sem g\u00f3\u00f0ur er hann f\u00e6r huggun af Drottni en m\u00f3tr\u00fe\u00f3a\u00f0ur ma\u00f0ur hann ver\u00f0ur fyrird\u00e6mdur.<\/p>\n<p>\t\u00d3gu\u00f0r\u00e6kilegt ath\u00e6fi sto\u00f0ar manninum ekki en r\u00f3t r\u00e9ttl\u00e1tra bl\u00edfur st\u00f6\u00f0ug.<\/p>\n<p>\tEin \u00ferifna\u00f0ars\u00f6m kona er s\u00edns manns k\u00f3r\u00f3na en \u00f3\u00ferifin kona er rotnun \u00ed hans beinum.<\/p>\n<p>\tHugsanir r\u00e9ttl\u00e1tra eru r\u00e9ttfer\u00f0ugar en upps\u00e1tur \u00f3mildra eru svikul.<\/p>\n<p>\tOr\u00f0 \u00f3mildra til vegar koma bl\u00f3\u00f0s\u00fathellingu en munnur r\u00e9ttl\u00e1tra frelsar \u00fear \u00ed fr\u00e1.<\/p>\n<p>\t\u00d3gu\u00f0r\u00e6kir menn ver\u00f0a kollvarpa\u00f0ir og eru ekki lengur en h\u00fas r\u00e9ttl\u00e1tra stendur st\u00f6\u00f0ugt.<\/p>\n<p>\tHyggins manns r\u00e1\u00f0 ver\u00f0ur pr\u00edsa\u00f0 en hrekkir ver\u00f0a til skammar.<\/p>\n<p>\tHver ekki er mikils virtur og geymir s\u00edns er betri en s\u00e1 e\u00f0 mikill vill vera og er brau\u00f0s vant. <span class=\"athugasemd\" title=\"S\u00edra. 10\">[<\/span> <\/p>\n<p>\tHinn r\u00e9ttl\u00e1ti aumkar s\u00edn kvikindi sem hann nautnar en hjarta \u00f3gu\u00f0r\u00e6kins manns er miskunnarlaust. <span class=\"athugasemd\" title=\"Infra 27\">[<\/span> <\/p>\n<p>\tHver \u00e1 s\u00ednum <span class=\"athugasemd\" title=\"c \/ Hver hann \u00e1stundar sitt kall og emb\u00e6tti\">[<\/span> akri arfi\u00f0ar mun brau\u00f0s gn\u00e6g\u00f0 hafa en hver hann elskar i\u00f0juleysi, s\u00e1 er heimskur.<\/p>\n<p>\tHinn \u00f3mildi hefur lysting \u00e1 a\u00f0 gj\u00f6ra ska\u00f0a en r\u00f3t r\u00e9ttl\u00e1tra f\u00e6rir \u00e1v\u00f6xt.<\/p>\n<p>\tIllur ma\u00f0ur ver\u00f0ur gripinn \u00ed s\u00ednum falsklegum or\u00f0um en r\u00e9ttl\u00e1tur ma\u00f0ur umfl\u00fdr ney\u00f0ina.<\/p>\n<p>\tMargt gott f\u00e6r einn fyrir munnsins \u00e1v\u00f6xt og eftir \u00fev\u00ed sem hendurnar hafa for\u00fe\u00e9nt ver\u00f0ur manninum endurgoldi\u00f0.<\/p>\n<p>\tHeimskum manni l\u00edka vel s\u00ednir si\u00f0ir en s\u00e1 er vitur sem hl\u00fd\u00f0ir g\u00f3\u00f0u r\u00e1\u00f0i.<\/p>\n<p>\tHeimskur ma\u00f0ur s\u00fdnir flj\u00f3tt s\u00edna rei\u00f0i en hver hann byrgir me\u00f0 s\u00e9r h\u00e1\u00f0ungina s\u00e1 er forsj\u00e1ll.<\/p>\n<p>\tHver hann sanns\u00f6gull er talar r\u00e9tt en einn lj\u00fagvottur sv\u00edkur. <span class=\"athugasemd\" title=\"Infra 14\">[<\/span> <\/p>\n<p>\tHver <span class=\"athugasemd\" title=\"b \/ \u00f3forsj\u00e1llega, \u00feeir sem \u00f6ngvan gaum gefa a\u00f0 s\u00ednum or\u00f0um e\u00f0ur n\u00e6r \u00feeir \u00e1hitta hva\u00f0 a\u00f0 ske\u00f0ur \u00ed d\u00f3mum, pr\u00e9dikun og \u00f6\u00f0rum samkundum\">[<\/span> \u00f3forsj\u00e1llega framfer stingur sem eitt sver\u00f0 en tunga hygginna manna er heiln\u00e6m.<\/p>\n<p>\tSanns\u00f6gull munnur stendur \u00e6vinlega st\u00f6\u00f0ugur en lygin tunga umbreytist skj\u00f3tlega.<\/p>\n<p>\t\u00deeir sv\u00edkja sem nokku\u00f0 illt r\u00e1\u00f0 leggja en \u00feeir sem til fri\u00f0arins eggja gj\u00f6ra f\u00f6gnu\u00f0.<\/p>\n<p>\tR\u00e9ttl\u00e1tan mann mun ekki neitt hryggja en \u00f3mildir munu fyllast af \u00f3lukku.<\/p>\n<p>\tLygnir munnar eru Drottni sv\u00edvir\u00f0ing en \u00feeir sem tr\u00falega handt\u00e9ra l\u00edka honum vel.<\/p>\n<p>\tForsj\u00e1ll ma\u00f0ur leynir viskunni en hjarta f\u00e1v\u00edsra \u00ed lj\u00f3si l\u00e6tur heimskuna.<\/p>\n<p>\tI\u00f0in h\u00f6nd mun drottna en s\u00fa sem l\u00f6t er hl\u00fdtur i\u00f0julaus toll a\u00f0 gjalda.<\/p>\n<p>\tHrygg\u00f0 \u00ed hjartanu krenkir manninn en eitt vingjarnlegt or\u00f0 gle\u00f0ur hann.<\/p>\n<p>\tR\u00e9ttv\u00eds ma\u00f0ur hefur <span class=\"athugasemd\" title=\"c \/ (Betra) \/ \u00fe\u00f3 honum gangi margt \u00ed m\u00f3ti en hinum \u00f3gu\u00f0lega allt \u00ed vil\">[<\/span> betra en hans n\u00e1ungi en vegur \u00f3mildra blekkir \u00fe\u00e1.<\/p>\n<p>\tEinum i\u00f0julausum lukkast ekki s\u00edn handling en i\u00f0inn ma\u00f0ur ver\u00f0ur au\u00f0igur.<\/p>\n<p>\t\u00c1 vegi r\u00e9ttl\u00e6tisins er l\u00edfi\u00f0 og \u00e1 r\u00e9ttum <span class=\"athugasemd\" title=\"d \/ Gu\u00f0s or\u00f0 lei\u00f0ir til l\u00edfsins en eigin \u00fe\u00f3tti til dau\u00f0ans\">[<\/span> g\u00f6tust\u00edg er enginn dau\u00f0i.<\/p>\n","protected":false},"excerpt":{"rendered":"<p>XII. Hver sig l\u00e6tur gjarna hirta mun hygginn ver\u00f0a en s\u00e1 er agalaus vill vera bl\u00edfur heimskur. Hver s\u00e1 sem g\u00f3\u00f0ur er hann f\u00e6r huggun af Drottni en m\u00f3tr\u00fe\u00f3a\u00f0ur ma\u00f0ur hann ver\u00f0ur fyrird\u00e6mdur. \u00d3gu\u00f0r\u00e6kilegt ath\u00e6fi sto\u00f0ar manninum ekki en r\u00f3t r\u00e9ttl\u00e1tra bl\u00edfur st\u00f6\u00f0ug. Ein \u00ferifna\u00f0ars\u00f6m kona er s\u00edns manns k\u00f3r\u00f3na en \u00f3\u00ferifin kona er rotnun \u00ed hans beinum. Hugsanir r\u00e9ttl\u00e1tra eru r\u00e9ttfer\u00f0ugar en upps\u00e1tur \u00f3mildra eru svikul. Or\u00f0 \u00f3mildra til vegar koma bl\u00f3\u00f0s\u00fathellingu en munnur r\u00e9ttl\u00e1tra frelsar \u00fear \u00ed fr\u00e1. \u00d3gu\u00f0r\u00e6kir menn ver\u00f0a kollvarpa\u00f0ir og eru ekki lengur en h\u00fas r\u00e9ttl\u00e1tra stendur st\u00f6\u00f0ugt. Hyggins manns r\u00e1\u00f0 ver\u00f0ur pr\u00edsa\u00f0 en hrekkir <a href=\"https:\/\/biblian.is\/gudbrandsbiblia\/ordskvidirnir-12-kafli\/\"> [&#8230;]<\/a><\/p>\n","protected":false},"author":1,"featured_media":0,"parent":0,"menu_order":0,"comment_status":"open","ping_status":"open","template":"bibliukaflar.php","meta":{"footnotes":""},"class_list":["post-3334","page","type-page","status-publish","hentry"],"_links":{"self":[{"href":"https:\/\/biblian.is\/gudbrandsbiblia\/wp-json\/wp\/v2\/pages\/3334","targetHints":{"allow":["GET"]}}],"collection":[{"href":"https:\/\/biblian.is\/gudbrandsbiblia\/wp-json\/wp\/v2\/pages"}],"about":[{"href":"https:\/\/biblian.is\/gudbrandsbiblia\/wp-json\/wp\/v2\/types\/page"}],"author":[{"embeddable":true,"href":"https:\/\/biblian.is\/gudbrandsbiblia\/wp-json\/wp\/v2\/users\/1"}],"replies":[{"embeddable":true,"href":"https:\/\/biblian.is\/gudbrandsbiblia\/wp-json\/wp\/v2\/comments?post=3334"}],"version-history":[{"count":0,"href":"https:\/\/biblian.is\/gudbrandsbiblia\/wp-json\/wp\/v2\/pages\/3334\/revisions"}],"wp:attachment":[{"href":"https:\/\/biblian.is\/gudbrandsbiblia\/wp-json\/wp\/v2\/media?parent=3334"}],"curies":[{"name":"wp","href":"https:\/\/api.w.org\/{rel}","templated":true}]}}