{"id":3333,"date":"2017-12-18T18:33:19","date_gmt":"2017-12-18T18:33:19","guid":{"rendered":"http:\/\/biblian.is\/gudbrandsbiblia\/ordskvidirnir-11-kafli\/"},"modified":"2017-12-18T18:33:19","modified_gmt":"2017-12-18T18:33:19","slug":"ordskvidirnir-11-kafli","status":"publish","type":"page","link":"https:\/\/biblian.is\/gudbrandsbiblia\/ordskvidirnir-11-kafli\/","title":{"rendered":"Or\u00f0skvi\u00f0irnir 11. kafli"},"content":{"rendered":"<p>XI.<\/p>\n<p>\tR\u00f6ng vog er sv\u00edvir\u00f0ileg fyrir Drottni en fullt vigt er honum \u00fe\u00e6gileg. <span class=\"athugasemd\" title=\"Infra 16. 20.\">[<\/span> <\/p>\n<p>\tHvar a\u00f0 er drambl\u00e6ti \u00fear er fyrirlitning en hvar a\u00f0 er l\u00edtill\u00e6ti \u00fear eru hyggindi.<\/p>\n<p>\tSakleysi g\u00f3\u00f0ra manna mun lei\u00f0a \u00fe\u00e1 en illgirni \u00f3mildra mun steypa \u00feeim. <span class=\"athugasemd\" title=\"Sup. 10. S\u00edra. 5\">[<\/span> <\/p>\n<p>\tEigi sto\u00f0a au\u00f0\u00e6fi \u00e1 degi hefndarinnar en r\u00e9ttl\u00e6ti frelsar fr\u00e1 dau\u00f0a.<\/p>\n<p>\tR\u00e9ttl\u00e6ti g\u00f3\u00f0s manns gj\u00f6rir hans veg sl\u00e9ttan en hinn rangl\u00e1ti mun falla fyrir sitt \u00f3gu\u00f0legt ath\u00e6fi.<\/p>\n<p>\tR\u00e9ttl\u00e6ti g\u00f3\u00f0ra manna mun \u00fe\u00e1 frelsa en forsm\u00e1narar munu fangnir ver\u00f0a \u00ed sinni illsku.<\/p>\n<p>\tN\u00e6r \u00f3mildur ma\u00f0ur deyr svo er farin hans von og eftirv\u00e6ntan rangl\u00e1tra ver\u00f0ur a\u00f0 \u00f6ngvu.<\/p>\n<p>\tS\u00e1 r\u00e9ttl\u00e1ti ver\u00f0ur af sinni ney\u00f0 frelstur og s\u00e1 hinn \u00f3mildi kemur \u00ed hans sta\u00f0.<\/p>\n<p>\tFyrir hr\u00e6snarans munn ver\u00f0ur n\u00e1unginn t\u00e6ldur en \u00fea\u00f0 athuga r\u00e9ttl\u00e1tir menn og ver\u00f0a frelsa\u00f0ir.<\/p>\n<p>\tEin borg fagnar n\u00e6r r\u00e9ttl\u00e1tum gengur vel en \u00feegar \u00f3mildir menn fyrirfarast ver\u00f0a menn gla\u00f0ir.<\/p>\n<p>\tFyrir blessan r\u00e9ttfer\u00f0ugra hef\u00f0ast einn sta\u00f0ur en fyrir munn \u00f3mildra ver\u00f0ur hann ni\u00f0urbrotinn.<\/p>\n<p>\tHver sinn n\u00e1ung <span class=\"athugasemd\" title=\"a \/ (skammar) \/ opinberar annars brek en v\u00eds ma\u00f0ur hylur \u00fea\u00f0 og afsakar\">[<\/span> skammar s\u00e1 er heimskur en einn vitur ma\u00f0ur stillir \u00fea\u00f0.<\/p>\n<p>\tBakm\u00e1lugur ma\u00f0ur opinberar leynda hluti en s\u00e1 sem me\u00f0 tr\u00faf\u00f6stu hjarta er hann leynir \u00feeim.<\/p>\n<p>\tHvar ekkert r\u00e1\u00f0uneyti er \u00fear hrynur ni\u00f0ur f\u00f3lki\u00f0 en \u00fear sem eru margir r\u00e1\u00f0gjafarar \u00fear fer vel fram.<\/p>\n<p>\tHver hann gengur \u00ed borgun fyrir annan hann mun ska\u00f0a hafa en s\u00e1 sem s\u00e9r tekur vara fyrir a\u00f0 lofa hann er \u00f6ruggur. <span class=\"athugasemd\" title=\"Supra. 6. Infra 17\">[<\/span> <\/p>\n<p>\tEin \u00e1st\u00fa\u00f0leg kvinna heldur hei\u00f0rinum en <span class=\"athugasemd\" title=\"b \/ (Ofr\u00edkis) \/ Ein g\u00f3\u00f0 kona b\u00edheldur sinni \u00e6ru \u00fe\u00f3 h\u00fan s\u00e9 f\u00e1t\u00e6k. Ofr\u00edkismenn stunda eftir au\u00f0\u00e6fum og skeyta ekki um \u00e6ru.\">[<\/span> ofr\u00edkismenn au\u00f0\u00e6fum.<\/p>\n<p>\tMiskunnsamur ma\u00f0ur gj\u00f6rir l\u00edfi s\u00ednu nokku\u00f0 gott en s\u00e1 sem \u00f3miskunnsamur er hrellir einnin sitt hold og bl\u00f3\u00f0.<\/p>\n<p>\t\u00d3mildra manna erfi\u00f0i mun breg\u00f0ast en hver r\u00e9ttl\u00e6tinu s\u00e1ir \u00fea\u00f0 g\u00f3ss er \u00f3fallvalt.<\/p>\n<p>\t\u00dev\u00ed a\u00f0 r\u00e9ttl\u00e6ti sto\u00f0ar til l\u00edfsins en eftir a\u00f0 s\u00e6kja illum hlutum sto\u00f0ar til dau\u00f0ans.<\/p>\n<p>\tRagnsn\u00fai\u00f0 hjarta er sv\u00edvir\u00f0ilegt fyrir Drottni en \u00e1 g\u00f3\u00f0um hefur hann \u00fe\u00f3knan.<\/p>\n<p>\tVondum sto\u00f0ar ekki \u00fe\u00f3 \u00feeir taki saman \u00f6llum <span class=\"athugasemd\" title=\"c \/ (H\u00f6ndum) \/ hafi samt\u00f6k me\u00f0 s\u00e9r\">[<\/span> h\u00f6ndum en s\u00e6\u00f0i r\u00e9ttl\u00e1tra mun frelsa\u00f0 ver\u00f0a.<\/p>\n<p>\tFr\u00ed\u00f0 kona og \u00f3r\u00e1\u00f0v\u00f6nd er sem sv\u00edn \u00fea\u00f0 er hefur gullhring \u00e1 gr\u00f6num.<\/p>\n<p>\t\u00d3sk r\u00e9ttl\u00e1tra gengur fram en von \u00f3mildra ver\u00f0ur a\u00f0 \u00f3lukku.<\/p>\n<p>\tSumir gefa og hafa \u00e6 meir, a\u00f0rir innihalda \u00fear \u00feeir skyldu ekki og ver\u00f0a \u00fe\u00f3 \u00feess f\u00e1t\u00e6kari.<\/p>\n<p>\tS\u00fa s\u00e1la sem n\u00f3glega blessar mun fitna og s\u00e1 sem gj\u00f6rir <span class=\"athugasemd\" title=\"d \/ (Drukkinn) \/ \u00dea\u00f0 er, s\u00e1 sem \u00f6rlega veitir \u00feeim mun \u00f6rlega aftur goldi\u00f0\">[<\/span> drukkinn mun og drukkinn gj\u00f6r\u00f0ru ver\u00f0a.<\/p>\n<p>\tHver korni inniheldur \u00feeim b\u00f6lvar f\u00f3lki\u00f0 en yfir \u00feann \u00fea\u00f0 selur kemur blessan.<\/p>\n<p>\tHver hann leitar g\u00f3\u00f0s, \u00feann ske\u00f0ur gott en s\u00e1 sem eftir \u00f3lukku s\u00e6kir mun hana henda.<\/p>\n<p>\tHver hann treystir \u00e1 au\u00f0\u00e6fi s\u00edn hann mun hrasa en r\u00e9ttl\u00e1tir munu bl\u00f3mgast svo sem gr\u00e6nt lauf.<\/p>\n<p>\tHver hann hrellir sitt eigi\u00f0 h\u00fas mun eignast <span class=\"athugasemd\" title=\"e \/ (Vind) \/ Fri\u00f0urinn n\u00e6r e\u00f0 \u00f3fri\u00f0urinn fort\u00e6rir\">[<\/span> vind \u00ed arfskipti og s\u00e1 sem heimskur er hl\u00fdtur hyggins manns \u00fer\u00e6ll a\u00f0 vera.<\/p>\n<p>\t\u00c1v\u00f6xtur hins r\u00e9ttl\u00e1ta er l\u00edfsins <span class=\"athugasemd\" title=\"f \/ (Tr\u00e9\u00f0) \/ Hva\u00f0 sem r\u00e9ttl\u00e1tir menn gj\u00f6ra ver\u00f0ur hverjum manni a\u00f0 g\u00f3\u00f0u\">[<\/span> tr\u00e9\u00f0 og vitur ma\u00f0ur annast f\u00f3lki\u00f0 af hjarta. <span class=\"athugasemd\" title=\"1. P\u00e9t. 4 \/ Jere. 25 \/ Esek. 9 \/ Esa. 51 \/ S\u00e1l. 75\">[<\/span> <\/p>\n<p>\tEf a\u00f0 <span class=\"athugasemd\" title=\"g \/ (R\u00e9ttl\u00e1tur) \/ Ef \u00feeir g\u00f3\u00f0u sem \u00f6llum vilja gott gj\u00f6ra og Gu\u00f0i \u00fe\u00f3knast ver\u00f0a oft har\u00f0lega pl\u00e1ga\u00f0ir, hvernin mun \u00fe\u00e1 ganga vilja \u00feeim \u00f3gu\u00f0hr\u00e6ddu?\">[<\/span> r\u00e9ttl\u00e1tur hl\u00fdtur a\u00f0 \u00feola \u00e1 j\u00f6r\u00f0unni, hva\u00f0 miklu meir \u00f3gu\u00f0r\u00e6kur og syndugur?<\/p>\n","protected":false},"excerpt":{"rendered":"<p>XI. R\u00f6ng vog er sv\u00edvir\u00f0ileg fyrir Drottni en fullt vigt er honum \u00fe\u00e6gileg. [ Hvar a\u00f0 er drambl\u00e6ti \u00fear er fyrirlitning en hvar a\u00f0 er l\u00edtill\u00e6ti \u00fear eru hyggindi. Sakleysi g\u00f3\u00f0ra manna mun lei\u00f0a \u00fe\u00e1 en illgirni \u00f3mildra mun steypa \u00feeim. [ Eigi sto\u00f0a au\u00f0\u00e6fi \u00e1 degi hefndarinnar en r\u00e9ttl\u00e6ti frelsar fr\u00e1 dau\u00f0a. R\u00e9ttl\u00e6ti g\u00f3\u00f0s manns gj\u00f6rir hans veg sl\u00e9ttan en hinn rangl\u00e1ti mun falla fyrir sitt \u00f3gu\u00f0legt ath\u00e6fi. R\u00e9ttl\u00e6ti g\u00f3\u00f0ra manna mun \u00fe\u00e1 frelsa en forsm\u00e1narar munu fangnir ver\u00f0a \u00ed sinni illsku. N\u00e6r \u00f3mildur ma\u00f0ur deyr svo er farin hans von og eftirv\u00e6ntan rangl\u00e1tra ver\u00f0ur a\u00f0 \u00f6ngvu. S\u00e1 r\u00e9ttl\u00e1ti <a href=\"https:\/\/biblian.is\/gudbrandsbiblia\/ordskvidirnir-11-kafli\/\"> [&#8230;]<\/a><\/p>\n","protected":false},"author":1,"featured_media":0,"parent":0,"menu_order":0,"comment_status":"open","ping_status":"open","template":"bibliukaflar.php","meta":{"footnotes":""},"class_list":["post-3333","page","type-page","status-publish","hentry"],"_links":{"self":[{"href":"https:\/\/biblian.is\/gudbrandsbiblia\/wp-json\/wp\/v2\/pages\/3333","targetHints":{"allow":["GET"]}}],"collection":[{"href":"https:\/\/biblian.is\/gudbrandsbiblia\/wp-json\/wp\/v2\/pages"}],"about":[{"href":"https:\/\/biblian.is\/gudbrandsbiblia\/wp-json\/wp\/v2\/types\/page"}],"author":[{"embeddable":true,"href":"https:\/\/biblian.is\/gudbrandsbiblia\/wp-json\/wp\/v2\/users\/1"}],"replies":[{"embeddable":true,"href":"https:\/\/biblian.is\/gudbrandsbiblia\/wp-json\/wp\/v2\/comments?post=3333"}],"version-history":[{"count":0,"href":"https:\/\/biblian.is\/gudbrandsbiblia\/wp-json\/wp\/v2\/pages\/3333\/revisions"}],"wp:attachment":[{"href":"https:\/\/biblian.is\/gudbrandsbiblia\/wp-json\/wp\/v2\/media?parent=3333"}],"curies":[{"name":"wp","href":"https:\/\/api.w.org\/{rel}","templated":true}]}}